{"id":8763,"date":"2024-10-03T04:27:49","date_gmt":"2024-10-02T20:27:49","guid":{"rendered":"https:\/\/chnprints.com\/feedback-e-premi\/"},"modified":"2025-09-26T22:28:20","modified_gmt":"2025-09-26T14:28:20","slug":"feedback-e-premi","status":"publish","type":"page","link":"https:\/\/chnprints.com\/it\/feedback-e-premi\/","title":{"rendered":"Feedback e Premi"},"content":{"rendered":"\t\t<div data-elementor-type=\"wp-page\" data-elementor-id=\"8763\" class=\"elementor elementor-8763 elementor-2111\" data-elementor-post-type=\"page\">\n\t\t\t\t<div class=\"elementor-element elementor-element-5d73edfe e-flex e-con-boxed e-con e-parent\" data-id=\"5d73edfe\" data-element_type=\"container\" data-e-type=\"container\">\n\t\t\t\t\t<div class=\"e-con-inner\">\n\t\t\t\t\t<\/div>\n\t\t\t\t<\/div>\n\t\t<div class=\"elementor-element elementor-element-5cb1d935 e-con-full wd-section-stretch e-flex e-con e-parent\" data-id=\"5cb1d935\" data-element_type=\"container\" data-e-type=\"container\" data-settings=\"{&quot;background_background&quot;:&quot;classic&quot;}\">\n\t\t\t\t<div class=\"elementor-element elementor-element-3f8025b5 elementor-widget elementor-widget-shortcode\" data-id=\"3f8025b5\" data-element_type=\"widget\" data-e-type=\"widget\" data-widget_type=\"shortcode.default\">\n\t\t\t\t\t\t\t<div class=\"elementor-shortcode\"><\/div>\n\t\t\t\t\t\t<\/div>\n\t\t\t\t<\/div>\n\t\t<div class=\"elementor-element elementor-element-28d25bf0 e-con-full wd-section-stretch e-flex e-con e-parent\" data-id=\"28d25bf0\" data-element_type=\"container\" data-e-type=\"container\">\n\t\t\t\t<div class=\"elementor-element elementor-element-2a5f8b1 elementor-widget elementor-widget-image\" data-id=\"2a5f8b1\" data-element_type=\"widget\" data-e-type=\"widget\" data-widget_type=\"image.default\">\n\t\t\t\t\t\t\t\t\t\t\t\t\t\t\t<img decoding=\"async\" width=\"1920\" height=\"350\" src=\"https:\/\/chnprints.com\/wp-content\/themes\/woodmart\/images\/lazy.svg\" class=\"attachment-full size-full wp-image-2277 wd-lazy-fade\" alt=\"\" srcset=\"\" sizes=\"(max-width: 1920px) 100vw, 1920px\" title=\"business cards print  Business Card Printing and Design | Order Online\" data-src=\"https:\/\/chnprints.com\/wp-content\/uploads\/2024\/10\/chnprints_banner-print.png\" data-srcset=\"https:\/\/chnprints.com\/wp-content\/uploads\/2024\/10\/chnprints_banner-print.png 1920w, https:\/\/chnprints.com\/wp-content\/uploads\/2024\/10\/chnprints_banner-print-300x55.png 300w, https:\/\/chnprints.com\/wp-content\/uploads\/2024\/10\/chnprints_banner-print-150x27.png 150w, https:\/\/chnprints.com\/wp-content\/uploads\/2024\/10\/chnprints_banner-print-800x146.png 800w, https:\/\/chnprints.com\/wp-content\/uploads\/2024\/10\/chnprints_banner-print-1024x187.png 1024w, https:\/\/chnprints.com\/wp-content\/uploads\/2024\/10\/chnprints_banner-print-768x140.png 768w, https:\/\/chnprints.com\/wp-content\/uploads\/2024\/10\/chnprints_banner-print-1536x280.png 1536w\" \/>\t\t\t\t\t\t\t\t\t\t\t\t\t\t\t<\/div>\n\t\t\t\t<\/div>\n\t\t<div class=\"elementor-element elementor-element-d87ad79 e-flex e-con-boxed e-con e-parent\" data-id=\"d87ad79\" data-element_type=\"container\" data-e-type=\"container\">\n\t\t\t\t\t<div class=\"e-con-inner\">\n\t\t\t\t<div class=\"elementor-element elementor-element-731912e elementor-widget elementor-widget-heading\" data-id=\"731912e\" data-element_type=\"widget\" data-e-type=\"widget\" data-widget_type=\"heading.default\">\n\t\t\t\t\t<h1 class=\"elementor-heading-title elementor-size-default\">Segnalazione Errori e Premi<\/h1>\t\t\t\t<\/div>\n\t\t\t\t<div class=\"elementor-element elementor-element-d1f280e color-scheme-inherit text-left elementor-widget elementor-widget-text-editor\" data-id=\"d1f280e\" data-element_type=\"widget\" data-e-type=\"widget\" data-widget_type=\"text-editor.default\">\n\t\t\t\t\t\t\t\t\t<p>Grazie per aiutarci a mantenere il sito web sicuro e funzionante!<\/p>\t\t\t\t\t\t\t\t<\/div>\n\t\t\t\t<div class=\"elementor-element elementor-element-c01dc3b elementor-widget-divider--view-line elementor-widget elementor-widget-divider\" data-id=\"c01dc3b\" data-element_type=\"widget\" data-e-type=\"widget\" data-widget_type=\"divider.default\">\n\t\t\t\t\t\t\t<div class=\"elementor-divider\">\n\t\t\t<span class=\"elementor-divider-separator\">\n\t\t\t\t\t\t<\/span>\n\t\t<\/div>\n\t\t\t\t\t\t<\/div>\n\t\t\t\t<div class=\"elementor-element elementor-element-cc2dd77 text-center color-scheme-inherit elementor-widget elementor-widget-text-editor\" data-id=\"cc2dd77\" data-element_type=\"widget\" data-e-type=\"widget\" data-widget_type=\"text-editor.default\">\n\t\t\t\t\t\t\t\t\t<p>Siamo una piccola azienda dalla Cina, specializzata nella progettazione e produzione di vari tipi di prodotti stampati. Mentre siamo esperti nella stampa, abbiamo costruito e mantenuto il nostro sito web autonomamente, passo dopo passo, quindi potrebbero esserci alcuni problemi multilingue o altri problemi minori lungo il percorso.<\/p>\n<p>Se noti problemi durante la navigazione del nostro sito web\u2014che si tratti di una vulnerabilit\u00e0 di sicurezza, un errore multilingue o solo un piccolo intoppo\u2014ci piacerebbe sentirti. Ogni feedback \u00e8 importante per noi.<\/p>\t\t\t\t\t\t\t\t<\/div>\n\t\t\t\t<div class=\"elementor-element elementor-element-e762ca3 elementor-widget-divider--view-line elementor-widget elementor-widget-divider\" data-id=\"e762ca3\" data-element_type=\"widget\" data-e-type=\"widget\" data-widget_type=\"divider.default\">\n\t\t\t\t\t\t\t<div class=\"elementor-divider\">\n\t\t\t<span class=\"elementor-divider-separator\">\n\t\t\t\t\t\t<\/span>\n\t\t<\/div>\n\t\t\t\t\t\t<\/div>\n\t\t\t\t<div class=\"elementor-element elementor-element-ced7140 elementor-widget elementor-widget-heading\" data-id=\"ced7140\" data-element_type=\"widget\" data-e-type=\"widget\" data-widget_type=\"heading.default\">\n\t\t\t\t\t<h2 class=\"elementor-heading-title elementor-size-default\">Come ringraziamento, offriamo premi extra!<\/h2>\t\t\t\t<\/div>\n\t\t\t\t<div class=\"elementor-element elementor-element-a424057 text-center color-scheme-inherit elementor-widget elementor-widget-text-editor\" data-id=\"a424057\" data-element_type=\"widget\" data-e-type=\"widget\" data-widget_type=\"text-editor.default\">\n\t\t\t\t\t\t\t\t\t<p>In base al numero di problemi che segnali, aggiungeremo un extra del 10-20% di prodotti al tuo ordine. Il valore totale del premio non superer\u00e0 i $100, che \u00e8 il massimo che possiamo offrire.<\/p><p><strong>Se hai gi\u00e0 effettuato un ordine, assicurati di contattarci prima che lo spediamo cos\u00ec possiamo organizzare il tuo premio!<\/strong><\/p>\t\t\t\t\t\t\t\t<\/div>\n\t\t\t\t<div class=\"elementor-element elementor-element-b799d9f text-center color-scheme-inherit elementor-widget elementor-widget-text-editor\" data-id=\"b799d9f\" data-element_type=\"widget\" data-e-type=\"widget\" data-widget_type=\"text-editor.default\">\n\t\t\t\t\t\t\t\t\t<p>\ud83d\udce7\u00a0<a href=\"hello@chnprints.com\"><strong>hello<\/strong><strong>@chnprints.com<\/strong><\/a><\/p>\t\t\t\t\t\t\t\t<\/div>\n\t\t\t\t<div class=\"elementor-element elementor-element-6ba087e elementor-widget-divider--view-line elementor-widget elementor-widget-divider\" data-id=\"6ba087e\" data-element_type=\"widget\" data-e-type=\"widget\" data-widget_type=\"divider.default\">\n\t\t\t\t\t\t\t<div class=\"elementor-divider\">\n\t\t\t<span class=\"elementor-divider-separator\">\n\t\t\t\t\t\t<\/span>\n\t\t<\/div>\n\t\t\t\t\t\t<\/div>\n\t\t\t\t<div class=\"elementor-element elementor-element-19ca371 elementor-widget elementor-widget-heading\" data-id=\"19ca371\" data-element_type=\"widget\" data-e-type=\"widget\" data-widget_type=\"heading.default\">\n\t\t\t\t\t<h2 class=\"elementor-heading-title elementor-size-default\">Cosa succede dopo?<\/h2>\t\t\t\t<\/div>\n\t\t\t\t<div class=\"elementor-element elementor-element-07191c9 text-center color-scheme-inherit elementor-widget elementor-widget-text-editor\" data-id=\"07191c9\" data-element_type=\"widget\" data-e-type=\"widget\" data-widget_type=\"text-editor.default\">\n\t\t\t\t\t\t\t\t\t<li>Ti risponderemo immediatamente per confermare che abbiamo ricevuto il tuo feedback.<\/li>\n \t<li>Investigheremo e risolveremo il problema che hai segnalato.<\/li>\n \t<li>Se il problema \u00e8 valido, offriremo un premio basato sulla situazione.<\/li>\n<\/ul>\t\t\t\t\t\t\t\t<\/div>\n\t\t\t\t<div class=\"elementor-element elementor-element-ef1db4d elementor-widget-divider--view-line elementor-widget elementor-widget-divider\" data-id=\"ef1db4d\" data-element_type=\"widget\" data-e-type=\"widget\" data-widget_type=\"divider.default\">\n\t\t\t\t\t\t\t<div class=\"elementor-divider\">\n\t\t\t<span class=\"elementor-divider-separator\">\n\t\t\t\t\t\t<\/span>\n\t\t<\/div>\n\t\t\t\t\t\t<\/div>\n\t\t\t\t<div class=\"elementor-element elementor-element-8c93390 elementor-widget elementor-widget-heading\" data-id=\"8c93390\" data-element_type=\"widget\" data-e-type=\"widget\" data-widget_type=\"heading.default\">\n\t\t\t\t\t<h2 class=\"elementor-heading-title elementor-size-default\">Protezione della Privacy<\/h2>\t\t\t\t<\/div>\n\t\t\t\t<div class=\"elementor-element elementor-element-33aa1a6 text-center color-scheme-inherit elementor-widget elementor-widget-text-editor\" data-id=\"33aa1a6\" data-element_type=\"widget\" data-e-type=\"widget\" data-widget_type=\"text-editor.default\">\n\t\t\t\t\t\t\t\t\t<p>Rispettiamo veramente la tua privacy. Le informazioni che fornisci saranno utilizzate solo per migliorare il sito web e non saranno utilizzate per nient&#8217;altro. Speriamo anche che tu possa darci del tempo per risolvere il problema prima di condividere i dettagli. La tua comprensione significa molto per noi!<\/p>\t\t\t\t\t\t\t\t<\/div>\n\t\t\t\t<div class=\"elementor-element elementor-element-fb278b8 elementor-widget-divider--view-line elementor-widget elementor-widget-divider\" data-id=\"fb278b8\" data-element_type=\"widget\" data-e-type=\"widget\" data-widget_type=\"divider.default\">\n\t\t\t\t\t\t\t<div class=\"elementor-divider\">\n\t\t\t<span class=\"elementor-divider-separator\">\n\t\t\t\t\t\t<\/span>\n\t\t<\/div>\n\t\t\t\t\t\t<\/div>\n\t\t\t\t<div class=\"elementor-element elementor-element-c92e561 elementor-widget elementor-widget-heading\" data-id=\"c92e561\" data-element_type=\"widget\" data-e-type=\"widget\" data-widget_type=\"heading.default\">\n\t\t\t\t\t<h2 class=\"elementor-heading-title elementor-size-default\">Una Promessa Senza Preoccupazioni<\/h2>\t\t\t\t<\/div>\n\t\t\t\t<div class=\"elementor-element elementor-element-a300a84 text-center color-scheme-inherit elementor-widget elementor-widget-text-editor\" data-id=\"a300a84\" data-element_type=\"widget\" data-e-type=\"widget\" data-widget_type=\"text-editor.default\">\n\t\t\t\t\t\t\t\t\t<p>Capiamo che segnalare un problema pu\u00f2 sembrare un po&#8217; scoraggiante, ma stai tranquillo, non siamo qui per incolpare nessuno che sta aiutando. Promettiamo di non intraprendere azioni legali contro chiunque segnali vulnerabilit\u00e0 in buona fede, purch\u00e9 tu segua le nostre linee guida ed eviti attivit\u00e0 dannose.<\/p>\t\t\t\t\t\t\t\t<\/div>\n\t\t\t\t\t<\/div>\n\t\t\t\t<\/div>\n\t\t\t\t<\/div>\n\t\t","protected":false},"excerpt":{"rendered":"<p>Segnalazione Errori e Premi Grazie per aiutarci a mantenere il sito web sicuro e funzionante! Siamo una piccola azienda dalla<\/p>\n","protected":false},"author":1,"featured_media":0,"parent":0,"menu_order":0,"comment_status":"closed","ping_status":"closed","template":"","meta":{"_acf_changed":false,"footnotes":""},"class_list":["post-8763","page","type-page","status-publish","hentry"],"acf":[],"aioseo_notices":[],"aioseo_head":"\n\t\t<!-- All in One SEO Pro 4.9.0 - aioseo.com -->\n\t<meta name=\"description\" content=\"Condividi la tua esperienza con ChnPrintStudio e guadagna premi! Apprezziamo il tuo feedback e offriamo vantaggi esclusivi per ringraziarti di far parte della nostra comunit\u00e0 di stampa personalizzata.\" \/>\n\t<meta name=\"robots\" content=\"max-image-preview:large\" \/>\n\t<meta name=\"google-site-verification\" content=\"bCWEURESkI9sJaMHczw2gqISKxNjR6Mf9fHT_9LSu3M\" \/>\n\t<link rel=\"canonical\" href=\"https:\/\/chnprints.com\/it\/feedback-e-premi\/\" \/>\n\t<meta name=\"generator\" content=\"All in One SEO Pro (AIOSEO) 4.9.0\" \/>\n\t\t<meta property=\"og:locale\" content=\"it_IT\" \/>\n\t\t<meta property=\"og:site_name\" content=\"ChnPrintStudio - Letterpress &amp; Foil Printing and Design | Order Online\" \/>\n\t\t<meta property=\"og:type\" content=\"article\" \/>\n\t\t<meta property=\"og:title\" content=\"ChnPrintStudio - Feedback &amp; Rewards Program | Printing and Design\" \/>\n\t\t<meta property=\"og:description\" content=\"Condividi la tua esperienza con ChnPrintStudio e guadagna premi! Apprezziamo il tuo feedback e offriamo vantaggi esclusivi per ringraziarti di far parte della nostra comunit\u00e0 di stampa personalizzata.\" \/>\n\t\t<meta property=\"og:url\" content=\"https:\/\/chnprints.com\/it\/feedback-e-premi\/\" \/>\n\t\t<meta property=\"article:published_time\" content=\"2024-10-02T20:27:49+00:00\" \/>\n\t\t<meta property=\"article:modified_time\" content=\"2025-09-26T14:28:20+00:00\" \/>\n\t\t<meta name=\"twitter:card\" content=\"summary_large_image\" \/>\n\t\t<meta name=\"twitter:title\" content=\"ChnPrintStudio - Feedback &amp; Rewards Program | Printing and Design\" \/>\n\t\t<meta name=\"twitter:description\" content=\"Condividi la tua esperienza con ChnPrintStudio e guadagna premi! Apprezziamo il tuo feedback e offriamo vantaggi esclusivi per ringraziarti di far parte della nostra comunit\u00e0 di stampa personalizzata.\" \/>\n\t\t<script type=\"application\/ld+json\" class=\"aioseo-schema\">\n\t\t\t{\"@context\":\"https:\\\/\\\/schema.org\",\"@graph\":[{\"@type\":\"BreadcrumbList\",\"@id\":\"https:\\\/\\\/chnprints.com\\\/it\\\/feedback-e-premi\\\/#breadcrumblist\",\"itemListElement\":[{\"@type\":\"ListItem\",\"@id\":\"https:\\\/\\\/chnprints.com\\\/it\\\/feedback-e-premi\\\/#listItem\",\"position\":1,\"name\":\"Feedback e Premi\"}]},{\"@type\":\"Organization\",\"@id\":\"https:\\\/\\\/chnprints.com\\\/it\\\/#organization\",\"name\":\"ChnPrintStudio Letterpress & Foil Printing and Design | Order Online Letterpress &amp; Foil Printing and Design | Order Online\",\"description\":\"ChnPrintStudio\",\"url\":\"https:\\\/\\\/chnprints.com\\\/it\\\/\",\"logo\":{\"@type\":\"ImageObject\",\"url\":\"https:\\\/\\\/chnprints.com\\\/wp-content\\\/uploads\\\/2024\\\/10\\\/weblogo.jpg?wsr\",\"@id\":\"https:\\\/\\\/chnprints.com\\\/it\\\/feedback-e-premi\\\/#organizationLogo\",\"width\":112,\"height\":112},\"image\":{\"@id\":\"https:\\\/\\\/chnprints.com\\\/it\\\/feedback-e-premi\\\/#organizationLogo\"},\"sameAs\":[\"https:\\\/\\\/www.instagram.com\\\/chnprintstudio\\\/\",\"https:\\\/\\\/www.tiktok.com\\\/@chnprintstudio\",\"https:\\\/\\\/www.pinterest.com\\\/ChnPrintStudio\\\/\"]},{\"@type\":\"WebPage\",\"@id\":\"https:\\\/\\\/chnprints.com\\\/it\\\/feedback-e-premi\\\/#webpage\",\"url\":\"https:\\\/\\\/chnprints.com\\\/it\\\/feedback-e-premi\\\/\",\"name\":\"ChnPrintStudio - Feedback & Rewards Program | Printing and Design\",\"description\":\"Condividi la tua esperienza con ChnPrintStudio e guadagna premi! Apprezziamo il tuo feedback e offriamo vantaggi esclusivi per ringraziarti di far parte della nostra comunit\\u00e0 di stampa personalizzata.\",\"inLanguage\":\"it-IT\",\"isPartOf\":{\"@id\":\"https:\\\/\\\/chnprints.com\\\/it\\\/#website\"},\"breadcrumb\":{\"@id\":\"https:\\\/\\\/chnprints.com\\\/it\\\/feedback-e-premi\\\/#breadcrumblist\"},\"datePublished\":\"2024-10-03T04:27:49+08:00\",\"dateModified\":\"2025-09-26T22:28:20+08:00\"},{\"@type\":\"WebSite\",\"@id\":\"https:\\\/\\\/chnprints.com\\\/it\\\/#website\",\"url\":\"https:\\\/\\\/chnprints.com\\\/it\\\/\",\"name\":\"ChnPrintStudio\",\"alternateName\":\"Luxury Business Card Printing | Order Online\",\"description\":\"Letterpress & Foil Printing and Design | Order Online\",\"inLanguage\":\"it-IT\",\"publisher\":{\"@id\":\"https:\\\/\\\/chnprints.com\\\/it\\\/#organization\"}}]}\n\t\t<\/script>\n\t\t<!-- All in One SEO Pro -->\r\n\t\t<title>ChnPrintStudio - Feedback &amp; Rewards Program | Printing and Design<\/title>\n\n","aioseo_head_json":{"title":"ChnPrintStudio - Feedback & Rewards Program | Printing and Design","description":"Condividi la tua esperienza con ChnPrintStudio e guadagna premi! Apprezziamo il tuo feedback e offriamo vantaggi esclusivi per ringraziarti di far parte della nostra comunit\u00e0 di stampa personalizzata.","canonical_url":"https:\/\/chnprints.com\/it\/feedback-e-premi\/","robots":"max-image-preview:large","keywords":"","webmasterTools":{"google-site-verification":"bCWEURESkI9sJaMHczw2gqISKxNjR6Mf9fHT_9LSu3M","miscellaneous":""},"schema":{"@context":"https:\/\/schema.org","@graph":[{"@type":"BreadcrumbList","@id":"https:\/\/chnprints.com\/it\/feedback-e-premi\/#breadcrumblist","itemListElement":[{"@type":"ListItem","@id":"https:\/\/chnprints.com\/it\/feedback-e-premi\/#listItem","position":1,"name":"Feedback e Premi"}]},{"@type":"Organization","@id":"https:\/\/chnprints.com\/it\/#organization","name":"ChnPrintStudio Letterpress & Foil Printing and Design | Order Online Letterpress &amp; Foil Printing and Design | Order Online","description":"ChnPrintStudio","url":"https:\/\/chnprints.com\/it\/","logo":{"@type":"ImageObject","url":"https:\/\/chnprints.com\/wp-content\/uploads\/2024\/10\/weblogo.jpg?wsr","@id":"https:\/\/chnprints.com\/it\/feedback-e-premi\/#organizationLogo","width":112,"height":112},"image":{"@id":"https:\/\/chnprints.com\/it\/feedback-e-premi\/#organizationLogo"},"sameAs":["https:\/\/www.instagram.com\/chnprintstudio\/","https:\/\/www.tiktok.com\/@chnprintstudio","https:\/\/www.pinterest.com\/ChnPrintStudio\/"]},{"@type":"WebPage","@id":"https:\/\/chnprints.com\/it\/feedback-e-premi\/#webpage","url":"https:\/\/chnprints.com\/it\/feedback-e-premi\/","name":"ChnPrintStudio - Feedback & Rewards Program | Printing and Design","description":"Condividi la tua esperienza con ChnPrintStudio e guadagna premi! Apprezziamo il tuo feedback e offriamo vantaggi esclusivi per ringraziarti di far parte della nostra comunit\u00e0 di stampa personalizzata.","inLanguage":"it-IT","isPartOf":{"@id":"https:\/\/chnprints.com\/it\/#website"},"breadcrumb":{"@id":"https:\/\/chnprints.com\/it\/feedback-e-premi\/#breadcrumblist"},"datePublished":"2024-10-03T04:27:49+08:00","dateModified":"2025-09-26T22:28:20+08:00"},{"@type":"WebSite","@id":"https:\/\/chnprints.com\/it\/#website","url":"https:\/\/chnprints.com\/it\/","name":"ChnPrintStudio","alternateName":"Luxury Business Card Printing | Order Online","description":"Letterpress & Foil Printing and Design | Order Online","inLanguage":"it-IT","publisher":{"@id":"https:\/\/chnprints.com\/it\/#organization"}}]},"og:locale":"it_IT","og:site_name":"ChnPrintStudio - Letterpress &amp; Foil Printing and Design | Order Online","og:type":"article","og:title":"ChnPrintStudio - Feedback &amp; Rewards Program | Printing and Design","og:description":"Condividi la tua esperienza con ChnPrintStudio e guadagna premi! Apprezziamo il tuo feedback e offriamo vantaggi esclusivi per ringraziarti di far parte della nostra comunit\u00e0 di stampa personalizzata.","og:url":"https:\/\/chnprints.com\/it\/feedback-e-premi\/","article:published_time":"2024-10-02T20:27:49+00:00","article:modified_time":"2025-09-26T14:28:20+00:00","twitter:card":"summary_large_image","twitter:title":"ChnPrintStudio - Feedback &amp; Rewards Program | Printing and Design","twitter:description":"Condividi la tua esperienza con ChnPrintStudio e guadagna premi! Apprezziamo il tuo feedback e offriamo vantaggi esclusivi per ringraziarti di far parte della nostra comunit\u00e0 di stampa personalizzata."},"aioseo_meta_data":{"post_id":"8763","title":"#site_title #separator_sa Feedback &amp; Rewards Program | Printing and Design","description":"Condividi la tua esperienza con ChnPrintStudio e guadagna premi! Apprezziamo il tuo feedback e offriamo vantaggi esclusivi per ringraziarti di far parte della nostra comunit\u00e0 di stampa personalizzata.","keywords":null,"keyphrases":{"focus":{"keyphrase":"Customer Feedback","score":37,"analysis":{"keyphraseInTitle":{"score":3,"maxScore":9,"error":1},"keyphraseInDescription":{"score":3,"maxScore":9,"error":1},"keyphraseLength":{"score":9,"maxScore":9,"error":0,"length":2},"keyphraseInURL":{"score":1,"maxScore":5,"error":1},"keyphraseInIntroduction":{"score":3,"maxScore":9,"error":1},"keyphraseInSubHeadings":{"score":3,"maxScore":9,"error":1},"keyphraseInImageAlt":{"score":3,"maxScore":9,"error":1},"keywordDensity":{"score":0,"type":"low","maxScore":9,"error":1}}},"additional":[{"keyphrase":"Printing Services Feedback","score":40,"analysis":{"keyphraseInDescription":{"score":3,"maxScore":9,"error":1},"keyphraseLength":{"score":9,"maxScore":9,"error":0,"length":3},"keyphraseInIntroduction":{"score":3,"maxScore":9,"error":1},"keyphraseInImageAlt":{"score":3,"maxScore":9,"error":1},"keywordDensity":{"score":0,"type":"low","maxScore":9,"error":1}}}]},"primary_term":null,"canonical_url":null,"og_title":null,"og_description":null,"og_object_type":"default","og_image_type":"default","og_image_url":null,"og_image_width":null,"og_image_height":null,"og_image_custom_url":null,"og_image_custom_fields":null,"og_video":"","og_custom_url":null,"og_article_section":null,"og_article_tags":null,"twitter_use_og":false,"twitter_card":"default","twitter_image_type":"default","twitter_image_url":null,"twitter_image_custom_url":null,"twitter_image_custom_fields":null,"twitter_title":null,"twitter_description":null,"schema":{"blockGraphs":[],"customGraphs":[],"default":{"data":{"Article":[],"Course":[],"Dataset":[],"FAQPage":[],"Movie":[],"Person":[],"Product":[],"ProductReview":[],"Car":[],"Recipe":[],"Service":[],"SoftwareApplication":[],"WebPage":[]},"graphName":"WebPage","isEnabled":true},"graphs":[]},"schema_type":"default","schema_type_options":null,"pillar_content":false,"robots_default":true,"robots_noindex":false,"robots_noarchive":false,"robots_nosnippet":false,"robots_nofollow":false,"robots_noimageindex":false,"robots_noodp":false,"robots_notranslate":false,"robots_max_snippet":"-1","robots_max_videopreview":"-1","robots_max_imagepreview":"large","priority":null,"frequency":"default","local_seo":null,"seo_analyzer_scan_date":"2026-02-09 16:47:22","breadcrumb_settings":null,"limit_modified_date":false,"ai":null,"created":"2025-09-26 14:15:26","updated":"2026-02-09 21:36:20"},"aioseo_breadcrumb":"<div class=\"aioseo-breadcrumbs\"><span class=\"aioseo-breadcrumb\">\n\tFeedback e Premi\n<\/span><\/div>","aioseo_breadcrumb_json":[{"label":"Feedback e Premi","link":"https:\/\/chnprints.com\/it\/feedback-e-premi\/"}],"_links":{"self":[{"href":"https:\/\/chnprints.com\/it\/wp-json\/wp\/v2\/pages\/8763","targetHints":{"allow":["GET"]}}],"collection":[{"href":"https:\/\/chnprints.com\/it\/wp-json\/wp\/v2\/pages"}],"about":[{"href":"https:\/\/chnprints.com\/it\/wp-json\/wp\/v2\/types\/page"}],"author":[{"embeddable":true,"href":"https:\/\/chnprints.com\/it\/wp-json\/wp\/v2\/users\/1"}],"replies":[{"embeddable":true,"href":"https:\/\/chnprints.com\/it\/wp-json\/wp\/v2\/comments?post=8763"}],"version-history":[{"count":0,"href":"https:\/\/chnprints.com\/it\/wp-json\/wp\/v2\/pages\/8763\/revisions"}],"wp:attachment":[{"href":"https:\/\/chnprints.com\/it\/wp-json\/wp\/v2\/media?parent=8763"}],"curies":[{"name":"wp","href":"https:\/\/api.w.org\/{rel}","templated":true}]}}