{"id":4049,"date":"2024-09-09T05:07:38","date_gmt":"2024-09-08T21:07:38","guid":{"rendered":"https:\/\/chnprints.com\/politique-dexpedition\/"},"modified":"2024-10-20T23:40:07","modified_gmt":"2024-10-20T15:40:07","slug":"politique-dexpedition","status":"publish","type":"page","link":"https:\/\/chnprints.com\/fr\/politique-dexpedition\/","title":{"rendered":"Politique d\u2019exp\u00e9dition"},"content":{"rendered":"\t\t<div data-elementor-type=\"wp-page\" data-elementor-id=\"4049\" class=\"elementor elementor-4049 elementor-3\" data-elementor-post-type=\"page\">\n\t\t\t\t<div class=\"elementor-element elementor-element-7f64cf3 e-flex e-con-boxed e-con e-parent\" data-id=\"7f64cf3\" data-element_type=\"container\" data-e-type=\"container\">\n\t\t\t\t\t<div class=\"e-con-inner\">\n\t\t\t\t<div class=\"elementor-element elementor-element-d5d6843 elementor-widget elementor-widget-heading\" data-id=\"d5d6843\" data-element_type=\"widget\" data-e-type=\"widget\" data-widget_type=\"heading.default\">\n\t\t\t\t\t<h1 class=\"elementor-heading-title elementor-size-default\">Politique d\u2019exp\u00e9dition<\/h1>\t\t\t\t<\/div>\n\t\t\t\t\t<\/div>\n\t\t\t\t<\/div>\n\t\t<div class=\"elementor-element elementor-element-badc048 e-flex e-con-boxed e-con e-parent\" data-id=\"badc048\" data-element_type=\"container\" data-e-type=\"container\">\n\t\t\t\t\t<div class=\"e-con-inner\">\n\t\t\t\t<div class=\"elementor-element elementor-element-9f2bda8 color-scheme-inherit text-left elementor-widget elementor-widget-text-editor\" data-id=\"9f2bda8\" data-element_type=\"widget\" data-e-type=\"widget\" data-widget_type=\"text-editor.default\">\n\t\t\t\t\t\t\t\t\t<h5>Quelles sont les m\u00e9thodes d\u2019exp\u00e9dition disponibles ?<\/h5>\n<div class=\"faq-section-content overflow-hidden collapsible-content mb-20\">\n<div class=\"faq_content-inner rich__text-m0\">\n<p>tant que le montant d\u00e9passe 100 USD, ChnPrintStudio fournira des services d\u2019exp\u00e9dition postale standard gratuitement, avec une livraison en 8 \u00e0 15 jours ouvrables dans la plupart des pays !<\/p>\n<p>Si vous souhaitez recevoir votre colis plus rapidement, nous pouvons \u00e9galement livrer via FedEx, avec une livraison en 3 \u00e0 7 jours ouvrables dans la plupart des pays.<br \/>\nLes frais d\u2019exp\u00e9dition sp\u00e9cifiques seront calcul\u00e9s en fonction du poids du produit et du pays dans lequel vous vous trouvez ! <\/p>\n<\/div>\n<\/div>\n<h5 class=\"faq-section-title h6 my-0 pointer py-20 relative collapsible-heading text-color hover-heading-color transition pe-12\">Est-ce que je re\u00e7ois une notification lorsque ma commande est exp\u00e9di\u00e9e ?<\/h5>\n<div class=\"faq-section-content overflow-hidden collapsible-content mb-20\">\n<div class=\"faq_content-inner rich__text-m0\">\n<p>Oui, une fois votre commande exp\u00e9di\u00e9e, vous devriez recevoir un e-mail avec les informations de suivi.<br \/>\nSi vous avez un compte chez nous, vous pouvez \u00e9galement voir l\u2019\u00e9tat de votre commande \u00e0 partir de votre compte. <\/p>\n<\/div>\n<\/div>\n\t\t\t\t\t\t\t\t<\/div>\n\t\t\t\t\t<\/div>\n\t\t\t\t<\/div>\n\t\t\t\t<\/div>\n\t\t","protected":false},"excerpt":{"rendered":"<p>Politique d\u2019exp\u00e9dition Quelles sont les m\u00e9thodes d\u2019exp\u00e9dition disponibles ? tant que le montant d\u00e9passe 100 USD, ChnPrintStudio fournira des services<\/p>\n","protected":false},"author":1,"featured_media":0,"parent":0,"menu_order":4,"comment_status":"closed","ping_status":"open","template":"","meta":{"_acf_changed":false,"footnotes":""},"class_list":["post-4049","page","type-page","status-publish","hentry"],"acf":[],"aioseo_notices":[],"aioseo_head":"\n\t\t<!-- All in One SEO Pro 4.9.0 - aioseo.com -->\n\t<meta name=\"description\" content=\"Politique d\u2019exp\u00e9dition Quelles sont les m\u00e9thodes d\u2019exp\u00e9dition disponibles ? tant que le montant d\u00e9passe 100 USD, ChnPrintStudio fournira des services d\u2019exp\u00e9dition postale standard gratuitement, avec une livraison en 8 \u00e0 15 jours ouvrables dans la plupart des pays ! Si vous souhaitez recevoir votre colis plus rapidement, nous pouvons \u00e9galement livrer via FedEx, avec une\" \/>\n\t<meta name=\"robots\" content=\"max-image-preview:large\" \/>\n\t<meta name=\"google-site-verification\" content=\"bCWEURESkI9sJaMHczw2gqISKxNjR6Mf9fHT_9LSu3M\" \/>\n\t<link rel=\"canonical\" href=\"https:\/\/chnprints.com\/fr\/politique-dexpedition\/\" \/>\n\t<meta name=\"generator\" content=\"All in One SEO Pro (AIOSEO) 4.9.0\" \/>\n\t\t<meta property=\"og:locale\" content=\"fr_FR\" \/>\n\t\t<meta property=\"og:site_name\" content=\"ChnPrintStudio - Impression et conception typographiques et sur feuille | Commandez en ligne\" \/>\n\t\t<meta property=\"og:type\" content=\"article\" \/>\n\t\t<meta property=\"og:title\" content=\"Politique d\u2019exp\u00e9dition - Letterpress &amp; Foil Printing and Design | ChnPrint Studio\" \/>\n\t\t<meta property=\"og:description\" content=\"Politique d\u2019exp\u00e9dition Quelles sont les m\u00e9thodes d\u2019exp\u00e9dition disponibles ? tant que le montant d\u00e9passe 100 USD, ChnPrintStudio fournira des services d\u2019exp\u00e9dition postale standard gratuitement, avec une livraison en 8 \u00e0 15 jours ouvrables dans la plupart des pays ! Si vous souhaitez recevoir votre colis plus rapidement, nous pouvons \u00e9galement livrer via FedEx, avec une\" \/>\n\t\t<meta property=\"og:url\" content=\"https:\/\/chnprints.com\/fr\/politique-dexpedition\/\" \/>\n\t\t<meta property=\"article:published_time\" content=\"2024-09-08T21:07:38+00:00\" \/>\n\t\t<meta property=\"article:modified_time\" content=\"2024-10-20T15:40:07+00:00\" \/>\n\t\t<meta name=\"twitter:card\" content=\"summary_large_image\" \/>\n\t\t<meta name=\"twitter:title\" content=\"Politique d\u2019exp\u00e9dition - Letterpress &amp; Foil Printing and Design | ChnPrint Studio\" \/>\n\t\t<meta name=\"twitter:description\" content=\"Politique d\u2019exp\u00e9dition Quelles sont les m\u00e9thodes d\u2019exp\u00e9dition disponibles ? tant que le montant d\u00e9passe 100 USD, ChnPrintStudio fournira des services d\u2019exp\u00e9dition postale standard gratuitement, avec une livraison en 8 \u00e0 15 jours ouvrables dans la plupart des pays ! Si vous souhaitez recevoir votre colis plus rapidement, nous pouvons \u00e9galement livrer via FedEx, avec une\" \/>\n\t\t<script type=\"application\/ld+json\" class=\"aioseo-schema\">\n\t\t\t{\"@context\":\"https:\\\/\\\/schema.org\",\"@graph\":[{\"@type\":\"BreadcrumbList\",\"@id\":\"https:\\\/\\\/chnprints.com\\\/fr\\\/politique-dexpedition\\\/#breadcrumblist\",\"itemListElement\":[{\"@type\":\"ListItem\",\"@id\":\"https:\\\/\\\/chnprints.com\\\/fr\\\/politique-dexpedition\\\/#listItem\",\"position\":1,\"name\":\"Politique d\\u2019exp\\u00e9dition\"}]},{\"@type\":\"Organization\",\"@id\":\"https:\\\/\\\/chnprints.com\\\/fr\\\/#organization\",\"name\":\"ChnPrintStudio Letterpress & Foil Printing and Design | Order Online Letterpress &amp; Foil Printing and Design | Order Online\",\"description\":\"ChnPrintStudio\",\"url\":\"https:\\\/\\\/chnprints.com\\\/fr\\\/\",\"logo\":{\"@type\":\"ImageObject\",\"url\":\"https:\\\/\\\/chnprints.com\\\/wp-content\\\/uploads\\\/2024\\\/10\\\/weblogo.jpg?wsr\",\"@id\":\"https:\\\/\\\/chnprints.com\\\/fr\\\/politique-dexpedition\\\/#organizationLogo\",\"width\":112,\"height\":112},\"image\":{\"@id\":\"https:\\\/\\\/chnprints.com\\\/fr\\\/politique-dexpedition\\\/#organizationLogo\"},\"sameAs\":[\"https:\\\/\\\/www.instagram.com\\\/chnprintstudio\\\/\",\"https:\\\/\\\/www.tiktok.com\\\/@chnprintstudio\",\"https:\\\/\\\/www.pinterest.com\\\/ChnPrintStudio\\\/\"]},{\"@type\":\"WebPage\",\"@id\":\"https:\\\/\\\/chnprints.com\\\/fr\\\/politique-dexpedition\\\/#webpage\",\"url\":\"https:\\\/\\\/chnprints.com\\\/fr\\\/politique-dexpedition\\\/\",\"name\":\"Politique d\\u2019exp\\u00e9dition - Letterpress & Foil Printing and Design | ChnPrint Studio\",\"description\":\"Politique d\\u2019exp\\u00e9dition Quelles sont les m\\u00e9thodes d\\u2019exp\\u00e9dition disponibles ? tant que le montant d\\u00e9passe 100 USD, ChnPrintStudio fournira des services d\\u2019exp\\u00e9dition postale standard gratuitement, avec une livraison en 8 \\u00e0 15 jours ouvrables dans la plupart des pays ! Si vous souhaitez recevoir votre colis plus rapidement, nous pouvons \\u00e9galement livrer via FedEx, avec une\",\"inLanguage\":\"fr-FR\",\"isPartOf\":{\"@id\":\"https:\\\/\\\/chnprints.com\\\/fr\\\/#website\"},\"breadcrumb\":{\"@id\":\"https:\\\/\\\/chnprints.com\\\/fr\\\/politique-dexpedition\\\/#breadcrumblist\"},\"datePublished\":\"2024-09-09T05:07:38+08:00\",\"dateModified\":\"2024-10-20T23:40:07+08:00\"},{\"@type\":\"WebSite\",\"@id\":\"https:\\\/\\\/chnprints.com\\\/fr\\\/#website\",\"url\":\"https:\\\/\\\/chnprints.com\\\/fr\\\/\",\"name\":\"ChnPrintStudio\",\"alternateName\":\"Luxury Business Card Printing | Order Online\",\"description\":\"Letterpress & Foil Printing and Design | Order Online\",\"inLanguage\":\"fr-FR\",\"publisher\":{\"@id\":\"https:\\\/\\\/chnprints.com\\\/fr\\\/#organization\"}}]}\n\t\t<\/script>\n\t\t<!-- All in One SEO Pro -->\r\n\t\t<title>Politique d\u2019exp\u00e9dition - Letterpress &amp; Foil Printing and Design | ChnPrint Studio<\/title>\n\n","aioseo_head_json":{"title":"Politique d\u2019exp\u00e9dition - Letterpress & Foil Printing and Design | ChnPrint Studio","description":"Politique d\u2019exp\u00e9dition Quelles sont les m\u00e9thodes d\u2019exp\u00e9dition disponibles ? tant que le montant d\u00e9passe 100 USD, ChnPrintStudio fournira des services d\u2019exp\u00e9dition postale standard gratuitement, avec une livraison en 8 \u00e0 15 jours ouvrables dans la plupart des pays ! Si vous souhaitez recevoir votre colis plus rapidement, nous pouvons \u00e9galement livrer via FedEx, avec une","canonical_url":"https:\/\/chnprints.com\/fr\/politique-dexpedition\/","robots":"max-image-preview:large","keywords":"","webmasterTools":{"google-site-verification":"bCWEURESkI9sJaMHczw2gqISKxNjR6Mf9fHT_9LSu3M","miscellaneous":""},"schema":{"@context":"https:\/\/schema.org","@graph":[{"@type":"BreadcrumbList","@id":"https:\/\/chnprints.com\/fr\/politique-dexpedition\/#breadcrumblist","itemListElement":[{"@type":"ListItem","@id":"https:\/\/chnprints.com\/fr\/politique-dexpedition\/#listItem","position":1,"name":"Politique d\u2019exp\u00e9dition"}]},{"@type":"Organization","@id":"https:\/\/chnprints.com\/fr\/#organization","name":"ChnPrintStudio Letterpress & Foil Printing and Design | Order Online Letterpress &amp; Foil Printing and Design | Order Online","description":"ChnPrintStudio","url":"https:\/\/chnprints.com\/fr\/","logo":{"@type":"ImageObject","url":"https:\/\/chnprints.com\/wp-content\/uploads\/2024\/10\/weblogo.jpg?wsr","@id":"https:\/\/chnprints.com\/fr\/politique-dexpedition\/#organizationLogo","width":112,"height":112},"image":{"@id":"https:\/\/chnprints.com\/fr\/politique-dexpedition\/#organizationLogo"},"sameAs":["https:\/\/www.instagram.com\/chnprintstudio\/","https:\/\/www.tiktok.com\/@chnprintstudio","https:\/\/www.pinterest.com\/ChnPrintStudio\/"]},{"@type":"WebPage","@id":"https:\/\/chnprints.com\/fr\/politique-dexpedition\/#webpage","url":"https:\/\/chnprints.com\/fr\/politique-dexpedition\/","name":"Politique d\u2019exp\u00e9dition - Letterpress & Foil Printing and Design | ChnPrint Studio","description":"Politique d\u2019exp\u00e9dition Quelles sont les m\u00e9thodes d\u2019exp\u00e9dition disponibles ? tant que le montant d\u00e9passe 100 USD, ChnPrintStudio fournira des services d\u2019exp\u00e9dition postale standard gratuitement, avec une livraison en 8 \u00e0 15 jours ouvrables dans la plupart des pays ! Si vous souhaitez recevoir votre colis plus rapidement, nous pouvons \u00e9galement livrer via FedEx, avec une","inLanguage":"fr-FR","isPartOf":{"@id":"https:\/\/chnprints.com\/fr\/#website"},"breadcrumb":{"@id":"https:\/\/chnprints.com\/fr\/politique-dexpedition\/#breadcrumblist"},"datePublished":"2024-09-09T05:07:38+08:00","dateModified":"2024-10-20T23:40:07+08:00"},{"@type":"WebSite","@id":"https:\/\/chnprints.com\/fr\/#website","url":"https:\/\/chnprints.com\/fr\/","name":"ChnPrintStudio","alternateName":"Luxury Business Card Printing | Order Online","description":"Letterpress & Foil Printing and Design | Order Online","inLanguage":"fr-FR","publisher":{"@id":"https:\/\/chnprints.com\/fr\/#organization"}}]},"og:locale":"fr_FR","og:site_name":"ChnPrintStudio - Impression et conception typographiques et sur feuille | Commandez en ligne","og:type":"article","og:title":"Politique d\u2019exp\u00e9dition - Letterpress &amp; Foil Printing and Design | ChnPrint Studio","og:description":"Politique d\u2019exp\u00e9dition Quelles sont les m\u00e9thodes d\u2019exp\u00e9dition disponibles ? tant que le montant d\u00e9passe 100 USD, ChnPrintStudio fournira des services d\u2019exp\u00e9dition postale standard gratuitement, avec une livraison en 8 \u00e0 15 jours ouvrables dans la plupart des pays ! Si vous souhaitez recevoir votre colis plus rapidement, nous pouvons \u00e9galement livrer via FedEx, avec une","og:url":"https:\/\/chnprints.com\/fr\/politique-dexpedition\/","article:published_time":"2024-09-08T21:07:38+00:00","article:modified_time":"2024-10-20T15:40:07+00:00","twitter:card":"summary_large_image","twitter:title":"Politique d\u2019exp\u00e9dition - Letterpress &amp; Foil Printing and Design | ChnPrint Studio","twitter:description":"Politique d\u2019exp\u00e9dition Quelles sont les m\u00e9thodes d\u2019exp\u00e9dition disponibles ? tant que le montant d\u00e9passe 100 USD, ChnPrintStudio fournira des services d\u2019exp\u00e9dition postale standard gratuitement, avec une livraison en 8 \u00e0 15 jours ouvrables dans la plupart des pays ! Si vous souhaitez recevoir votre colis plus rapidement, nous pouvons \u00e9galement livrer via FedEx, avec une"},"aioseo_meta_data":{"post_id":"4049","title":null,"description":null,"keywords":null,"keyphrases":null,"primary_term":null,"canonical_url":null,"og_title":null,"og_description":null,"og_object_type":"default","og_image_type":"default","og_image_url":null,"og_image_width":null,"og_image_height":null,"og_image_custom_url":null,"og_image_custom_fields":null,"og_video":"","og_custom_url":null,"og_article_section":null,"og_article_tags":null,"twitter_use_og":false,"twitter_card":"default","twitter_image_type":"default","twitter_image_url":null,"twitter_image_custom_url":null,"twitter_image_custom_fields":null,"twitter_title":null,"twitter_description":null,"schema":{"blockGraphs":[],"customGraphs":[],"default":{"data":{"Article":[],"Course":[],"Dataset":[],"FAQPage":[],"Movie":[],"Person":[],"Product":[],"ProductReview":[],"Car":[],"Recipe":[],"Service":[],"SoftwareApplication":[],"WebPage":[]},"graphName":"","isEnabled":true},"graphs":[]},"schema_type":"default","schema_type_options":null,"pillar_content":false,"robots_default":true,"robots_noindex":false,"robots_noarchive":false,"robots_nosnippet":false,"robots_nofollow":false,"robots_noimageindex":false,"robots_noodp":false,"robots_notranslate":false,"robots_max_snippet":"-1","robots_max_videopreview":"-1","robots_max_imagepreview":"large","priority":null,"frequency":"default","local_seo":null,"seo_analyzer_scan_date":"2026-02-09 17:25:15","breadcrumb_settings":null,"limit_modified_date":false,"ai":null,"created":"2024-10-20 05:39:14","updated":"2026-02-09 21:34:41"},"aioseo_breadcrumb":"<div class=\"aioseo-breadcrumbs\"><span class=\"aioseo-breadcrumb\">\n\tPolitique d\u2019exp\u00e9dition\n<\/span><\/div>","aioseo_breadcrumb_json":[{"label":"Politique d\u2019exp\u00e9dition","link":"https:\/\/chnprints.com\/fr\/politique-dexpedition\/"}],"_links":{"self":[{"href":"https:\/\/chnprints.com\/fr\/wp-json\/wp\/v2\/pages\/4049","targetHints":{"allow":["GET"]}}],"collection":[{"href":"https:\/\/chnprints.com\/fr\/wp-json\/wp\/v2\/pages"}],"about":[{"href":"https:\/\/chnprints.com\/fr\/wp-json\/wp\/v2\/types\/page"}],"author":[{"embeddable":true,"href":"https:\/\/chnprints.com\/fr\/wp-json\/wp\/v2\/users\/1"}],"replies":[{"embeddable":true,"href":"https:\/\/chnprints.com\/fr\/wp-json\/wp\/v2\/comments?post=4049"}],"version-history":[{"count":0,"href":"https:\/\/chnprints.com\/fr\/wp-json\/wp\/v2\/pages\/4049\/revisions"}],"wp:attachment":[{"href":"https:\/\/chnprints.com\/fr\/wp-json\/wp\/v2\/media?parent=4049"}],"curies":[{"name":"wp","href":"https:\/\/api.w.org\/{rel}","templated":true}]}}