{"id":3507,"date":"2024-09-29T14:07:41","date_gmt":"2024-09-29T06:07:41","guid":{"rendered":"https:\/\/chnprints.com\/privacy-policy\/"},"modified":"2024-10-20T23:40:23","modified_gmt":"2024-10-20T15:40:23","slug":"politique-de-confidentialite","status":"publish","type":"page","link":"https:\/\/chnprints.com\/fr\/politique-de-confidentialite\/","title":{"rendered":"Politique de confidentialit\u00e9"},"content":{"rendered":"\t\t<div data-elementor-type=\"wp-page\" data-elementor-id=\"3507\" class=\"elementor elementor-3507 elementor-10\" data-elementor-post-type=\"page\">\n\t\t\t\t<div class=\"elementor-element elementor-element-e1f4fc2 e-flex e-con-boxed e-con e-parent\" data-id=\"e1f4fc2\" data-element_type=\"container\" data-e-type=\"container\">\n\t\t\t\t\t<div class=\"e-con-inner\">\n\t\t\t\t<div class=\"elementor-element elementor-element-0783d3a elementor-widget elementor-widget-heading\" data-id=\"0783d3a\" data-element_type=\"widget\" data-e-type=\"widget\" data-widget_type=\"heading.default\">\n\t\t\t\t\t<h1 class=\"elementor-heading-title elementor-size-default\">Politique de confidentialit\u00e9<\/h1>\t\t\t\t<\/div>\n\t\t\t\t<div class=\"elementor-element elementor-element-10bd4a3 color-scheme-inherit text-left elementor-widget elementor-widget-text-editor\" data-id=\"10bd4a3\" data-element_type=\"widget\" data-e-type=\"widget\" data-widget_type=\"text-editor.default\">\n\t\t\t\t\t\t\t\t\t<h5><strong>D\u00e9claration de politique de confidentialit\u00e9<\/strong><\/h5>\n<p>Chez <u>ChnPrintStudio<\/u>, nous tenons en haute estime la confiance que nos clients nous accordent lorsqu\u2019ils divulguent leurs donn\u00e9es priv\u00e9es.<br \/>\nCette d\u00e9claration de politique de confidentialit\u00e9 vise \u00e0 clarifier la mani\u00e8re dont nous recueillons, utilisons et prot\u00e9geons les informations personnelles que vous fournissez lorsque vous interagissez avec notre site Web et nos services. <\/p>\n<h5><strong>Collecte des donn\u00e9es personnelles<\/strong><\/h5>\n<p>Si vous interagissez avec notre site pour passer une commande, demander un devis ou nous contacter par divers moyens, nous pouvons collecter vos donn\u00e9es personnelles.<br \/>\nIl s\u2019agit de votre nom complet, de votre adresse e-mail, de votre num\u00e9ro de t\u00e9l\u00e9phone et de votre adresse postale.<br \/>\nDe plus, nous pouvons recueillir des d\u00e9tails relatifs \u00e0 votre commande ou \u00e0 votre demande, tels que les produits ou services demand\u00e9s, les d\u00e9tails de livraison et les d\u00e9tails de paiement.  <\/p>\n<h5><strong>Utilisation des donn\u00e9es personnelles<\/strong><\/h5>\n<p>Vos donn\u00e9es personnelles sont utilis\u00e9es pour ex\u00e9cuter vos commandes, r\u00e9pondre \u00e0 vos devis, am\u00e9liorer nos offres et pour d\u2019autres communications concernant vos commandes, des \u00e9v\u00e9nements promotionnels et des mises \u00e0 jour pertinentes suppl\u00e9mentaires.<br \/>\nNous interdisons strictement le partage de vos donn\u00e9es personnelles avec des tiers \u00e0 des fins promotionnelles. <\/p>\n<p>Nous pouvons partager vos donn\u00e9es personnelles avec des entit\u00e9s tierces qui nous aident \u00e0 ex\u00e9cuter les commandes et \u00e0 fournir des services, y compris des coursiers, des processeurs de paiement et des plateformes de marketing.<br \/>\nCes entit\u00e9s sont tenues de prot\u00e9ger vos donn\u00e9es personnelles et ne peuvent les utiliser qu\u2019aux fins que nous d\u00e9crivons. <\/p>\n<p>Nous pouvons divulguer vos donn\u00e9es personnelles lorsque la loi l\u2019exige, pour prot\u00e9ger nos droits ou nos biens, ou pour pr\u00e9venir un pr\u00e9judice potentiel pour nous ou pour d\u2019autres personnes.<\/p>\n<h5><strong>Cookies et technologies analogues<\/strong><\/h5>\n<p>Pour enrichir votre exp\u00e9rience sur notre plateforme et vous proposer des publicit\u00e9s pertinentes, nous utilisons des cookies et des technologies similaires.<br \/>\nLes cookies sont de minuscules extraits de donn\u00e9es stock\u00e9s sur votre appareil lors de la visite de notre site Web, nous permettant d\u2019identifier votre appareil et de nous rappeler vos pr\u00e9f\u00e9rences et vos activit\u00e9s historiques. <\/p>\n<p>Vous gardez le contr\u00f4le sur les cookies via la configuration de votre navigateur et pouvez refuser la publicit\u00e9 cibl\u00e9e par le biais de l\u2019initiative AdChoices.<\/p>\n<h5><strong>Protection des donn\u00e9es<\/strong><\/h5>\n<p>Nous mettons en \u0153uvre des mesures de protection raisonnables pour prot\u00e9ger vos donn\u00e9es personnelles contre l\u2019intrusion, l\u2019exploitation et la divulgation non autoris\u00e9es.<br \/>\nCela comprend le d\u00e9ploiement de serveurs s\u00e9curis\u00e9s, des pratiques de cryptage et d\u2019autres mesures de s\u00e9curit\u00e9 align\u00e9es sur les normes de l\u2019industrie.<br \/>\nCependant, une s\u00e9curit\u00e9 absolue ne peut \u00eatre garantie, et nous ne sommes pas responsables d\u2019un acc\u00e8s ou d\u2019une utilisation non autoris\u00e9s en dehors de notre champ d\u2019application r\u00e9glementaire.  <\/p>\n<h5><strong>Acc\u00e8s et modification de vos donn\u00e9es personnelles<\/strong><\/h5>\n<p>Vous avez la possibilit\u00e9 d\u2019acc\u00e9der \u00e0 vos donn\u00e9es personnelles et de les modifier en nous contactant \u00e0 l\u2019aide des coordonn\u00e9es disponibles sur notre site web.<\/p>\n<h5><strong>Modifications de la politique<\/strong><\/h5>\n<p>Nous nous r\u00e9servons le droit de modifier p\u00e9riodiquement cette politique de confidentialit\u00e9 et annoncerons toute mise \u00e0 jour sur notre site Web.<br \/>\nIl est recommand\u00e9 de consulter notre politique \u00e0 intervalles r\u00e9guliers pour rester inform\u00e9 de la fa\u00e7on dont nous g\u00e9rons, employons et prot\u00e9geons vos informations personnelles. <\/p>\n<h5><strong>Connectez-vous avec nous<\/strong><\/h5>\n<p>Pour toute question ou pr\u00e9occupation concernant notre politique de confidentialit\u00e9, n\u2019h\u00e9sitez pas \u00e0 nous contacter.<\/p>\n\t\t\t\t\t\t\t\t<\/div>\n\t\t\t\t\t<\/div>\n\t\t\t\t<\/div>\n\t\t\t\t<\/div>\n\t\t","protected":false},"excerpt":{"rendered":"<p>Politique de confidentialit\u00e9 D\u00e9claration de politique de confidentialit\u00e9 Chez ChnPrintStudio, nous tenons en haute estime la confiance que nos clients<\/p>\n","protected":false},"author":1,"featured_media":0,"parent":0,"menu_order":8,"comment_status":"closed","ping_status":"closed","template":"","meta":{"_acf_changed":false,"footnotes":""},"class_list":["post-3507","page","type-page","status-publish","hentry"],"acf":[],"aioseo_notices":[],"aioseo_head":"\n\t\t<!-- All in One SEO Pro 4.9.0 - aioseo.com -->\n\t<meta name=\"description\" content=\"Politique de confidentialit\u00e9 D\u00e9claration de politique de confidentialit\u00e9 Chez ChnPrintStudio, nous tenons en haute estime la confiance que nos clients nous accordent lorsqu\u2019ils divulguent leurs donn\u00e9es priv\u00e9es. Cette d\u00e9claration de politique de confidentialit\u00e9 vise \u00e0 clarifier la mani\u00e8re dont nous recueillons, utilisons et prot\u00e9geons les informations personnelles que vous fournissez lorsque vous interagissez avec notre\" \/>\n\t<meta name=\"robots\" content=\"max-image-preview:large\" \/>\n\t<meta name=\"google-site-verification\" content=\"bCWEURESkI9sJaMHczw2gqISKxNjR6Mf9fHT_9LSu3M\" \/>\n\t<link rel=\"canonical\" href=\"https:\/\/chnprints.com\/fr\/politique-de-confidentialite\/\" \/>\n\t<meta name=\"generator\" content=\"All in One SEO Pro (AIOSEO) 4.9.0\" \/>\n\t\t<meta property=\"og:locale\" content=\"fr_FR\" \/>\n\t\t<meta property=\"og:site_name\" content=\"ChnPrintStudio - Impression et conception typographiques et sur feuille | Commandez en ligne\" \/>\n\t\t<meta property=\"og:type\" content=\"article\" \/>\n\t\t<meta property=\"og:title\" content=\"Politique de confidentialit\u00e9 - Letterpress &amp; Foil Printing and Design | ChnPrint Studio\" \/>\n\t\t<meta property=\"og:description\" content=\"Politique de confidentialit\u00e9 D\u00e9claration de politique de confidentialit\u00e9 Chez ChnPrintStudio, nous tenons en haute estime la confiance que nos clients nous accordent lorsqu\u2019ils divulguent leurs donn\u00e9es priv\u00e9es. Cette d\u00e9claration de politique de confidentialit\u00e9 vise \u00e0 clarifier la mani\u00e8re dont nous recueillons, utilisons et prot\u00e9geons les informations personnelles que vous fournissez lorsque vous interagissez avec notre\" \/>\n\t\t<meta property=\"og:url\" content=\"https:\/\/chnprints.com\/fr\/politique-de-confidentialite\/\" \/>\n\t\t<meta property=\"article:published_time\" content=\"2024-09-29T06:07:41+00:00\" \/>\n\t\t<meta property=\"article:modified_time\" content=\"2024-10-20T15:40:23+00:00\" \/>\n\t\t<meta name=\"twitter:card\" content=\"summary_large_image\" \/>\n\t\t<meta name=\"twitter:title\" content=\"Politique de confidentialit\u00e9 - Letterpress &amp; Foil Printing and Design | ChnPrint Studio\" \/>\n\t\t<meta name=\"twitter:description\" content=\"Politique de confidentialit\u00e9 D\u00e9claration de politique de confidentialit\u00e9 Chez ChnPrintStudio, nous tenons en haute estime la confiance que nos clients nous accordent lorsqu\u2019ils divulguent leurs donn\u00e9es priv\u00e9es. Cette d\u00e9claration de politique de confidentialit\u00e9 vise \u00e0 clarifier la mani\u00e8re dont nous recueillons, utilisons et prot\u00e9geons les informations personnelles que vous fournissez lorsque vous interagissez avec notre\" \/>\n\t\t<script type=\"application\/ld+json\" class=\"aioseo-schema\">\n\t\t\t{\"@context\":\"https:\\\/\\\/schema.org\",\"@graph\":[{\"@type\":\"BreadcrumbList\",\"@id\":\"https:\\\/\\\/chnprints.com\\\/fr\\\/politique-de-confidentialite\\\/#breadcrumblist\",\"itemListElement\":[{\"@type\":\"ListItem\",\"@id\":\"https:\\\/\\\/chnprints.com\\\/fr\\\/politique-de-confidentialite\\\/#listItem\",\"position\":1,\"name\":\"Politique de confidentialit\\u00e9\"}]},{\"@type\":\"Organization\",\"@id\":\"https:\\\/\\\/chnprints.com\\\/fr\\\/#organization\",\"name\":\"ChnPrintStudio Letterpress & Foil Printing and Design | Order Online Letterpress &amp; Foil Printing and Design | Order Online\",\"description\":\"ChnPrintStudio\",\"url\":\"https:\\\/\\\/chnprints.com\\\/fr\\\/\",\"logo\":{\"@type\":\"ImageObject\",\"url\":\"https:\\\/\\\/chnprints.com\\\/wp-content\\\/uploads\\\/2024\\\/10\\\/weblogo.jpg?wsr\",\"@id\":\"https:\\\/\\\/chnprints.com\\\/fr\\\/politique-de-confidentialite\\\/#organizationLogo\",\"width\":112,\"height\":112},\"image\":{\"@id\":\"https:\\\/\\\/chnprints.com\\\/fr\\\/politique-de-confidentialite\\\/#organizationLogo\"},\"sameAs\":[\"https:\\\/\\\/www.instagram.com\\\/chnprintstudio\\\/\",\"https:\\\/\\\/www.tiktok.com\\\/@chnprintstudio\",\"https:\\\/\\\/www.pinterest.com\\\/ChnPrintStudio\\\/\"]},{\"@type\":\"WebPage\",\"@id\":\"https:\\\/\\\/chnprints.com\\\/fr\\\/politique-de-confidentialite\\\/#webpage\",\"url\":\"https:\\\/\\\/chnprints.com\\\/fr\\\/politique-de-confidentialite\\\/\",\"name\":\"Politique de confidentialit\\u00e9 - Letterpress & Foil Printing and Design | ChnPrint Studio\",\"description\":\"Politique de confidentialit\\u00e9 D\\u00e9claration de politique de confidentialit\\u00e9 Chez ChnPrintStudio, nous tenons en haute estime la confiance que nos clients nous accordent lorsqu\\u2019ils divulguent leurs donn\\u00e9es priv\\u00e9es. Cette d\\u00e9claration de politique de confidentialit\\u00e9 vise \\u00e0 clarifier la mani\\u00e8re dont nous recueillons, utilisons et prot\\u00e9geons les informations personnelles que vous fournissez lorsque vous interagissez avec notre\",\"inLanguage\":\"fr-FR\",\"isPartOf\":{\"@id\":\"https:\\\/\\\/chnprints.com\\\/fr\\\/#website\"},\"breadcrumb\":{\"@id\":\"https:\\\/\\\/chnprints.com\\\/fr\\\/politique-de-confidentialite\\\/#breadcrumblist\"},\"datePublished\":\"2024-09-29T14:07:41+08:00\",\"dateModified\":\"2024-10-20T23:40:23+08:00\"},{\"@type\":\"WebSite\",\"@id\":\"https:\\\/\\\/chnprints.com\\\/fr\\\/#website\",\"url\":\"https:\\\/\\\/chnprints.com\\\/fr\\\/\",\"name\":\"ChnPrintStudio\",\"alternateName\":\"Luxury Business Card Printing | Order Online\",\"description\":\"Letterpress & Foil Printing and Design | Order Online\",\"inLanguage\":\"fr-FR\",\"publisher\":{\"@id\":\"https:\\\/\\\/chnprints.com\\\/fr\\\/#organization\"}}]}\n\t\t<\/script>\n\t\t<!-- All in One SEO Pro -->\r\n\t\t<title>Politique de confidentialit\u00e9 - Letterpress &amp; Foil Printing and Design | ChnPrint Studio<\/title>\n\n","aioseo_head_json":{"title":"Politique de confidentialit\u00e9 - Letterpress & Foil Printing and Design | ChnPrint Studio","description":"Politique de confidentialit\u00e9 D\u00e9claration de politique de confidentialit\u00e9 Chez ChnPrintStudio, nous tenons en haute estime la confiance que nos clients nous accordent lorsqu\u2019ils divulguent leurs donn\u00e9es priv\u00e9es. Cette d\u00e9claration de politique de confidentialit\u00e9 vise \u00e0 clarifier la mani\u00e8re dont nous recueillons, utilisons et prot\u00e9geons les informations personnelles que vous fournissez lorsque vous interagissez avec notre","canonical_url":"https:\/\/chnprints.com\/fr\/politique-de-confidentialite\/","robots":"max-image-preview:large","keywords":"","webmasterTools":{"google-site-verification":"bCWEURESkI9sJaMHczw2gqISKxNjR6Mf9fHT_9LSu3M","miscellaneous":""},"schema":{"@context":"https:\/\/schema.org","@graph":[{"@type":"BreadcrumbList","@id":"https:\/\/chnprints.com\/fr\/politique-de-confidentialite\/#breadcrumblist","itemListElement":[{"@type":"ListItem","@id":"https:\/\/chnprints.com\/fr\/politique-de-confidentialite\/#listItem","position":1,"name":"Politique de confidentialit\u00e9"}]},{"@type":"Organization","@id":"https:\/\/chnprints.com\/fr\/#organization","name":"ChnPrintStudio Letterpress & Foil Printing and Design | Order Online Letterpress &amp; Foil Printing and Design | Order Online","description":"ChnPrintStudio","url":"https:\/\/chnprints.com\/fr\/","logo":{"@type":"ImageObject","url":"https:\/\/chnprints.com\/wp-content\/uploads\/2024\/10\/weblogo.jpg?wsr","@id":"https:\/\/chnprints.com\/fr\/politique-de-confidentialite\/#organizationLogo","width":112,"height":112},"image":{"@id":"https:\/\/chnprints.com\/fr\/politique-de-confidentialite\/#organizationLogo"},"sameAs":["https:\/\/www.instagram.com\/chnprintstudio\/","https:\/\/www.tiktok.com\/@chnprintstudio","https:\/\/www.pinterest.com\/ChnPrintStudio\/"]},{"@type":"WebPage","@id":"https:\/\/chnprints.com\/fr\/politique-de-confidentialite\/#webpage","url":"https:\/\/chnprints.com\/fr\/politique-de-confidentialite\/","name":"Politique de confidentialit\u00e9 - Letterpress & Foil Printing and Design | ChnPrint Studio","description":"Politique de confidentialit\u00e9 D\u00e9claration de politique de confidentialit\u00e9 Chez ChnPrintStudio, nous tenons en haute estime la confiance que nos clients nous accordent lorsqu\u2019ils divulguent leurs donn\u00e9es priv\u00e9es. Cette d\u00e9claration de politique de confidentialit\u00e9 vise \u00e0 clarifier la mani\u00e8re dont nous recueillons, utilisons et prot\u00e9geons les informations personnelles que vous fournissez lorsque vous interagissez avec notre","inLanguage":"fr-FR","isPartOf":{"@id":"https:\/\/chnprints.com\/fr\/#website"},"breadcrumb":{"@id":"https:\/\/chnprints.com\/fr\/politique-de-confidentialite\/#breadcrumblist"},"datePublished":"2024-09-29T14:07:41+08:00","dateModified":"2024-10-20T23:40:23+08:00"},{"@type":"WebSite","@id":"https:\/\/chnprints.com\/fr\/#website","url":"https:\/\/chnprints.com\/fr\/","name":"ChnPrintStudio","alternateName":"Luxury Business Card Printing | Order Online","description":"Letterpress & Foil Printing and Design | Order Online","inLanguage":"fr-FR","publisher":{"@id":"https:\/\/chnprints.com\/fr\/#organization"}}]},"og:locale":"fr_FR","og:site_name":"ChnPrintStudio - Impression et conception typographiques et sur feuille | Commandez en ligne","og:type":"article","og:title":"Politique de confidentialit\u00e9 - Letterpress &amp; Foil Printing and Design | ChnPrint Studio","og:description":"Politique de confidentialit\u00e9 D\u00e9claration de politique de confidentialit\u00e9 Chez ChnPrintStudio, nous tenons en haute estime la confiance que nos clients nous accordent lorsqu\u2019ils divulguent leurs donn\u00e9es priv\u00e9es. Cette d\u00e9claration de politique de confidentialit\u00e9 vise \u00e0 clarifier la mani\u00e8re dont nous recueillons, utilisons et prot\u00e9geons les informations personnelles que vous fournissez lorsque vous interagissez avec notre","og:url":"https:\/\/chnprints.com\/fr\/politique-de-confidentialite\/","article:published_time":"2024-09-29T06:07:41+00:00","article:modified_time":"2024-10-20T15:40:23+00:00","twitter:card":"summary_large_image","twitter:title":"Politique de confidentialit\u00e9 - Letterpress &amp; Foil Printing and Design | ChnPrint Studio","twitter:description":"Politique de confidentialit\u00e9 D\u00e9claration de politique de confidentialit\u00e9 Chez ChnPrintStudio, nous tenons en haute estime la confiance que nos clients nous accordent lorsqu\u2019ils divulguent leurs donn\u00e9es priv\u00e9es. Cette d\u00e9claration de politique de confidentialit\u00e9 vise \u00e0 clarifier la mani\u00e8re dont nous recueillons, utilisons et prot\u00e9geons les informations personnelles que vous fournissez lorsque vous interagissez avec notre"},"aioseo_meta_data":{"post_id":"3507","title":null,"description":null,"keywords":null,"keyphrases":null,"primary_term":null,"canonical_url":null,"og_title":null,"og_description":null,"og_object_type":"default","og_image_type":"default","og_image_url":null,"og_image_width":null,"og_image_height":null,"og_image_custom_url":null,"og_image_custom_fields":null,"og_video":"","og_custom_url":null,"og_article_section":null,"og_article_tags":null,"twitter_use_og":false,"twitter_card":"default","twitter_image_type":"default","twitter_image_url":null,"twitter_image_custom_url":null,"twitter_image_custom_fields":null,"twitter_title":null,"twitter_description":null,"schema":{"blockGraphs":[],"customGraphs":[],"default":{"data":{"Article":[],"Course":[],"Dataset":[],"FAQPage":[],"Movie":[],"Person":[],"Product":[],"ProductReview":[],"Car":[],"Recipe":[],"Service":[],"SoftwareApplication":[],"WebPage":[]},"graphName":"","isEnabled":true},"graphs":[]},"schema_type":"default","schema_type_options":null,"pillar_content":false,"robots_default":true,"robots_noindex":false,"robots_noarchive":false,"robots_nosnippet":false,"robots_nofollow":false,"robots_noimageindex":false,"robots_noodp":false,"robots_notranslate":false,"robots_max_snippet":"-1","robots_max_videopreview":"-1","robots_max_imagepreview":"large","priority":null,"frequency":"default","local_seo":null,"seo_analyzer_scan_date":"2026-02-09 17:43:09","breadcrumb_settings":null,"limit_modified_date":false,"ai":null,"created":"2024-10-20 00:14:03","updated":"2026-02-09 21:34:41"},"aioseo_breadcrumb":"<div class=\"aioseo-breadcrumbs\"><span class=\"aioseo-breadcrumb\">\n\tPolitique de confidentialit\u00e9\n<\/span><\/div>","aioseo_breadcrumb_json":[{"label":"Politique de confidentialit\u00e9","link":"https:\/\/chnprints.com\/fr\/politique-de-confidentialite\/"}],"_links":{"self":[{"href":"https:\/\/chnprints.com\/fr\/wp-json\/wp\/v2\/pages\/3507","targetHints":{"allow":["GET"]}}],"collection":[{"href":"https:\/\/chnprints.com\/fr\/wp-json\/wp\/v2\/pages"}],"about":[{"href":"https:\/\/chnprints.com\/fr\/wp-json\/wp\/v2\/types\/page"}],"author":[{"embeddable":true,"href":"https:\/\/chnprints.com\/fr\/wp-json\/wp\/v2\/users\/1"}],"replies":[{"embeddable":true,"href":"https:\/\/chnprints.com\/fr\/wp-json\/wp\/v2\/comments?post=3507"}],"version-history":[{"count":0,"href":"https:\/\/chnprints.com\/fr\/wp-json\/wp\/v2\/pages\/3507\/revisions"}],"wp:attachment":[{"href":"https:\/\/chnprints.com\/fr\/wp-json\/wp\/v2\/media?parent=3507"}],"curies":[{"name":"wp","href":"https:\/\/api.w.org\/{rel}","templated":true}]}}