{"id":3503,"date":"2024-09-29T14:54:55","date_gmt":"2024-09-29T06:54:55","guid":{"rendered":"https:\/\/chnprints.com\/refund-policy\/"},"modified":"2024-10-20T23:39:57","modified_gmt":"2024-10-20T15:39:57","slug":"politique-de-remboursement","status":"publish","type":"page","link":"https:\/\/chnprints.com\/fr\/politique-de-remboursement\/","title":{"rendered":"Politique de remboursement"},"content":{"rendered":"\t\t<div data-elementor-type=\"wp-page\" data-elementor-id=\"3503\" class=\"elementor elementor-3503 elementor-1246\" data-elementor-post-type=\"page\">\n\t\t\t\t<div class=\"elementor-element elementor-element-5aacb77 e-flex e-con-boxed e-con e-parent\" data-id=\"5aacb77\" data-element_type=\"container\" data-e-type=\"container\">\n\t\t\t\t\t<div class=\"e-con-inner\">\n\t\t\t\t<div class=\"elementor-element elementor-element-94e4cc5 elementor-widget elementor-widget-heading\" data-id=\"94e4cc5\" data-element_type=\"widget\" data-e-type=\"widget\" data-widget_type=\"heading.default\">\n\t\t\t\t\t<h1 class=\"elementor-heading-title elementor-size-default\">Politique de remboursement<\/h1>\t\t\t\t<\/div>\n\t\t\t\t<div class=\"elementor-element elementor-element-1177430 color-scheme-inherit text-left elementor-widget elementor-widget-text-editor\" data-id=\"1177430\" data-element_type=\"widget\" data-e-type=\"widget\" data-widget_type=\"text-editor.default\">\n\t\t\t\t\t\t\t\t\t<h5><strong>Retourne<\/strong><\/h5>\n<div>\n<p>Vous pouvez annuler votre commande dans les 12 heures suivant l\u2019achat.\nCependant, nous ne pouvons pas offrir de remboursement pour les commandes urgentes une fois qu\u2019elles ont \u00e9t\u00e9 envoy\u00e9es \u00e0 l\u2019impression. <br><br><\/p><\/div>\n<h5><strong>Nous N\u2019ACCEPTONS PAS LES RETOURS D\u2019ARTICLES IMPRIM\u00c9S SUR MESURE.<\/strong>&nbsp;<\/h5>\n<p><\/p>\n<p>Par cons\u00e9quent, veuillez examiner attentivement la liste d\u2019approbation avant de confirmer l\u2019impression.<\/p>\n<div>Si vous avez command\u00e9 un article sans personnalisation, vous pouvez le retourner dans les 30 jours.<\/div>\n<div>&nbsp;<\/div>\n<div>Notre politique de retour dure 30 jours.\nSi plus de 30 jours se sont \u00e9coul\u00e9s depuis votre achat, nous regrettons de ne pas pouvoir vous rembourser ou \u00e9changer. <\/div>\n<div>&nbsp;<\/div>\n<div>&nbsp;<\/div>\n<div>\n<h5>Articles qui ne peuvent pas \u00eatre retourn\u00e9s :<\/h5>\n<ul>\n<li>Cartes-cadeaux<\/li>\n<li>Produits num\u00e9riques t\u00e9l\u00e9chargeables et personnalis\u00e9s<\/li>\n<li>Commandes personnalis\u00e9es ou personnalis\u00e9es\n<\/li>\n<\/ul>\n<h5>Dans certains cas, seuls des remboursements partiels sont accord\u00e9s :<\/h5>\n<ul>\n<li>Si un produit pr\u00e9sente des signes \u00e9vidents d\u2019utilisation<\/li>\n<li>Si un article n\u2019est pas dans son \u00e9tat d\u2019origine, est endommag\u00e9 ou a des pi\u00e8ces manquantes pour des raisons ind\u00e9pendantes de notre volont\u00e9<\/li>\n<li>Si un article est retourn\u00e9 plus de 30 jours apr\u00e8s la livraison\n<\/li>\n<\/ul>\n<h5><strong>Restitutions<\/strong><\/h5>\n<p><strong>AUCUN \u00c9CHANGE NI REMBOURSEMENT SUR LES ARTICLES IMPRIM\u00c9S SUR MESURE<\/strong>.\nExaminez attentivement la liste d\u2019approbation avant de confirmer l\u2019impression. <\/p>\n<p>Les articles num\u00e9riques ne peuvent pas \u00eatre rembours\u00e9s.<\/p>\n<p>Lorsque nous recevrons votre article retourn\u00e9, nous l\u2019inspecterons et vous informerons de l\u2019approbation ou du rejet de votre remboursement.<\/p>\n<p>Si votre remboursement est approuv\u00e9, nous le traiterons et le cr\u00e9dit sera automatiquement appliqu\u00e9 \u00e0 votre mode de paiement initial dans les jours qui suivent.<\/p>\n<p>Si votre remboursement est en retard ou manquant, veuillez v\u00e9rifier votre compte bancaire, contacter la soci\u00e9t\u00e9 de votre carte de cr\u00e9dit et v\u00e9rifier aupr\u00e8s de votre banque.\nSi vous avez fait tout cela et que vous n\u2019avez toujours pas re\u00e7u votre remboursement, contactez-nous \u00e0 hello@chnprints.com <br><br><\/p>\n<h5><strong>\u00c9changes d\u2019articles d\u00e9fectueux<\/strong><\/h5>\n<p>Nous ne rempla\u00e7ons que les articles d\u00e9fectueux ou endommag\u00e9s.\nDes preuves photographiques des articles ou de l\u2019emballage d\u00e9fectueux sont obligatoires.\nSi vous avez besoin d\u2019\u00e9changer un article, envoyez-nous un courriel \u00e0 hello@chnprints.com  <\/p>\n<\/div>\t\t\t\t\t\t\t\t<\/div>\n\t\t\t\t\t<\/div>\n\t\t\t\t<\/div>\n\t\t<div class=\"elementor-element elementor-element-acc4ce7 e-flex e-con-boxed e-con e-parent\" data-id=\"acc4ce7\" data-element_type=\"container\" data-e-type=\"container\">\n\t\t\t\t\t<div class=\"e-con-inner\">\n\t\t\t\t\t<\/div>\n\t\t\t\t<\/div>\n\t\t\t\t<\/div>\n\t\t","protected":false},"excerpt":{"rendered":"<p>Politique de remboursement Retourne Vous pouvez annuler votre commande dans les 12 heures suivant l\u2019achat. Cependant, nous ne pouvons pas<\/p>\n","protected":false},"author":1,"featured_media":0,"parent":0,"menu_order":0,"comment_status":"closed","ping_status":"closed","template":"","meta":{"_acf_changed":false,"footnotes":""},"class_list":["post-3503","page","type-page","status-publish","hentry"],"acf":[],"aioseo_notices":[],"aioseo_head":"\n\t\t<!-- All in One SEO Pro 4.9.0 - aioseo.com -->\n\t<meta name=\"description\" content=\"En savoir plus sur la politique de remboursement de ChnPrintStudio pour les produits d\u2019impression personnalis\u00e9s. Nous nous effor\u00e7ons d\u2019assurer votre satisfaction avec nos services d\u2019impression. D\u00e9couvrez comment nous g\u00e9rons les retours, les \u00e9changes et les remboursements.\" \/>\n\t<meta name=\"robots\" content=\"max-image-preview:large\" \/>\n\t<meta name=\"google-site-verification\" content=\"bCWEURESkI9sJaMHczw2gqISKxNjR6Mf9fHT_9LSu3M\" \/>\n\t<link rel=\"canonical\" href=\"https:\/\/chnprints.com\/fr\/politique-de-remboursement\/\" \/>\n\t<meta name=\"generator\" content=\"All in One SEO Pro (AIOSEO) 4.9.0\" \/>\n\t\t<meta property=\"og:locale\" content=\"fr_FR\" \/>\n\t\t<meta property=\"og:site_name\" content=\"ChnPrintStudio - Impression et conception typographiques et sur feuille | Commandez en ligne\" \/>\n\t\t<meta property=\"og:type\" content=\"article\" \/>\n\t\t<meta property=\"og:title\" content=\"Politique de remboursement - Letterpress &amp; Foil Printing and Design | ChnPrint Studio\" \/>\n\t\t<meta property=\"og:description\" content=\"En savoir plus sur la politique de remboursement de ChnPrintStudio pour les produits d\u2019impression personnalis\u00e9s. Nous nous effor\u00e7ons d\u2019assurer votre satisfaction avec nos services d\u2019impression. D\u00e9couvrez comment nous g\u00e9rons les retours, les \u00e9changes et les remboursements.\" \/>\n\t\t<meta property=\"og:url\" content=\"https:\/\/chnprints.com\/fr\/politique-de-remboursement\/\" \/>\n\t\t<meta property=\"article:published_time\" content=\"2024-09-29T06:54:55+00:00\" \/>\n\t\t<meta property=\"article:modified_time\" content=\"2024-10-20T15:39:57+00:00\" \/>\n\t\t<meta name=\"twitter:card\" content=\"summary_large_image\" \/>\n\t\t<meta name=\"twitter:title\" content=\"Politique de remboursement - Letterpress &amp; Foil Printing and Design | ChnPrint Studio\" \/>\n\t\t<meta name=\"twitter:description\" content=\"En savoir plus sur la politique de remboursement de ChnPrintStudio pour les produits d\u2019impression personnalis\u00e9s. Nous nous effor\u00e7ons d\u2019assurer votre satisfaction avec nos services d\u2019impression. D\u00e9couvrez comment nous g\u00e9rons les retours, les \u00e9changes et les remboursements.\" \/>\n\t\t<script type=\"application\/ld+json\" class=\"aioseo-schema\">\n\t\t\t{\"@context\":\"https:\\\/\\\/schema.org\",\"@graph\":[{\"@type\":\"BreadcrumbList\",\"@id\":\"https:\\\/\\\/chnprints.com\\\/fr\\\/politique-de-remboursement\\\/#breadcrumblist\",\"itemListElement\":[{\"@type\":\"ListItem\",\"@id\":\"https:\\\/\\\/chnprints.com\\\/fr\\\/politique-de-remboursement\\\/#listItem\",\"position\":1,\"name\":\"Politique de remboursement\"}]},{\"@type\":\"Organization\",\"@id\":\"https:\\\/\\\/chnprints.com\\\/fr\\\/#organization\",\"name\":\"ChnPrintStudio Letterpress & Foil Printing and Design | Order Online Letterpress &amp; Foil Printing and Design | Order Online\",\"description\":\"ChnPrintStudio\",\"url\":\"https:\\\/\\\/chnprints.com\\\/fr\\\/\",\"logo\":{\"@type\":\"ImageObject\",\"url\":\"https:\\\/\\\/chnprints.com\\\/wp-content\\\/uploads\\\/2024\\\/10\\\/weblogo.jpg?wsr\",\"@id\":\"https:\\\/\\\/chnprints.com\\\/fr\\\/politique-de-remboursement\\\/#organizationLogo\",\"width\":112,\"height\":112},\"image\":{\"@id\":\"https:\\\/\\\/chnprints.com\\\/fr\\\/politique-de-remboursement\\\/#organizationLogo\"},\"sameAs\":[\"https:\\\/\\\/www.instagram.com\\\/chnprintstudio\\\/\",\"https:\\\/\\\/www.tiktok.com\\\/@chnprintstudio\",\"https:\\\/\\\/www.pinterest.com\\\/ChnPrintStudio\\\/\"]},{\"@type\":\"WebPage\",\"@id\":\"https:\\\/\\\/chnprints.com\\\/fr\\\/politique-de-remboursement\\\/#webpage\",\"url\":\"https:\\\/\\\/chnprints.com\\\/fr\\\/politique-de-remboursement\\\/\",\"name\":\"Politique de remboursement - Letterpress & Foil Printing and Design | ChnPrint Studio\",\"description\":\"En savoir plus sur la politique de remboursement de ChnPrintStudio pour les produits d\\u2019impression personnalis\\u00e9s. Nous nous effor\\u00e7ons d\\u2019assurer votre satisfaction avec nos services d\\u2019impression. D\\u00e9couvrez comment nous g\\u00e9rons les retours, les \\u00e9changes et les remboursements.\",\"inLanguage\":\"fr-FR\",\"isPartOf\":{\"@id\":\"https:\\\/\\\/chnprints.com\\\/fr\\\/#website\"},\"breadcrumb\":{\"@id\":\"https:\\\/\\\/chnprints.com\\\/fr\\\/politique-de-remboursement\\\/#breadcrumblist\"},\"datePublished\":\"2024-09-29T14:54:55+08:00\",\"dateModified\":\"2024-10-20T23:39:57+08:00\"},{\"@type\":\"WebSite\",\"@id\":\"https:\\\/\\\/chnprints.com\\\/fr\\\/#website\",\"url\":\"https:\\\/\\\/chnprints.com\\\/fr\\\/\",\"name\":\"ChnPrintStudio\",\"alternateName\":\"Luxury Business Card Printing | Order Online\",\"description\":\"Letterpress & Foil Printing and Design | Order Online\",\"inLanguage\":\"fr-FR\",\"publisher\":{\"@id\":\"https:\\\/\\\/chnprints.com\\\/fr\\\/#organization\"}}]}\n\t\t<\/script>\n\t\t<!-- All in One SEO Pro -->\r\n\t\t<title>Politique de remboursement - Letterpress &amp; Foil Printing and Design | ChnPrint Studio<\/title>\n\n","aioseo_head_json":{"title":"Politique de remboursement - Letterpress & Foil Printing and Design | ChnPrint Studio","description":"En savoir plus sur la politique de remboursement de ChnPrintStudio pour les produits d\u2019impression personnalis\u00e9s. Nous nous effor\u00e7ons d\u2019assurer votre satisfaction avec nos services d\u2019impression. D\u00e9couvrez comment nous g\u00e9rons les retours, les \u00e9changes et les remboursements.","canonical_url":"https:\/\/chnprints.com\/fr\/politique-de-remboursement\/","robots":"max-image-preview:large","keywords":"","webmasterTools":{"google-site-verification":"bCWEURESkI9sJaMHczw2gqISKxNjR6Mf9fHT_9LSu3M","miscellaneous":""},"schema":{"@context":"https:\/\/schema.org","@graph":[{"@type":"BreadcrumbList","@id":"https:\/\/chnprints.com\/fr\/politique-de-remboursement\/#breadcrumblist","itemListElement":[{"@type":"ListItem","@id":"https:\/\/chnprints.com\/fr\/politique-de-remboursement\/#listItem","position":1,"name":"Politique de remboursement"}]},{"@type":"Organization","@id":"https:\/\/chnprints.com\/fr\/#organization","name":"ChnPrintStudio Letterpress & Foil Printing and Design | Order Online Letterpress &amp; Foil Printing and Design | Order Online","description":"ChnPrintStudio","url":"https:\/\/chnprints.com\/fr\/","logo":{"@type":"ImageObject","url":"https:\/\/chnprints.com\/wp-content\/uploads\/2024\/10\/weblogo.jpg?wsr","@id":"https:\/\/chnprints.com\/fr\/politique-de-remboursement\/#organizationLogo","width":112,"height":112},"image":{"@id":"https:\/\/chnprints.com\/fr\/politique-de-remboursement\/#organizationLogo"},"sameAs":["https:\/\/www.instagram.com\/chnprintstudio\/","https:\/\/www.tiktok.com\/@chnprintstudio","https:\/\/www.pinterest.com\/ChnPrintStudio\/"]},{"@type":"WebPage","@id":"https:\/\/chnprints.com\/fr\/politique-de-remboursement\/#webpage","url":"https:\/\/chnprints.com\/fr\/politique-de-remboursement\/","name":"Politique de remboursement - Letterpress & Foil Printing and Design | ChnPrint Studio","description":"En savoir plus sur la politique de remboursement de ChnPrintStudio pour les produits d\u2019impression personnalis\u00e9s. Nous nous effor\u00e7ons d\u2019assurer votre satisfaction avec nos services d\u2019impression. D\u00e9couvrez comment nous g\u00e9rons les retours, les \u00e9changes et les remboursements.","inLanguage":"fr-FR","isPartOf":{"@id":"https:\/\/chnprints.com\/fr\/#website"},"breadcrumb":{"@id":"https:\/\/chnprints.com\/fr\/politique-de-remboursement\/#breadcrumblist"},"datePublished":"2024-09-29T14:54:55+08:00","dateModified":"2024-10-20T23:39:57+08:00"},{"@type":"WebSite","@id":"https:\/\/chnprints.com\/fr\/#website","url":"https:\/\/chnprints.com\/fr\/","name":"ChnPrintStudio","alternateName":"Luxury Business Card Printing | Order Online","description":"Letterpress & Foil Printing and Design | Order Online","inLanguage":"fr-FR","publisher":{"@id":"https:\/\/chnprints.com\/fr\/#organization"}}]},"og:locale":"fr_FR","og:site_name":"ChnPrintStudio - Impression et conception typographiques et sur feuille | Commandez en ligne","og:type":"article","og:title":"Politique de remboursement - Letterpress &amp; Foil Printing and Design | ChnPrint Studio","og:description":"En savoir plus sur la politique de remboursement de ChnPrintStudio pour les produits d\u2019impression personnalis\u00e9s. Nous nous effor\u00e7ons d\u2019assurer votre satisfaction avec nos services d\u2019impression. D\u00e9couvrez comment nous g\u00e9rons les retours, les \u00e9changes et les remboursements.","og:url":"https:\/\/chnprints.com\/fr\/politique-de-remboursement\/","article:published_time":"2024-09-29T06:54:55+00:00","article:modified_time":"2024-10-20T15:39:57+00:00","twitter:card":"summary_large_image","twitter:title":"Politique de remboursement - Letterpress &amp; Foil Printing and Design | ChnPrint Studio","twitter:description":"En savoir plus sur la politique de remboursement de ChnPrintStudio pour les produits d\u2019impression personnalis\u00e9s. Nous nous effor\u00e7ons d\u2019assurer votre satisfaction avec nos services d\u2019impression. D\u00e9couvrez comment nous g\u00e9rons les retours, les \u00e9changes et les remboursements."},"aioseo_meta_data":{"post_id":"3503","title":null,"description":"En savoir plus sur la politique de remboursement de ChnPrintStudio pour les produits d\u2019impression personnalis\u00e9s. Nous nous effor\u00e7ons d\u2019assurer votre satisfaction avec nos services d\u2019impression. D\u00e9couvrez comment nous g\u00e9rons les retours, les \u00e9changes et les remboursements.","keywords":null,"keyphrases":{"focus":{"keyphrase":"Custom Printing Refunds","score":38,"analysis":{"keyphraseInTitle":{"score":3,"maxScore":9,"error":1},"keyphraseInDescription":{"score":3,"maxScore":9,"error":1},"keyphraseLength":{"score":9,"maxScore":9,"error":0,"length":3},"keyphraseInURL":{"score":1,"maxScore":5,"error":1},"keyphraseInIntroduction":{"score":3,"maxScore":9,"error":1},"keyphraseInSubHeadings":[],"keyphraseInImageAlt":[],"keywordDensity":{"score":0,"type":"low","maxScore":9,"error":1}}},"additional":[{"keyphrase":"Printing Services Guarantee","score":42,"analysis":{"keyphraseInDescription":{"score":3,"maxScore":9,"error":1},"keyphraseLength":{"score":9,"maxScore":9,"error":0,"length":3},"keyphraseInIntroduction":{"score":3,"maxScore":9,"error":1},"keyphraseInImageAlt":[],"keywordDensity":{"score":0,"type":"low","maxScore":9,"error":1}}}]},"primary_term":null,"canonical_url":null,"og_title":null,"og_description":null,"og_object_type":"default","og_image_type":"default","og_image_url":null,"og_image_width":null,"og_image_height":null,"og_image_custom_url":null,"og_image_custom_fields":null,"og_video":"","og_custom_url":null,"og_article_section":null,"og_article_tags":null,"twitter_use_og":false,"twitter_card":"default","twitter_image_type":"default","twitter_image_url":null,"twitter_image_custom_url":null,"twitter_image_custom_fields":null,"twitter_title":null,"twitter_description":null,"schema":{"blockGraphs":[],"customGraphs":[],"default":{"data":{"Article":[],"Course":[],"Dataset":[],"FAQPage":[],"Movie":[],"Person":[],"Product":[],"ProductReview":[],"Car":[],"Recipe":[],"Service":[],"SoftwareApplication":[],"WebPage":[]},"graphName":"WebPage","isEnabled":true},"graphs":[]},"schema_type":"default","schema_type_options":null,"pillar_content":false,"robots_default":true,"robots_noindex":false,"robots_noarchive":false,"robots_nosnippet":false,"robots_nofollow":false,"robots_noimageindex":false,"robots_noodp":false,"robots_notranslate":false,"robots_max_snippet":"-1","robots_max_videopreview":"-1","robots_max_imagepreview":"large","priority":null,"frequency":"default","local_seo":null,"seo_analyzer_scan_date":"2026-02-09 16:52:36","breadcrumb_settings":null,"limit_modified_date":false,"ai":null,"created":"2024-10-20 00:14:03","updated":"2026-02-09 21:33:28"},"aioseo_breadcrumb":"<div class=\"aioseo-breadcrumbs\"><span class=\"aioseo-breadcrumb\">\n\tPolitique de remboursement\n<\/span><\/div>","aioseo_breadcrumb_json":[{"label":"Politique de remboursement","link":"https:\/\/chnprints.com\/fr\/politique-de-remboursement\/"}],"_links":{"self":[{"href":"https:\/\/chnprints.com\/fr\/wp-json\/wp\/v2\/pages\/3503","targetHints":{"allow":["GET"]}}],"collection":[{"href":"https:\/\/chnprints.com\/fr\/wp-json\/wp\/v2\/pages"}],"about":[{"href":"https:\/\/chnprints.com\/fr\/wp-json\/wp\/v2\/types\/page"}],"author":[{"embeddable":true,"href":"https:\/\/chnprints.com\/fr\/wp-json\/wp\/v2\/users\/1"}],"replies":[{"embeddable":true,"href":"https:\/\/chnprints.com\/fr\/wp-json\/wp\/v2\/comments?post=3503"}],"version-history":[{"count":0,"href":"https:\/\/chnprints.com\/fr\/wp-json\/wp\/v2\/pages\/3503\/revisions"}],"wp:attachment":[{"href":"https:\/\/chnprints.com\/fr\/wp-json\/wp\/v2\/media?parent=3503"}],"curies":[{"name":"wp","href":"https:\/\/api.w.org\/{rel}","templated":true}]}}