{"id":2428,"date":"2024-10-01T06:47:03","date_gmt":"2024-09-30T22:47:03","guid":{"rendered":"https:\/\/chnprints.com\/validation\/"},"modified":"2024-10-20T23:40:42","modified_gmt":"2024-10-20T15:40:42","slug":"caisse-2","status":"publish","type":"page","link":"https:\/\/chnprints.com\/fr\/caisse-2\/","title":{"rendered":"Caisse"},"content":{"rendered":"<div class=\"woocommerce\"><\/div>\n","protected":false},"excerpt":{"rendered":"","protected":false},"author":1,"featured_media":0,"parent":0,"menu_order":0,"comment_status":"closed","ping_status":"closed","template":"","meta":{"_acf_changed":false,"footnotes":""},"class_list":["post-2428","page","type-page","status-publish","hentry"],"acf":[],"aioseo_notices":[],"aioseo_head":"\n\t\t<!-- All in One SEO Pro 4.9.0 - aioseo.com -->\n\t<meta name=\"description\" content=\"Finalisez votre achat de produits d\u2019impression personnalis\u00e9s chez ChnPrintStudio. Paiement s\u00e9curis\u00e9 pour les cartes de visite, les cartes de mariage, les autocollants, etc.\" \/>\n\t<meta name=\"robots\" content=\"max-image-preview:large\" \/>\n\t<meta name=\"google-site-verification\" content=\"bCWEURESkI9sJaMHczw2gqISKxNjR6Mf9fHT_9LSu3M\" \/>\n\t<link rel=\"canonical\" href=\"https:\/\/chnprints.com\/fr\/caisse-2\/\" \/>\n\t<meta name=\"generator\" content=\"All in One SEO Pro (AIOSEO) 4.9.0\" \/>\n\t\t<meta property=\"og:locale\" content=\"fr_FR\" \/>\n\t\t<meta property=\"og:site_name\" content=\"ChnPrintStudio - Impression et conception typographiques et sur feuille | Commandez en ligne\" \/>\n\t\t<meta property=\"og:type\" content=\"article\" \/>\n\t\t<meta property=\"og:title\" content=\"Caisse - Letterpress &amp; Foil Printing and Design | ChnPrint Studio\" \/>\n\t\t<meta property=\"og:description\" content=\"Finalisez votre achat de produits d\u2019impression personnalis\u00e9s chez ChnPrintStudio. Paiement s\u00e9curis\u00e9 pour les cartes de visite, les cartes de mariage, les autocollants, etc.\" \/>\n\t\t<meta property=\"og:url\" content=\"https:\/\/chnprints.com\/fr\/caisse-2\/\" \/>\n\t\t<meta property=\"article:published_time\" content=\"2024-09-30T22:47:03+00:00\" \/>\n\t\t<meta property=\"article:modified_time\" content=\"2024-10-20T15:40:42+00:00\" \/>\n\t\t<meta name=\"twitter:card\" content=\"summary_large_image\" \/>\n\t\t<meta name=\"twitter:title\" content=\"Caisse - Letterpress &amp; Foil Printing and Design | ChnPrint Studio\" \/>\n\t\t<meta name=\"twitter:description\" content=\"Finalisez votre achat de produits d\u2019impression personnalis\u00e9s chez ChnPrintStudio. Paiement s\u00e9curis\u00e9 pour les cartes de visite, les cartes de mariage, les autocollants, etc.\" \/>\n\t\t<script type=\"application\/ld+json\" class=\"aioseo-schema\">\n\t\t\t{\"@context\":\"https:\\\/\\\/schema.org\",\"@graph\":[{\"@type\":\"BreadcrumbList\",\"@id\":\"https:\\\/\\\/chnprints.com\\\/fr\\\/caisse-2\\\/#breadcrumblist\",\"itemListElement\":[{\"@type\":\"ListItem\",\"@id\":\"https:\\\/\\\/chnprints.com\\\/fr\\\/caisse-2\\\/#listItem\",\"position\":1,\"name\":\"Caisse\"}]},{\"@type\":\"Organization\",\"@id\":\"https:\\\/\\\/chnprints.com\\\/fr\\\/#organization\",\"name\":\"ChnPrintStudio Letterpress & Foil Printing and Design | Order Online Letterpress &amp; Foil Printing and Design | Order Online\",\"description\":\"ChnPrintStudio\",\"url\":\"https:\\\/\\\/chnprints.com\\\/fr\\\/\",\"logo\":{\"@type\":\"ImageObject\",\"url\":\"https:\\\/\\\/chnprints.com\\\/wp-content\\\/uploads\\\/2024\\\/10\\\/weblogo.jpg?wsr\",\"@id\":\"https:\\\/\\\/chnprints.com\\\/fr\\\/caisse-2\\\/#organizationLogo\",\"width\":112,\"height\":112},\"image\":{\"@id\":\"https:\\\/\\\/chnprints.com\\\/fr\\\/caisse-2\\\/#organizationLogo\"},\"sameAs\":[\"https:\\\/\\\/www.instagram.com\\\/chnprintstudio\\\/\",\"https:\\\/\\\/www.tiktok.com\\\/@chnprintstudio\",\"https:\\\/\\\/www.pinterest.com\\\/ChnPrintStudio\\\/\"]},{\"@type\":\"WebPage\",\"@id\":\"https:\\\/\\\/chnprints.com\\\/fr\\\/caisse-2\\\/#webpage\",\"url\":\"https:\\\/\\\/chnprints.com\\\/fr\\\/caisse-2\\\/\",\"name\":\"Caisse - Letterpress & Foil Printing and Design | ChnPrint Studio\",\"description\":\"Finalisez votre achat de produits d\\u2019impression personnalis\\u00e9s chez ChnPrintStudio. Paiement s\\u00e9curis\\u00e9 pour les cartes de visite, les cartes de mariage, les autocollants, etc.\",\"inLanguage\":\"fr-FR\",\"isPartOf\":{\"@id\":\"https:\\\/\\\/chnprints.com\\\/fr\\\/#website\"},\"breadcrumb\":{\"@id\":\"https:\\\/\\\/chnprints.com\\\/fr\\\/caisse-2\\\/#breadcrumblist\"},\"datePublished\":\"2024-10-01T06:47:03+08:00\",\"dateModified\":\"2024-10-20T23:40:42+08:00\"},{\"@type\":\"WebSite\",\"@id\":\"https:\\\/\\\/chnprints.com\\\/fr\\\/#website\",\"url\":\"https:\\\/\\\/chnprints.com\\\/fr\\\/\",\"name\":\"ChnPrintStudio\",\"alternateName\":\"Luxury Business Card Printing | Order Online\",\"description\":\"Letterpress & Foil Printing and Design | Order Online\",\"inLanguage\":\"fr-FR\",\"publisher\":{\"@id\":\"https:\\\/\\\/chnprints.com\\\/fr\\\/#organization\"}}]}\n\t\t<\/script>\n\t\t<!-- All in One SEO Pro -->\r\n\t\t<title>Caisse - Letterpress &amp; Foil Printing and Design | ChnPrint Studio<\/title>\n\n","aioseo_head_json":{"title":"Caisse - Letterpress & Foil Printing and Design | ChnPrint Studio","description":"Finalisez votre achat de produits d\u2019impression personnalis\u00e9s chez ChnPrintStudio. Paiement s\u00e9curis\u00e9 pour les cartes de visite, les cartes de mariage, les autocollants, etc.","canonical_url":"https:\/\/chnprints.com\/fr\/caisse-2\/","robots":"max-image-preview:large","keywords":"","webmasterTools":{"google-site-verification":"bCWEURESkI9sJaMHczw2gqISKxNjR6Mf9fHT_9LSu3M","miscellaneous":""},"schema":{"@context":"https:\/\/schema.org","@graph":[{"@type":"BreadcrumbList","@id":"https:\/\/chnprints.com\/fr\/caisse-2\/#breadcrumblist","itemListElement":[{"@type":"ListItem","@id":"https:\/\/chnprints.com\/fr\/caisse-2\/#listItem","position":1,"name":"Caisse"}]},{"@type":"Organization","@id":"https:\/\/chnprints.com\/fr\/#organization","name":"ChnPrintStudio Letterpress & Foil Printing and Design | Order Online Letterpress &amp; Foil Printing and Design | Order Online","description":"ChnPrintStudio","url":"https:\/\/chnprints.com\/fr\/","logo":{"@type":"ImageObject","url":"https:\/\/chnprints.com\/wp-content\/uploads\/2024\/10\/weblogo.jpg?wsr","@id":"https:\/\/chnprints.com\/fr\/caisse-2\/#organizationLogo","width":112,"height":112},"image":{"@id":"https:\/\/chnprints.com\/fr\/caisse-2\/#organizationLogo"},"sameAs":["https:\/\/www.instagram.com\/chnprintstudio\/","https:\/\/www.tiktok.com\/@chnprintstudio","https:\/\/www.pinterest.com\/ChnPrintStudio\/"]},{"@type":"WebPage","@id":"https:\/\/chnprints.com\/fr\/caisse-2\/#webpage","url":"https:\/\/chnprints.com\/fr\/caisse-2\/","name":"Caisse - Letterpress & Foil Printing and Design | ChnPrint Studio","description":"Finalisez votre achat de produits d\u2019impression personnalis\u00e9s chez ChnPrintStudio. Paiement s\u00e9curis\u00e9 pour les cartes de visite, les cartes de mariage, les autocollants, etc.","inLanguage":"fr-FR","isPartOf":{"@id":"https:\/\/chnprints.com\/fr\/#website"},"breadcrumb":{"@id":"https:\/\/chnprints.com\/fr\/caisse-2\/#breadcrumblist"},"datePublished":"2024-10-01T06:47:03+08:00","dateModified":"2024-10-20T23:40:42+08:00"},{"@type":"WebSite","@id":"https:\/\/chnprints.com\/fr\/#website","url":"https:\/\/chnprints.com\/fr\/","name":"ChnPrintStudio","alternateName":"Luxury Business Card Printing | Order Online","description":"Letterpress & Foil Printing and Design | Order Online","inLanguage":"fr-FR","publisher":{"@id":"https:\/\/chnprints.com\/fr\/#organization"}}]},"og:locale":"fr_FR","og:site_name":"ChnPrintStudio - Impression et conception typographiques et sur feuille | Commandez en ligne","og:type":"article","og:title":"Caisse - Letterpress &amp; Foil Printing and Design | ChnPrint Studio","og:description":"Finalisez votre achat de produits d\u2019impression personnalis\u00e9s chez ChnPrintStudio. Paiement s\u00e9curis\u00e9 pour les cartes de visite, les cartes de mariage, les autocollants, etc.","og:url":"https:\/\/chnprints.com\/fr\/caisse-2\/","article:published_time":"2024-09-30T22:47:03+00:00","article:modified_time":"2024-10-20T15:40:42+00:00","twitter:card":"summary_large_image","twitter:title":"Caisse - Letterpress &amp; Foil Printing and Design | ChnPrint Studio","twitter:description":"Finalisez votre achat de produits d\u2019impression personnalis\u00e9s chez ChnPrintStudio. Paiement s\u00e9curis\u00e9 pour les cartes de visite, les cartes de mariage, les autocollants, etc."},"aioseo_meta_data":{"post_id":"2428","title":null,"description":"Finalisez votre achat de produits d\u2019impression personnalis\u00e9s chez ChnPrintStudio. Paiement s\u00e9curis\u00e9 pour les cartes de visite, les cartes de mariage, les autocollants, etc.","keywords":null,"keyphrases":{"focus":{"keyphrase":"","score":0,"analysis":{"keyphraseInTitle":{"score":0,"maxScore":9,"error":1}}},"additional":[]},"primary_term":null,"canonical_url":null,"og_title":null,"og_description":null,"og_object_type":"default","og_image_type":"default","og_image_url":null,"og_image_width":null,"og_image_height":null,"og_image_custom_url":null,"og_image_custom_fields":null,"og_video":"","og_custom_url":null,"og_article_section":null,"og_article_tags":null,"twitter_use_og":false,"twitter_card":"default","twitter_image_type":"default","twitter_image_url":null,"twitter_image_custom_url":null,"twitter_image_custom_fields":null,"twitter_title":null,"twitter_description":null,"schema":{"blockGraphs":[],"customGraphs":[],"default":{"data":{"Article":[],"Course":[],"Dataset":[],"FAQPage":[],"Movie":[],"Person":[],"Product":[],"ProductReview":[],"Car":[],"Recipe":[],"Service":[],"SoftwareApplication":[],"WebPage":[]},"graphName":"WebPage","isEnabled":true},"graphs":[]},"schema_type":"default","schema_type_options":null,"pillar_content":false,"robots_default":true,"robots_noindex":false,"robots_noarchive":false,"robots_nosnippet":false,"robots_nofollow":false,"robots_noimageindex":false,"robots_noodp":false,"robots_notranslate":false,"robots_max_snippet":"-1","robots_max_videopreview":"-1","robots_max_imagepreview":"large","priority":null,"frequency":"default","local_seo":null,"seo_analyzer_scan_date":"2026-02-09 16:47:34","breadcrumb_settings":null,"limit_modified_date":false,"ai":null,"created":"2024-10-08 13:38:18","updated":"2026-02-09 21:31:07"},"aioseo_breadcrumb":"<div class=\"aioseo-breadcrumbs\"><span class=\"aioseo-breadcrumb\">\n\tCaisse\n<\/span><\/div>","aioseo_breadcrumb_json":[{"label":"Caisse","link":"https:\/\/chnprints.com\/fr\/caisse-2\/"}],"_links":{"self":[{"href":"https:\/\/chnprints.com\/fr\/wp-json\/wp\/v2\/pages\/2428","targetHints":{"allow":["GET"]}}],"collection":[{"href":"https:\/\/chnprints.com\/fr\/wp-json\/wp\/v2\/pages"}],"about":[{"href":"https:\/\/chnprints.com\/fr\/wp-json\/wp\/v2\/types\/page"}],"author":[{"embeddable":true,"href":"https:\/\/chnprints.com\/fr\/wp-json\/wp\/v2\/users\/1"}],"replies":[{"embeddable":true,"href":"https:\/\/chnprints.com\/fr\/wp-json\/wp\/v2\/comments?post=2428"}],"version-history":[{"count":0,"href":"https:\/\/chnprints.com\/fr\/wp-json\/wp\/v2\/pages\/2428\/revisions"}],"wp:attachment":[{"href":"https:\/\/chnprints.com\/fr\/wp-json\/wp\/v2\/media?parent=2428"}],"curies":[{"name":"wp","href":"https:\/\/api.w.org\/{rel}","templated":true}]}}