{"id":2246,"date":"2024-10-03T04:27:49","date_gmt":"2024-10-02T20:27:49","guid":{"rendered":"https:\/\/chnprints.com\/commentaires-et-recompenses\/"},"modified":"2024-10-20T23:42:58","modified_gmt":"2024-10-20T15:42:58","slug":"commentaires-et-recompenses","status":"publish","type":"page","link":"https:\/\/chnprints.com\/fr\/commentaires-et-recompenses\/","title":{"rendered":"Commentaires et r\u00e9compenses"},"content":{"rendered":"\t\t<div data-elementor-type=\"wp-page\" data-elementor-id=\"2246\" class=\"elementor elementor-2246 elementor-2111\" data-elementor-post-type=\"page\">\n\t\t\t\t<div class=\"elementor-element elementor-element-5d73edfe e-flex e-con-boxed e-con e-parent\" data-id=\"5d73edfe\" data-element_type=\"container\" data-e-type=\"container\">\n\t\t\t\t\t<div class=\"e-con-inner\">\n\t\t\t\t\t<\/div>\n\t\t\t\t<\/div>\n\t\t<div class=\"elementor-element elementor-element-5cb1d935 e-con-full wd-section-stretch e-flex e-con e-parent\" data-id=\"5cb1d935\" data-element_type=\"container\" data-e-type=\"container\" data-settings=\"{&quot;background_background&quot;:&quot;classic&quot;}\">\n\t\t\t\t<div class=\"elementor-element elementor-element-3f8025b5 elementor-widget elementor-widget-shortcode\" data-id=\"3f8025b5\" data-element_type=\"widget\" data-e-type=\"widget\" data-widget_type=\"shortcode.default\">\n\t\t\t\t\t\t\t<div class=\"elementor-shortcode\"><\/div>\n\t\t\t\t\t\t<\/div>\n\t\t\t\t<\/div>\n\t\t<div class=\"elementor-element elementor-element-28d25bf0 e-con-full wd-section-stretch e-flex e-con e-parent\" data-id=\"28d25bf0\" data-element_type=\"container\" data-e-type=\"container\">\n\t\t\t\t<div class=\"elementor-element elementor-element-2a5f8b1 elementor-widget elementor-widget-image\" data-id=\"2a5f8b1\" data-element_type=\"widget\" data-e-type=\"widget\" data-widget_type=\"image.default\">\n\t\t\t\t\t\t\t\t\t\t\t\t\t\t\t<img decoding=\"async\" width=\"1920\" height=\"350\" src=\"https:\/\/chnprints.com\/wp-content\/themes\/woodmart\/images\/lazy.svg\" class=\"attachment-full size-full wp-image-2277 wd-lazy-fade\" alt=\"\" srcset=\"\" sizes=\"(max-width: 1920px) 100vw, 1920px\" title=\"business cards print  Impression et conception de cartes de visite | Commandez en ligne\" data-src=\"https:\/\/chnprints.com\/wp-content\/uploads\/2024\/10\/chnprints_banner-print.png\" data-srcset=\"https:\/\/chnprints.com\/wp-content\/uploads\/2024\/10\/chnprints_banner-print.png 1920w, https:\/\/chnprints.com\/wp-content\/uploads\/2024\/10\/chnprints_banner-print-300x55.png 300w, https:\/\/chnprints.com\/wp-content\/uploads\/2024\/10\/chnprints_banner-print-150x27.png 150w, https:\/\/chnprints.com\/wp-content\/uploads\/2024\/10\/chnprints_banner-print-800x146.png 800w, https:\/\/chnprints.com\/wp-content\/uploads\/2024\/10\/chnprints_banner-print-1024x187.png 1024w, https:\/\/chnprints.com\/wp-content\/uploads\/2024\/10\/chnprints_banner-print-768x140.png 768w, https:\/\/chnprints.com\/wp-content\/uploads\/2024\/10\/chnprints_banner-print-1536x280.png 1536w\" \/>\t\t\t\t\t\t\t\t\t\t\t\t\t\t\t<\/div>\n\t\t\t\t<\/div>\n\t\t<div class=\"elementor-element elementor-element-d87ad79 e-flex e-con-boxed e-con e-parent\" data-id=\"d87ad79\" data-element_type=\"container\" data-e-type=\"container\">\n\t\t\t\t\t<div class=\"e-con-inner\">\n\t\t\t\t<div class=\"elementor-element elementor-element-731912e elementor-widget elementor-widget-heading\" data-id=\"731912e\" data-element_type=\"widget\" data-e-type=\"widget\" data-widget_type=\"heading.default\">\n\t\t\t\t\t<h1 class=\"elementor-heading-title elementor-size-default\">Rapports d\u2019erreurs et r\u00e9compenses<\/h1>\t\t\t\t<\/div>\n\t\t\t\t<div class=\"elementor-element elementor-element-d1f280e color-scheme-inherit text-left elementor-widget elementor-widget-text-editor\" data-id=\"d1f280e\" data-element_type=\"widget\" data-e-type=\"widget\" data-widget_type=\"text-editor.default\">\n\t\t\t\t\t\t\t\t\t<p>Merci de nous aider \u00e0 assurer la s\u00e9curit\u00e9 et le bon fonctionnement du site Web&nbsp;!<\/p>\n\t\t\t\t\t\t\t\t<\/div>\n\t\t\t\t<div class=\"elementor-element elementor-element-c01dc3b elementor-widget-divider--view-line elementor-widget elementor-widget-divider\" data-id=\"c01dc3b\" data-element_type=\"widget\" data-e-type=\"widget\" data-widget_type=\"divider.default\">\n\t\t\t\t\t\t\t<div class=\"elementor-divider\">\n\t\t\t<span class=\"elementor-divider-separator\">\n\t\t\t\t\t\t<\/span>\n\t\t<\/div>\n\t\t\t\t\t\t<\/div>\n\t\t\t\t<div class=\"elementor-element elementor-element-cc2dd77 text-center color-scheme-inherit elementor-widget elementor-widget-text-editor\" data-id=\"cc2dd77\" data-element_type=\"widget\" data-e-type=\"widget\" data-widget_type=\"text-editor.default\">\n\t\t\t\t\t\t\t\t\t<p>Nous sommes une petite entreprise chinoise, ax\u00e9e sur la conception et la production de divers types de produits imprim\u00e9s. Bien que nous ayons de l\u2019exp\u00e9rience dans l\u2019impression, nous avons construit et maintenu notre site Web par nous-m\u00eames, \u00e9tape par \u00e9tape, de sorte qu\u2019il peut y avoir quelques probl\u00e8mes multilingues ou autres probl\u00e8mes mineurs en cours de route.<\/p>\n<p>Si vous rencontrez des probl\u00e8mes lors de la navigation sur notre site Web, qu\u2019il s\u2019agisse d\u2019une faille de s\u00e9curit\u00e9, d\u2019une erreur multilingue ou d\u2019un petit probl\u00e8me, nous serions ravis d\u2019avoir de vos nouvelles. Chaque commentaire compte pour nous.<\/p>\t\t\t\t\t\t\t\t<\/div>\n\t\t\t\t<div class=\"elementor-element elementor-element-e762ca3 elementor-widget-divider--view-line elementor-widget elementor-widget-divider\" data-id=\"e762ca3\" data-element_type=\"widget\" data-e-type=\"widget\" data-widget_type=\"divider.default\">\n\t\t\t\t\t\t\t<div class=\"elementor-divider\">\n\t\t\t<span class=\"elementor-divider-separator\">\n\t\t\t\t\t\t<\/span>\n\t\t<\/div>\n\t\t\t\t\t\t<\/div>\n\t\t\t\t<div class=\"elementor-element elementor-element-ced7140 elementor-widget elementor-widget-heading\" data-id=\"ced7140\" data-element_type=\"widget\" data-e-type=\"widget\" data-widget_type=\"heading.default\">\n\t\t\t\t\t<h2 class=\"elementor-heading-title elementor-size-default\">En guise de remerciement, nous vous offrons des r\u00e9compenses suppl\u00e9mentaires !<\/h2>\t\t\t\t<\/div>\n\t\t\t\t<div class=\"elementor-element elementor-element-a424057 text-center color-scheme-inherit elementor-widget elementor-widget-text-editor\" data-id=\"a424057\" data-element_type=\"widget\" data-e-type=\"widget\" data-widget_type=\"text-editor.default\">\n\t\t\t\t\t\t\t\t\t<p>En fonction du nombre de probl\u00e8mes que vous signalez, nous ajouterons 10 \u00e0 20 % de produits suppl\u00e9mentaires \u00e0 votre commande. La valeur totale de la r\u00e9compense ne d\u00e9passera pas 100 $, ce qui est le maximum que nous pouvons offrir.<\/p>\n<p><strong>Si vous avez d\u00e9j\u00e0 pass\u00e9 une commande, assurez-vous de nous contacter avant que nous ne l\u2019exp\u00e9diions afin que nous puissions organiser votre r\u00e9compense !<\/strong><\/p>\n\t\t\t\t\t\t\t\t<\/div>\n\t\t\t\t<div class=\"elementor-element elementor-element-b799d9f text-center color-scheme-inherit elementor-widget elementor-widget-text-editor\" data-id=\"b799d9f\" data-element_type=\"widget\" data-e-type=\"widget\" data-widget_type=\"text-editor.default\">\n\t\t\t\t\t\t\t\t\t<p>\ud83d\udce7 <a href=\"hello@chnprints.com\"><strong>Bonjour<\/strong><strong>@chnprints.com<\/strong><\/a><\/p>\n\t\t\t\t\t\t\t\t<\/div>\n\t\t\t\t<div class=\"elementor-element elementor-element-6ba087e elementor-widget-divider--view-line elementor-widget elementor-widget-divider\" data-id=\"6ba087e\" data-element_type=\"widget\" data-e-type=\"widget\" data-widget_type=\"divider.default\">\n\t\t\t\t\t\t\t<div class=\"elementor-divider\">\n\t\t\t<span class=\"elementor-divider-separator\">\n\t\t\t\t\t\t<\/span>\n\t\t<\/div>\n\t\t\t\t\t\t<\/div>\n\t\t\t\t<div class=\"elementor-element elementor-element-19ca371 elementor-widget elementor-widget-heading\" data-id=\"19ca371\" data-element_type=\"widget\" data-e-type=\"widget\" data-widget_type=\"heading.default\">\n\t\t\t\t\t<h2 class=\"elementor-heading-title elementor-size-default\">Que se passe-t-il ensuite ?<\/h2>\t\t\t\t<\/div>\n\t\t\t\t<div class=\"elementor-element elementor-element-07191c9 text-center color-scheme-inherit elementor-widget elementor-widget-text-editor\" data-id=\"07191c9\" data-element_type=\"widget\" data-e-type=\"widget\" data-widget_type=\"text-editor.default\">\n\t\t\t\t\t\t\t\t\t<li>Nous vous recontacterons imm\u00e9diatement pour confirmer que nous avons re\u00e7u vos commentaires.<\/li>\n \t<li>Nous enqu\u00eaterons et r\u00e9soudrons le probl\u00e8me que vous avez signal\u00e9.<\/li>\n \t<li>Si le probl\u00e8me est valide, nous vous offrirons une r\u00e9compense en fonction de la situation.<\/li>\n<\/ul>\t\t\t\t\t\t\t\t<\/div>\n\t\t\t\t<div class=\"elementor-element elementor-element-ef1db4d elementor-widget-divider--view-line elementor-widget elementor-widget-divider\" data-id=\"ef1db4d\" data-element_type=\"widget\" data-e-type=\"widget\" data-widget_type=\"divider.default\">\n\t\t\t\t\t\t\t<div class=\"elementor-divider\">\n\t\t\t<span class=\"elementor-divider-separator\">\n\t\t\t\t\t\t<\/span>\n\t\t<\/div>\n\t\t\t\t\t\t<\/div>\n\t\t\t\t<div class=\"elementor-element elementor-element-8c93390 elementor-widget elementor-widget-heading\" data-id=\"8c93390\" data-element_type=\"widget\" data-e-type=\"widget\" data-widget_type=\"heading.default\">\n\t\t\t\t\t<h2 class=\"elementor-heading-title elementor-size-default\">Protection de la vie priv\u00e9e<\/h2>\t\t\t\t<\/div>\n\t\t\t\t<div class=\"elementor-element elementor-element-33aa1a6 text-center color-scheme-inherit elementor-widget elementor-widget-text-editor\" data-id=\"33aa1a6\" data-element_type=\"widget\" data-e-type=\"widget\" data-widget_type=\"text-editor.default\">\n\t\t\t\t\t\t\t\t\t<p>Nous respectons vraiment votre vie priv\u00e9e. Les informations que vous fournissez ne seront utilis\u00e9es que pour am\u00e9liorer le site Web, et elles ne seront pas utilis\u00e9es pour autre chose. Nous esp\u00e9rons \u00e9galement que vous pourrez nous donner un peu de temps pour r\u00e9soudre le probl\u00e8me avant de partager les d\u00e9tails. Votre compr\u00e9hension compte beaucoup pour nous !<\/p>\n\t\t\t\t\t\t\t\t<\/div>\n\t\t\t\t<div class=\"elementor-element elementor-element-fb278b8 elementor-widget-divider--view-line elementor-widget elementor-widget-divider\" data-id=\"fb278b8\" data-element_type=\"widget\" data-e-type=\"widget\" data-widget_type=\"divider.default\">\n\t\t\t\t\t\t\t<div class=\"elementor-divider\">\n\t\t\t<span class=\"elementor-divider-separator\">\n\t\t\t\t\t\t<\/span>\n\t\t<\/div>\n\t\t\t\t\t\t<\/div>\n\t\t\t\t<div class=\"elementor-element elementor-element-c92e561 elementor-widget elementor-widget-heading\" data-id=\"c92e561\" data-element_type=\"widget\" data-e-type=\"widget\" data-widget_type=\"heading.default\">\n\t\t\t\t\t<h2 class=\"elementor-heading-title elementor-size-default\">Une promesse sans soucis<\/h2>\t\t\t\t<\/div>\n\t\t\t\t<div class=\"elementor-element elementor-element-a300a84 text-center color-scheme-inherit elementor-widget elementor-widget-text-editor\" data-id=\"a300a84\" data-element_type=\"widget\" data-e-type=\"widget\" data-widget_type=\"text-editor.default\">\n\t\t\t\t\t\t\t\t\t<p>Nous comprenons que le signalement d\u2019un probl\u00e8me peut sembler un peu intimidant, mais rassurez-vous, nous ne sommes pas l\u00e0 pour bl\u00e2mer quiconque nous aide. Nous nous engageons \u00e0 ne pas intenter d\u2019action en justice contre toute personne qui signale des vuln\u00e9rabilit\u00e9s de bonne foi, tant que vous respectez nos directives et \u00e9vitez les activit\u00e9s nuisibles.<\/p>\n\t\t\t\t\t\t\t\t<\/div>\n\t\t\t\t\t<\/div>\n\t\t\t\t<\/div>\n\t\t\t\t<\/div>\n\t\t","protected":false},"excerpt":{"rendered":"<p>Rapports d\u2019erreurs et r\u00e9compenses Merci de nous aider \u00e0 assurer la s\u00e9curit\u00e9 et le bon fonctionnement du site Web&nbsp;! Nous<\/p>\n","protected":false},"author":1,"featured_media":0,"parent":0,"menu_order":0,"comment_status":"closed","ping_status":"closed","template":"","meta":{"_acf_changed":false,"footnotes":""},"class_list":["post-2246","page","type-page","status-publish","hentry"],"acf":[],"aioseo_notices":[],"aioseo_head":"\n\t\t<!-- All in One SEO Pro 4.9.0 - aioseo.com -->\n\t<meta name=\"description\" content=\"Partagez votre exp\u00e9rience avec ChnPrintStudio et gagnez des r\u00e9compenses ! Nous appr\u00e9cions vos commentaires et offrons des avantages exclusifs pour vous remercier de faire partie de notre communaut\u00e9 d\u2019impression personnalis\u00e9e.\" \/>\n\t<meta name=\"robots\" content=\"max-image-preview:large\" \/>\n\t<meta name=\"google-site-verification\" content=\"bCWEURESkI9sJaMHczw2gqISKxNjR6Mf9fHT_9LSu3M\" \/>\n\t<link rel=\"canonical\" href=\"https:\/\/chnprints.com\/fr\/commentaires-et-recompenses\/\" \/>\n\t<meta name=\"generator\" content=\"All in One SEO Pro (AIOSEO) 4.9.0\" \/>\n\t\t<meta property=\"og:locale\" content=\"fr_FR\" \/>\n\t\t<meta property=\"og:site_name\" content=\"ChnPrintStudio - Impression et conception typographiques et sur feuille | Commandez en ligne\" \/>\n\t\t<meta property=\"og:type\" content=\"article\" \/>\n\t\t<meta property=\"og:title\" content=\"ChnPrintStudio - Programme de r\u00e9troaction et de r\u00e9compenses | Impression et design\" \/>\n\t\t<meta property=\"og:description\" content=\"Partagez votre exp\u00e9rience avec ChnPrintStudio et gagnez des r\u00e9compenses ! Nous appr\u00e9cions vos commentaires et offrons des avantages exclusifs pour vous remercier de faire partie de notre communaut\u00e9 d\u2019impression personnalis\u00e9e.\" \/>\n\t\t<meta property=\"og:url\" content=\"https:\/\/chnprints.com\/fr\/commentaires-et-recompenses\/\" \/>\n\t\t<meta property=\"article:published_time\" content=\"2024-10-02T20:27:49+00:00\" \/>\n\t\t<meta property=\"article:modified_time\" content=\"2024-10-20T15:42:58+00:00\" \/>\n\t\t<meta name=\"twitter:card\" content=\"summary_large_image\" \/>\n\t\t<meta name=\"twitter:title\" content=\"ChnPrintStudio - Programme de r\u00e9troaction et de r\u00e9compenses | Impression et design\" \/>\n\t\t<meta name=\"twitter:description\" content=\"Partagez votre exp\u00e9rience avec ChnPrintStudio et gagnez des r\u00e9compenses ! Nous appr\u00e9cions vos commentaires et offrons des avantages exclusifs pour vous remercier de faire partie de notre communaut\u00e9 d\u2019impression personnalis\u00e9e.\" \/>\n\t\t<script type=\"application\/ld+json\" class=\"aioseo-schema\">\n\t\t\t{\"@context\":\"https:\\\/\\\/schema.org\",\"@graph\":[{\"@type\":\"BreadcrumbList\",\"@id\":\"https:\\\/\\\/chnprints.com\\\/fr\\\/commentaires-et-recompenses\\\/#breadcrumblist\",\"itemListElement\":[{\"@type\":\"ListItem\",\"@id\":\"https:\\\/\\\/chnprints.com\\\/fr\\\/commentaires-et-recompenses\\\/#listItem\",\"position\":1,\"name\":\"Commentaires et r\\u00e9compenses\"}]},{\"@type\":\"Organization\",\"@id\":\"https:\\\/\\\/chnprints.com\\\/fr\\\/#organization\",\"name\":\"ChnPrintStudio Letterpress & Foil Printing and Design | Order Online Letterpress &amp; Foil Printing and Design | Order Online\",\"description\":\"ChnPrintStudio\",\"url\":\"https:\\\/\\\/chnprints.com\\\/fr\\\/\",\"logo\":{\"@type\":\"ImageObject\",\"url\":\"https:\\\/\\\/chnprints.com\\\/wp-content\\\/uploads\\\/2024\\\/10\\\/weblogo.jpg?wsr\",\"@id\":\"https:\\\/\\\/chnprints.com\\\/fr\\\/commentaires-et-recompenses\\\/#organizationLogo\",\"width\":112,\"height\":112},\"image\":{\"@id\":\"https:\\\/\\\/chnprints.com\\\/fr\\\/commentaires-et-recompenses\\\/#organizationLogo\"},\"sameAs\":[\"https:\\\/\\\/www.instagram.com\\\/chnprintstudio\\\/\",\"https:\\\/\\\/www.tiktok.com\\\/@chnprintstudio\",\"https:\\\/\\\/www.pinterest.com\\\/ChnPrintStudio\\\/\"]},{\"@type\":\"WebPage\",\"@id\":\"https:\\\/\\\/chnprints.com\\\/fr\\\/commentaires-et-recompenses\\\/#webpage\",\"url\":\"https:\\\/\\\/chnprints.com\\\/fr\\\/commentaires-et-recompenses\\\/\",\"name\":\"ChnPrintStudio - Programme de r\\u00e9troaction et de r\\u00e9compenses | Impression et design\",\"description\":\"Partagez votre exp\\u00e9rience avec ChnPrintStudio et gagnez des r\\u00e9compenses ! Nous appr\\u00e9cions vos commentaires et offrons des avantages exclusifs pour vous remercier de faire partie de notre communaut\\u00e9 d\\u2019impression personnalis\\u00e9e.\",\"inLanguage\":\"fr-FR\",\"isPartOf\":{\"@id\":\"https:\\\/\\\/chnprints.com\\\/fr\\\/#website\"},\"breadcrumb\":{\"@id\":\"https:\\\/\\\/chnprints.com\\\/fr\\\/commentaires-et-recompenses\\\/#breadcrumblist\"},\"datePublished\":\"2024-10-03T04:27:49+08:00\",\"dateModified\":\"2024-10-20T23:42:58+08:00\"},{\"@type\":\"WebSite\",\"@id\":\"https:\\\/\\\/chnprints.com\\\/fr\\\/#website\",\"url\":\"https:\\\/\\\/chnprints.com\\\/fr\\\/\",\"name\":\"ChnPrintStudio\",\"alternateName\":\"Luxury Business Card Printing | Order Online\",\"description\":\"Letterpress & Foil Printing and Design | Order Online\",\"inLanguage\":\"fr-FR\",\"publisher\":{\"@id\":\"https:\\\/\\\/chnprints.com\\\/fr\\\/#organization\"}}]}\n\t\t<\/script>\n\t\t<!-- All in One SEO Pro -->\r\n\t\t<title>ChnPrintStudio - Programme de r\u00e9troaction et de r\u00e9compenses | Impression et design<\/title>\n\n","aioseo_head_json":{"title":"ChnPrintStudio - Programme de r\u00e9troaction et de r\u00e9compenses | Impression et design","description":"Partagez votre exp\u00e9rience avec ChnPrintStudio et gagnez des r\u00e9compenses ! Nous appr\u00e9cions vos commentaires et offrons des avantages exclusifs pour vous remercier de faire partie de notre communaut\u00e9 d\u2019impression personnalis\u00e9e.","canonical_url":"https:\/\/chnprints.com\/fr\/commentaires-et-recompenses\/","robots":"max-image-preview:large","keywords":"","webmasterTools":{"google-site-verification":"bCWEURESkI9sJaMHczw2gqISKxNjR6Mf9fHT_9LSu3M","miscellaneous":""},"schema":{"@context":"https:\/\/schema.org","@graph":[{"@type":"BreadcrumbList","@id":"https:\/\/chnprints.com\/fr\/commentaires-et-recompenses\/#breadcrumblist","itemListElement":[{"@type":"ListItem","@id":"https:\/\/chnprints.com\/fr\/commentaires-et-recompenses\/#listItem","position":1,"name":"Commentaires et r\u00e9compenses"}]},{"@type":"Organization","@id":"https:\/\/chnprints.com\/fr\/#organization","name":"ChnPrintStudio Letterpress & Foil Printing and Design | Order Online Letterpress &amp; Foil Printing and Design | Order Online","description":"ChnPrintStudio","url":"https:\/\/chnprints.com\/fr\/","logo":{"@type":"ImageObject","url":"https:\/\/chnprints.com\/wp-content\/uploads\/2024\/10\/weblogo.jpg?wsr","@id":"https:\/\/chnprints.com\/fr\/commentaires-et-recompenses\/#organizationLogo","width":112,"height":112},"image":{"@id":"https:\/\/chnprints.com\/fr\/commentaires-et-recompenses\/#organizationLogo"},"sameAs":["https:\/\/www.instagram.com\/chnprintstudio\/","https:\/\/www.tiktok.com\/@chnprintstudio","https:\/\/www.pinterest.com\/ChnPrintStudio\/"]},{"@type":"WebPage","@id":"https:\/\/chnprints.com\/fr\/commentaires-et-recompenses\/#webpage","url":"https:\/\/chnprints.com\/fr\/commentaires-et-recompenses\/","name":"ChnPrintStudio - Programme de r\u00e9troaction et de r\u00e9compenses | Impression et design","description":"Partagez votre exp\u00e9rience avec ChnPrintStudio et gagnez des r\u00e9compenses ! Nous appr\u00e9cions vos commentaires et offrons des avantages exclusifs pour vous remercier de faire partie de notre communaut\u00e9 d\u2019impression personnalis\u00e9e.","inLanguage":"fr-FR","isPartOf":{"@id":"https:\/\/chnprints.com\/fr\/#website"},"breadcrumb":{"@id":"https:\/\/chnprints.com\/fr\/commentaires-et-recompenses\/#breadcrumblist"},"datePublished":"2024-10-03T04:27:49+08:00","dateModified":"2024-10-20T23:42:58+08:00"},{"@type":"WebSite","@id":"https:\/\/chnprints.com\/fr\/#website","url":"https:\/\/chnprints.com\/fr\/","name":"ChnPrintStudio","alternateName":"Luxury Business Card Printing | Order Online","description":"Letterpress & Foil Printing and Design | Order Online","inLanguage":"fr-FR","publisher":{"@id":"https:\/\/chnprints.com\/fr\/#organization"}}]},"og:locale":"fr_FR","og:site_name":"ChnPrintStudio - Impression et conception typographiques et sur feuille | Commandez en ligne","og:type":"article","og:title":"ChnPrintStudio - Programme de r\u00e9troaction et de r\u00e9compenses | Impression et design","og:description":"Partagez votre exp\u00e9rience avec ChnPrintStudio et gagnez des r\u00e9compenses ! Nous appr\u00e9cions vos commentaires et offrons des avantages exclusifs pour vous remercier de faire partie de notre communaut\u00e9 d\u2019impression personnalis\u00e9e.","og:url":"https:\/\/chnprints.com\/fr\/commentaires-et-recompenses\/","article:published_time":"2024-10-02T20:27:49+00:00","article:modified_time":"2024-10-20T15:42:58+00:00","twitter:card":"summary_large_image","twitter:title":"ChnPrintStudio - Programme de r\u00e9troaction et de r\u00e9compenses | Impression et design","twitter:description":"Partagez votre exp\u00e9rience avec ChnPrintStudio et gagnez des r\u00e9compenses ! Nous appr\u00e9cions vos commentaires et offrons des avantages exclusifs pour vous remercier de faire partie de notre communaut\u00e9 d\u2019impression personnalis\u00e9e."},"aioseo_meta_data":{"post_id":"2246","title":"#site_title #separator_sa Programme de r\u00e9troaction et de r\u00e9compenses | Impression et design","description":"Partagez votre exp\u00e9rience avec ChnPrintStudio et gagnez des r\u00e9compenses ! Nous appr\u00e9cions vos commentaires et offrons des avantages exclusifs pour vous remercier de faire partie de notre communaut\u00e9 d\u2019impression personnalis\u00e9e.","keywords":null,"keyphrases":{"focus":{"keyphrase":"Customer Feedback","score":37,"analysis":{"keyphraseInTitle":{"score":3,"maxScore":9,"error":1},"keyphraseInDescription":{"score":3,"maxScore":9,"error":1},"keyphraseLength":{"score":9,"maxScore":9,"error":0,"length":2},"keyphraseInURL":{"score":1,"maxScore":5,"error":1},"keyphraseInIntroduction":{"score":3,"maxScore":9,"error":1},"keyphraseInSubHeadings":{"score":3,"maxScore":9,"error":1},"keyphraseInImageAlt":{"score":3,"maxScore":9,"error":1},"keywordDensity":{"score":0,"type":"low","maxScore":9,"error":1}}},"additional":[{"keyphrase":"Printing Services Feedback","score":40,"analysis":{"keyphraseInDescription":{"score":3,"maxScore":9,"error":1},"keyphraseLength":{"score":9,"maxScore":9,"error":0,"length":3},"keyphraseInIntroduction":{"score":3,"maxScore":9,"error":1},"keyphraseInImageAlt":{"score":3,"maxScore":9,"error":1},"keywordDensity":{"score":0,"type":"low","maxScore":9,"error":1}}}]},"primary_term":null,"canonical_url":null,"og_title":null,"og_description":null,"og_object_type":"default","og_image_type":"default","og_image_url":null,"og_image_width":null,"og_image_height":null,"og_image_custom_url":null,"og_image_custom_fields":null,"og_video":"","og_custom_url":null,"og_article_section":null,"og_article_tags":null,"twitter_use_og":false,"twitter_card":"default","twitter_image_type":"default","twitter_image_url":null,"twitter_image_custom_url":null,"twitter_image_custom_fields":null,"twitter_title":null,"twitter_description":null,"schema":{"blockGraphs":[],"customGraphs":[],"default":{"data":{"Article":[],"Course":[],"Dataset":[],"FAQPage":[],"Movie":[],"Person":[],"Product":[],"ProductReview":[],"Car":[],"Recipe":[],"Service":[],"SoftwareApplication":[],"WebPage":[]},"graphName":"WebPage","isEnabled":true},"graphs":[]},"schema_type":"default","schema_type_options":null,"pillar_content":false,"robots_default":true,"robots_noindex":false,"robots_noarchive":false,"robots_nosnippet":false,"robots_nofollow":false,"robots_noimageindex":false,"robots_noodp":false,"robots_notranslate":false,"robots_max_snippet":"-1","robots_max_videopreview":"-1","robots_max_imagepreview":"large","priority":null,"frequency":"default","local_seo":null,"seo_analyzer_scan_date":"2026-02-09 16:47:22","breadcrumb_settings":null,"limit_modified_date":false,"ai":null,"created":"2024-10-08 13:39:26","updated":"2026-02-09 21:31:07"},"aioseo_breadcrumb":"<div class=\"aioseo-breadcrumbs\"><span class=\"aioseo-breadcrumb\">\n\tCommentaires et r\u00e9compenses\n<\/span><\/div>","aioseo_breadcrumb_json":[{"label":"Commentaires et r\u00e9compenses","link":"https:\/\/chnprints.com\/fr\/commentaires-et-recompenses\/"}],"_links":{"self":[{"href":"https:\/\/chnprints.com\/fr\/wp-json\/wp\/v2\/pages\/2246","targetHints":{"allow":["GET"]}}],"collection":[{"href":"https:\/\/chnprints.com\/fr\/wp-json\/wp\/v2\/pages"}],"about":[{"href":"https:\/\/chnprints.com\/fr\/wp-json\/wp\/v2\/types\/page"}],"author":[{"embeddable":true,"href":"https:\/\/chnprints.com\/fr\/wp-json\/wp\/v2\/users\/1"}],"replies":[{"embeddable":true,"href":"https:\/\/chnprints.com\/fr\/wp-json\/wp\/v2\/comments?post=2246"}],"version-history":[{"count":0,"href":"https:\/\/chnprints.com\/fr\/wp-json\/wp\/v2\/pages\/2246\/revisions"}],"wp:attachment":[{"href":"https:\/\/chnprints.com\/fr\/wp-json\/wp\/v2\/media?parent=2246"}],"curies":[{"name":"wp","href":"https:\/\/api.w.org\/{rel}","templated":true}]}}