{"id":5923,"date":"2024-12-12T04:59:53","date_gmt":"2024-12-11T20:59:53","guid":{"rendered":"https:\/\/chnprints.com\/boda\/"},"modified":"2024-12-12T05:20:36","modified_gmt":"2024-12-11T21:20:36","slug":"boda","status":"publish","type":"page","link":"https:\/\/chnprints.com\/es\/boda\/","title":{"rendered":"Boda"},"content":{"rendered":"\t\t<div data-elementor-type=\"wp-page\" data-elementor-id=\"5923\" class=\"elementor elementor-5923 elementor-5892\" data-elementor-post-type=\"page\">\n\t\t\t\t<div class=\"elementor-element elementor-element-e5285e7 e-flex e-con-boxed e-con e-parent\" data-id=\"e5285e7\" data-element_type=\"container\" data-e-type=\"container\">\n\t\t\t\t\t<div class=\"e-con-inner\">\n\t\t\t\t<div class=\"elementor-element elementor-element-2b227a7 elementor-view-default elementor-widget elementor-widget-icon\" data-id=\"2b227a7\" data-element_type=\"widget\" data-e-type=\"widget\" data-widget_type=\"icon.default\">\n\t\t\t\t\t\t\t<div class=\"elementor-icon-wrapper\">\n\t\t\t<div class=\"elementor-icon\">\n\t\t\t<svg aria-hidden=\"true\" class=\"e-font-icon-svg e-fas-chevron-circle-down\" viewBox=\"0 0 512 512\" xmlns=\"http:\/\/www.w3.org\/2000\/svg\"><path d=\"M504 256c0 137-111 248-248 248S8 393 8 256 119 8 256 8s248 111 248 248zM273 369.9l135.5-135.5c9.4-9.4 9.4-24.6 0-33.9l-17-17c-9.4-9.4-24.6-9.4-33.9 0L256 285.1 154.4 183.5c-9.4-9.4-24.6-9.4-33.9 0l-17 17c-9.4 9.4-9.4 24.6 0 33.9L239 369.9c9.4 9.4 24.6 9.4 34 0z\"><\/path><\/svg>\t\t\t<\/div>\n\t\t<\/div>\n\t\t\t\t\t\t<\/div>\n\t\t\t\t\t<\/div>\n\t\t\t\t<\/div>\n\t\t<div class=\"elementor-element elementor-element-8e90444 e-flex e-con-boxed e-con e-parent\" data-id=\"8e90444\" data-element_type=\"container\" data-e-type=\"container\">\n\t\t\t\t\t<div class=\"e-con-inner\">\n\t\t\t\t<div class=\"elementor-element elementor-element-648fcb0 wd-width-100 elementor-widget elementor-widget-wd_title\" data-id=\"648fcb0\" data-element_type=\"widget\" data-e-type=\"widget\" data-widget_type=\"wd_title.default\">\n\t\t\t\t<div class=\"elementor-widget-container\">\n\t\t\t\t\t\t\t<div class=\"title-wrapper wd-set-mb reset-last-child wd-title-color-default wd-title-style-default wd-title-size-default text-center\">\n\n\t\t\t\n\t\t\t<div class=\"liner-continer\">\n\t\t\t\t<h4 class=\"woodmart-title-container title wd-fontsize-l\">\u00a1Est\u00e9n atentos! \u00a1Esta p\u00e1gina estar\u00e1 disponible pronto!<\/h4> \n\t\t\t\t\t\t\t<\/div>\n\n\t\t\t\t\t\t\t<div class=\"title-after_title reset-last-child wd-fontsize-xs\">\n\t\t\t\t\t<p>Aunque la p\u00e1gina a\u00fan no est\u00e1 completa, a\u00fan podemos brindarle servicios personalizados. No dude en ponerse en contacto con nosotros.<\/p>\t\t\t\t<\/div>\n\t\t\t\t\t<\/div>\n\t\t\t\t\t\t<\/div>\n\t\t\t\t<\/div>\n\t\t\t\t\t<\/div>\n\t\t\t\t<\/div>\n\t\t<div class=\"elementor-element elementor-element-4e22c52 e-flex e-con-boxed e-con e-parent\" data-id=\"4e22c52\" data-element_type=\"container\" data-e-type=\"container\">\n\t\t\t\t\t<div class=\"e-con-inner\">\n\t\t\t\t<div class=\"elementor-element elementor-element-b60c530 elementor-widget elementor-widget-wd_button\" data-id=\"b60c530\" data-element_type=\"widget\" data-e-type=\"widget\" data-widget_type=\"wd_button.default\">\n\t\t\t\t<div class=\"elementor-widget-container\">\n\t\t\t\t\t\t\t<div class=\"wd-button-wrapper text-center\" >\n\t\t\t<a class=\"btn btn-style-link btn-shape- btn-size-default btn-icon-pos-right\"  href=\"https:\/\/chnprints.com\/es\/\">\n\t\t\t\t<span class=\"wd-btn-text\" data-elementor-setting-key=\"text\">\n\t\t\t\t\tVolver a la p\u00e1gina de inicio\t\t\t\t<\/span>\n\n\t\t\t\t\t\t\t<\/a>\n\t\t<\/div>\n\t\t\t\t\t\t<\/div>\n\t\t\t\t<\/div>\n\t\t\t\t<div class=\"elementor-element elementor-element-d808307 elementor-widget elementor-widget-wd_button\" data-id=\"d808307\" data-element_type=\"widget\" data-e-type=\"widget\" data-widget_type=\"wd_button.default\">\n\t\t\t\t<div class=\"elementor-widget-container\">\n\t\t\t\t\t\t\t<div class=\"wd-button-wrapper text-center\" >\n\t\t\t<a class=\"btn btn-style-link btn-shape- btn-size-default btn-icon-pos-right\"  href=\"https:\/\/chnprints.com\/es\/\">\n\t\t\t\t<span class=\"wd-btn-text\" data-elementor-setting-key=\"text\">\n\t\t\t\t\tSolicitud de cotizaci\u00f3n\t\t\t\t<\/span>\n\n\t\t\t\t\t\t\t<\/a>\n\t\t<\/div>\n\t\t\t\t\t\t<\/div>\n\t\t\t\t<\/div>\n\t\t\t\t\t<\/div>\n\t\t\t\t<\/div>\n\t\t\t\t<\/div>\n\t\t","protected":false},"excerpt":{"rendered":"<p>\u00a1Est\u00e9n atentos! \u00a1Esta p\u00e1gina estar\u00e1 disponible pronto! Aunque la p\u00e1gina a\u00fan no est\u00e1 completa, a\u00fan podemos brindarle servicios personalizados. No<\/p>\n","protected":false},"author":1,"featured_media":0,"parent":0,"menu_order":0,"comment_status":"closed","ping_status":"closed","template":"","meta":{"_acf_changed":false,"footnotes":""},"class_list":["post-5923","page","type-page","status-publish","hentry"],"acf":[],"aioseo_notices":[],"aioseo_head":"\n\t\t<!-- All in One SEO Pro 4.9.0 - aioseo.com -->\n\t<meta name=\"description\" content=\"Explora nuestras invitaciones de boda, tarjetas de agradecimiento y art\u00edculos de papeler\u00eda bellamente elaborados. Dise\u00f1os personalizables, materiales de primera calidad y elegancia atemporal para tu d\u00eda especial. \u00a1Haga su pedido en l\u00ednea ahora!\" \/>\n\t<meta name=\"robots\" content=\"max-image-preview:large\" \/>\n\t<meta name=\"google-site-verification\" content=\"bCWEURESkI9sJaMHczw2gqISKxNjR6Mf9fHT_9LSu3M\" \/>\n\t<link rel=\"canonical\" href=\"https:\/\/chnprints.com\/es\/boda\/\" \/>\n\t<meta name=\"generator\" content=\"All in One SEO Pro (AIOSEO) 4.9.0\" \/>\n\t\t<meta property=\"og:locale\" content=\"es_ES\" \/>\n\t\t<meta property=\"og:site_name\" content=\"ChnPrintStudio - Impresi\u00f3n y dise\u00f1o tipogr\u00e1fico y de l\u00e1minas | Ordene en l\u00ednea\" \/>\n\t\t<meta property=\"og:type\" content=\"article\" \/>\n\t\t<meta property=\"og:title\" content=\"Boda - Letterpress &amp; Foil Printing and Design | ChnPrint Studio\" \/>\n\t\t<meta property=\"og:description\" content=\"Explora nuestras invitaciones de boda, tarjetas de agradecimiento y art\u00edculos de papeler\u00eda bellamente elaborados. Dise\u00f1os personalizables, materiales de primera calidad y elegancia atemporal para tu d\u00eda especial. \u00a1Haga su pedido en l\u00ednea ahora!\" \/>\n\t\t<meta property=\"og:url\" content=\"https:\/\/chnprints.com\/es\/boda\/\" \/>\n\t\t<meta property=\"article:published_time\" content=\"2024-12-11T20:59:53+00:00\" \/>\n\t\t<meta property=\"article:modified_time\" content=\"2024-12-11T21:20:36+00:00\" \/>\n\t\t<meta name=\"twitter:card\" content=\"summary_large_image\" \/>\n\t\t<meta name=\"twitter:title\" content=\"Boda - Letterpress &amp; Foil Printing and Design | ChnPrint Studio\" \/>\n\t\t<meta name=\"twitter:description\" content=\"Explora nuestras invitaciones de boda, tarjetas de agradecimiento y art\u00edculos de papeler\u00eda bellamente elaborados. Dise\u00f1os personalizables, materiales de primera calidad y elegancia atemporal para tu d\u00eda especial. \u00a1Haga su pedido en l\u00ednea ahora!\" \/>\n\t\t<script type=\"application\/ld+json\" class=\"aioseo-schema\">\n\t\t\t{\"@context\":\"https:\\\/\\\/schema.org\",\"@graph\":[{\"@type\":\"BreadcrumbList\",\"@id\":\"https:\\\/\\\/chnprints.com\\\/es\\\/boda\\\/#breadcrumblist\",\"itemListElement\":[{\"@type\":\"ListItem\",\"@id\":\"https:\\\/\\\/chnprints.com\\\/es\\\/boda\\\/#listItem\",\"position\":1,\"name\":\"Boda\"}]},{\"@type\":\"Organization\",\"@id\":\"https:\\\/\\\/chnprints.com\\\/es\\\/#organization\",\"name\":\"ChnPrintStudio Letterpress & Foil Printing and Design | Order Online Letterpress &amp; Foil Printing and Design | Order Online\",\"description\":\"ChnPrintStudio\",\"url\":\"https:\\\/\\\/chnprints.com\\\/es\\\/\",\"logo\":{\"@type\":\"ImageObject\",\"url\":\"https:\\\/\\\/chnprints.com\\\/wp-content\\\/uploads\\\/2024\\\/10\\\/weblogo.jpg?wsr\",\"@id\":\"https:\\\/\\\/chnprints.com\\\/es\\\/boda\\\/#organizationLogo\",\"width\":112,\"height\":112},\"image\":{\"@id\":\"https:\\\/\\\/chnprints.com\\\/es\\\/boda\\\/#organizationLogo\"},\"sameAs\":[\"https:\\\/\\\/www.instagram.com\\\/chnprintstudio\\\/\",\"https:\\\/\\\/www.tiktok.com\\\/@chnprintstudio\",\"https:\\\/\\\/www.pinterest.com\\\/ChnPrintStudio\\\/\"]},{\"@type\":\"WebPage\",\"@id\":\"https:\\\/\\\/chnprints.com\\\/es\\\/boda\\\/#webpage\",\"url\":\"https:\\\/\\\/chnprints.com\\\/es\\\/boda\\\/\",\"name\":\"Boda - Letterpress & Foil Printing and Design | ChnPrint Studio\",\"description\":\"Explora nuestras invitaciones de boda, tarjetas de agradecimiento y art\\u00edculos de papeler\\u00eda bellamente elaborados. Dise\\u00f1os personalizables, materiales de primera calidad y elegancia atemporal para tu d\\u00eda especial. \\u00a1Haga su pedido en l\\u00ednea ahora!\",\"inLanguage\":\"es-ES\",\"isPartOf\":{\"@id\":\"https:\\\/\\\/chnprints.com\\\/es\\\/#website\"},\"breadcrumb\":{\"@id\":\"https:\\\/\\\/chnprints.com\\\/es\\\/boda\\\/#breadcrumblist\"},\"datePublished\":\"2024-12-12T04:59:53+08:00\",\"dateModified\":\"2024-12-12T05:20:36+08:00\"},{\"@type\":\"WebSite\",\"@id\":\"https:\\\/\\\/chnprints.com\\\/es\\\/#website\",\"url\":\"https:\\\/\\\/chnprints.com\\\/es\\\/\",\"name\":\"ChnPrintStudio\",\"alternateName\":\"Luxury Business Card Printing | Order Online\",\"description\":\"Letterpress & Foil Printing and Design | Order Online\",\"inLanguage\":\"es-ES\",\"publisher\":{\"@id\":\"https:\\\/\\\/chnprints.com\\\/es\\\/#organization\"}}]}\n\t\t<\/script>\n\t\t<!-- All in One SEO Pro -->\r\n\t\t<title>Boda - Letterpress &amp; Foil Printing and Design | ChnPrint Studio<\/title>\n\n","aioseo_head_json":{"title":"Boda - Letterpress & Foil Printing and Design | ChnPrint Studio","description":"Explora nuestras invitaciones de boda, tarjetas de agradecimiento y art\u00edculos de papeler\u00eda bellamente elaborados. Dise\u00f1os personalizables, materiales de primera calidad y elegancia atemporal para tu d\u00eda especial. \u00a1Haga su pedido en l\u00ednea ahora!","canonical_url":"https:\/\/chnprints.com\/es\/boda\/","robots":"max-image-preview:large","keywords":"","webmasterTools":{"google-site-verification":"bCWEURESkI9sJaMHczw2gqISKxNjR6Mf9fHT_9LSu3M","miscellaneous":""},"schema":{"@context":"https:\/\/schema.org","@graph":[{"@type":"BreadcrumbList","@id":"https:\/\/chnprints.com\/es\/boda\/#breadcrumblist","itemListElement":[{"@type":"ListItem","@id":"https:\/\/chnprints.com\/es\/boda\/#listItem","position":1,"name":"Boda"}]},{"@type":"Organization","@id":"https:\/\/chnprints.com\/es\/#organization","name":"ChnPrintStudio Letterpress & Foil Printing and Design | Order Online Letterpress &amp; Foil Printing and Design | Order Online","description":"ChnPrintStudio","url":"https:\/\/chnprints.com\/es\/","logo":{"@type":"ImageObject","url":"https:\/\/chnprints.com\/wp-content\/uploads\/2024\/10\/weblogo.jpg?wsr","@id":"https:\/\/chnprints.com\/es\/boda\/#organizationLogo","width":112,"height":112},"image":{"@id":"https:\/\/chnprints.com\/es\/boda\/#organizationLogo"},"sameAs":["https:\/\/www.instagram.com\/chnprintstudio\/","https:\/\/www.tiktok.com\/@chnprintstudio","https:\/\/www.pinterest.com\/ChnPrintStudio\/"]},{"@type":"WebPage","@id":"https:\/\/chnprints.com\/es\/boda\/#webpage","url":"https:\/\/chnprints.com\/es\/boda\/","name":"Boda - Letterpress & Foil Printing and Design | ChnPrint Studio","description":"Explora nuestras invitaciones de boda, tarjetas de agradecimiento y art\u00edculos de papeler\u00eda bellamente elaborados. Dise\u00f1os personalizables, materiales de primera calidad y elegancia atemporal para tu d\u00eda especial. \u00a1Haga su pedido en l\u00ednea ahora!","inLanguage":"es-ES","isPartOf":{"@id":"https:\/\/chnprints.com\/es\/#website"},"breadcrumb":{"@id":"https:\/\/chnprints.com\/es\/boda\/#breadcrumblist"},"datePublished":"2024-12-12T04:59:53+08:00","dateModified":"2024-12-12T05:20:36+08:00"},{"@type":"WebSite","@id":"https:\/\/chnprints.com\/es\/#website","url":"https:\/\/chnprints.com\/es\/","name":"ChnPrintStudio","alternateName":"Luxury Business Card Printing | Order Online","description":"Letterpress & Foil Printing and Design | Order Online","inLanguage":"es-ES","publisher":{"@id":"https:\/\/chnprints.com\/es\/#organization"}}]},"og:locale":"es_ES","og:site_name":"ChnPrintStudio - Impresi\u00f3n y dise\u00f1o tipogr\u00e1fico y de l\u00e1minas | Ordene en l\u00ednea","og:type":"article","og:title":"Boda - Letterpress &amp; Foil Printing and Design | ChnPrint Studio","og:description":"Explora nuestras invitaciones de boda, tarjetas de agradecimiento y art\u00edculos de papeler\u00eda bellamente elaborados. Dise\u00f1os personalizables, materiales de primera calidad y elegancia atemporal para tu d\u00eda especial. \u00a1Haga su pedido en l\u00ednea ahora!","og:url":"https:\/\/chnprints.com\/es\/boda\/","article:published_time":"2024-12-11T20:59:53+00:00","article:modified_time":"2024-12-11T21:20:36+00:00","twitter:card":"summary_large_image","twitter:title":"Boda - Letterpress &amp; Foil Printing and Design | ChnPrint Studio","twitter:description":"Explora nuestras invitaciones de boda, tarjetas de agradecimiento y art\u00edculos de papeler\u00eda bellamente elaborados. Dise\u00f1os personalizables, materiales de primera calidad y elegancia atemporal para tu d\u00eda especial. \u00a1Haga su pedido en l\u00ednea ahora!"},"aioseo_meta_data":{"post_id":"5923","title":null,"description":"Explora nuestras invitaciones de boda, tarjetas de agradecimiento y art\u00edculos de papeler\u00eda bellamente elaborados. Dise\u00f1os personalizables, materiales de primera calidad y elegancia atemporal para tu d\u00eda especial. \u00a1Haga su pedido en l\u00ednea ahora!","keywords":null,"keyphrases":{"focus":{"keyphrase":"","score":0,"analysis":{"keyphraseInTitle":{"score":0,"maxScore":9,"error":1}}},"additional":[]},"primary_term":null,"canonical_url":null,"og_title":null,"og_description":null,"og_object_type":"default","og_image_type":"default","og_image_url":null,"og_image_width":null,"og_image_height":null,"og_image_custom_url":null,"og_image_custom_fields":null,"og_video":"","og_custom_url":null,"og_article_section":null,"og_article_tags":null,"twitter_use_og":false,"twitter_card":"default","twitter_image_type":"default","twitter_image_url":null,"twitter_image_custom_url":null,"twitter_image_custom_fields":null,"twitter_title":null,"twitter_description":null,"schema":{"blockGraphs":[],"customGraphs":[],"default":{"data":{"Article":[],"Course":[],"Dataset":[],"FAQPage":[],"Movie":[],"Person":[],"Product":[],"ProductReview":[],"Car":[],"Recipe":[],"Service":[],"SoftwareApplication":[],"WebPage":[]},"graphName":"WebPage","isEnabled":true},"graphs":[]},"schema_type":"default","schema_type_options":null,"pillar_content":false,"robots_default":true,"robots_noindex":false,"robots_noarchive":false,"robots_nosnippet":false,"robots_nofollow":false,"robots_noimageindex":false,"robots_noodp":false,"robots_notranslate":false,"robots_max_snippet":"-1","robots_max_videopreview":"-1","robots_max_imagepreview":"large","priority":null,"frequency":"default","local_seo":null,"seo_analyzer_scan_date":"2026-02-09 16:59:04","breadcrumb_settings":null,"limit_modified_date":false,"ai":null,"created":"2024-12-11 21:20:36","updated":"2026-02-09 21:36:20"},"aioseo_breadcrumb":"<div class=\"aioseo-breadcrumbs\"><span class=\"aioseo-breadcrumb\">\n\tBoda\n<\/span><\/div>","aioseo_breadcrumb_json":[{"label":"Boda","link":"https:\/\/chnprints.com\/es\/boda\/"}],"_links":{"self":[{"href":"https:\/\/chnprints.com\/es\/wp-json\/wp\/v2\/pages\/5923","targetHints":{"allow":["GET"]}}],"collection":[{"href":"https:\/\/chnprints.com\/es\/wp-json\/wp\/v2\/pages"}],"about":[{"href":"https:\/\/chnprints.com\/es\/wp-json\/wp\/v2\/types\/page"}],"author":[{"embeddable":true,"href":"https:\/\/chnprints.com\/es\/wp-json\/wp\/v2\/users\/1"}],"replies":[{"embeddable":true,"href":"https:\/\/chnprints.com\/es\/wp-json\/wp\/v2\/comments?post=5923"}],"version-history":[{"count":0,"href":"https:\/\/chnprints.com\/es\/wp-json\/wp\/v2\/pages\/5923\/revisions"}],"wp:attachment":[{"href":"https:\/\/chnprints.com\/es\/wp-json\/wp\/v2\/media?parent=5923"}],"curies":[{"name":"wp","href":"https:\/\/api.w.org\/{rel}","templated":true}]}}