{"id":4058,"date":"2024-09-09T18:42:44","date_gmt":"2024-09-09T10:42:44","guid":{"rendered":"https:\/\/chnprints.com\/lista-de-deseos\/"},"modified":"2024-09-09T18:42:44","modified_gmt":"2024-09-09T10:42:44","slug":"lista-de-deseos","status":"publish","type":"page","link":"https:\/\/chnprints.com\/es\/lista-de-deseos\/","title":{"rendered":"Lista de deseos"},"content":{"rendered":"","protected":false},"excerpt":{"rendered":"","protected":false},"author":1,"featured_media":0,"parent":0,"menu_order":10,"comment_status":"closed","ping_status":"closed","template":"","meta":{"_acf_changed":false,"footnotes":""},"class_list":["post-4058","page","type-page","status-publish","hentry"],"acf":[],"aioseo_notices":[],"aioseo_head":"\n\t\t<!-- All in One SEO Pro 4.9.0 - aioseo.com -->\n\t<meta name=\"robots\" content=\"max-image-preview:large\" \/>\n\t<meta name=\"google-site-verification\" content=\"bCWEURESkI9sJaMHczw2gqISKxNjR6Mf9fHT_9LSu3M\" \/>\n\t<link rel=\"canonical\" href=\"https:\/\/chnprints.com\/es\/lista-de-deseos\/\" \/>\n\t<meta name=\"generator\" content=\"All in One SEO Pro (AIOSEO) 4.9.0\" \/>\n\t\t<meta property=\"og:locale\" content=\"es_ES\" \/>\n\t\t<meta property=\"og:site_name\" content=\"ChnPrintStudio - Impresi\u00f3n y dise\u00f1o tipogr\u00e1fico y de l\u00e1minas | Ordene en l\u00ednea\" \/>\n\t\t<meta property=\"og:type\" content=\"article\" \/>\n\t\t<meta property=\"og:title\" content=\"Lista de deseos - Letterpress &amp; Foil Printing and Design | ChnPrint Studio\" \/>\n\t\t<meta property=\"og:url\" content=\"https:\/\/chnprints.com\/es\/lista-de-deseos\/\" \/>\n\t\t<meta property=\"article:published_time\" content=\"2024-09-09T10:42:44+00:00\" \/>\n\t\t<meta property=\"article:modified_time\" content=\"2024-09-09T10:42:44+00:00\" \/>\n\t\t<meta name=\"twitter:card\" content=\"summary_large_image\" \/>\n\t\t<meta name=\"twitter:title\" content=\"Lista de deseos - Letterpress &amp; Foil Printing and Design | ChnPrint Studio\" \/>\n\t\t<script type=\"application\/ld+json\" class=\"aioseo-schema\">\n\t\t\t{\"@context\":\"https:\\\/\\\/schema.org\",\"@graph\":[{\"@type\":\"BreadcrumbList\",\"@id\":\"https:\\\/\\\/chnprints.com\\\/es\\\/lista-de-deseos\\\/#breadcrumblist\",\"itemListElement\":[{\"@type\":\"ListItem\",\"@id\":\"https:\\\/\\\/chnprints.com\\\/es\\\/lista-de-deseos\\\/#listItem\",\"position\":1,\"name\":\"Lista de deseos\"}]},{\"@type\":\"Organization\",\"@id\":\"https:\\\/\\\/chnprints.com\\\/es\\\/#organization\",\"name\":\"ChnPrintStudio Letterpress & Foil Printing and Design | Order Online Letterpress &amp; Foil Printing and Design | Order Online\",\"description\":\"ChnPrintStudio\",\"url\":\"https:\\\/\\\/chnprints.com\\\/es\\\/\",\"logo\":{\"@type\":\"ImageObject\",\"url\":\"https:\\\/\\\/chnprints.com\\\/wp-content\\\/uploads\\\/2024\\\/10\\\/weblogo.jpg?wsr\",\"@id\":\"https:\\\/\\\/chnprints.com\\\/es\\\/lista-de-deseos\\\/#organizationLogo\",\"width\":112,\"height\":112},\"image\":{\"@id\":\"https:\\\/\\\/chnprints.com\\\/es\\\/lista-de-deseos\\\/#organizationLogo\"},\"sameAs\":[\"https:\\\/\\\/www.instagram.com\\\/chnprintstudio\\\/\",\"https:\\\/\\\/www.tiktok.com\\\/@chnprintstudio\",\"https:\\\/\\\/www.pinterest.com\\\/ChnPrintStudio\\\/\"]},{\"@type\":\"WebPage\",\"@id\":\"https:\\\/\\\/chnprints.com\\\/es\\\/lista-de-deseos\\\/#webpage\",\"url\":\"https:\\\/\\\/chnprints.com\\\/es\\\/lista-de-deseos\\\/\",\"name\":\"Lista de deseos - Letterpress & Foil Printing and Design | ChnPrint Studio\",\"inLanguage\":\"es-ES\",\"isPartOf\":{\"@id\":\"https:\\\/\\\/chnprints.com\\\/es\\\/#website\"},\"breadcrumb\":{\"@id\":\"https:\\\/\\\/chnprints.com\\\/es\\\/lista-de-deseos\\\/#breadcrumblist\"},\"datePublished\":\"2024-09-09T18:42:44+08:00\",\"dateModified\":\"2024-09-09T18:42:44+08:00\"},{\"@type\":\"WebSite\",\"@id\":\"https:\\\/\\\/chnprints.com\\\/es\\\/#website\",\"url\":\"https:\\\/\\\/chnprints.com\\\/es\\\/\",\"name\":\"ChnPrintStudio\",\"alternateName\":\"Luxury Business Card Printing | Order Online\",\"description\":\"Letterpress & Foil Printing and Design | Order Online\",\"inLanguage\":\"es-ES\",\"publisher\":{\"@id\":\"https:\\\/\\\/chnprints.com\\\/es\\\/#organization\"}}]}\n\t\t<\/script>\n\t\t<!-- All in One SEO Pro -->\r\n\t\t<title>Lista de deseos - Letterpress &amp; Foil Printing and Design | ChnPrint Studio<\/title>\n\n","aioseo_head_json":{"title":"Lista de deseos - Letterpress & Foil Printing and Design | ChnPrint Studio","description":"","canonical_url":"https:\/\/chnprints.com\/es\/lista-de-deseos\/","robots":"max-image-preview:large","keywords":"","webmasterTools":{"google-site-verification":"bCWEURESkI9sJaMHczw2gqISKxNjR6Mf9fHT_9LSu3M","miscellaneous":""},"schema":{"@context":"https:\/\/schema.org","@graph":[{"@type":"BreadcrumbList","@id":"https:\/\/chnprints.com\/es\/lista-de-deseos\/#breadcrumblist","itemListElement":[{"@type":"ListItem","@id":"https:\/\/chnprints.com\/es\/lista-de-deseos\/#listItem","position":1,"name":"Lista de deseos"}]},{"@type":"Organization","@id":"https:\/\/chnprints.com\/es\/#organization","name":"ChnPrintStudio Letterpress & Foil Printing and Design | Order Online Letterpress &amp; Foil Printing and Design | Order Online","description":"ChnPrintStudio","url":"https:\/\/chnprints.com\/es\/","logo":{"@type":"ImageObject","url":"https:\/\/chnprints.com\/wp-content\/uploads\/2024\/10\/weblogo.jpg?wsr","@id":"https:\/\/chnprints.com\/es\/lista-de-deseos\/#organizationLogo","width":112,"height":112},"image":{"@id":"https:\/\/chnprints.com\/es\/lista-de-deseos\/#organizationLogo"},"sameAs":["https:\/\/www.instagram.com\/chnprintstudio\/","https:\/\/www.tiktok.com\/@chnprintstudio","https:\/\/www.pinterest.com\/ChnPrintStudio\/"]},{"@type":"WebPage","@id":"https:\/\/chnprints.com\/es\/lista-de-deseos\/#webpage","url":"https:\/\/chnprints.com\/es\/lista-de-deseos\/","name":"Lista de deseos - Letterpress & Foil Printing and Design | ChnPrint Studio","inLanguage":"es-ES","isPartOf":{"@id":"https:\/\/chnprints.com\/es\/#website"},"breadcrumb":{"@id":"https:\/\/chnprints.com\/es\/lista-de-deseos\/#breadcrumblist"},"datePublished":"2024-09-09T18:42:44+08:00","dateModified":"2024-09-09T18:42:44+08:00"},{"@type":"WebSite","@id":"https:\/\/chnprints.com\/es\/#website","url":"https:\/\/chnprints.com\/es\/","name":"ChnPrintStudio","alternateName":"Luxury Business Card Printing | Order Online","description":"Letterpress & Foil Printing and Design | Order Online","inLanguage":"es-ES","publisher":{"@id":"https:\/\/chnprints.com\/es\/#organization"}}]},"og:locale":"es_ES","og:site_name":"ChnPrintStudio - Impresi\u00f3n y dise\u00f1o tipogr\u00e1fico y de l\u00e1minas | Ordene en l\u00ednea","og:type":"article","og:title":"Lista de deseos - Letterpress &amp; Foil Printing and Design | ChnPrint Studio","og:url":"https:\/\/chnprints.com\/es\/lista-de-deseos\/","article:published_time":"2024-09-09T10:42:44+00:00","article:modified_time":"2024-09-09T10:42:44+00:00","twitter:card":"summary_large_image","twitter:title":"Lista de deseos - Letterpress &amp; Foil Printing and Design | ChnPrint Studio"},"aioseo_meta_data":{"post_id":"4058","title":null,"description":null,"keywords":null,"keyphrases":null,"primary_term":null,"canonical_url":null,"og_title":null,"og_description":null,"og_object_type":"default","og_image_type":"default","og_image_url":null,"og_image_width":null,"og_image_height":null,"og_image_custom_url":null,"og_image_custom_fields":null,"og_video":null,"og_custom_url":null,"og_article_section":null,"og_article_tags":null,"twitter_use_og":false,"twitter_card":"default","twitter_image_type":"default","twitter_image_url":null,"twitter_image_custom_url":null,"twitter_image_custom_fields":null,"twitter_title":null,"twitter_description":null,"schema":{"blockGraphs":[],"customGraphs":[],"default":{"data":{"Article":[],"Course":[],"Dataset":[],"FAQPage":[],"Movie":[],"Person":[],"Product":[],"ProductReview":[],"Car":[],"Recipe":[],"Service":[],"SoftwareApplication":[],"WebPage":[]},"graphName":"","isEnabled":true},"graphs":[]},"schema_type":"default","schema_type_options":null,"pillar_content":false,"robots_default":true,"robots_noindex":false,"robots_noarchive":false,"robots_nosnippet":false,"robots_nofollow":false,"robots_noimageindex":false,"robots_noodp":false,"robots_notranslate":false,"robots_max_snippet":null,"robots_max_videopreview":null,"robots_max_imagepreview":"large","priority":null,"frequency":null,"local_seo":null,"seo_analyzer_scan_date":"2026-02-09 17:39:06","breadcrumb_settings":null,"limit_modified_date":false,"ai":null,"created":"2024-10-20 05:39:16","updated":"2026-02-09 21:35:18"},"aioseo_breadcrumb":"<div class=\"aioseo-breadcrumbs\"><span class=\"aioseo-breadcrumb\">\n\tLista de deseos\n<\/span><\/div>","aioseo_breadcrumb_json":[{"label":"Lista de deseos","link":"https:\/\/chnprints.com\/es\/lista-de-deseos\/"}],"_links":{"self":[{"href":"https:\/\/chnprints.com\/es\/wp-json\/wp\/v2\/pages\/4058","targetHints":{"allow":["GET"]}}],"collection":[{"href":"https:\/\/chnprints.com\/es\/wp-json\/wp\/v2\/pages"}],"about":[{"href":"https:\/\/chnprints.com\/es\/wp-json\/wp\/v2\/types\/page"}],"author":[{"embeddable":true,"href":"https:\/\/chnprints.com\/es\/wp-json\/wp\/v2\/users\/1"}],"replies":[{"embeddable":true,"href":"https:\/\/chnprints.com\/es\/wp-json\/wp\/v2\/comments?post=4058"}],"version-history":[{"count":0,"href":"https:\/\/chnprints.com\/es\/wp-json\/wp\/v2\/pages\/4058\/revisions"}],"wp:attachment":[{"href":"https:\/\/chnprints.com\/es\/wp-json\/wp\/v2\/media?parent=4058"}],"curies":[{"name":"wp","href":"https:\/\/api.w.org\/{rel}","templated":true}]}}