{"id":4047,"date":"2024-09-09T05:08:01","date_gmt":"2024-09-08T21:08:01","guid":{"rendered":"https:\/\/chnprints.com\/carro\/"},"modified":"2024-10-20T13:39:15","modified_gmt":"2024-10-20T05:39:15","slug":"carro","status":"publish","type":"page","link":"https:\/\/chnprints.com\/es\/carro\/","title":{"rendered":"Carro"},"content":{"rendered":"\n","protected":false},"excerpt":{"rendered":"","protected":false},"author":1,"featured_media":0,"parent":0,"menu_order":6,"comment_status":"closed","ping_status":"closed","template":"","meta":{"_acf_changed":false,"footnotes":""},"class_list":["post-4047","page","type-page","status-publish","hentry"],"acf":[],"aioseo_notices":[],"aioseo_head":"\n\t\t<!-- All in One SEO Pro 4.9.0 - aioseo.com -->\n\t<meta name=\"robots\" content=\"max-image-preview:large\" \/>\n\t<meta name=\"google-site-verification\" content=\"bCWEURESkI9sJaMHczw2gqISKxNjR6Mf9fHT_9LSu3M\" \/>\n\t<link rel=\"canonical\" href=\"https:\/\/chnprints.com\/es\/carro\/\" \/>\n\t<meta name=\"generator\" content=\"All in One SEO Pro (AIOSEO) 4.9.0\" \/>\n\t\t<meta property=\"og:locale\" content=\"es_ES\" \/>\n\t\t<meta property=\"og:site_name\" content=\"ChnPrintStudio - Impresi\u00f3n y dise\u00f1o tipogr\u00e1fico y de l\u00e1minas | Ordene en l\u00ednea\" \/>\n\t\t<meta property=\"og:type\" content=\"article\" \/>\n\t\t<meta property=\"og:title\" content=\"Carro - Letterpress &amp; Foil Printing and Design | ChnPrint Studio\" \/>\n\t\t<meta property=\"og:url\" content=\"https:\/\/chnprints.com\/es\/carro\/\" \/>\n\t\t<meta property=\"article:published_time\" content=\"2024-09-08T21:08:01+00:00\" \/>\n\t\t<meta property=\"article:modified_time\" content=\"2024-10-20T05:39:15+00:00\" \/>\n\t\t<meta name=\"twitter:card\" content=\"summary_large_image\" \/>\n\t\t<meta name=\"twitter:title\" content=\"Carro - Letterpress &amp; Foil Printing and Design | ChnPrint Studio\" \/>\n\t\t<script type=\"application\/ld+json\" class=\"aioseo-schema\">\n\t\t\t{\"@context\":\"https:\\\/\\\/schema.org\",\"@graph\":[{\"@type\":\"BreadcrumbList\",\"@id\":\"https:\\\/\\\/chnprints.com\\\/es\\\/carro\\\/#breadcrumblist\",\"itemListElement\":[{\"@type\":\"ListItem\",\"@id\":\"https:\\\/\\\/chnprints.com\\\/es\\\/carro\\\/#listItem\",\"position\":1,\"name\":\"Carro\"}]},{\"@type\":\"Organization\",\"@id\":\"https:\\\/\\\/chnprints.com\\\/es\\\/#organization\",\"name\":\"ChnPrintStudio Letterpress & Foil Printing and Design | Order Online Letterpress &amp; Foil Printing and Design | Order Online\",\"description\":\"ChnPrintStudio\",\"url\":\"https:\\\/\\\/chnprints.com\\\/es\\\/\",\"logo\":{\"@type\":\"ImageObject\",\"url\":\"https:\\\/\\\/chnprints.com\\\/wp-content\\\/uploads\\\/2024\\\/10\\\/weblogo.jpg?wsr\",\"@id\":\"https:\\\/\\\/chnprints.com\\\/es\\\/carro\\\/#organizationLogo\",\"width\":112,\"height\":112},\"image\":{\"@id\":\"https:\\\/\\\/chnprints.com\\\/es\\\/carro\\\/#organizationLogo\"},\"sameAs\":[\"https:\\\/\\\/www.instagram.com\\\/chnprintstudio\\\/\",\"https:\\\/\\\/www.tiktok.com\\\/@chnprintstudio\",\"https:\\\/\\\/www.pinterest.com\\\/ChnPrintStudio\\\/\"]},{\"@type\":\"WebPage\",\"@id\":\"https:\\\/\\\/chnprints.com\\\/es\\\/carro\\\/#webpage\",\"url\":\"https:\\\/\\\/chnprints.com\\\/es\\\/carro\\\/\",\"name\":\"Carro - Letterpress & Foil Printing and Design | ChnPrint Studio\",\"inLanguage\":\"es-ES\",\"isPartOf\":{\"@id\":\"https:\\\/\\\/chnprints.com\\\/es\\\/#website\"},\"breadcrumb\":{\"@id\":\"https:\\\/\\\/chnprints.com\\\/es\\\/carro\\\/#breadcrumblist\"},\"datePublished\":\"2024-09-09T05:08:01+08:00\",\"dateModified\":\"2024-10-20T13:39:15+08:00\"},{\"@type\":\"WebSite\",\"@id\":\"https:\\\/\\\/chnprints.com\\\/es\\\/#website\",\"url\":\"https:\\\/\\\/chnprints.com\\\/es\\\/\",\"name\":\"ChnPrintStudio\",\"alternateName\":\"Luxury Business Card Printing | Order Online\",\"description\":\"Letterpress & Foil Printing and Design | Order Online\",\"inLanguage\":\"es-ES\",\"publisher\":{\"@id\":\"https:\\\/\\\/chnprints.com\\\/es\\\/#organization\"}}]}\n\t\t<\/script>\n\t\t<!-- All in One SEO Pro -->\r\n\t\t<title>Carro - Letterpress &amp; Foil Printing and Design | ChnPrint Studio<\/title>\n\n","aioseo_head_json":{"title":"Carro - Letterpress & Foil Printing and Design | ChnPrint Studio","description":"","canonical_url":"https:\/\/chnprints.com\/es\/carro\/","robots":"max-image-preview:large","keywords":"","webmasterTools":{"google-site-verification":"bCWEURESkI9sJaMHczw2gqISKxNjR6Mf9fHT_9LSu3M","miscellaneous":""},"schema":{"@context":"https:\/\/schema.org","@graph":[{"@type":"BreadcrumbList","@id":"https:\/\/chnprints.com\/es\/carro\/#breadcrumblist","itemListElement":[{"@type":"ListItem","@id":"https:\/\/chnprints.com\/es\/carro\/#listItem","position":1,"name":"Carro"}]},{"@type":"Organization","@id":"https:\/\/chnprints.com\/es\/#organization","name":"ChnPrintStudio Letterpress & Foil Printing and Design | Order Online Letterpress &amp; Foil Printing and Design | Order Online","description":"ChnPrintStudio","url":"https:\/\/chnprints.com\/es\/","logo":{"@type":"ImageObject","url":"https:\/\/chnprints.com\/wp-content\/uploads\/2024\/10\/weblogo.jpg?wsr","@id":"https:\/\/chnprints.com\/es\/carro\/#organizationLogo","width":112,"height":112},"image":{"@id":"https:\/\/chnprints.com\/es\/carro\/#organizationLogo"},"sameAs":["https:\/\/www.instagram.com\/chnprintstudio\/","https:\/\/www.tiktok.com\/@chnprintstudio","https:\/\/www.pinterest.com\/ChnPrintStudio\/"]},{"@type":"WebPage","@id":"https:\/\/chnprints.com\/es\/carro\/#webpage","url":"https:\/\/chnprints.com\/es\/carro\/","name":"Carro - Letterpress & Foil Printing and Design | ChnPrint Studio","inLanguage":"es-ES","isPartOf":{"@id":"https:\/\/chnprints.com\/es\/#website"},"breadcrumb":{"@id":"https:\/\/chnprints.com\/es\/carro\/#breadcrumblist"},"datePublished":"2024-09-09T05:08:01+08:00","dateModified":"2024-10-20T13:39:15+08:00"},{"@type":"WebSite","@id":"https:\/\/chnprints.com\/es\/#website","url":"https:\/\/chnprints.com\/es\/","name":"ChnPrintStudio","alternateName":"Luxury Business Card Printing | Order Online","description":"Letterpress & Foil Printing and Design | Order Online","inLanguage":"es-ES","publisher":{"@id":"https:\/\/chnprints.com\/es\/#organization"}}]},"og:locale":"es_ES","og:site_name":"ChnPrintStudio - Impresi\u00f3n y dise\u00f1o tipogr\u00e1fico y de l\u00e1minas | Ordene en l\u00ednea","og:type":"article","og:title":"Carro - Letterpress &amp; Foil Printing and Design | ChnPrint Studio","og:url":"https:\/\/chnprints.com\/es\/carro\/","article:published_time":"2024-09-08T21:08:01+00:00","article:modified_time":"2024-10-20T05:39:15+00:00","twitter:card":"summary_large_image","twitter:title":"Carro - Letterpress &amp; Foil Printing and Design | ChnPrint Studio"},"aioseo_meta_data":{"post_id":"4047","title":null,"description":null,"keywords":null,"keyphrases":{"focus":{"keyphrase":"","score":0,"analysis":{"keyphraseInTitle":{"score":0,"maxScore":9,"error":1}}},"additional":[]},"primary_term":null,"canonical_url":null,"og_title":null,"og_description":null,"og_object_type":"default","og_image_type":"default","og_image_url":null,"og_image_width":null,"og_image_height":null,"og_image_custom_url":null,"og_image_custom_fields":null,"og_video":"","og_custom_url":null,"og_article_section":null,"og_article_tags":null,"twitter_use_og":false,"twitter_card":"default","twitter_image_type":"default","twitter_image_url":null,"twitter_image_custom_url":null,"twitter_image_custom_fields":null,"twitter_title":null,"twitter_description":null,"schema":{"blockGraphs":[],"customGraphs":[],"default":{"data":{"Article":[],"Course":[],"Dataset":[],"FAQPage":[],"Movie":[],"Person":[],"Product":[],"ProductReview":[],"Car":[],"Recipe":[],"Service":[],"SoftwareApplication":[],"WebPage":[]},"graphName":"WebPage","isEnabled":true},"graphs":[]},"schema_type":"default","schema_type_options":null,"pillar_content":false,"robots_default":true,"robots_noindex":false,"robots_noarchive":false,"robots_nosnippet":false,"robots_nofollow":false,"robots_noimageindex":false,"robots_noodp":false,"robots_notranslate":false,"robots_max_snippet":"-1","robots_max_videopreview":"-1","robots_max_imagepreview":"large","priority":null,"frequency":"default","local_seo":null,"seo_analyzer_scan_date":"2026-02-09 17:18:51","breadcrumb_settings":null,"limit_modified_date":false,"ai":null,"created":"2024-10-20 05:39:14","updated":"2026-02-09 21:34:41"},"aioseo_breadcrumb":"<div class=\"aioseo-breadcrumbs\"><span class=\"aioseo-breadcrumb\">\n\tCarro\n<\/span><\/div>","aioseo_breadcrumb_json":[{"label":"Carro","link":"https:\/\/chnprints.com\/es\/carro\/"}],"_links":{"self":[{"href":"https:\/\/chnprints.com\/es\/wp-json\/wp\/v2\/pages\/4047","targetHints":{"allow":["GET"]}}],"collection":[{"href":"https:\/\/chnprints.com\/es\/wp-json\/wp\/v2\/pages"}],"about":[{"href":"https:\/\/chnprints.com\/es\/wp-json\/wp\/v2\/types\/page"}],"author":[{"embeddable":true,"href":"https:\/\/chnprints.com\/es\/wp-json\/wp\/v2\/users\/1"}],"replies":[{"embeddable":true,"href":"https:\/\/chnprints.com\/es\/wp-json\/wp\/v2\/comments?post=4047"}],"version-history":[{"count":0,"href":"https:\/\/chnprints.com\/es\/wp-json\/wp\/v2\/pages\/4047\/revisions"}],"wp:attachment":[{"href":"https:\/\/chnprints.com\/es\/wp-json\/wp\/v2\/media?parent=4047"}],"curies":[{"name":"wp","href":"https:\/\/api.w.org\/{rel}","templated":true}]}}