{"id":4044,"date":"2024-09-09T05:07:38","date_gmt":"2024-09-08T21:07:38","guid":{"rendered":"https:\/\/chnprints.com\/politica-de-envios\/"},"modified":"2024-10-20T13:39:14","modified_gmt":"2024-10-20T05:39:14","slug":"politica-de-envios","status":"publish","type":"page","link":"https:\/\/chnprints.com\/es\/politica-de-envios\/","title":{"rendered":"Pol\u00edtica de env\u00edos"},"content":{"rendered":"\t\t<div data-elementor-type=\"wp-page\" data-elementor-id=\"4044\" class=\"elementor elementor-4044 elementor-3\" data-elementor-post-type=\"page\">\n\t\t\t\t<div class=\"elementor-element elementor-element-7f64cf3 e-flex e-con-boxed e-con e-parent\" data-id=\"7f64cf3\" data-element_type=\"container\" data-e-type=\"container\">\n\t\t\t\t\t<div class=\"e-con-inner\">\n\t\t\t\t<div class=\"elementor-element elementor-element-d5d6843 elementor-widget elementor-widget-heading\" data-id=\"d5d6843\" data-element_type=\"widget\" data-e-type=\"widget\" data-widget_type=\"heading.default\">\n\t\t\t\t\t<h1 class=\"elementor-heading-title elementor-size-default\">Pol\u00edtica de env\u00edos<\/h1>\t\t\t\t<\/div>\n\t\t\t\t\t<\/div>\n\t\t\t\t<\/div>\n\t\t<div class=\"elementor-element elementor-element-badc048 e-flex e-con-boxed e-con e-parent\" data-id=\"badc048\" data-element_type=\"container\" data-e-type=\"container\">\n\t\t\t\t\t<div class=\"e-con-inner\">\n\t\t\t\t<div class=\"elementor-element elementor-element-9f2bda8 color-scheme-inherit text-left elementor-widget elementor-widget-text-editor\" data-id=\"9f2bda8\" data-element_type=\"widget\" data-e-type=\"widget\" data-widget_type=\"text-editor.default\">\n\t\t\t\t\t\t\t\t\t<h5>\u00bfQu\u00e9 m\u00e9todos de env\u00edo est\u00e1n disponibles?<\/h5>\n<div class=\"faq-section-content overflow-hidden collapsible-content mb-20\">\n<div class=\"faq_content-inner rich__text-m0\">\n<p>siempre que el monto supere los 100 USD, ChnPrintStudio proporcionar\u00e1 servicios de env\u00edo postal est\u00e1ndar de forma gratuita, con entrega en 8-15 d\u00edas h\u00e1biles a la mayor\u00eda de los pa\u00edses.<\/p>\n<p>Si desea recibir su paquete m\u00e1s r\u00e1pido, tambi\u00e9n podemos realizar entregas a trav\u00e9s de FedEx, con entrega en 3-7 d\u00edas h\u00e1biles a la mayor\u00eda de los pa\u00edses.<br \/>\nEl coste de env\u00edo espec\u00edfico se calcular\u00e1 en funci\u00f3n del peso del producto y del pa\u00eds en el que se encuentre. <\/p>\n<\/div>\n<\/div>\n<h5 class=\"faq-section-title h6 my-0 pointer py-20 relative collapsible-heading text-color hover-heading-color transition pe-12\">\u00bfRecibo una notificaci\u00f3n cuando se env\u00eda mi pedido?<\/h5>\n<div class=\"faq-section-content overflow-hidden collapsible-content mb-20\">\n<div class=\"faq_content-inner rich__text-m0\">\n<p>S\u00ed, una vez que se env\u00ede su pedido, deber\u00eda recibir un correo electr\u00f3nico con informaci\u00f3n de seguimiento de.<br \/>\nSi tiene una cuenta con nosotros, tambi\u00e9n puede ver el estado de su pedido desde su cuenta. <\/p>\n<\/div>\n<\/div>\n\t\t\t\t\t\t\t\t<\/div>\n\t\t\t\t\t<\/div>\n\t\t\t\t<\/div>\n\t\t\t\t<\/div>\n\t\t","protected":false},"excerpt":{"rendered":"<p>Pol\u00edtica de env\u00edos \u00bfQu\u00e9 m\u00e9todos de env\u00edo est\u00e1n disponibles? siempre que el monto supere los 100 USD, ChnPrintStudio proporcionar\u00e1 servicios<\/p>\n","protected":false},"author":1,"featured_media":0,"parent":0,"menu_order":4,"comment_status":"closed","ping_status":"open","template":"","meta":{"_acf_changed":false,"footnotes":""},"class_list":["post-4044","page","type-page","status-publish","hentry"],"acf":[],"aioseo_notices":[],"aioseo_head":"\n\t\t<!-- All in One SEO Pro 4.9.0 - aioseo.com -->\n\t<meta name=\"description\" content=\"Pol\u00edtica de env\u00edos \u00bfQu\u00e9 m\u00e9todos de env\u00edo est\u00e1n disponibles? siempre que el monto supere los 100 USD, ChnPrintStudio proporcionar\u00e1 servicios de env\u00edo postal est\u00e1ndar de forma gratuita, con entrega en 8-15 d\u00edas h\u00e1biles a la mayor\u00eda de los pa\u00edses. Si desea recibir su paquete m\u00e1s r\u00e1pido, tambi\u00e9n podemos realizar entregas a trav\u00e9s de FedEx, con\" \/>\n\t<meta name=\"robots\" content=\"max-image-preview:large\" \/>\n\t<meta name=\"google-site-verification\" content=\"bCWEURESkI9sJaMHczw2gqISKxNjR6Mf9fHT_9LSu3M\" \/>\n\t<link rel=\"canonical\" href=\"https:\/\/chnprints.com\/es\/politica-de-envios\/\" \/>\n\t<meta name=\"generator\" content=\"All in One SEO Pro (AIOSEO) 4.9.0\" \/>\n\t\t<meta property=\"og:locale\" content=\"es_ES\" \/>\n\t\t<meta property=\"og:site_name\" content=\"ChnPrintStudio - Impresi\u00f3n y dise\u00f1o tipogr\u00e1fico y de l\u00e1minas | Ordene en l\u00ednea\" \/>\n\t\t<meta property=\"og:type\" content=\"article\" \/>\n\t\t<meta property=\"og:title\" content=\"Pol\u00edtica de env\u00edos - Letterpress &amp; Foil Printing and Design | ChnPrint Studio\" \/>\n\t\t<meta property=\"og:description\" content=\"Pol\u00edtica de env\u00edos \u00bfQu\u00e9 m\u00e9todos de env\u00edo est\u00e1n disponibles? siempre que el monto supere los 100 USD, ChnPrintStudio proporcionar\u00e1 servicios de env\u00edo postal est\u00e1ndar de forma gratuita, con entrega en 8-15 d\u00edas h\u00e1biles a la mayor\u00eda de los pa\u00edses. Si desea recibir su paquete m\u00e1s r\u00e1pido, tambi\u00e9n podemos realizar entregas a trav\u00e9s de FedEx, con\" \/>\n\t\t<meta property=\"og:url\" content=\"https:\/\/chnprints.com\/es\/politica-de-envios\/\" \/>\n\t\t<meta property=\"article:published_time\" content=\"2024-09-08T21:07:38+00:00\" \/>\n\t\t<meta property=\"article:modified_time\" content=\"2024-10-20T05:39:14+00:00\" \/>\n\t\t<meta name=\"twitter:card\" content=\"summary_large_image\" \/>\n\t\t<meta name=\"twitter:title\" content=\"Pol\u00edtica de env\u00edos - Letterpress &amp; Foil Printing and Design | ChnPrint Studio\" \/>\n\t\t<meta name=\"twitter:description\" content=\"Pol\u00edtica de env\u00edos \u00bfQu\u00e9 m\u00e9todos de env\u00edo est\u00e1n disponibles? siempre que el monto supere los 100 USD, ChnPrintStudio proporcionar\u00e1 servicios de env\u00edo postal est\u00e1ndar de forma gratuita, con entrega en 8-15 d\u00edas h\u00e1biles a la mayor\u00eda de los pa\u00edses. Si desea recibir su paquete m\u00e1s r\u00e1pido, tambi\u00e9n podemos realizar entregas a trav\u00e9s de FedEx, con\" \/>\n\t\t<script type=\"application\/ld+json\" class=\"aioseo-schema\">\n\t\t\t{\"@context\":\"https:\\\/\\\/schema.org\",\"@graph\":[{\"@type\":\"BreadcrumbList\",\"@id\":\"https:\\\/\\\/chnprints.com\\\/es\\\/politica-de-envios\\\/#breadcrumblist\",\"itemListElement\":[{\"@type\":\"ListItem\",\"@id\":\"https:\\\/\\\/chnprints.com\\\/es\\\/politica-de-envios\\\/#listItem\",\"position\":1,\"name\":\"Pol\\u00edtica de env\\u00edos\"}]},{\"@type\":\"Organization\",\"@id\":\"https:\\\/\\\/chnprints.com\\\/es\\\/#organization\",\"name\":\"ChnPrintStudio Letterpress & Foil Printing and Design | Order Online Letterpress &amp; Foil Printing and Design | Order Online\",\"description\":\"ChnPrintStudio\",\"url\":\"https:\\\/\\\/chnprints.com\\\/es\\\/\",\"logo\":{\"@type\":\"ImageObject\",\"url\":\"https:\\\/\\\/chnprints.com\\\/wp-content\\\/uploads\\\/2024\\\/10\\\/weblogo.jpg?wsr\",\"@id\":\"https:\\\/\\\/chnprints.com\\\/es\\\/politica-de-envios\\\/#organizationLogo\",\"width\":112,\"height\":112},\"image\":{\"@id\":\"https:\\\/\\\/chnprints.com\\\/es\\\/politica-de-envios\\\/#organizationLogo\"},\"sameAs\":[\"https:\\\/\\\/www.instagram.com\\\/chnprintstudio\\\/\",\"https:\\\/\\\/www.tiktok.com\\\/@chnprintstudio\",\"https:\\\/\\\/www.pinterest.com\\\/ChnPrintStudio\\\/\"]},{\"@type\":\"WebPage\",\"@id\":\"https:\\\/\\\/chnprints.com\\\/es\\\/politica-de-envios\\\/#webpage\",\"url\":\"https:\\\/\\\/chnprints.com\\\/es\\\/politica-de-envios\\\/\",\"name\":\"Pol\\u00edtica de env\\u00edos - Letterpress & Foil Printing and Design | ChnPrint Studio\",\"description\":\"Pol\\u00edtica de env\\u00edos \\u00bfQu\\u00e9 m\\u00e9todos de env\\u00edo est\\u00e1n disponibles? siempre que el monto supere los 100 USD, ChnPrintStudio proporcionar\\u00e1 servicios de env\\u00edo postal est\\u00e1ndar de forma gratuita, con entrega en 8-15 d\\u00edas h\\u00e1biles a la mayor\\u00eda de los pa\\u00edses. Si desea recibir su paquete m\\u00e1s r\\u00e1pido, tambi\\u00e9n podemos realizar entregas a trav\\u00e9s de FedEx, con\",\"inLanguage\":\"es-ES\",\"isPartOf\":{\"@id\":\"https:\\\/\\\/chnprints.com\\\/es\\\/#website\"},\"breadcrumb\":{\"@id\":\"https:\\\/\\\/chnprints.com\\\/es\\\/politica-de-envios\\\/#breadcrumblist\"},\"datePublished\":\"2024-09-09T05:07:38+08:00\",\"dateModified\":\"2024-10-20T13:39:14+08:00\"},{\"@type\":\"WebSite\",\"@id\":\"https:\\\/\\\/chnprints.com\\\/es\\\/#website\",\"url\":\"https:\\\/\\\/chnprints.com\\\/es\\\/\",\"name\":\"ChnPrintStudio\",\"alternateName\":\"Luxury Business Card Printing | Order Online\",\"description\":\"Letterpress & Foil Printing and Design | Order Online\",\"inLanguage\":\"es-ES\",\"publisher\":{\"@id\":\"https:\\\/\\\/chnprints.com\\\/es\\\/#organization\"}}]}\n\t\t<\/script>\n\t\t<!-- All in One SEO Pro -->\r\n\t\t<title>Pol\u00edtica de env\u00edos - Letterpress &amp; Foil Printing and Design | ChnPrint Studio<\/title>\n\n","aioseo_head_json":{"title":"Pol\u00edtica de env\u00edos - Letterpress & Foil Printing and Design | ChnPrint Studio","description":"Pol\u00edtica de env\u00edos \u00bfQu\u00e9 m\u00e9todos de env\u00edo est\u00e1n disponibles? siempre que el monto supere los 100 USD, ChnPrintStudio proporcionar\u00e1 servicios de env\u00edo postal est\u00e1ndar de forma gratuita, con entrega en 8-15 d\u00edas h\u00e1biles a la mayor\u00eda de los pa\u00edses. Si desea recibir su paquete m\u00e1s r\u00e1pido, tambi\u00e9n podemos realizar entregas a trav\u00e9s de FedEx, con","canonical_url":"https:\/\/chnprints.com\/es\/politica-de-envios\/","robots":"max-image-preview:large","keywords":"","webmasterTools":{"google-site-verification":"bCWEURESkI9sJaMHczw2gqISKxNjR6Mf9fHT_9LSu3M","miscellaneous":""},"schema":{"@context":"https:\/\/schema.org","@graph":[{"@type":"BreadcrumbList","@id":"https:\/\/chnprints.com\/es\/politica-de-envios\/#breadcrumblist","itemListElement":[{"@type":"ListItem","@id":"https:\/\/chnprints.com\/es\/politica-de-envios\/#listItem","position":1,"name":"Pol\u00edtica de env\u00edos"}]},{"@type":"Organization","@id":"https:\/\/chnprints.com\/es\/#organization","name":"ChnPrintStudio Letterpress & Foil Printing and Design | Order Online Letterpress &amp; Foil Printing and Design | Order Online","description":"ChnPrintStudio","url":"https:\/\/chnprints.com\/es\/","logo":{"@type":"ImageObject","url":"https:\/\/chnprints.com\/wp-content\/uploads\/2024\/10\/weblogo.jpg?wsr","@id":"https:\/\/chnprints.com\/es\/politica-de-envios\/#organizationLogo","width":112,"height":112},"image":{"@id":"https:\/\/chnprints.com\/es\/politica-de-envios\/#organizationLogo"},"sameAs":["https:\/\/www.instagram.com\/chnprintstudio\/","https:\/\/www.tiktok.com\/@chnprintstudio","https:\/\/www.pinterest.com\/ChnPrintStudio\/"]},{"@type":"WebPage","@id":"https:\/\/chnprints.com\/es\/politica-de-envios\/#webpage","url":"https:\/\/chnprints.com\/es\/politica-de-envios\/","name":"Pol\u00edtica de env\u00edos - Letterpress & Foil Printing and Design | ChnPrint Studio","description":"Pol\u00edtica de env\u00edos \u00bfQu\u00e9 m\u00e9todos de env\u00edo est\u00e1n disponibles? siempre que el monto supere los 100 USD, ChnPrintStudio proporcionar\u00e1 servicios de env\u00edo postal est\u00e1ndar de forma gratuita, con entrega en 8-15 d\u00edas h\u00e1biles a la mayor\u00eda de los pa\u00edses. Si desea recibir su paquete m\u00e1s r\u00e1pido, tambi\u00e9n podemos realizar entregas a trav\u00e9s de FedEx, con","inLanguage":"es-ES","isPartOf":{"@id":"https:\/\/chnprints.com\/es\/#website"},"breadcrumb":{"@id":"https:\/\/chnprints.com\/es\/politica-de-envios\/#breadcrumblist"},"datePublished":"2024-09-09T05:07:38+08:00","dateModified":"2024-10-20T13:39:14+08:00"},{"@type":"WebSite","@id":"https:\/\/chnprints.com\/es\/#website","url":"https:\/\/chnprints.com\/es\/","name":"ChnPrintStudio","alternateName":"Luxury Business Card Printing | Order Online","description":"Letterpress & Foil Printing and Design | Order Online","inLanguage":"es-ES","publisher":{"@id":"https:\/\/chnprints.com\/es\/#organization"}}]},"og:locale":"es_ES","og:site_name":"ChnPrintStudio - Impresi\u00f3n y dise\u00f1o tipogr\u00e1fico y de l\u00e1minas | Ordene en l\u00ednea","og:type":"article","og:title":"Pol\u00edtica de env\u00edos - Letterpress &amp; Foil Printing and Design | ChnPrint Studio","og:description":"Pol\u00edtica de env\u00edos \u00bfQu\u00e9 m\u00e9todos de env\u00edo est\u00e1n disponibles? siempre que el monto supere los 100 USD, ChnPrintStudio proporcionar\u00e1 servicios de env\u00edo postal est\u00e1ndar de forma gratuita, con entrega en 8-15 d\u00edas h\u00e1biles a la mayor\u00eda de los pa\u00edses. Si desea recibir su paquete m\u00e1s r\u00e1pido, tambi\u00e9n podemos realizar entregas a trav\u00e9s de FedEx, con","og:url":"https:\/\/chnprints.com\/es\/politica-de-envios\/","article:published_time":"2024-09-08T21:07:38+00:00","article:modified_time":"2024-10-20T05:39:14+00:00","twitter:card":"summary_large_image","twitter:title":"Pol\u00edtica de env\u00edos - Letterpress &amp; Foil Printing and Design | ChnPrint Studio","twitter:description":"Pol\u00edtica de env\u00edos \u00bfQu\u00e9 m\u00e9todos de env\u00edo est\u00e1n disponibles? siempre que el monto supere los 100 USD, ChnPrintStudio proporcionar\u00e1 servicios de env\u00edo postal est\u00e1ndar de forma gratuita, con entrega en 8-15 d\u00edas h\u00e1biles a la mayor\u00eda de los pa\u00edses. Si desea recibir su paquete m\u00e1s r\u00e1pido, tambi\u00e9n podemos realizar entregas a trav\u00e9s de FedEx, con"},"aioseo_meta_data":{"post_id":"4044","title":null,"description":null,"keywords":null,"keyphrases":null,"primary_term":null,"canonical_url":null,"og_title":null,"og_description":null,"og_object_type":"default","og_image_type":"default","og_image_url":null,"og_image_width":null,"og_image_height":null,"og_image_custom_url":null,"og_image_custom_fields":null,"og_video":null,"og_custom_url":null,"og_article_section":null,"og_article_tags":null,"twitter_use_og":false,"twitter_card":"default","twitter_image_type":"default","twitter_image_url":null,"twitter_image_custom_url":null,"twitter_image_custom_fields":null,"twitter_title":null,"twitter_description":null,"schema":{"blockGraphs":[],"customGraphs":[],"default":{"data":{"Article":[],"Course":[],"Dataset":[],"FAQPage":[],"Movie":[],"Person":[],"Product":[],"ProductReview":[],"Car":[],"Recipe":[],"Service":[],"SoftwareApplication":[],"WebPage":[]},"graphName":"","isEnabled":true},"graphs":[]},"schema_type":"default","schema_type_options":null,"pillar_content":false,"robots_default":true,"robots_noindex":false,"robots_noarchive":false,"robots_nosnippet":false,"robots_nofollow":false,"robots_noimageindex":false,"robots_noodp":false,"robots_notranslate":false,"robots_max_snippet":null,"robots_max_videopreview":null,"robots_max_imagepreview":"large","priority":null,"frequency":null,"local_seo":null,"seo_analyzer_scan_date":"2026-02-09 17:25:14","breadcrumb_settings":null,"limit_modified_date":false,"ai":null,"created":"2024-10-20 05:39:13","updated":"2026-02-09 21:34:41"},"aioseo_breadcrumb":"<div class=\"aioseo-breadcrumbs\"><span class=\"aioseo-breadcrumb\">\n\tPol\u00edtica de env\u00edos\n<\/span><\/div>","aioseo_breadcrumb_json":[{"label":"Pol\u00edtica de env\u00edos","link":"https:\/\/chnprints.com\/es\/politica-de-envios\/"}],"_links":{"self":[{"href":"https:\/\/chnprints.com\/es\/wp-json\/wp\/v2\/pages\/4044","targetHints":{"allow":["GET"]}}],"collection":[{"href":"https:\/\/chnprints.com\/es\/wp-json\/wp\/v2\/pages"}],"about":[{"href":"https:\/\/chnprints.com\/es\/wp-json\/wp\/v2\/types\/page"}],"author":[{"embeddable":true,"href":"https:\/\/chnprints.com\/es\/wp-json\/wp\/v2\/users\/1"}],"replies":[{"embeddable":true,"href":"https:\/\/chnprints.com\/es\/wp-json\/wp\/v2\/comments?post=4044"}],"version-history":[{"count":0,"href":"https:\/\/chnprints.com\/es\/wp-json\/wp\/v2\/pages\/4044\/revisions"}],"wp:attachment":[{"href":"https:\/\/chnprints.com\/es\/wp-json\/wp\/v2\/media?parent=4044"}],"curies":[{"name":"wp","href":"https:\/\/api.w.org\/{rel}","templated":true}]}}