{"id":3508,"date":"2024-09-29T14:07:41","date_gmt":"2024-09-29T06:07:41","guid":{"rendered":"https:\/\/chnprints.com\/privacy-policy\/"},"modified":"2024-10-20T23:48:52","modified_gmt":"2024-10-20T15:48:52","slug":"politica-de-privacidad","status":"publish","type":"page","link":"https:\/\/chnprints.com\/es\/politica-de-privacidad\/","title":{"rendered":"Pol\u00edtica de privacidad"},"content":{"rendered":"\t\t<div data-elementor-type=\"wp-page\" data-elementor-id=\"3508\" class=\"elementor elementor-3508 elementor-10\" data-elementor-post-type=\"page\">\n\t\t\t\t<div class=\"elementor-element elementor-element-e1f4fc2 e-flex e-con-boxed e-con e-parent\" data-id=\"e1f4fc2\" data-element_type=\"container\" data-e-type=\"container\">\n\t\t\t\t\t<div class=\"e-con-inner\">\n\t\t\t\t<div class=\"elementor-element elementor-element-0783d3a elementor-widget elementor-widget-heading\" data-id=\"0783d3a\" data-element_type=\"widget\" data-e-type=\"widget\" data-widget_type=\"heading.default\">\n\t\t\t\t\t<h1 class=\"elementor-heading-title elementor-size-default\">Pol\u00edtica de privacidad<\/h1>\t\t\t\t<\/div>\n\t\t\t\t<div class=\"elementor-element elementor-element-10bd4a3 color-scheme-inherit text-left elementor-widget elementor-widget-text-editor\" data-id=\"10bd4a3\" data-element_type=\"widget\" data-e-type=\"widget\" data-widget_type=\"text-editor.default\">\n\t\t\t\t\t\t\t\t\t<h5><strong>Declaraci\u00f3n de Pol\u00edtica de Privacidad<\/strong><\/h5>\n<p>Aqu\u00ed en <u>ChnPrintStudio<\/u>, la confianza que nuestros clientes conf\u00edan en nosotros cuando revelan sus datos privados es algo que tenemos en alta estima.<br \/>\nEsta Declaraci\u00f3n de Pol\u00edtica de Privacidad est\u00e1 dedicada a aclarar la forma en que recopilamos, utilizamos y salvaguardamos la informaci\u00f3n personal que proporciona mientras interact\u00faa con nuestro sitio web y servicios. <\/p>\n<h5><strong>Recopilaci\u00f3n de datos personales<\/strong><\/h5>\n<p>En caso de que interact\u00fae con nuestro sitio para realizar pedidos, solicitudes de cotizaci\u00f3n o se comunique con nosotros a trav\u00e9s de varios medios, podemos recopilar sus datos personales.<br \/>\nEsto abarca su nombre completo, direcci\u00f3n de correo electr\u00f3nico, n\u00famero de contacto y direcci\u00f3n postal.<br \/>\nAdem\u00e1s, podemos recopilar detalles relacionados con su pedido o consulta, como los productos o servicios solicitados, los detalles de entrega y los detalles de pago.  <\/p>\n<h5><strong>Utilizaci\u00f3n de datos personales<\/strong><\/h5>\n<p>Sus datos personales se utilizan para ejecutar sus pedidos, responder a sus cotizaciones, mejorar nuestras ofertas y para futuras comunicaciones relacionadas con sus pedidos, eventos promocionales y actualizaciones adicionales pertinentes.<br \/>\nProhibimos estrictamente el intercambio de sus datos personales con terceros por motivos promocionales. <\/p>\n<p>Podemos compartir sus datos personales con entidades de terceros que nos ayudan a completar pedidos y prestar servicios, incluidos mensajeros, procesadores de pagos y plataformas de marketing.<br \/>\nDichas entidades est\u00e1n obligadas a proteger sus datos personales y est\u00e1n restringidas a utilizarlos \u00fanicamente para los fines designados que describ\u00edamos. <\/p>\n<p>Podemos divulgar sus datos personales cuando as\u00ed lo exija la ley, para salvaguardar nuestros derechos o posesiones, o para evitar posibles da\u00f1os a nosotros o a otros.<\/p>\n<h5><strong>Cookies y tecnolog\u00edas an\u00e1logas<\/strong><\/h5>\n<p>Para enriquecer su experiencia en nuestra plataforma y ofrecer publicidad relevante, empleamos cookies y tecnolog\u00edas similares a ellas.<br \/>\nLas cookies son fragmentos de datos diminutos que se almacenan en su dispositivo al visitar nuestro sitio web, lo que nos permite identificar su dispositivo y recordar sus preferencias y actividades hist\u00f3ricas. <\/p>\n<p>Usted mantiene el control sobre las cookies a trav\u00e9s de las configuraciones de su navegador y puede optar por no recibir publicidad dirigida a trav\u00e9s de la iniciativa AdChoices.<\/p>\n<h5><strong>Protecci\u00f3n de datos<\/strong><\/h5>\n<p>Implementamos salvaguardas sensatas para proteger sus datos personales contra intrusiones, explotaciones y divulgaciones no autorizadas.<br \/>\nEsto incluye la implementaci\u00f3n de servidores seguros, pr\u00e1cticas de cifrado y otras medidas de seguridad alineadas con los est\u00e1ndares de la industria.<br \/>\nSin embargo, no se puede garantizar la seguridad absoluta y no somos responsables del acceso o uso no autorizado m\u00e1s all\u00e1 de nuestro alcance regulatorio.  <\/p>\n<h5><strong>Acceso y modificaci\u00f3n de sus datos personales<\/strong><\/h5>\n<p>Tiene la posibilidad de acceder y modificar sus datos personales poni\u00e9ndose en contacto con nosotros utilizando la informaci\u00f3n de contacto disponible en nuestro sitio web.<\/p>\n<h5><strong>Modificaciones de la pol\u00edtica<\/strong><\/h5>\n<p>Nos reservamos el derecho de modificar peri\u00f3dicamente esta Pol\u00edtica de Privacidad y anunciaremos cualquier actualizaci\u00f3n en nuestro sitio web.<br \/>\nSe recomienda que revise nuestra pol\u00edtica a intervalos regulares para mantenerse informado sobre c\u00f3mo administramos, empleamos y protegemos su informaci\u00f3n personal. <\/p>\n<h5><strong>Con\u00e9ctate con nosotros<\/strong><\/h5>\n<p>Para cualquier consulta o inquietud con respecto a nuestra Pol\u00edtica de privacidad, no dude en comunicarse con nosotros.<\/p>\n\t\t\t\t\t\t\t\t<\/div>\n\t\t\t\t\t<\/div>\n\t\t\t\t<\/div>\n\t\t\t\t<\/div>\n\t\t","protected":false},"excerpt":{"rendered":"<p>Pol\u00edtica de privacidad Declaraci\u00f3n de Pol\u00edtica de Privacidad Aqu\u00ed en ChnPrintStudio, la confianza que nuestros clientes conf\u00edan en nosotros cuando<\/p>\n","protected":false},"author":1,"featured_media":0,"parent":0,"menu_order":8,"comment_status":"closed","ping_status":"closed","template":"","meta":{"_acf_changed":false,"footnotes":""},"class_list":["post-3508","page","type-page","status-publish","hentry"],"acf":[],"aioseo_notices":[],"aioseo_head":"\n\t\t<!-- All in One SEO Pro 4.9.0 - aioseo.com -->\n\t<meta name=\"description\" content=\"Pol\u00edtica de privacidad Declaraci\u00f3n de Pol\u00edtica de Privacidad Aqu\u00ed en ChnPrintStudio, la confianza que nuestros clientes conf\u00edan en nosotros cuando revelan sus datos privados es algo que tenemos en alta estima. Esta Declaraci\u00f3n de Pol\u00edtica de Privacidad est\u00e1 dedicada a aclarar la forma en que recopilamos, utilizamos y salvaguardamos la informaci\u00f3n personal que proporciona mientras\" \/>\n\t<meta name=\"robots\" content=\"max-image-preview:large\" \/>\n\t<meta name=\"google-site-verification\" content=\"bCWEURESkI9sJaMHczw2gqISKxNjR6Mf9fHT_9LSu3M\" \/>\n\t<link rel=\"canonical\" href=\"https:\/\/chnprints.com\/es\/politica-de-privacidad\/\" \/>\n\t<meta name=\"generator\" content=\"All in One SEO Pro (AIOSEO) 4.9.0\" \/>\n\t\t<meta property=\"og:locale\" content=\"es_ES\" \/>\n\t\t<meta property=\"og:site_name\" content=\"ChnPrintStudio - Impresi\u00f3n y dise\u00f1o tipogr\u00e1fico y de l\u00e1minas | Ordene en l\u00ednea\" \/>\n\t\t<meta property=\"og:type\" content=\"article\" \/>\n\t\t<meta property=\"og:title\" content=\"Pol\u00edtica de privacidad - Letterpress &amp; Foil Printing and Design | ChnPrint Studio\" \/>\n\t\t<meta property=\"og:description\" content=\"Pol\u00edtica de privacidad Declaraci\u00f3n de Pol\u00edtica de Privacidad Aqu\u00ed en ChnPrintStudio, la confianza que nuestros clientes conf\u00edan en nosotros cuando revelan sus datos privados es algo que tenemos en alta estima. Esta Declaraci\u00f3n de Pol\u00edtica de Privacidad est\u00e1 dedicada a aclarar la forma en que recopilamos, utilizamos y salvaguardamos la informaci\u00f3n personal que proporciona mientras\" \/>\n\t\t<meta property=\"og:url\" content=\"https:\/\/chnprints.com\/es\/politica-de-privacidad\/\" \/>\n\t\t<meta property=\"article:published_time\" content=\"2024-09-29T06:07:41+00:00\" \/>\n\t\t<meta property=\"article:modified_time\" content=\"2024-10-20T15:48:52+00:00\" \/>\n\t\t<meta name=\"twitter:card\" content=\"summary_large_image\" \/>\n\t\t<meta name=\"twitter:title\" content=\"Pol\u00edtica de privacidad - Letterpress &amp; Foil Printing and Design | ChnPrint Studio\" \/>\n\t\t<meta name=\"twitter:description\" content=\"Pol\u00edtica de privacidad Declaraci\u00f3n de Pol\u00edtica de Privacidad Aqu\u00ed en ChnPrintStudio, la confianza que nuestros clientes conf\u00edan en nosotros cuando revelan sus datos privados es algo que tenemos en alta estima. Esta Declaraci\u00f3n de Pol\u00edtica de Privacidad est\u00e1 dedicada a aclarar la forma en que recopilamos, utilizamos y salvaguardamos la informaci\u00f3n personal que proporciona mientras\" \/>\n\t\t<script type=\"application\/ld+json\" class=\"aioseo-schema\">\n\t\t\t{\"@context\":\"https:\\\/\\\/schema.org\",\"@graph\":[{\"@type\":\"BreadcrumbList\",\"@id\":\"https:\\\/\\\/chnprints.com\\\/es\\\/politica-de-privacidad\\\/#breadcrumblist\",\"itemListElement\":[{\"@type\":\"ListItem\",\"@id\":\"https:\\\/\\\/chnprints.com\\\/es\\\/politica-de-privacidad\\\/#listItem\",\"position\":1,\"name\":\"Pol\\u00edtica de privacidad\"}]},{\"@type\":\"Organization\",\"@id\":\"https:\\\/\\\/chnprints.com\\\/es\\\/#organization\",\"name\":\"ChnPrintStudio Letterpress & Foil Printing and Design | Order Online Letterpress &amp; Foil Printing and Design | Order Online\",\"description\":\"ChnPrintStudio\",\"url\":\"https:\\\/\\\/chnprints.com\\\/es\\\/\",\"logo\":{\"@type\":\"ImageObject\",\"url\":\"https:\\\/\\\/chnprints.com\\\/wp-content\\\/uploads\\\/2024\\\/10\\\/weblogo.jpg?wsr\",\"@id\":\"https:\\\/\\\/chnprints.com\\\/es\\\/politica-de-privacidad\\\/#organizationLogo\",\"width\":112,\"height\":112},\"image\":{\"@id\":\"https:\\\/\\\/chnprints.com\\\/es\\\/politica-de-privacidad\\\/#organizationLogo\"},\"sameAs\":[\"https:\\\/\\\/www.instagram.com\\\/chnprintstudio\\\/\",\"https:\\\/\\\/www.tiktok.com\\\/@chnprintstudio\",\"https:\\\/\\\/www.pinterest.com\\\/ChnPrintStudio\\\/\"]},{\"@type\":\"WebPage\",\"@id\":\"https:\\\/\\\/chnprints.com\\\/es\\\/politica-de-privacidad\\\/#webpage\",\"url\":\"https:\\\/\\\/chnprints.com\\\/es\\\/politica-de-privacidad\\\/\",\"name\":\"Pol\\u00edtica de privacidad - Letterpress & Foil Printing and Design | ChnPrint Studio\",\"description\":\"Pol\\u00edtica de privacidad Declaraci\\u00f3n de Pol\\u00edtica de Privacidad Aqu\\u00ed en ChnPrintStudio, la confianza que nuestros clientes conf\\u00edan en nosotros cuando revelan sus datos privados es algo que tenemos en alta estima. Esta Declaraci\\u00f3n de Pol\\u00edtica de Privacidad est\\u00e1 dedicada a aclarar la forma en que recopilamos, utilizamos y salvaguardamos la informaci\\u00f3n personal que proporciona mientras\",\"inLanguage\":\"es-ES\",\"isPartOf\":{\"@id\":\"https:\\\/\\\/chnprints.com\\\/es\\\/#website\"},\"breadcrumb\":{\"@id\":\"https:\\\/\\\/chnprints.com\\\/es\\\/politica-de-privacidad\\\/#breadcrumblist\"},\"datePublished\":\"2024-09-29T14:07:41+08:00\",\"dateModified\":\"2024-10-20T23:48:52+08:00\"},{\"@type\":\"WebSite\",\"@id\":\"https:\\\/\\\/chnprints.com\\\/es\\\/#website\",\"url\":\"https:\\\/\\\/chnprints.com\\\/es\\\/\",\"name\":\"ChnPrintStudio\",\"alternateName\":\"Luxury Business Card Printing | Order Online\",\"description\":\"Letterpress & Foil Printing and Design | Order Online\",\"inLanguage\":\"es-ES\",\"publisher\":{\"@id\":\"https:\\\/\\\/chnprints.com\\\/es\\\/#organization\"}}]}\n\t\t<\/script>\n\t\t<!-- All in One SEO Pro -->\r\n\t\t<title>Pol\u00edtica de privacidad - Letterpress &amp; Foil Printing and Design | ChnPrint Studio<\/title>\n\n","aioseo_head_json":{"title":"Pol\u00edtica de privacidad - Letterpress & Foil Printing and Design | ChnPrint Studio","description":"Pol\u00edtica de privacidad Declaraci\u00f3n de Pol\u00edtica de Privacidad Aqu\u00ed en ChnPrintStudio, la confianza que nuestros clientes conf\u00edan en nosotros cuando revelan sus datos privados es algo que tenemos en alta estima. Esta Declaraci\u00f3n de Pol\u00edtica de Privacidad est\u00e1 dedicada a aclarar la forma en que recopilamos, utilizamos y salvaguardamos la informaci\u00f3n personal que proporciona mientras","canonical_url":"https:\/\/chnprints.com\/es\/politica-de-privacidad\/","robots":"max-image-preview:large","keywords":"","webmasterTools":{"google-site-verification":"bCWEURESkI9sJaMHczw2gqISKxNjR6Mf9fHT_9LSu3M","miscellaneous":""},"schema":{"@context":"https:\/\/schema.org","@graph":[{"@type":"BreadcrumbList","@id":"https:\/\/chnprints.com\/es\/politica-de-privacidad\/#breadcrumblist","itemListElement":[{"@type":"ListItem","@id":"https:\/\/chnprints.com\/es\/politica-de-privacidad\/#listItem","position":1,"name":"Pol\u00edtica de privacidad"}]},{"@type":"Organization","@id":"https:\/\/chnprints.com\/es\/#organization","name":"ChnPrintStudio Letterpress & Foil Printing and Design | Order Online Letterpress &amp; Foil Printing and Design | Order Online","description":"ChnPrintStudio","url":"https:\/\/chnprints.com\/es\/","logo":{"@type":"ImageObject","url":"https:\/\/chnprints.com\/wp-content\/uploads\/2024\/10\/weblogo.jpg?wsr","@id":"https:\/\/chnprints.com\/es\/politica-de-privacidad\/#organizationLogo","width":112,"height":112},"image":{"@id":"https:\/\/chnprints.com\/es\/politica-de-privacidad\/#organizationLogo"},"sameAs":["https:\/\/www.instagram.com\/chnprintstudio\/","https:\/\/www.tiktok.com\/@chnprintstudio","https:\/\/www.pinterest.com\/ChnPrintStudio\/"]},{"@type":"WebPage","@id":"https:\/\/chnprints.com\/es\/politica-de-privacidad\/#webpage","url":"https:\/\/chnprints.com\/es\/politica-de-privacidad\/","name":"Pol\u00edtica de privacidad - Letterpress & Foil Printing and Design | ChnPrint Studio","description":"Pol\u00edtica de privacidad Declaraci\u00f3n de Pol\u00edtica de Privacidad Aqu\u00ed en ChnPrintStudio, la confianza que nuestros clientes conf\u00edan en nosotros cuando revelan sus datos privados es algo que tenemos en alta estima. Esta Declaraci\u00f3n de Pol\u00edtica de Privacidad est\u00e1 dedicada a aclarar la forma en que recopilamos, utilizamos y salvaguardamos la informaci\u00f3n personal que proporciona mientras","inLanguage":"es-ES","isPartOf":{"@id":"https:\/\/chnprints.com\/es\/#website"},"breadcrumb":{"@id":"https:\/\/chnprints.com\/es\/politica-de-privacidad\/#breadcrumblist"},"datePublished":"2024-09-29T14:07:41+08:00","dateModified":"2024-10-20T23:48:52+08:00"},{"@type":"WebSite","@id":"https:\/\/chnprints.com\/es\/#website","url":"https:\/\/chnprints.com\/es\/","name":"ChnPrintStudio","alternateName":"Luxury Business Card Printing | Order Online","description":"Letterpress & Foil Printing and Design | Order Online","inLanguage":"es-ES","publisher":{"@id":"https:\/\/chnprints.com\/es\/#organization"}}]},"og:locale":"es_ES","og:site_name":"ChnPrintStudio - Impresi\u00f3n y dise\u00f1o tipogr\u00e1fico y de l\u00e1minas | Ordene en l\u00ednea","og:type":"article","og:title":"Pol\u00edtica de privacidad - Letterpress &amp; Foil Printing and Design | ChnPrint Studio","og:description":"Pol\u00edtica de privacidad Declaraci\u00f3n de Pol\u00edtica de Privacidad Aqu\u00ed en ChnPrintStudio, la confianza que nuestros clientes conf\u00edan en nosotros cuando revelan sus datos privados es algo que tenemos en alta estima. Esta Declaraci\u00f3n de Pol\u00edtica de Privacidad est\u00e1 dedicada a aclarar la forma en que recopilamos, utilizamos y salvaguardamos la informaci\u00f3n personal que proporciona mientras","og:url":"https:\/\/chnprints.com\/es\/politica-de-privacidad\/","article:published_time":"2024-09-29T06:07:41+00:00","article:modified_time":"2024-10-20T15:48:52+00:00","twitter:card":"summary_large_image","twitter:title":"Pol\u00edtica de privacidad - Letterpress &amp; Foil Printing and Design | ChnPrint Studio","twitter:description":"Pol\u00edtica de privacidad Declaraci\u00f3n de Pol\u00edtica de Privacidad Aqu\u00ed en ChnPrintStudio, la confianza que nuestros clientes conf\u00edan en nosotros cuando revelan sus datos privados es algo que tenemos en alta estima. Esta Declaraci\u00f3n de Pol\u00edtica de Privacidad est\u00e1 dedicada a aclarar la forma en que recopilamos, utilizamos y salvaguardamos la informaci\u00f3n personal que proporciona mientras"},"aioseo_meta_data":{"post_id":"3508","title":null,"description":null,"keywords":null,"keyphrases":null,"primary_term":null,"canonical_url":null,"og_title":null,"og_description":null,"og_object_type":"default","og_image_type":"default","og_image_url":null,"og_image_width":null,"og_image_height":null,"og_image_custom_url":null,"og_image_custom_fields":null,"og_video":"","og_custom_url":null,"og_article_section":null,"og_article_tags":null,"twitter_use_og":false,"twitter_card":"default","twitter_image_type":"default","twitter_image_url":null,"twitter_image_custom_url":null,"twitter_image_custom_fields":null,"twitter_title":null,"twitter_description":null,"schema":{"blockGraphs":[],"customGraphs":[],"default":{"data":{"Article":[],"Course":[],"Dataset":[],"FAQPage":[],"Movie":[],"Person":[],"Product":[],"ProductReview":[],"Car":[],"Recipe":[],"Service":[],"SoftwareApplication":[],"WebPage":[]},"graphName":"","isEnabled":true},"graphs":[]},"schema_type":"default","schema_type_options":null,"pillar_content":false,"robots_default":true,"robots_noindex":false,"robots_noarchive":false,"robots_nosnippet":false,"robots_nofollow":false,"robots_noimageindex":false,"robots_noodp":false,"robots_notranslate":false,"robots_max_snippet":"-1","robots_max_videopreview":"-1","robots_max_imagepreview":"large","priority":null,"frequency":"default","local_seo":null,"seo_analyzer_scan_date":"2026-02-09 17:39:08","breadcrumb_settings":null,"limit_modified_date":false,"ai":null,"created":"2024-10-20 00:14:03","updated":"2026-02-09 21:34:41"},"aioseo_breadcrumb":"<div class=\"aioseo-breadcrumbs\"><span class=\"aioseo-breadcrumb\">\n\tPol\u00edtica de privacidad\n<\/span><\/div>","aioseo_breadcrumb_json":[{"label":"Pol\u00edtica de privacidad","link":"https:\/\/chnprints.com\/es\/politica-de-privacidad\/"}],"_links":{"self":[{"href":"https:\/\/chnprints.com\/es\/wp-json\/wp\/v2\/pages\/3508","targetHints":{"allow":["GET"]}}],"collection":[{"href":"https:\/\/chnprints.com\/es\/wp-json\/wp\/v2\/pages"}],"about":[{"href":"https:\/\/chnprints.com\/es\/wp-json\/wp\/v2\/types\/page"}],"author":[{"embeddable":true,"href":"https:\/\/chnprints.com\/es\/wp-json\/wp\/v2\/users\/1"}],"replies":[{"embeddable":true,"href":"https:\/\/chnprints.com\/es\/wp-json\/wp\/v2\/comments?post=3508"}],"version-history":[{"count":0,"href":"https:\/\/chnprints.com\/es\/wp-json\/wp\/v2\/pages\/3508\/revisions"}],"wp:attachment":[{"href":"https:\/\/chnprints.com\/es\/wp-json\/wp\/v2\/media?parent=3508"}],"curies":[{"name":"wp","href":"https:\/\/api.w.org\/{rel}","templated":true}]}}