{"id":3506,"date":"2024-09-29T14:41:24","date_gmt":"2024-09-29T06:41:24","guid":{"rendered":"https:\/\/chnprints.com\/terms-of-service\/"},"modified":"2024-10-20T23:48:27","modified_gmt":"2024-10-20T15:48:27","slug":"terminos-de-servicio","status":"publish","type":"page","link":"https:\/\/chnprints.com\/es\/terminos-de-servicio\/","title":{"rendered":"T\u00e9rminos de servicio"},"content":{"rendered":"\t\t<div data-elementor-type=\"wp-page\" data-elementor-id=\"3506\" class=\"elementor elementor-3506 elementor-1221\" data-elementor-post-type=\"page\">\n\t\t\t\t<div class=\"elementor-element elementor-element-6880bdb e-flex e-con-boxed e-con e-parent\" data-id=\"6880bdb\" data-element_type=\"container\" data-e-type=\"container\">\n\t\t\t\t\t<div class=\"e-con-inner\">\n\t\t\t\t<div class=\"elementor-element elementor-element-0dee501 elementor-widget elementor-widget-heading\" data-id=\"0dee501\" data-element_type=\"widget\" data-e-type=\"widget\" data-widget_type=\"heading.default\">\n\t\t\t\t\t<h1 class=\"elementor-heading-title elementor-size-default\">T\u00e9rminos de servicio<\/h1>\t\t\t\t<\/div>\n\t\t\t\t<div class=\"elementor-element elementor-element-c8e39fd color-scheme-inherit text-left elementor-widget elementor-widget-text-editor\" data-id=\"c8e39fd\" data-element_type=\"widget\" data-e-type=\"widget\" data-widget_type=\"text-editor.default\">\n\t\t\t\t\t\t\t\t\t<h5><strong>T\u00e9rminos de servicio<\/strong><\/h5>\n<p>Le rogamos que lea y comprenda detenidamente estos t\u00e9rminos y condiciones antes de embarcarse en cualquier proyecto con nosotros.\nTenga en cuenta que es posible que necesitemos cambiar estos t\u00e9rminos y condiciones de vez en cuando sin previo aviso.\nSi tiene alguna pregunta o no comprende completamente alguna parte de este documento, no dude en comunicarse con nosotros para obtener una aclaraci\u00f3n.  <br><br><\/p>\n<h5><strong>1. Cancelaci\u00f3n de pedido<\/strong><\/h5>\n<p>Por favor, revise su pedido detenidamente antes de enviarlo.\nDebido a la naturaleza \u00fanica y la calidad artesanal de muchos de nuestros productos, no podemos cancelar o modificar un pedido una vez que se ha enviado. <br><br><\/p>\n<h5><strong>2. Devoluciones y reimpresiones<\/strong><\/h5>\n<p>Los productos personalizados y los art\u00edculos vendidos durante las promociones no son elegibles para reembolsos. Si elige devolver cualquier mercanc\u00eda comprada en oferta o personalizada, se emitir\u00e1 cr\u00e9dito de la tienda.<br>Si recibe un pedido da\u00f1ado, defectuoso o corto, notif\u00edquenos por escrito dentro de los siete d\u00edas h\u00e1biles posteriores a la entrega. Para solicitar una reimpresi\u00f3n, debe devolver el pedido original en su totalidad.<br><br><\/p>\n<h5><strong>3. Aprobaci\u00f3n de prueba<\/strong><\/h5>\n<p>Si bien hacemos todo lo posible para evitar errores, no somos responsables de ning\u00fan error de impresi\u00f3n o inexactitud en los detalles de impresi\u00f3n (como m\u00e9todos de impresi\u00f3n, colores, papel, tama\u00f1o o cantidad) que se hayan incluido en la producci\u00f3n.<\/p>\n<p>La aprobaci\u00f3n de la prueba es nuestro acuerdo que garantiza que no se producir\u00e1n cambios ni errores al transferir su obra de arte a nuestros sistemas de preimpresi\u00f3n, incluso si proporciona una obra de arte lista para imprimir.\nNo se ofrecer\u00e1n reembolsos ni reimpresiones por negligencia en la revisi\u00f3n una vez que se haya impreso la obra de arte final aprobada.\nSin embargo, en caso de que se detecten errores durante la etapa de revisi\u00f3n, realizaremos las correcciones necesarias de forma gratuita.\nSi se descubren errores durante la producci\u00f3n de impresi\u00f3n, los cargos se facturar\u00e1n a una tarifa por hora, m\u00e1s los costos de impresi\u00f3n adicionales, si corresponde.   <br><br><\/p>\n<h5><strong>4. Colores de impresi\u00f3n<\/strong><\/h5>\n<p>Colores PMS: aunque hacemos todo lo posible, puede haber ligeras variaciones ya que los colores de la tinta PMS se mezclan a mano.<\/p>\n<p>A todo color: puede haber diferencias entre los colores que se muestran en la pantalla y la apariencia del producto final debido a las variaciones en la calibraci\u00f3n del monitor.<\/p>\n<p>Repedidos: debido a la naturaleza de la impresi\u00f3n y los sistemas de impresi\u00f3n de lote a lote, pueden producirse ligeras variaciones de color entre las diferentes tiradas de impresi\u00f3n.<br><br><\/p>\n<h5><strong>5. Entrega<\/strong><\/h5>\n<p>Nos esforzamos por entregar su pedido lo m\u00e1s r\u00e1pido posible, pero tenga en cuenta que los plazos de entrega indicados no son compromisos ni garant\u00edas de plazos de entrega.<\/p>\n<p>Una vez que su pedido se haya enviado, no somos responsables de ning\u00fan retraso o problema imprevisto, incluidos los casos de inaccesibilidad.\nUna vez que su pedido se env\u00eda por correo postal, est\u00e1 fuera de nuestro control y, por lo tanto, no podemos asumir ninguna responsabilidad.\nTenga en cuenta que los gastos de env\u00edo no son reembolsables.  <br><br><\/p>\n<h5><strong>6. Pedidos internacionales<br><\/strong><\/h5>\n<p>Los aranceles, impuestos y cargos de importaci\u00f3n no est\u00e1n incluidos en el precio del art\u00edculo ni en el costo de env\u00edo y pueden ser pagaderos en el momento de la entrega.\nEs responsabilidad del cliente o destinatario pagar los derechos de importaci\u00f3n, las tasas de aduana u otros cargos, ya que no est\u00e1n incluidos en el precio de compra.\nConsulte con la oficina de aduanas de su pa\u00eds para determinar cu\u00e1les ser\u00e1n estos costos adicionales antes de realizar el pedido.\nNo tenemos control sobre el momento o el monto de estas tarifas, que var\u00edan seg\u00fan el pa\u00eds, la ciudad y el paquete.\nNo podemos pagar estas tarifas por adelantado ni gestionarlas nosotros mismos.    <br><br><\/p>\n<h5><strong>7. Muestras de productos<br><\/strong><\/h5>\n<p>Al contratar nuestros servicios, nos permite mostrar todos y cada uno de los trabajos producidos durante el proyecto en nuestra cartera.\nEntendemos y respetamos la confidencialidad de los proyectos, y solo mostraremos el trabajo despu\u00e9s de que el producto se haya lanzado p\u00fablicamente.\nSi no deseas que tu proyecto se muestre en las redes sociales, h\u00e1znoslo saber.  <br><br><\/p>\n<h5><strong>8. Derechos de autor<br><\/strong><\/h5>\n<p>Nos reservamos el derecho de mantener la propiedad total de los conceptos de dise\u00f1o y materiales relacionados.\nLa propiedad se transferir\u00e1 a usted despu\u00e9s de que se entregue el concepto de dise\u00f1o final y se reciba el pago completo.\nCualquier concepto no utilizado sigue siendo de nuestra propiedad.\nLos conceptos de pago pueden seguir utiliz\u00e1ndose en nuestros materiales promocionales y en nuestra cartera de dise\u00f1os.\nA menos que solicite lo contrario, nos reservamos el derecho de mostrar un peque\u00f1o cr\u00e9dito en el trabajo que producimos, reclamando cr\u00e9dito de dise\u00f1o, excluyendo la papeler\u00eda corporativa.    <br><br><\/p>\n<h5><strong>9. Fuerza mayor<br><\/strong><\/h5>\n<p>No somos responsables de ning\u00fan retraso o falta de suministro de productos o servicios causados por circunstancias fuera de nuestro control razonable.\nDichas circunstancias pueden incluir, entre otros, actos de guerra, desastres naturales, huelgas, paros, regulaciones gubernamentales, retrasos en el transporte, cortes de energ\u00eda, fallas causadas por proveedores de servicios de alojamiento de terceros, fallas de equipos, robo, sabotaje intencional, disturbios, disturbios civiles, accidentes o actos de terrorismo. <\/p>\t\t\t\t\t\t\t\t<\/div>\n\t\t\t\t\t<\/div>\n\t\t\t\t<\/div>\n\t\t\t\t<\/div>\n\t\t","protected":false},"excerpt":{"rendered":"<p>T\u00e9rminos de servicio T\u00e9rminos de servicio Le rogamos que lea y comprenda detenidamente estos t\u00e9rminos y condiciones antes de embarcarse<\/p>\n","protected":false},"author":1,"featured_media":0,"parent":0,"menu_order":0,"comment_status":"closed","ping_status":"closed","template":"","meta":{"_acf_changed":false,"footnotes":""},"class_list":["post-3506","page","type-page","status-publish","hentry"],"acf":[],"aioseo_notices":[],"aioseo_head":"\n\t\t<!-- All in One SEO Pro 4.9.0 - aioseo.com -->\n\t<meta name=\"description\" content=\"T\u00e9rminos de servicio T\u00e9rminos de servicio Le rogamos que lea y comprenda detenidamente estos t\u00e9rminos y condiciones antes de embarcarse en cualquier proyecto con nosotros. Tenga en cuenta que es posible que necesitemos cambiar estos t\u00e9rminos y condiciones de vez en cuando sin previo aviso. Si tiene alguna pregunta o no comprende completamente alguna parte\" \/>\n\t<meta name=\"robots\" content=\"max-image-preview:large\" \/>\n\t<meta name=\"google-site-verification\" content=\"bCWEURESkI9sJaMHczw2gqISKxNjR6Mf9fHT_9LSu3M\" \/>\n\t<link rel=\"canonical\" href=\"https:\/\/chnprints.com\/es\/terminos-de-servicio\/\" \/>\n\t<meta name=\"generator\" content=\"All in One SEO Pro (AIOSEO) 4.9.0\" \/>\n\t\t<meta property=\"og:locale\" content=\"es_ES\" \/>\n\t\t<meta property=\"og:site_name\" content=\"ChnPrintStudio - Impresi\u00f3n y dise\u00f1o tipogr\u00e1fico y de l\u00e1minas | Ordene en l\u00ednea\" \/>\n\t\t<meta property=\"og:type\" content=\"article\" \/>\n\t\t<meta property=\"og:title\" content=\"T\u00e9rminos de servicio - Letterpress &amp; Foil Printing and Design | ChnPrint Studio\" \/>\n\t\t<meta property=\"og:description\" content=\"T\u00e9rminos de servicio T\u00e9rminos de servicio Le rogamos que lea y comprenda detenidamente estos t\u00e9rminos y condiciones antes de embarcarse en cualquier proyecto con nosotros. Tenga en cuenta que es posible que necesitemos cambiar estos t\u00e9rminos y condiciones de vez en cuando sin previo aviso. Si tiene alguna pregunta o no comprende completamente alguna parte\" \/>\n\t\t<meta property=\"og:url\" content=\"https:\/\/chnprints.com\/es\/terminos-de-servicio\/\" \/>\n\t\t<meta property=\"article:published_time\" content=\"2024-09-29T06:41:24+00:00\" \/>\n\t\t<meta property=\"article:modified_time\" content=\"2024-10-20T15:48:27+00:00\" \/>\n\t\t<meta name=\"twitter:card\" content=\"summary_large_image\" \/>\n\t\t<meta name=\"twitter:title\" content=\"T\u00e9rminos de servicio - Letterpress &amp; Foil Printing and Design | ChnPrint Studio\" \/>\n\t\t<meta name=\"twitter:description\" content=\"T\u00e9rminos de servicio T\u00e9rminos de servicio Le rogamos que lea y comprenda detenidamente estos t\u00e9rminos y condiciones antes de embarcarse en cualquier proyecto con nosotros. Tenga en cuenta que es posible que necesitemos cambiar estos t\u00e9rminos y condiciones de vez en cuando sin previo aviso. Si tiene alguna pregunta o no comprende completamente alguna parte\" \/>\n\t\t<script type=\"application\/ld+json\" class=\"aioseo-schema\">\n\t\t\t{\"@context\":\"https:\\\/\\\/schema.org\",\"@graph\":[{\"@type\":\"BreadcrumbList\",\"@id\":\"https:\\\/\\\/chnprints.com\\\/es\\\/terminos-de-servicio\\\/#breadcrumblist\",\"itemListElement\":[{\"@type\":\"ListItem\",\"@id\":\"https:\\\/\\\/chnprints.com\\\/es\\\/terminos-de-servicio\\\/#listItem\",\"position\":1,\"name\":\"T\\u00e9rminos de servicio\"}]},{\"@type\":\"Organization\",\"@id\":\"https:\\\/\\\/chnprints.com\\\/es\\\/#organization\",\"name\":\"ChnPrintStudio Letterpress & Foil Printing and Design | Order Online Letterpress &amp; Foil Printing and Design | Order Online\",\"description\":\"ChnPrintStudio\",\"url\":\"https:\\\/\\\/chnprints.com\\\/es\\\/\",\"logo\":{\"@type\":\"ImageObject\",\"url\":\"https:\\\/\\\/chnprints.com\\\/wp-content\\\/uploads\\\/2024\\\/10\\\/weblogo.jpg?wsr\",\"@id\":\"https:\\\/\\\/chnprints.com\\\/es\\\/terminos-de-servicio\\\/#organizationLogo\",\"width\":112,\"height\":112},\"image\":{\"@id\":\"https:\\\/\\\/chnprints.com\\\/es\\\/terminos-de-servicio\\\/#organizationLogo\"},\"sameAs\":[\"https:\\\/\\\/www.instagram.com\\\/chnprintstudio\\\/\",\"https:\\\/\\\/www.tiktok.com\\\/@chnprintstudio\",\"https:\\\/\\\/www.pinterest.com\\\/ChnPrintStudio\\\/\"]},{\"@type\":\"WebPage\",\"@id\":\"https:\\\/\\\/chnprints.com\\\/es\\\/terminos-de-servicio\\\/#webpage\",\"url\":\"https:\\\/\\\/chnprints.com\\\/es\\\/terminos-de-servicio\\\/\",\"name\":\"T\\u00e9rminos de servicio - Letterpress & Foil Printing and Design | ChnPrint Studio\",\"description\":\"T\\u00e9rminos de servicio T\\u00e9rminos de servicio Le rogamos que lea y comprenda detenidamente estos t\\u00e9rminos y condiciones antes de embarcarse en cualquier proyecto con nosotros. Tenga en cuenta que es posible que necesitemos cambiar estos t\\u00e9rminos y condiciones de vez en cuando sin previo aviso. Si tiene alguna pregunta o no comprende completamente alguna parte\",\"inLanguage\":\"es-ES\",\"isPartOf\":{\"@id\":\"https:\\\/\\\/chnprints.com\\\/es\\\/#website\"},\"breadcrumb\":{\"@id\":\"https:\\\/\\\/chnprints.com\\\/es\\\/terminos-de-servicio\\\/#breadcrumblist\"},\"datePublished\":\"2024-09-29T14:41:24+08:00\",\"dateModified\":\"2024-10-20T23:48:27+08:00\"},{\"@type\":\"WebSite\",\"@id\":\"https:\\\/\\\/chnprints.com\\\/es\\\/#website\",\"url\":\"https:\\\/\\\/chnprints.com\\\/es\\\/\",\"name\":\"ChnPrintStudio\",\"alternateName\":\"Luxury Business Card Printing | Order Online\",\"description\":\"Letterpress & Foil Printing and Design | Order Online\",\"inLanguage\":\"es-ES\",\"publisher\":{\"@id\":\"https:\\\/\\\/chnprints.com\\\/es\\\/#organization\"}}]}\n\t\t<\/script>\n\t\t<!-- All in One SEO Pro -->\r\n\t\t<title>T\u00e9rminos de servicio - Letterpress &amp; Foil Printing and Design | ChnPrint Studio<\/title>\n\n","aioseo_head_json":{"title":"T\u00e9rminos de servicio - Letterpress & Foil Printing and Design | ChnPrint Studio","description":"T\u00e9rminos de servicio T\u00e9rminos de servicio Le rogamos que lea y comprenda detenidamente estos t\u00e9rminos y condiciones antes de embarcarse en cualquier proyecto con nosotros. Tenga en cuenta que es posible que necesitemos cambiar estos t\u00e9rminos y condiciones de vez en cuando sin previo aviso. Si tiene alguna pregunta o no comprende completamente alguna parte","canonical_url":"https:\/\/chnprints.com\/es\/terminos-de-servicio\/","robots":"max-image-preview:large","keywords":"","webmasterTools":{"google-site-verification":"bCWEURESkI9sJaMHczw2gqISKxNjR6Mf9fHT_9LSu3M","miscellaneous":""},"schema":{"@context":"https:\/\/schema.org","@graph":[{"@type":"BreadcrumbList","@id":"https:\/\/chnprints.com\/es\/terminos-de-servicio\/#breadcrumblist","itemListElement":[{"@type":"ListItem","@id":"https:\/\/chnprints.com\/es\/terminos-de-servicio\/#listItem","position":1,"name":"T\u00e9rminos de servicio"}]},{"@type":"Organization","@id":"https:\/\/chnprints.com\/es\/#organization","name":"ChnPrintStudio Letterpress & Foil Printing and Design | Order Online Letterpress &amp; Foil Printing and Design | Order Online","description":"ChnPrintStudio","url":"https:\/\/chnprints.com\/es\/","logo":{"@type":"ImageObject","url":"https:\/\/chnprints.com\/wp-content\/uploads\/2024\/10\/weblogo.jpg?wsr","@id":"https:\/\/chnprints.com\/es\/terminos-de-servicio\/#organizationLogo","width":112,"height":112},"image":{"@id":"https:\/\/chnprints.com\/es\/terminos-de-servicio\/#organizationLogo"},"sameAs":["https:\/\/www.instagram.com\/chnprintstudio\/","https:\/\/www.tiktok.com\/@chnprintstudio","https:\/\/www.pinterest.com\/ChnPrintStudio\/"]},{"@type":"WebPage","@id":"https:\/\/chnprints.com\/es\/terminos-de-servicio\/#webpage","url":"https:\/\/chnprints.com\/es\/terminos-de-servicio\/","name":"T\u00e9rminos de servicio - Letterpress & Foil Printing and Design | ChnPrint Studio","description":"T\u00e9rminos de servicio T\u00e9rminos de servicio Le rogamos que lea y comprenda detenidamente estos t\u00e9rminos y condiciones antes de embarcarse en cualquier proyecto con nosotros. Tenga en cuenta que es posible que necesitemos cambiar estos t\u00e9rminos y condiciones de vez en cuando sin previo aviso. Si tiene alguna pregunta o no comprende completamente alguna parte","inLanguage":"es-ES","isPartOf":{"@id":"https:\/\/chnprints.com\/es\/#website"},"breadcrumb":{"@id":"https:\/\/chnprints.com\/es\/terminos-de-servicio\/#breadcrumblist"},"datePublished":"2024-09-29T14:41:24+08:00","dateModified":"2024-10-20T23:48:27+08:00"},{"@type":"WebSite","@id":"https:\/\/chnprints.com\/es\/#website","url":"https:\/\/chnprints.com\/es\/","name":"ChnPrintStudio","alternateName":"Luxury Business Card Printing | Order Online","description":"Letterpress & Foil Printing and Design | Order Online","inLanguage":"es-ES","publisher":{"@id":"https:\/\/chnprints.com\/es\/#organization"}}]},"og:locale":"es_ES","og:site_name":"ChnPrintStudio - Impresi\u00f3n y dise\u00f1o tipogr\u00e1fico y de l\u00e1minas | Ordene en l\u00ednea","og:type":"article","og:title":"T\u00e9rminos de servicio - Letterpress &amp; Foil Printing and Design | ChnPrint Studio","og:description":"T\u00e9rminos de servicio T\u00e9rminos de servicio Le rogamos que lea y comprenda detenidamente estos t\u00e9rminos y condiciones antes de embarcarse en cualquier proyecto con nosotros. Tenga en cuenta que es posible que necesitemos cambiar estos t\u00e9rminos y condiciones de vez en cuando sin previo aviso. Si tiene alguna pregunta o no comprende completamente alguna parte","og:url":"https:\/\/chnprints.com\/es\/terminos-de-servicio\/","article:published_time":"2024-09-29T06:41:24+00:00","article:modified_time":"2024-10-20T15:48:27+00:00","twitter:card":"summary_large_image","twitter:title":"T\u00e9rminos de servicio - Letterpress &amp; Foil Printing and Design | ChnPrint Studio","twitter:description":"T\u00e9rminos de servicio T\u00e9rminos de servicio Le rogamos que lea y comprenda detenidamente estos t\u00e9rminos y condiciones antes de embarcarse en cualquier proyecto con nosotros. Tenga en cuenta que es posible que necesitemos cambiar estos t\u00e9rminos y condiciones de vez en cuando sin previo aviso. Si tiene alguna pregunta o no comprende completamente alguna parte"},"aioseo_meta_data":{"post_id":"3506","title":null,"description":null,"keywords":null,"keyphrases":{"focus":{"keyphrase":"","score":0,"analysis":{"keyphraseInTitle":{"score":0,"maxScore":9,"error":1}}},"additional":[]},"primary_term":null,"canonical_url":null,"og_title":null,"og_description":null,"og_object_type":"default","og_image_type":"default","og_image_url":null,"og_image_width":null,"og_image_height":null,"og_image_custom_url":null,"og_image_custom_fields":null,"og_video":"","og_custom_url":null,"og_article_section":null,"og_article_tags":null,"twitter_use_og":false,"twitter_card":"default","twitter_image_type":"default","twitter_image_url":null,"twitter_image_custom_url":null,"twitter_image_custom_fields":null,"twitter_title":null,"twitter_description":null,"schema":{"blockGraphs":[],"customGraphs":[],"default":{"data":{"Article":[],"Course":[],"Dataset":[],"FAQPage":[],"Movie":[],"Person":[],"Product":[],"ProductReview":[],"Car":[],"Recipe":[],"Service":[],"SoftwareApplication":[],"WebPage":[]},"graphName":"WebPage","isEnabled":true},"graphs":[]},"schema_type":"default","schema_type_options":null,"pillar_content":false,"robots_default":true,"robots_noindex":false,"robots_noarchive":false,"robots_nosnippet":false,"robots_nofollow":false,"robots_noimageindex":false,"robots_noodp":false,"robots_notranslate":false,"robots_max_snippet":"-1","robots_max_videopreview":"-1","robots_max_imagepreview":"large","priority":null,"frequency":"default","local_seo":null,"seo_analyzer_scan_date":"2026-02-09 17:41:54","breadcrumb_settings":null,"limit_modified_date":false,"ai":null,"created":"2024-10-20 00:14:03","updated":"2026-02-09 21:33:28"},"aioseo_breadcrumb":"<div class=\"aioseo-breadcrumbs\"><span class=\"aioseo-breadcrumb\">\n\tT\u00e9rminos de servicio\n<\/span><\/div>","aioseo_breadcrumb_json":[{"label":"T\u00e9rminos de servicio","link":"https:\/\/chnprints.com\/es\/terminos-de-servicio\/"}],"_links":{"self":[{"href":"https:\/\/chnprints.com\/es\/wp-json\/wp\/v2\/pages\/3506","targetHints":{"allow":["GET"]}}],"collection":[{"href":"https:\/\/chnprints.com\/es\/wp-json\/wp\/v2\/pages"}],"about":[{"href":"https:\/\/chnprints.com\/es\/wp-json\/wp\/v2\/types\/page"}],"author":[{"embeddable":true,"href":"https:\/\/chnprints.com\/es\/wp-json\/wp\/v2\/users\/1"}],"replies":[{"embeddable":true,"href":"https:\/\/chnprints.com\/es\/wp-json\/wp\/v2\/comments?post=3506"}],"version-history":[{"count":0,"href":"https:\/\/chnprints.com\/es\/wp-json\/wp\/v2\/pages\/3506\/revisions"}],"wp:attachment":[{"href":"https:\/\/chnprints.com\/es\/wp-json\/wp\/v2\/media?parent=3506"}],"curies":[{"name":"wp","href":"https:\/\/api.w.org\/{rel}","templated":true}]}}