{"id":3492,"date":"2024-10-19T20:06:06","date_gmt":"2024-10-19T12:06:06","guid":{"rendered":"https:\/\/chnprints.com\/paper-range\/"},"modified":"2024-10-20T23:45:01","modified_gmt":"2024-10-20T15:45:01","slug":"gama-de-papeles","status":"publish","type":"page","link":"https:\/\/chnprints.com\/es\/gama-de-papeles\/","title":{"rendered":"Gama de papeles"},"content":{"rendered":"\t\t<div data-elementor-type=\"wp-page\" data-elementor-id=\"3492\" class=\"elementor elementor-3492 elementor-3194\" data-elementor-post-type=\"page\">\n\t\t\t\t<div class=\"elementor-element elementor-element-2927bdb5 e-flex e-con-boxed e-con e-parent\" data-id=\"2927bdb5\" data-element_type=\"container\" data-e-type=\"container\">\n\t\t\t\t\t<div class=\"e-con-inner\">\n\t\t\t\t<div class=\"elementor-element elementor-element-4448d010 elementor-widget elementor-widget-shortcode\" data-id=\"4448d010\" data-element_type=\"widget\" data-e-type=\"widget\" data-widget_type=\"shortcode.default\">\n\t\t\t\t\t\t\t<div class=\"elementor-shortcode\"><\/div>\n\t\t\t\t\t\t<\/div>\n\t\t\t\t\t<\/div>\n\t\t\t\t<\/div>\n\t\t<div class=\"elementor-element elementor-element-200703a0 e-con-full wd-section-stretch e-flex e-con e-parent\" data-id=\"200703a0\" data-element_type=\"container\" data-e-type=\"container\" data-settings=\"{&quot;background_background&quot;:&quot;classic&quot;}\">\n\t\t\t\t<div class=\"elementor-element elementor-element-463efada elementor-widget elementor-widget-shortcode\" data-id=\"463efada\" data-element_type=\"widget\" data-e-type=\"widget\" data-widget_type=\"shortcode.default\">\n\t\t\t\t\t\t\t<div class=\"elementor-shortcode\"><\/div>\n\t\t\t\t\t\t<\/div>\n\t\t\t\t<\/div>\n\t\t<div class=\"elementor-element elementor-element-1093b44d e-con-full wd-section-stretch e-flex e-con e-parent\" data-id=\"1093b44d\" data-element_type=\"container\" data-e-type=\"container\">\n\t\t\t\t<div class=\"elementor-element elementor-element-6dfb8746 elementor-widget elementor-widget-wd_banner\" data-id=\"6dfb8746\" data-element_type=\"widget\" data-e-type=\"widget\" data-widget_type=\"wd_banner.default\">\n\t\t\t\t<div class=\"elementor-widget-container\">\n\t\t\t\t\t\t\t<div class=\"promo-banner-wrapper\">\n\t\t\t<div class=\"promo-banner banner-default banner-hover-none color-scheme- banner-btn-size-default banner-btn-style-default\">\n\t\t\t\t<div class=\"main-wrapp-img\">\n\t\t\t\t\t<div class=\"banner-image\">\n\t\t\t\t\t\t\t\t\t\t\t\t\t\t\t\t\t\t\t\t\t<img decoding=\"async\" width=\"2342\" height=\"996\" src=\"https:\/\/chnprints.com\/wp-content\/uploads\/2024\/10\/Paper-Range-business-card-printing-and-design-1.webp?wsr\" class=\"attachment-full size-full\" alt=\"\" srcset=\"https:\/\/chnprints.com\/wp-content\/uploads\/2024\/10\/Paper-Range-business-card-printing-and-design-1.webp 2342w, https:\/\/chnprints.com\/wp-content\/uploads\/2024\/10\/Paper-Range-business-card-printing-and-design-1-300x128.webp 300w, https:\/\/chnprints.com\/wp-content\/uploads\/2024\/10\/Paper-Range-business-card-printing-and-design-1-150x64.webp 150w, https:\/\/chnprints.com\/wp-content\/uploads\/2024\/10\/Paper-Range-business-card-printing-and-design-1-800x340.webp 800w, https:\/\/chnprints.com\/wp-content\/uploads\/2024\/10\/Paper-Range-business-card-printing-and-design-1-1024x435.webp 1024w, https:\/\/chnprints.com\/wp-content\/uploads\/2024\/10\/Paper-Range-business-card-printing-and-design-1-768x327.webp 768w, https:\/\/chnprints.com\/wp-content\/uploads\/2024\/10\/Paper-Range-business-card-printing-and-design-1-1536x653.webp 1536w, https:\/\/chnprints.com\/wp-content\/uploads\/2024\/10\/Paper-Range-business-card-printing-and-design-1-2048x871.webp 2048w\" sizes=\"(max-width: 2342px) 100vw, 2342px\" \/>\t\t\t\t\t\t\t\t\t\t\t\t\t\t\t\t\t\t<\/div>\n\t\t\t\t<\/div>\n\n\t\t\t\t<div class=\"wrapper-content-banner wd-fill wd-items-top wd-justify-left\">\n\t\t\t\t\t<div class=\"content-banner  text-left\">\n\t\t\t\t\t\t\n\t\t\t\t\t\t\n\t\t\t\t\t\t\n\t\t\t\t\t\t\n\t\t\t\t\t\t\t\t\t\t\t<\/div>\n\t\t\t\t<\/div>\n\n\t\t\t\t\t\t\t<\/div>\n\t\t<\/div>\n\t\t\t\t\t\t<\/div>\n\t\t\t\t<\/div>\n\t\t\t\t<\/div>\n\t\t<div class=\"elementor-element elementor-element-87383f6 e-flex e-con-boxed e-con e-parent\" data-id=\"87383f6\" data-element_type=\"container\" data-e-type=\"container\">\n\t\t\t\t\t<div class=\"e-con-inner\">\n\t\t\t\t<div class=\"elementor-element elementor-element-3e59c0b color-scheme-inherit text-left elementor-widget elementor-widget-text-editor\" data-id=\"3e59c0b\" data-element_type=\"widget\" data-e-type=\"widget\" data-widget_type=\"text-editor.default\">\n\t\t\t\t\t\t\t\t\t<h4>Los colores pueden aparecer de manera diferente en la vida real, ya que las diferentes pantallas pueden alterar los gr\u00e1ficos y los colores.<br \/>Hay m\u00e1s opciones de papel disponibles, cont\u00e1ctenos para obtener m\u00e1s informaci\u00f3n.<\/h4>\n\t\t\t\t\t\t\t\t<\/div>\n\t\t\t\t<div class=\"elementor-element elementor-element-cc523bd elementor-widget elementor-widget-html\" data-id=\"cc523bd\" data-element_type=\"widget\" data-e-type=\"widget\" data-widget_type=\"html.default\">\n\t\t\t\t\t<script src=\"https:\/\/static.elfsight.com\/platform\/platform.js\" data-use-service-core=\"\" defer><\/script>\n<div class=\"elfsight-app-4775a537-e50b-409d-a00c-307cee053790\" data-elfsight-app-lazy=\"\"><\/div>\t\t\t\t<\/div>\n\t\t\t\t\t<\/div>\n\t\t\t\t<\/div>\n\t\t\t\t<\/div>\n\t\t","protected":false},"excerpt":{"rendered":"<p>Los colores pueden aparecer de manera diferente en la vida real, ya que las diferentes pantallas pueden alterar los gr\u00e1ficos<\/p>\n","protected":false},"author":1,"featured_media":0,"parent":0,"menu_order":0,"comment_status":"closed","ping_status":"closed","template":"","meta":{"_acf_changed":false,"footnotes":""},"class_list":["post-3492","page","type-page","status-publish","hentry"],"acf":[],"aioseo_notices":[],"aioseo_head":"\n\t\t<!-- All in One SEO Pro 4.9.0 - aioseo.com -->\n\t<meta name=\"description\" content=\"Descubra una amplia gama de opciones de papel, desde texturas cl\u00e1sicas hasta texturas premium, adaptadas a sus necesidades de impresi\u00f3n personalizadas. ChnPrintStudio ofrece tipos de papel asequibles y de alta calidad que hacen que sus impresiones destaquen.\" \/>\n\t<meta name=\"robots\" content=\"max-image-preview:large\" \/>\n\t<meta name=\"google-site-verification\" content=\"bCWEURESkI9sJaMHczw2gqISKxNjR6Mf9fHT_9LSu3M\" \/>\n\t<link rel=\"canonical\" href=\"https:\/\/chnprints.com\/es\/gama-de-papeles\/\" \/>\n\t<meta name=\"generator\" content=\"All in One SEO Pro (AIOSEO) 4.9.0\" \/>\n\t\t<meta property=\"og:locale\" content=\"es_ES\" \/>\n\t\t<meta property=\"og:site_name\" content=\"ChnPrintStudio - Impresi\u00f3n y dise\u00f1o tipogr\u00e1fico y de l\u00e1minas | Ordene en l\u00ednea\" \/>\n\t\t<meta property=\"og:type\" content=\"article\" \/>\n\t\t<meta property=\"og:title\" content=\"Elija el papel perfecto para sus necesidades de impresi\u00f3n - ChnPrintStudio\" \/>\n\t\t<meta property=\"og:description\" content=\"Descubra una amplia gama de opciones de papel, desde texturas cl\u00e1sicas hasta texturas premium, adaptadas a sus necesidades de impresi\u00f3n personalizadas. ChnPrintStudio ofrece tipos de papel asequibles y de alta calidad que hacen que sus impresiones destaquen.\" \/>\n\t\t<meta property=\"og:url\" content=\"https:\/\/chnprints.com\/es\/gama-de-papeles\/\" \/>\n\t\t<meta property=\"article:published_time\" content=\"2024-10-19T12:06:06+00:00\" \/>\n\t\t<meta property=\"article:modified_time\" content=\"2024-10-20T15:45:01+00:00\" \/>\n\t\t<meta name=\"twitter:card\" content=\"summary_large_image\" \/>\n\t\t<meta name=\"twitter:title\" content=\"Elija el papel perfecto para sus necesidades de impresi\u00f3n - ChnPrintStudio\" \/>\n\t\t<meta name=\"twitter:description\" content=\"Descubra una amplia gama de opciones de papel, desde texturas cl\u00e1sicas hasta texturas premium, adaptadas a sus necesidades de impresi\u00f3n personalizadas. ChnPrintStudio ofrece tipos de papel asequibles y de alta calidad que hacen que sus impresiones destaquen.\" \/>\n\t\t<script type=\"application\/ld+json\" class=\"aioseo-schema\">\n\t\t\t{\"@context\":\"https:\\\/\\\/schema.org\",\"@graph\":[{\"@type\":\"BreadcrumbList\",\"@id\":\"https:\\\/\\\/chnprints.com\\\/es\\\/gama-de-papeles\\\/#breadcrumblist\",\"itemListElement\":[{\"@type\":\"ListItem\",\"@id\":\"https:\\\/\\\/chnprints.com\\\/es\\\/gama-de-papeles\\\/#listItem\",\"position\":1,\"name\":\"Gama de papeles\"}]},{\"@type\":\"Organization\",\"@id\":\"https:\\\/\\\/chnprints.com\\\/es\\\/#organization\",\"name\":\"ChnPrintStudio Letterpress & Foil Printing and Design | Order Online Letterpress &amp; Foil Printing and Design | Order Online\",\"description\":\"ChnPrintStudio\",\"url\":\"https:\\\/\\\/chnprints.com\\\/es\\\/\",\"logo\":{\"@type\":\"ImageObject\",\"url\":\"https:\\\/\\\/chnprints.com\\\/wp-content\\\/uploads\\\/2024\\\/10\\\/weblogo.jpg?wsr\",\"@id\":\"https:\\\/\\\/chnprints.com\\\/es\\\/gama-de-papeles\\\/#organizationLogo\",\"width\":112,\"height\":112},\"image\":{\"@id\":\"https:\\\/\\\/chnprints.com\\\/es\\\/gama-de-papeles\\\/#organizationLogo\"},\"sameAs\":[\"https:\\\/\\\/www.instagram.com\\\/chnprintstudio\\\/\",\"https:\\\/\\\/www.tiktok.com\\\/@chnprintstudio\",\"https:\\\/\\\/www.pinterest.com\\\/ChnPrintStudio\\\/\"]},{\"@type\":\"WebPage\",\"@id\":\"https:\\\/\\\/chnprints.com\\\/es\\\/gama-de-papeles\\\/#webpage\",\"url\":\"https:\\\/\\\/chnprints.com\\\/es\\\/gama-de-papeles\\\/\",\"name\":\"Elija el papel perfecto para sus necesidades de impresi\\u00f3n - ChnPrintStudio\",\"description\":\"Descubra una amplia gama de opciones de papel, desde texturas cl\\u00e1sicas hasta texturas premium, adaptadas a sus necesidades de impresi\\u00f3n personalizadas. ChnPrintStudio ofrece tipos de papel asequibles y de alta calidad que hacen que sus impresiones destaquen.\",\"inLanguage\":\"es-ES\",\"isPartOf\":{\"@id\":\"https:\\\/\\\/chnprints.com\\\/es\\\/#website\"},\"breadcrumb\":{\"@id\":\"https:\\\/\\\/chnprints.com\\\/es\\\/gama-de-papeles\\\/#breadcrumblist\"},\"datePublished\":\"2024-10-19T20:06:06+08:00\",\"dateModified\":\"2024-10-20T23:45:01+08:00\"},{\"@type\":\"WebSite\",\"@id\":\"https:\\\/\\\/chnprints.com\\\/es\\\/#website\",\"url\":\"https:\\\/\\\/chnprints.com\\\/es\\\/\",\"name\":\"ChnPrintStudio\",\"alternateName\":\"Luxury Business Card Printing | Order Online\",\"description\":\"Letterpress & Foil Printing and Design | Order Online\",\"inLanguage\":\"es-ES\",\"publisher\":{\"@id\":\"https:\\\/\\\/chnprints.com\\\/es\\\/#organization\"}}]}\n\t\t<\/script>\n\t\t<!-- All in One SEO Pro -->\r\n\t\t<title>Elija el papel perfecto para sus necesidades de impresi\u00f3n - ChnPrintStudio<\/title>\n\n","aioseo_head_json":{"title":"Elija el papel perfecto para sus necesidades de impresi\u00f3n - ChnPrintStudio","description":"Descubra una amplia gama de opciones de papel, desde texturas cl\u00e1sicas hasta texturas premium, adaptadas a sus necesidades de impresi\u00f3n personalizadas. ChnPrintStudio ofrece tipos de papel asequibles y de alta calidad que hacen que sus impresiones destaquen.","canonical_url":"https:\/\/chnprints.com\/es\/gama-de-papeles\/","robots":"max-image-preview:large","keywords":"","webmasterTools":{"google-site-verification":"bCWEURESkI9sJaMHczw2gqISKxNjR6Mf9fHT_9LSu3M","miscellaneous":""},"schema":{"@context":"https:\/\/schema.org","@graph":[{"@type":"BreadcrumbList","@id":"https:\/\/chnprints.com\/es\/gama-de-papeles\/#breadcrumblist","itemListElement":[{"@type":"ListItem","@id":"https:\/\/chnprints.com\/es\/gama-de-papeles\/#listItem","position":1,"name":"Gama de papeles"}]},{"@type":"Organization","@id":"https:\/\/chnprints.com\/es\/#organization","name":"ChnPrintStudio Letterpress & Foil Printing and Design | Order Online Letterpress &amp; Foil Printing and Design | Order Online","description":"ChnPrintStudio","url":"https:\/\/chnprints.com\/es\/","logo":{"@type":"ImageObject","url":"https:\/\/chnprints.com\/wp-content\/uploads\/2024\/10\/weblogo.jpg?wsr","@id":"https:\/\/chnprints.com\/es\/gama-de-papeles\/#organizationLogo","width":112,"height":112},"image":{"@id":"https:\/\/chnprints.com\/es\/gama-de-papeles\/#organizationLogo"},"sameAs":["https:\/\/www.instagram.com\/chnprintstudio\/","https:\/\/www.tiktok.com\/@chnprintstudio","https:\/\/www.pinterest.com\/ChnPrintStudio\/"]},{"@type":"WebPage","@id":"https:\/\/chnprints.com\/es\/gama-de-papeles\/#webpage","url":"https:\/\/chnprints.com\/es\/gama-de-papeles\/","name":"Elija el papel perfecto para sus necesidades de impresi\u00f3n - ChnPrintStudio","description":"Descubra una amplia gama de opciones de papel, desde texturas cl\u00e1sicas hasta texturas premium, adaptadas a sus necesidades de impresi\u00f3n personalizadas. ChnPrintStudio ofrece tipos de papel asequibles y de alta calidad que hacen que sus impresiones destaquen.","inLanguage":"es-ES","isPartOf":{"@id":"https:\/\/chnprints.com\/es\/#website"},"breadcrumb":{"@id":"https:\/\/chnprints.com\/es\/gama-de-papeles\/#breadcrumblist"},"datePublished":"2024-10-19T20:06:06+08:00","dateModified":"2024-10-20T23:45:01+08:00"},{"@type":"WebSite","@id":"https:\/\/chnprints.com\/es\/#website","url":"https:\/\/chnprints.com\/es\/","name":"ChnPrintStudio","alternateName":"Luxury Business Card Printing | Order Online","description":"Letterpress & Foil Printing and Design | Order Online","inLanguage":"es-ES","publisher":{"@id":"https:\/\/chnprints.com\/es\/#organization"}}]},"og:locale":"es_ES","og:site_name":"ChnPrintStudio - Impresi\u00f3n y dise\u00f1o tipogr\u00e1fico y de l\u00e1minas | Ordene en l\u00ednea","og:type":"article","og:title":"Elija el papel perfecto para sus necesidades de impresi\u00f3n - ChnPrintStudio","og:description":"Descubra una amplia gama de opciones de papel, desde texturas cl\u00e1sicas hasta texturas premium, adaptadas a sus necesidades de impresi\u00f3n personalizadas. ChnPrintStudio ofrece tipos de papel asequibles y de alta calidad que hacen que sus impresiones destaquen.","og:url":"https:\/\/chnprints.com\/es\/gama-de-papeles\/","article:published_time":"2024-10-19T12:06:06+00:00","article:modified_time":"2024-10-20T15:45:01+00:00","twitter:card":"summary_large_image","twitter:title":"Elija el papel perfecto para sus necesidades de impresi\u00f3n - ChnPrintStudio","twitter:description":"Descubra una amplia gama de opciones de papel, desde texturas cl\u00e1sicas hasta texturas premium, adaptadas a sus necesidades de impresi\u00f3n personalizadas. ChnPrintStudio ofrece tipos de papel asequibles y de alta calidad que hacen que sus impresiones destaquen."},"aioseo_meta_data":{"post_id":"3492","title":"Elija el papel perfecto para sus necesidades de impresi\u00f3n - ChnPrintStudio","description":"Descubra una amplia gama de opciones de papel, desde texturas cl\u00e1sicas hasta texturas premium, adaptadas a sus necesidades de impresi\u00f3n personalizadas. ChnPrintStudio ofrece tipos de papel asequibles y de alta calidad que hacen que sus impresiones destaquen.","keywords":null,"keyphrases":{"focus":{"keyphrase":"","score":0,"analysis":{"keyphraseInTitle":{"score":0,"maxScore":9,"error":1}}},"additional":[]},"primary_term":null,"canonical_url":null,"og_title":null,"og_description":null,"og_object_type":"default","og_image_type":"default","og_image_url":null,"og_image_width":null,"og_image_height":null,"og_image_custom_url":null,"og_image_custom_fields":null,"og_video":"","og_custom_url":null,"og_article_section":null,"og_article_tags":null,"twitter_use_og":false,"twitter_card":"default","twitter_image_type":"default","twitter_image_url":null,"twitter_image_custom_url":null,"twitter_image_custom_fields":null,"twitter_title":null,"twitter_description":null,"schema":{"blockGraphs":[],"customGraphs":[],"default":{"data":{"Article":[],"Course":[],"Dataset":[],"FAQPage":[],"Movie":[],"Person":[],"Product":[],"ProductReview":[],"Car":[],"Recipe":[],"Service":[],"SoftwareApplication":[],"WebPage":[]},"graphName":"WebPage","isEnabled":true},"graphs":[]},"schema_type":"default","schema_type_options":null,"pillar_content":false,"robots_default":true,"robots_noindex":false,"robots_noarchive":false,"robots_nosnippet":false,"robots_nofollow":false,"robots_noimageindex":false,"robots_noodp":false,"robots_notranslate":false,"robots_max_snippet":"-1","robots_max_videopreview":"-1","robots_max_imagepreview":"large","priority":null,"frequency":"default","local_seo":null,"seo_analyzer_scan_date":"2026-02-09 16:49:00","breadcrumb_settings":null,"limit_modified_date":false,"ai":null,"created":"2024-10-20 00:14:00","updated":"2026-02-09 21:33:28"},"aioseo_breadcrumb":"<div class=\"aioseo-breadcrumbs\"><span class=\"aioseo-breadcrumb\">\n\tGama de papeles\n<\/span><\/div>","aioseo_breadcrumb_json":[{"label":"Gama de papeles","link":"https:\/\/chnprints.com\/es\/gama-de-papeles\/"}],"_links":{"self":[{"href":"https:\/\/chnprints.com\/es\/wp-json\/wp\/v2\/pages\/3492","targetHints":{"allow":["GET"]}}],"collection":[{"href":"https:\/\/chnprints.com\/es\/wp-json\/wp\/v2\/pages"}],"about":[{"href":"https:\/\/chnprints.com\/es\/wp-json\/wp\/v2\/types\/page"}],"author":[{"embeddable":true,"href":"https:\/\/chnprints.com\/es\/wp-json\/wp\/v2\/users\/1"}],"replies":[{"embeddable":true,"href":"https:\/\/chnprints.com\/es\/wp-json\/wp\/v2\/comments?post=3492"}],"version-history":[{"count":0,"href":"https:\/\/chnprints.com\/es\/wp-json\/wp\/v2\/pages\/3492\/revisions"}],"wp:attachment":[{"href":"https:\/\/chnprints.com\/es\/wp-json\/wp\/v2\/media?parent=3492"}],"curies":[{"name":"wp","href":"https:\/\/api.w.org\/{rel}","templated":true}]}}