{"id":2240,"date":"2024-10-03T04:27:49","date_gmt":"2024-10-02T20:27:49","guid":{"rendered":"https:\/\/chnprints.com\/comentarios-y-recompensas\/"},"modified":"2024-10-20T23:44:44","modified_gmt":"2024-10-20T15:44:44","slug":"comentarios-y-recompensas","status":"publish","type":"page","link":"https:\/\/chnprints.com\/es\/comentarios-y-recompensas\/","title":{"rendered":"Comentarios y recompensas"},"content":{"rendered":"\t\t<div data-elementor-type=\"wp-page\" data-elementor-id=\"2240\" class=\"elementor elementor-2240 elementor-2111\" data-elementor-post-type=\"page\">\n\t\t\t\t<div class=\"elementor-element elementor-element-5d73edfe e-flex e-con-boxed e-con e-parent\" data-id=\"5d73edfe\" data-element_type=\"container\" data-e-type=\"container\">\n\t\t\t\t\t<div class=\"e-con-inner\">\n\t\t\t\t\t<\/div>\n\t\t\t\t<\/div>\n\t\t<div class=\"elementor-element elementor-element-5cb1d935 e-con-full wd-section-stretch e-flex e-con e-parent\" data-id=\"5cb1d935\" data-element_type=\"container\" data-e-type=\"container\" data-settings=\"{&quot;background_background&quot;:&quot;classic&quot;}\">\n\t\t\t\t<div class=\"elementor-element elementor-element-3f8025b5 elementor-widget elementor-widget-shortcode\" data-id=\"3f8025b5\" data-element_type=\"widget\" data-e-type=\"widget\" data-widget_type=\"shortcode.default\">\n\t\t\t\t\t\t\t<div class=\"elementor-shortcode\"><\/div>\n\t\t\t\t\t\t<\/div>\n\t\t\t\t<\/div>\n\t\t<div class=\"elementor-element elementor-element-28d25bf0 e-con-full wd-section-stretch e-flex e-con e-parent\" data-id=\"28d25bf0\" data-element_type=\"container\" data-e-type=\"container\">\n\t\t\t\t<div class=\"elementor-element elementor-element-2a5f8b1 elementor-widget elementor-widget-image\" data-id=\"2a5f8b1\" data-element_type=\"widget\" data-e-type=\"widget\" data-widget_type=\"image.default\">\n\t\t\t\t\t\t\t\t\t\t\t\t\t\t\t<img decoding=\"async\" width=\"1920\" height=\"350\" src=\"https:\/\/chnprints.com\/wp-content\/themes\/woodmart\/images\/lazy.svg\" class=\"attachment-full size-full wp-image-2277 wd-lazy-fade\" alt=\"\" srcset=\"\" sizes=\"(max-width: 1920px) 100vw, 1920px\" title=\"business cards print  Impresi\u00f3n y dise\u00f1o de tarjetas de visita | Ordene en l\u00ednea\" data-src=\"https:\/\/chnprints.com\/wp-content\/uploads\/2024\/10\/chnprints_banner-print.png\" data-srcset=\"https:\/\/chnprints.com\/wp-content\/uploads\/2024\/10\/chnprints_banner-print.png 1920w, https:\/\/chnprints.com\/wp-content\/uploads\/2024\/10\/chnprints_banner-print-300x55.png 300w, https:\/\/chnprints.com\/wp-content\/uploads\/2024\/10\/chnprints_banner-print-150x27.png 150w, https:\/\/chnprints.com\/wp-content\/uploads\/2024\/10\/chnprints_banner-print-800x146.png 800w, https:\/\/chnprints.com\/wp-content\/uploads\/2024\/10\/chnprints_banner-print-1024x187.png 1024w, https:\/\/chnprints.com\/wp-content\/uploads\/2024\/10\/chnprints_banner-print-768x140.png 768w, https:\/\/chnprints.com\/wp-content\/uploads\/2024\/10\/chnprints_banner-print-1536x280.png 1536w\" \/>\t\t\t\t\t\t\t\t\t\t\t\t\t\t\t<\/div>\n\t\t\t\t<\/div>\n\t\t<div class=\"elementor-element elementor-element-d87ad79 e-flex e-con-boxed e-con e-parent\" data-id=\"d87ad79\" data-element_type=\"container\" data-e-type=\"container\">\n\t\t\t\t\t<div class=\"e-con-inner\">\n\t\t\t\t<div class=\"elementor-element elementor-element-731912e elementor-widget elementor-widget-heading\" data-id=\"731912e\" data-element_type=\"widget\" data-e-type=\"widget\" data-widget_type=\"heading.default\">\n\t\t\t\t\t<h1 class=\"elementor-heading-title elementor-size-default\">Reporte de errores y recompensas<\/h1>\t\t\t\t<\/div>\n\t\t\t\t<div class=\"elementor-element elementor-element-d1f280e color-scheme-inherit text-left elementor-widget elementor-widget-text-editor\" data-id=\"d1f280e\" data-element_type=\"widget\" data-e-type=\"widget\" data-widget_type=\"text-editor.default\">\n\t\t\t\t\t\t\t\t\t<p>\u00a1Gracias por ayudarnos a mantener el sitio web seguro y funcionando sin problemas!<\/p>\n\t\t\t\t\t\t\t\t<\/div>\n\t\t\t\t<div class=\"elementor-element elementor-element-c01dc3b elementor-widget-divider--view-line elementor-widget elementor-widget-divider\" data-id=\"c01dc3b\" data-element_type=\"widget\" data-e-type=\"widget\" data-widget_type=\"divider.default\">\n\t\t\t\t\t\t\t<div class=\"elementor-divider\">\n\t\t\t<span class=\"elementor-divider-separator\">\n\t\t\t\t\t\t<\/span>\n\t\t<\/div>\n\t\t\t\t\t\t<\/div>\n\t\t\t\t<div class=\"elementor-element elementor-element-cc2dd77 text-center color-scheme-inherit elementor-widget elementor-widget-text-editor\" data-id=\"cc2dd77\" data-element_type=\"widget\" data-e-type=\"widget\" data-widget_type=\"text-editor.default\">\n\t\t\t\t\t\t\t\t\t<p>Somos una peque\u00f1a empresa de China, centrada en el dise\u00f1o y la producci\u00f3n de varios tipos de productos impresos. Si bien tenemos experiencia en impresi\u00f3n, hemos creado y mantenido nuestro sitio web por nuestra cuenta, paso a paso, por lo que puede haber algunos problemas multiling\u00fces u otros problemas menores en el camino.<\/p>\n<p>Si detecta alg\u00fan problema mientras navega por nuestro sitio web, ya sea una vulnerabilidad de seguridad, un error multiling\u00fce o simplemente un peque\u00f1o fallo, nos encantar\u00eda saber de usted. Cada comentario es importante para nosotros.<\/p>\t\t\t\t\t\t\t\t<\/div>\n\t\t\t\t<div class=\"elementor-element elementor-element-e762ca3 elementor-widget-divider--view-line elementor-widget elementor-widget-divider\" data-id=\"e762ca3\" data-element_type=\"widget\" data-e-type=\"widget\" data-widget_type=\"divider.default\">\n\t\t\t\t\t\t\t<div class=\"elementor-divider\">\n\t\t\t<span class=\"elementor-divider-separator\">\n\t\t\t\t\t\t<\/span>\n\t\t<\/div>\n\t\t\t\t\t\t<\/div>\n\t\t\t\t<div class=\"elementor-element elementor-element-ced7140 elementor-widget elementor-widget-heading\" data-id=\"ced7140\" data-element_type=\"widget\" data-e-type=\"widget\" data-widget_type=\"heading.default\">\n\t\t\t\t\t<h2 class=\"elementor-heading-title elementor-size-default\">Como agradecimiento, \u00a1ofrecemos recompensas adicionales!<\/h2>\t\t\t\t<\/div>\n\t\t\t\t<div class=\"elementor-element elementor-element-a424057 text-center color-scheme-inherit elementor-widget elementor-widget-text-editor\" data-id=\"a424057\" data-element_type=\"widget\" data-e-type=\"widget\" data-widget_type=\"text-editor.default\">\n\t\t\t\t\t\t\t\t\t<p>En funci\u00f3n del n\u00famero de problemas que informes, a\u00f1adiremos entre un 10 % y un 20 % m\u00e1s de productos a tu pedido. El valor total de la recompensa no superar\u00e1 los 100 $, que es el m\u00e1ximo que podemos ofrecer.<\/p>\n<p><strong>Si ya has realizado un pedido, aseg\u00farate de ponerte en contacto con nosotros antes de que se lo enviemos para que podamos organizar tu recompensa.<\/strong><\/p>\n\t\t\t\t\t\t\t\t<\/div>\n\t\t\t\t<div class=\"elementor-element elementor-element-b799d9f text-center color-scheme-inherit elementor-widget elementor-widget-text-editor\" data-id=\"b799d9f\" data-element_type=\"widget\" data-e-type=\"widget\" data-widget_type=\"text-editor.default\">\n\t\t\t\t\t\t\t\t\t<p>\ud83d\udce7 <a href=\"hello@chnprints.com\"><strong>hola<\/strong><strong>@chnprints.com<\/strong><\/a><\/p>\n\t\t\t\t\t\t\t\t<\/div>\n\t\t\t\t<div class=\"elementor-element elementor-element-6ba087e elementor-widget-divider--view-line elementor-widget elementor-widget-divider\" data-id=\"6ba087e\" data-element_type=\"widget\" data-e-type=\"widget\" data-widget_type=\"divider.default\">\n\t\t\t\t\t\t\t<div class=\"elementor-divider\">\n\t\t\t<span class=\"elementor-divider-separator\">\n\t\t\t\t\t\t<\/span>\n\t\t<\/div>\n\t\t\t\t\t\t<\/div>\n\t\t\t\t<div class=\"elementor-element elementor-element-19ca371 elementor-widget elementor-widget-heading\" data-id=\"19ca371\" data-element_type=\"widget\" data-e-type=\"widget\" data-widget_type=\"heading.default\">\n\t\t\t\t\t<h2 class=\"elementor-heading-title elementor-size-default\">\u00bfQu\u00e9 pasa despu\u00e9s?<\/h2>\t\t\t\t<\/div>\n\t\t\t\t<div class=\"elementor-element elementor-element-07191c9 text-center color-scheme-inherit elementor-widget elementor-widget-text-editor\" data-id=\"07191c9\" data-element_type=\"widget\" data-e-type=\"widget\" data-widget_type=\"text-editor.default\">\n\t\t\t\t\t\t\t\t\t<li>Nos pondremos en contacto contigo de inmediato para confirmar que hemos recibido tus comentarios.<\/li>\n \t<li>Investigaremos y abordaremos el problema que hayas denunciado.<\/li>\n \t<li>Si el problema es v\u00e1lido, ofreceremos una recompensa en funci\u00f3n de la situaci\u00f3n.<\/li>\n<\/ul>\t\t\t\t\t\t\t\t<\/div>\n\t\t\t\t<div class=\"elementor-element elementor-element-ef1db4d elementor-widget-divider--view-line elementor-widget elementor-widget-divider\" data-id=\"ef1db4d\" data-element_type=\"widget\" data-e-type=\"widget\" data-widget_type=\"divider.default\">\n\t\t\t\t\t\t\t<div class=\"elementor-divider\">\n\t\t\t<span class=\"elementor-divider-separator\">\n\t\t\t\t\t\t<\/span>\n\t\t<\/div>\n\t\t\t\t\t\t<\/div>\n\t\t\t\t<div class=\"elementor-element elementor-element-8c93390 elementor-widget elementor-widget-heading\" data-id=\"8c93390\" data-element_type=\"widget\" data-e-type=\"widget\" data-widget_type=\"heading.default\">\n\t\t\t\t\t<h2 class=\"elementor-heading-title elementor-size-default\">Protecci\u00f3n de la privacidad<\/h2>\t\t\t\t<\/div>\n\t\t\t\t<div class=\"elementor-element elementor-element-33aa1a6 text-center color-scheme-inherit elementor-widget elementor-widget-text-editor\" data-id=\"33aa1a6\" data-element_type=\"widget\" data-e-type=\"widget\" data-widget_type=\"text-editor.default\">\n\t\t\t\t\t\t\t\t\t<p>Realmente respetamos su privacidad. La informaci\u00f3n que proporcione solo se utilizar\u00e1 para mejorar el sitio web y no se utilizar\u00e1 para nada m\u00e1s. Tambi\u00e9n esperamos que nos des algo de tiempo para solucionar el problema antes de compartir los detalles. \u00a1Su comprensi\u00f3n significa mucho para nosotros!<\/p>\n\t\t\t\t\t\t\t\t<\/div>\n\t\t\t\t<div class=\"elementor-element elementor-element-fb278b8 elementor-widget-divider--view-line elementor-widget elementor-widget-divider\" data-id=\"fb278b8\" data-element_type=\"widget\" data-e-type=\"widget\" data-widget_type=\"divider.default\">\n\t\t\t\t\t\t\t<div class=\"elementor-divider\">\n\t\t\t<span class=\"elementor-divider-separator\">\n\t\t\t\t\t\t<\/span>\n\t\t<\/div>\n\t\t\t\t\t\t<\/div>\n\t\t\t\t<div class=\"elementor-element elementor-element-c92e561 elementor-widget elementor-widget-heading\" data-id=\"c92e561\" data-element_type=\"widget\" data-e-type=\"widget\" data-widget_type=\"heading.default\">\n\t\t\t\t\t<h2 class=\"elementor-heading-title elementor-size-default\">Una promesa sin preocupaciones<\/h2>\t\t\t\t<\/div>\n\t\t\t\t<div class=\"elementor-element elementor-element-a300a84 text-center color-scheme-inherit elementor-widget elementor-widget-text-editor\" data-id=\"a300a84\" data-element_type=\"widget\" data-e-type=\"widget\" data-widget_type=\"text-editor.default\">\n\t\t\t\t\t\t\t\t\t<p>Entendemos que informar de un problema puede resultar un poco desalentador, pero ten la seguridad de que no estamos aqu\u00ed para culpar a nadie que est\u00e9 ayudando. Nos comprometemos a no emprender acciones legales contra nadie que informe de vulnerabilidades de buena fe, siempre y cuando siga nuestras directrices y evite actividades da\u00f1inas.<\/p>\n\t\t\t\t\t\t\t\t<\/div>\n\t\t\t\t\t<\/div>\n\t\t\t\t<\/div>\n\t\t\t\t<\/div>\n\t\t","protected":false},"excerpt":{"rendered":"<p>Reporte de errores y recompensas \u00a1Gracias por ayudarnos a mantener el sitio web seguro y funcionando sin problemas! Somos una<\/p>\n","protected":false},"author":1,"featured_media":0,"parent":0,"menu_order":0,"comment_status":"closed","ping_status":"closed","template":"","meta":{"_acf_changed":false,"footnotes":""},"class_list":["post-2240","page","type-page","status-publish","hentry"],"acf":[],"aioseo_notices":[],"aioseo_head":"\n\t\t<!-- All in One SEO Pro 4.9.0 - aioseo.com -->\n\t<meta name=\"description\" content=\"\u00a1Comparte tu experiencia con ChnPrintStudio y gana recompensas! Valoramos sus comentarios y ofrecemos beneficios exclusivos para agradecerle por ser parte de nuestra comunidad de impresi\u00f3n personalizada.\" \/>\n\t<meta name=\"robots\" content=\"max-image-preview:large\" \/>\n\t<meta name=\"google-site-verification\" content=\"bCWEURESkI9sJaMHczw2gqISKxNjR6Mf9fHT_9LSu3M\" \/>\n\t<link rel=\"canonical\" href=\"https:\/\/chnprints.com\/es\/comentarios-y-recompensas\/\" \/>\n\t<meta name=\"generator\" content=\"All in One SEO Pro (AIOSEO) 4.9.0\" \/>\n\t\t<meta property=\"og:locale\" content=\"es_ES\" \/>\n\t\t<meta property=\"og:site_name\" content=\"ChnPrintStudio - Impresi\u00f3n y dise\u00f1o tipogr\u00e1fico y de l\u00e1minas | Ordene en l\u00ednea\" \/>\n\t\t<meta property=\"og:type\" content=\"article\" \/>\n\t\t<meta property=\"og:title\" content=\"ChnPrintStudio - Programa de Comentarios y Recompensas | Impresi\u00f3n y Dise\u00f1o\" \/>\n\t\t<meta property=\"og:description\" content=\"\u00a1Comparte tu experiencia con ChnPrintStudio y gana recompensas! Valoramos sus comentarios y ofrecemos beneficios exclusivos para agradecerle por ser parte de nuestra comunidad de impresi\u00f3n personalizada.\" \/>\n\t\t<meta property=\"og:url\" content=\"https:\/\/chnprints.com\/es\/comentarios-y-recompensas\/\" \/>\n\t\t<meta property=\"article:published_time\" content=\"2024-10-02T20:27:49+00:00\" \/>\n\t\t<meta property=\"article:modified_time\" content=\"2024-10-20T15:44:44+00:00\" \/>\n\t\t<meta name=\"twitter:card\" content=\"summary_large_image\" \/>\n\t\t<meta name=\"twitter:title\" content=\"ChnPrintStudio - Programa de Comentarios y Recompensas | Impresi\u00f3n y Dise\u00f1o\" \/>\n\t\t<meta name=\"twitter:description\" content=\"\u00a1Comparte tu experiencia con ChnPrintStudio y gana recompensas! Valoramos sus comentarios y ofrecemos beneficios exclusivos para agradecerle por ser parte de nuestra comunidad de impresi\u00f3n personalizada.\" \/>\n\t\t<script type=\"application\/ld+json\" class=\"aioseo-schema\">\n\t\t\t{\"@context\":\"https:\\\/\\\/schema.org\",\"@graph\":[{\"@type\":\"BreadcrumbList\",\"@id\":\"https:\\\/\\\/chnprints.com\\\/es\\\/comentarios-y-recompensas\\\/#breadcrumblist\",\"itemListElement\":[{\"@type\":\"ListItem\",\"@id\":\"https:\\\/\\\/chnprints.com\\\/es\\\/comentarios-y-recompensas\\\/#listItem\",\"position\":1,\"name\":\"Comentarios y recompensas\"}]},{\"@type\":\"Organization\",\"@id\":\"https:\\\/\\\/chnprints.com\\\/es\\\/#organization\",\"name\":\"ChnPrintStudio Letterpress & Foil Printing and Design | Order Online Letterpress &amp; Foil Printing and Design | Order Online\",\"description\":\"ChnPrintStudio\",\"url\":\"https:\\\/\\\/chnprints.com\\\/es\\\/\",\"logo\":{\"@type\":\"ImageObject\",\"url\":\"https:\\\/\\\/chnprints.com\\\/wp-content\\\/uploads\\\/2024\\\/10\\\/weblogo.jpg?wsr\",\"@id\":\"https:\\\/\\\/chnprints.com\\\/es\\\/comentarios-y-recompensas\\\/#organizationLogo\",\"width\":112,\"height\":112},\"image\":{\"@id\":\"https:\\\/\\\/chnprints.com\\\/es\\\/comentarios-y-recompensas\\\/#organizationLogo\"},\"sameAs\":[\"https:\\\/\\\/www.instagram.com\\\/chnprintstudio\\\/\",\"https:\\\/\\\/www.tiktok.com\\\/@chnprintstudio\",\"https:\\\/\\\/www.pinterest.com\\\/ChnPrintStudio\\\/\"]},{\"@type\":\"WebPage\",\"@id\":\"https:\\\/\\\/chnprints.com\\\/es\\\/comentarios-y-recompensas\\\/#webpage\",\"url\":\"https:\\\/\\\/chnprints.com\\\/es\\\/comentarios-y-recompensas\\\/\",\"name\":\"ChnPrintStudio - Programa de Comentarios y Recompensas | Impresi\\u00f3n y Dise\\u00f1o\",\"description\":\"\\u00a1Comparte tu experiencia con ChnPrintStudio y gana recompensas! Valoramos sus comentarios y ofrecemos beneficios exclusivos para agradecerle por ser parte de nuestra comunidad de impresi\\u00f3n personalizada.\",\"inLanguage\":\"es-ES\",\"isPartOf\":{\"@id\":\"https:\\\/\\\/chnprints.com\\\/es\\\/#website\"},\"breadcrumb\":{\"@id\":\"https:\\\/\\\/chnprints.com\\\/es\\\/comentarios-y-recompensas\\\/#breadcrumblist\"},\"datePublished\":\"2024-10-03T04:27:49+08:00\",\"dateModified\":\"2024-10-20T23:44:44+08:00\"},{\"@type\":\"WebSite\",\"@id\":\"https:\\\/\\\/chnprints.com\\\/es\\\/#website\",\"url\":\"https:\\\/\\\/chnprints.com\\\/es\\\/\",\"name\":\"ChnPrintStudio\",\"alternateName\":\"Luxury Business Card Printing | Order Online\",\"description\":\"Letterpress & Foil Printing and Design | Order Online\",\"inLanguage\":\"es-ES\",\"publisher\":{\"@id\":\"https:\\\/\\\/chnprints.com\\\/es\\\/#organization\"}}]}\n\t\t<\/script>\n\t\t<!-- All in One SEO Pro -->\r\n\t\t<title>ChnPrintStudio - Programa de Comentarios y Recompensas | Impresi\u00f3n y Dise\u00f1o<\/title>\n\n","aioseo_head_json":{"title":"ChnPrintStudio - Programa de Comentarios y Recompensas | Impresi\u00f3n y Dise\u00f1o","description":"\u00a1Comparte tu experiencia con ChnPrintStudio y gana recompensas! Valoramos sus comentarios y ofrecemos beneficios exclusivos para agradecerle por ser parte de nuestra comunidad de impresi\u00f3n personalizada.","canonical_url":"https:\/\/chnprints.com\/es\/comentarios-y-recompensas\/","robots":"max-image-preview:large","keywords":"","webmasterTools":{"google-site-verification":"bCWEURESkI9sJaMHczw2gqISKxNjR6Mf9fHT_9LSu3M","miscellaneous":""},"schema":{"@context":"https:\/\/schema.org","@graph":[{"@type":"BreadcrumbList","@id":"https:\/\/chnprints.com\/es\/comentarios-y-recompensas\/#breadcrumblist","itemListElement":[{"@type":"ListItem","@id":"https:\/\/chnprints.com\/es\/comentarios-y-recompensas\/#listItem","position":1,"name":"Comentarios y recompensas"}]},{"@type":"Organization","@id":"https:\/\/chnprints.com\/es\/#organization","name":"ChnPrintStudio Letterpress & Foil Printing and Design | Order Online Letterpress &amp; Foil Printing and Design | Order Online","description":"ChnPrintStudio","url":"https:\/\/chnprints.com\/es\/","logo":{"@type":"ImageObject","url":"https:\/\/chnprints.com\/wp-content\/uploads\/2024\/10\/weblogo.jpg?wsr","@id":"https:\/\/chnprints.com\/es\/comentarios-y-recompensas\/#organizationLogo","width":112,"height":112},"image":{"@id":"https:\/\/chnprints.com\/es\/comentarios-y-recompensas\/#organizationLogo"},"sameAs":["https:\/\/www.instagram.com\/chnprintstudio\/","https:\/\/www.tiktok.com\/@chnprintstudio","https:\/\/www.pinterest.com\/ChnPrintStudio\/"]},{"@type":"WebPage","@id":"https:\/\/chnprints.com\/es\/comentarios-y-recompensas\/#webpage","url":"https:\/\/chnprints.com\/es\/comentarios-y-recompensas\/","name":"ChnPrintStudio - Programa de Comentarios y Recompensas | Impresi\u00f3n y Dise\u00f1o","description":"\u00a1Comparte tu experiencia con ChnPrintStudio y gana recompensas! Valoramos sus comentarios y ofrecemos beneficios exclusivos para agradecerle por ser parte de nuestra comunidad de impresi\u00f3n personalizada.","inLanguage":"es-ES","isPartOf":{"@id":"https:\/\/chnprints.com\/es\/#website"},"breadcrumb":{"@id":"https:\/\/chnprints.com\/es\/comentarios-y-recompensas\/#breadcrumblist"},"datePublished":"2024-10-03T04:27:49+08:00","dateModified":"2024-10-20T23:44:44+08:00"},{"@type":"WebSite","@id":"https:\/\/chnprints.com\/es\/#website","url":"https:\/\/chnprints.com\/es\/","name":"ChnPrintStudio","alternateName":"Luxury Business Card Printing | Order Online","description":"Letterpress & Foil Printing and Design | Order Online","inLanguage":"es-ES","publisher":{"@id":"https:\/\/chnprints.com\/es\/#organization"}}]},"og:locale":"es_ES","og:site_name":"ChnPrintStudio - Impresi\u00f3n y dise\u00f1o tipogr\u00e1fico y de l\u00e1minas | Ordene en l\u00ednea","og:type":"article","og:title":"ChnPrintStudio - Programa de Comentarios y Recompensas | Impresi\u00f3n y Dise\u00f1o","og:description":"\u00a1Comparte tu experiencia con ChnPrintStudio y gana recompensas! Valoramos sus comentarios y ofrecemos beneficios exclusivos para agradecerle por ser parte de nuestra comunidad de impresi\u00f3n personalizada.","og:url":"https:\/\/chnprints.com\/es\/comentarios-y-recompensas\/","article:published_time":"2024-10-02T20:27:49+00:00","article:modified_time":"2024-10-20T15:44:44+00:00","twitter:card":"summary_large_image","twitter:title":"ChnPrintStudio - Programa de Comentarios y Recompensas | Impresi\u00f3n y Dise\u00f1o","twitter:description":"\u00a1Comparte tu experiencia con ChnPrintStudio y gana recompensas! Valoramos sus comentarios y ofrecemos beneficios exclusivos para agradecerle por ser parte de nuestra comunidad de impresi\u00f3n personalizada."},"aioseo_meta_data":{"post_id":"2240","title":"#site_title #separator_sa Programa de Comentarios y Recompensas | Impresi\u00f3n y Dise\u00f1o","description":"\u00a1Comparte tu experiencia con ChnPrintStudio y gana recompensas! Valoramos sus comentarios y ofrecemos beneficios exclusivos para agradecerle por ser parte de nuestra comunidad de impresi\u00f3n personalizada.","keywords":null,"keyphrases":{"focus":{"keyphrase":"Customer Feedback","score":37,"analysis":{"keyphraseInTitle":{"score":3,"maxScore":9,"error":1},"keyphraseInDescription":{"score":3,"maxScore":9,"error":1},"keyphraseLength":{"score":9,"maxScore":9,"error":0,"length":2},"keyphraseInURL":{"score":1,"maxScore":5,"error":1},"keyphraseInIntroduction":{"score":3,"maxScore":9,"error":1},"keyphraseInSubHeadings":{"score":3,"maxScore":9,"error":1},"keyphraseInImageAlt":{"score":3,"maxScore":9,"error":1},"keywordDensity":{"score":0,"type":"low","maxScore":9,"error":1}}},"additional":[{"keyphrase":"Printing Services Feedback","score":40,"analysis":{"keyphraseInDescription":{"score":3,"maxScore":9,"error":1},"keyphraseLength":{"score":9,"maxScore":9,"error":0,"length":3},"keyphraseInIntroduction":{"score":3,"maxScore":9,"error":1},"keyphraseInImageAlt":{"score":3,"maxScore":9,"error":1},"keywordDensity":{"score":0,"type":"low","maxScore":9,"error":1}}}]},"primary_term":null,"canonical_url":null,"og_title":null,"og_description":null,"og_object_type":"default","og_image_type":"default","og_image_url":null,"og_image_width":null,"og_image_height":null,"og_image_custom_url":null,"og_image_custom_fields":null,"og_video":"","og_custom_url":null,"og_article_section":null,"og_article_tags":null,"twitter_use_og":false,"twitter_card":"default","twitter_image_type":"default","twitter_image_url":null,"twitter_image_custom_url":null,"twitter_image_custom_fields":null,"twitter_title":null,"twitter_description":null,"schema":{"blockGraphs":[],"customGraphs":[],"default":{"data":{"Article":[],"Course":[],"Dataset":[],"FAQPage":[],"Movie":[],"Person":[],"Product":[],"ProductReview":[],"Car":[],"Recipe":[],"Service":[],"SoftwareApplication":[],"WebPage":[]},"graphName":"WebPage","isEnabled":true},"graphs":[]},"schema_type":"default","schema_type_options":null,"pillar_content":false,"robots_default":true,"robots_noindex":false,"robots_noarchive":false,"robots_nosnippet":false,"robots_nofollow":false,"robots_noimageindex":false,"robots_noodp":false,"robots_notranslate":false,"robots_max_snippet":"-1","robots_max_videopreview":"-1","robots_max_imagepreview":"large","priority":null,"frequency":"default","local_seo":null,"seo_analyzer_scan_date":"2026-02-09 16:47:28","breadcrumb_settings":null,"limit_modified_date":false,"ai":null,"created":"2024-10-08 13:39:26","updated":"2026-02-09 21:30:29"},"aioseo_breadcrumb":"<div class=\"aioseo-breadcrumbs\"><span class=\"aioseo-breadcrumb\">\n\tComentarios y recompensas\n<\/span><\/div>","aioseo_breadcrumb_json":[{"label":"Comentarios y recompensas","link":"https:\/\/chnprints.com\/es\/comentarios-y-recompensas\/"}],"_links":{"self":[{"href":"https:\/\/chnprints.com\/es\/wp-json\/wp\/v2\/pages\/2240","targetHints":{"allow":["GET"]}}],"collection":[{"href":"https:\/\/chnprints.com\/es\/wp-json\/wp\/v2\/pages"}],"about":[{"href":"https:\/\/chnprints.com\/es\/wp-json\/wp\/v2\/types\/page"}],"author":[{"embeddable":true,"href":"https:\/\/chnprints.com\/es\/wp-json\/wp\/v2\/users\/1"}],"replies":[{"embeddable":true,"href":"https:\/\/chnprints.com\/es\/wp-json\/wp\/v2\/comments?post=2240"}],"version-history":[{"count":0,"href":"https:\/\/chnprints.com\/es\/wp-json\/wp\/v2\/pages\/2240\/revisions"}],"wp:attachment":[{"href":"https:\/\/chnprints.com\/es\/wp-json\/wp\/v2\/media?parent=2240"}],"curies":[{"name":"wp","href":"https:\/\/api.w.org\/{rel}","templated":true}]}}