{"id":5920,"date":"2024-12-12T05:14:08","date_gmt":"2024-12-11T21:14:08","guid":{"rendered":"https:\/\/chnprints.com\/etiketten-aufkleber\/"},"modified":"2024-12-12T05:20:36","modified_gmt":"2024-12-11T21:20:36","slug":"etiketten-aufkleber","status":"publish","type":"page","link":"https:\/\/chnprints.com\/de\/etiketten-aufkleber\/","title":{"rendered":"Etiketten &amp; Aufkleber"},"content":{"rendered":"\t\t<div data-elementor-type=\"wp-page\" data-elementor-id=\"5920\" class=\"elementor elementor-5920 elementor-5901\" data-elementor-post-type=\"page\">\n\t\t\t\t<div class=\"elementor-element elementor-element-3f19eb00 e-flex e-con-boxed e-con e-parent\" data-id=\"3f19eb00\" data-element_type=\"container\" data-e-type=\"container\">\n\t\t\t\t\t<div class=\"e-con-inner\">\n\t\t\t\t<div class=\"elementor-element elementor-element-692288cf elementor-view-default elementor-widget elementor-widget-icon\" data-id=\"692288cf\" data-element_type=\"widget\" data-e-type=\"widget\" data-widget_type=\"icon.default\">\n\t\t\t\t\t\t\t<div class=\"elementor-icon-wrapper\">\n\t\t\t<div class=\"elementor-icon\">\n\t\t\t<svg aria-hidden=\"true\" class=\"e-font-icon-svg e-fas-chevron-circle-down\" viewBox=\"0 0 512 512\" xmlns=\"http:\/\/www.w3.org\/2000\/svg\"><path d=\"M504 256c0 137-111 248-248 248S8 393 8 256 119 8 256 8s248 111 248 248zM273 369.9l135.5-135.5c9.4-9.4 9.4-24.6 0-33.9l-17-17c-9.4-9.4-24.6-9.4-33.9 0L256 285.1 154.4 183.5c-9.4-9.4-24.6-9.4-33.9 0l-17 17c-9.4 9.4-9.4 24.6 0 33.9L239 369.9c9.4 9.4 24.6 9.4 34 0z\"><\/path><\/svg>\t\t\t<\/div>\n\t\t<\/div>\n\t\t\t\t\t\t<\/div>\n\t\t\t\t\t<\/div>\n\t\t\t\t<\/div>\n\t\t<div class=\"elementor-element elementor-element-2f9f6958 e-flex e-con-boxed e-con e-parent\" data-id=\"2f9f6958\" data-element_type=\"container\" data-e-type=\"container\">\n\t\t\t\t\t<div class=\"e-con-inner\">\n\t\t\t\t<div class=\"elementor-element elementor-element-384b1f02 wd-width-100 elementor-widget elementor-widget-wd_title\" data-id=\"384b1f02\" data-element_type=\"widget\" data-e-type=\"widget\" data-widget_type=\"wd_title.default\">\n\t\t\t\t<div class=\"elementor-widget-container\">\n\t\t\t\t\t\t\t<div class=\"title-wrapper wd-set-mb reset-last-child wd-title-color-default wd-title-style-default wd-title-size-default text-center\">\n\n\t\t\t\n\t\t\t<div class=\"liner-continer\">\n\t\t\t\t<h4 class=\"woodmart-title-container title wd-fontsize-l\">Bleiben Sie dran! Diese Seite wird bald live gehen!<\/h4> \n\t\t\t\t\t\t\t<\/div>\n\n\t\t\t\t\t\t\t<div class=\"title-after_title reset-last-child wd-fontsize-xs\">\n\t\t\t\t\t<p>Obwohl die Seite noch nicht vollst\u00e4ndig ist, k\u00f6nnen wir Ihnen dennoch ma\u00dfgeschneiderte Dienstleistungen anbieten. Nehmen Sie gerne Kontakt mit uns auf.<\/p>\t\t\t\t<\/div>\n\t\t\t\t\t<\/div>\n\t\t\t\t\t\t<\/div>\n\t\t\t\t<\/div>\n\t\t\t\t\t<\/div>\n\t\t\t\t<\/div>\n\t\t<div class=\"elementor-element elementor-element-4bb233db e-flex e-con-boxed e-con e-parent\" data-id=\"4bb233db\" data-element_type=\"container\" data-e-type=\"container\">\n\t\t\t\t\t<div class=\"e-con-inner\">\n\t\t\t\t<div class=\"elementor-element elementor-element-5b09e8a9 elementor-widget elementor-widget-wd_button\" data-id=\"5b09e8a9\" data-element_type=\"widget\" data-e-type=\"widget\" data-widget_type=\"wd_button.default\">\n\t\t\t\t<div class=\"elementor-widget-container\">\n\t\t\t\t\t\t\t<div class=\"wd-button-wrapper text-center\" >\n\t\t\t<a class=\"btn btn-style-link btn-shape- btn-size-default btn-icon-pos-right\"  href=\"https:\/\/chnprints.com\/de\/\">\n\t\t\t\t<span class=\"wd-btn-text\" data-elementor-setting-key=\"text\">\n\t\t\t\t\tZur\u00fcck zur Startseite\t\t\t\t<\/span>\n\n\t\t\t\t\t\t\t<\/a>\n\t\t<\/div>\n\t\t\t\t\t\t<\/div>\n\t\t\t\t<\/div>\n\t\t\t\t<div class=\"elementor-element elementor-element-23b866fb elementor-widget elementor-widget-wd_button\" data-id=\"23b866fb\" data-element_type=\"widget\" data-e-type=\"widget\" data-widget_type=\"wd_button.default\">\n\t\t\t\t<div class=\"elementor-widget-container\">\n\t\t\t\t\t\t\t<div class=\"wd-button-wrapper text-center\" >\n\t\t\t<a class=\"btn btn-style-link btn-shape- btn-size-default btn-icon-pos-right\"  href=\"https:\/\/chnprints.com\/de\/\">\n\t\t\t\t<span class=\"wd-btn-text\" data-elementor-setting-key=\"text\">\n\t\t\t\t\tAngebotsanfrage\t\t\t\t<\/span>\n\n\t\t\t\t\t\t\t<\/a>\n\t\t<\/div>\n\t\t\t\t\t\t<\/div>\n\t\t\t\t<\/div>\n\t\t\t\t\t<\/div>\n\t\t\t\t<\/div>\n\t\t\t\t<\/div>\n\t\t","protected":false},"excerpt":{"rendered":"<p>Bleiben Sie dran! Diese Seite wird bald live gehen! Obwohl die Seite noch nicht vollst\u00e4ndig ist, k\u00f6nnen wir Ihnen dennoch<\/p>\n","protected":false},"author":1,"featured_media":0,"parent":0,"menu_order":0,"comment_status":"closed","ping_status":"closed","template":"","meta":{"_acf_changed":false,"footnotes":""},"class_list":["post-5920","page","type-page","status-publish","hentry"],"acf":[],"aioseo_notices":[],"aioseo_head":"\n\t\t<!-- All in One SEO Pro 4.9.0 - aioseo.com -->\n\t<meta name=\"description\" content=\"Entdecken Sie benutzerdefinierte Etiketten und Aufkleber f\u00fcr jeden Bedarf \u2013 f\u00fcr Unternehmensbranding, Produktverpackungen oder pers\u00f6nliche Veranstaltungen. Premium-Qualit\u00e4t, verschiedene Formen und Gr\u00f6\u00dfen. Jetzt gestalten und bestellen!\" \/>\n\t<meta name=\"robots\" content=\"max-image-preview:large\" \/>\n\t<meta name=\"google-site-verification\" content=\"bCWEURESkI9sJaMHczw2gqISKxNjR6Mf9fHT_9LSu3M\" \/>\n\t<link rel=\"canonical\" href=\"https:\/\/chnprints.com\/de\/etiketten-aufkleber\/\" \/>\n\t<meta name=\"generator\" content=\"All in One SEO Pro (AIOSEO) 4.9.0\" \/>\n\t\t<meta property=\"og:locale\" content=\"de_DE\" \/>\n\t\t<meta property=\"og:site_name\" content=\"ChnPrintStudio - Buch- und Foliendruck und Design | Online bestellen\" \/>\n\t\t<meta property=\"og:type\" content=\"article\" \/>\n\t\t<meta property=\"og:title\" content=\"Etiketten &amp; Aufkleber - Letterpress &amp; Foil Printing and Design | ChnPrint Studio\" \/>\n\t\t<meta property=\"og:description\" content=\"Entdecken Sie benutzerdefinierte Etiketten und Aufkleber f\u00fcr jeden Bedarf \u2013 f\u00fcr Unternehmensbranding, Produktverpackungen oder pers\u00f6nliche Veranstaltungen. Premium-Qualit\u00e4t, verschiedene Formen und Gr\u00f6\u00dfen. Jetzt gestalten und bestellen!\" \/>\n\t\t<meta property=\"og:url\" content=\"https:\/\/chnprints.com\/de\/etiketten-aufkleber\/\" \/>\n\t\t<meta property=\"article:published_time\" content=\"2024-12-11T21:14:08+00:00\" \/>\n\t\t<meta property=\"article:modified_time\" content=\"2024-12-11T21:20:36+00:00\" \/>\n\t\t<meta name=\"twitter:card\" content=\"summary_large_image\" \/>\n\t\t<meta name=\"twitter:title\" content=\"Etiketten &amp; Aufkleber - Letterpress &amp; Foil Printing and Design | ChnPrint Studio\" \/>\n\t\t<meta name=\"twitter:description\" content=\"Entdecken Sie benutzerdefinierte Etiketten und Aufkleber f\u00fcr jeden Bedarf \u2013 f\u00fcr Unternehmensbranding, Produktverpackungen oder pers\u00f6nliche Veranstaltungen. Premium-Qualit\u00e4t, verschiedene Formen und Gr\u00f6\u00dfen. Jetzt gestalten und bestellen!\" \/>\n\t\t<script type=\"application\/ld+json\" class=\"aioseo-schema\">\n\t\t\t{\"@context\":\"https:\\\/\\\/schema.org\",\"@graph\":[{\"@type\":\"BreadcrumbList\",\"@id\":\"https:\\\/\\\/chnprints.com\\\/de\\\/etiketten-aufkleber\\\/#breadcrumblist\",\"itemListElement\":[{\"@type\":\"ListItem\",\"@id\":\"https:\\\/\\\/chnprints.com\\\/de\\\/etiketten-aufkleber\\\/#listItem\",\"position\":1,\"name\":\"Etiketten &amp; Aufkleber\"}]},{\"@type\":\"Organization\",\"@id\":\"https:\\\/\\\/chnprints.com\\\/de\\\/#organization\",\"name\":\"ChnPrintStudio Buchdruck & Folienpr\\u00e4gung und Design | Online bestellen Letterpress &amp; Foil Printing and Design | Order Online\",\"description\":\"ChnPrintStudio\",\"url\":\"https:\\\/\\\/chnprints.com\\\/de\\\/\",\"logo\":{\"@type\":\"ImageObject\",\"url\":\"https:\\\/\\\/chnprints.com\\\/wp-content\\\/uploads\\\/2024\\\/10\\\/weblogo.jpg?wsr\",\"@id\":\"https:\\\/\\\/chnprints.com\\\/de\\\/etiketten-aufkleber\\\/#organizationLogo\",\"width\":112,\"height\":112},\"image\":{\"@id\":\"https:\\\/\\\/chnprints.com\\\/de\\\/etiketten-aufkleber\\\/#organizationLogo\"},\"sameAs\":[\"https:\\\/\\\/www.instagram.com\\\/chnprintstudio\\\/\",\"https:\\\/\\\/www.tiktok.com\\\/@chnprintstudio\",\"https:\\\/\\\/www.pinterest.com\\\/ChnPrintStudio\\\/\"]},{\"@type\":\"WebPage\",\"@id\":\"https:\\\/\\\/chnprints.com\\\/de\\\/etiketten-aufkleber\\\/#webpage\",\"url\":\"https:\\\/\\\/chnprints.com\\\/de\\\/etiketten-aufkleber\\\/\",\"name\":\"Etiketten & Aufkleber - Letterpress & Foil Printing and Design | ChnPrint Studio\",\"description\":\"Entdecken Sie benutzerdefinierte Etiketten und Aufkleber f\\u00fcr jeden Bedarf \\u2013 f\\u00fcr Unternehmensbranding, Produktverpackungen oder pers\\u00f6nliche Veranstaltungen. Premium-Qualit\\u00e4t, verschiedene Formen und Gr\\u00f6\\u00dfen. Jetzt gestalten und bestellen!\",\"inLanguage\":\"de-DE\",\"isPartOf\":{\"@id\":\"https:\\\/\\\/chnprints.com\\\/de\\\/#website\"},\"breadcrumb\":{\"@id\":\"https:\\\/\\\/chnprints.com\\\/de\\\/etiketten-aufkleber\\\/#breadcrumblist\"},\"datePublished\":\"2024-12-12T05:14:08+08:00\",\"dateModified\":\"2024-12-12T05:20:36+08:00\"},{\"@type\":\"WebSite\",\"@id\":\"https:\\\/\\\/chnprints.com\\\/de\\\/#website\",\"url\":\"https:\\\/\\\/chnprints.com\\\/de\\\/\",\"name\":\"ChnPrintStudio\",\"alternateName\":\"Luxury Business Card Printing | Order Online\",\"description\":\"Buchdruck & Folienpr\\u00e4gung und Design | Online bestellen\",\"inLanguage\":\"de-DE\",\"publisher\":{\"@id\":\"https:\\\/\\\/chnprints.com\\\/de\\\/#organization\"}}]}\n\t\t<\/script>\n\t\t<!-- All in One SEO Pro -->\r\n\t\t<title>Etiketten &amp; Aufkleber - Letterpress &amp; Foil Printing and Design | ChnPrint Studio<\/title>\n\n","aioseo_head_json":{"title":"Etiketten & Aufkleber - Letterpress & Foil Printing and Design | ChnPrint Studio","description":"Entdecken Sie benutzerdefinierte Etiketten und Aufkleber f\u00fcr jeden Bedarf \u2013 f\u00fcr Unternehmensbranding, Produktverpackungen oder pers\u00f6nliche Veranstaltungen. Premium-Qualit\u00e4t, verschiedene Formen und Gr\u00f6\u00dfen. Jetzt gestalten und bestellen!","canonical_url":"https:\/\/chnprints.com\/de\/etiketten-aufkleber\/","robots":"max-image-preview:large","keywords":"","webmasterTools":{"google-site-verification":"bCWEURESkI9sJaMHczw2gqISKxNjR6Mf9fHT_9LSu3M","miscellaneous":""},"schema":{"@context":"https:\/\/schema.org","@graph":[{"@type":"BreadcrumbList","@id":"https:\/\/chnprints.com\/de\/etiketten-aufkleber\/#breadcrumblist","itemListElement":[{"@type":"ListItem","@id":"https:\/\/chnprints.com\/de\/etiketten-aufkleber\/#listItem","position":1,"name":"Etiketten &amp; Aufkleber"}]},{"@type":"Organization","@id":"https:\/\/chnprints.com\/de\/#organization","name":"ChnPrintStudio Buchdruck & Folienpr\u00e4gung und Design | Online bestellen Letterpress &amp; Foil Printing and Design | Order Online","description":"ChnPrintStudio","url":"https:\/\/chnprints.com\/de\/","logo":{"@type":"ImageObject","url":"https:\/\/chnprints.com\/wp-content\/uploads\/2024\/10\/weblogo.jpg?wsr","@id":"https:\/\/chnprints.com\/de\/etiketten-aufkleber\/#organizationLogo","width":112,"height":112},"image":{"@id":"https:\/\/chnprints.com\/de\/etiketten-aufkleber\/#organizationLogo"},"sameAs":["https:\/\/www.instagram.com\/chnprintstudio\/","https:\/\/www.tiktok.com\/@chnprintstudio","https:\/\/www.pinterest.com\/ChnPrintStudio\/"]},{"@type":"WebPage","@id":"https:\/\/chnprints.com\/de\/etiketten-aufkleber\/#webpage","url":"https:\/\/chnprints.com\/de\/etiketten-aufkleber\/","name":"Etiketten & Aufkleber - Letterpress & Foil Printing and Design | ChnPrint Studio","description":"Entdecken Sie benutzerdefinierte Etiketten und Aufkleber f\u00fcr jeden Bedarf \u2013 f\u00fcr Unternehmensbranding, Produktverpackungen oder pers\u00f6nliche Veranstaltungen. Premium-Qualit\u00e4t, verschiedene Formen und Gr\u00f6\u00dfen. Jetzt gestalten und bestellen!","inLanguage":"de-DE","isPartOf":{"@id":"https:\/\/chnprints.com\/de\/#website"},"breadcrumb":{"@id":"https:\/\/chnprints.com\/de\/etiketten-aufkleber\/#breadcrumblist"},"datePublished":"2024-12-12T05:14:08+08:00","dateModified":"2024-12-12T05:20:36+08:00"},{"@type":"WebSite","@id":"https:\/\/chnprints.com\/de\/#website","url":"https:\/\/chnprints.com\/de\/","name":"ChnPrintStudio","alternateName":"Luxury Business Card Printing | Order Online","description":"Buchdruck & Folienpr\u00e4gung und Design | Online bestellen","inLanguage":"de-DE","publisher":{"@id":"https:\/\/chnprints.com\/de\/#organization"}}]},"og:locale":"de_DE","og:site_name":"ChnPrintStudio - Buch- und Foliendruck und Design | Online bestellen","og:type":"article","og:title":"Etiketten &amp; Aufkleber - Letterpress &amp; Foil Printing and Design | ChnPrint Studio","og:description":"Entdecken Sie benutzerdefinierte Etiketten und Aufkleber f\u00fcr jeden Bedarf \u2013 f\u00fcr Unternehmensbranding, Produktverpackungen oder pers\u00f6nliche Veranstaltungen. Premium-Qualit\u00e4t, verschiedene Formen und Gr\u00f6\u00dfen. Jetzt gestalten und bestellen!","og:url":"https:\/\/chnprints.com\/de\/etiketten-aufkleber\/","article:published_time":"2024-12-11T21:14:08+00:00","article:modified_time":"2024-12-11T21:20:36+00:00","twitter:card":"summary_large_image","twitter:title":"Etiketten &amp; Aufkleber - Letterpress &amp; Foil Printing and Design | ChnPrint Studio","twitter:description":"Entdecken Sie benutzerdefinierte Etiketten und Aufkleber f\u00fcr jeden Bedarf \u2013 f\u00fcr Unternehmensbranding, Produktverpackungen oder pers\u00f6nliche Veranstaltungen. Premium-Qualit\u00e4t, verschiedene Formen und Gr\u00f6\u00dfen. Jetzt gestalten und bestellen!"},"aioseo_meta_data":{"post_id":"5920","title":null,"description":"Entdecken Sie benutzerdefinierte Etiketten und Aufkleber f\u00fcr jeden Bedarf \u2013 f\u00fcr Unternehmensbranding, Produktverpackungen oder pers\u00f6nliche Veranstaltungen. Premium-Qualit\u00e4t, verschiedene Formen und Gr\u00f6\u00dfen. Jetzt gestalten und bestellen!","keywords":null,"keyphrases":{"focus":{"keyphrase":"","score":0,"analysis":{"keyphraseInTitle":{"score":0,"maxScore":9,"error":1}}},"additional":[]},"primary_term":null,"canonical_url":null,"og_title":null,"og_description":null,"og_object_type":"default","og_image_type":"default","og_image_url":null,"og_image_width":null,"og_image_height":null,"og_image_custom_url":null,"og_image_custom_fields":null,"og_video":"","og_custom_url":null,"og_article_section":null,"og_article_tags":null,"twitter_use_og":false,"twitter_card":"default","twitter_image_type":"default","twitter_image_url":null,"twitter_image_custom_url":null,"twitter_image_custom_fields":null,"twitter_title":null,"twitter_description":null,"schema":{"blockGraphs":[],"customGraphs":[],"default":{"data":{"Article":[],"Course":[],"Dataset":[],"FAQPage":[],"Movie":[],"Person":[],"Product":[],"ProductReview":[],"Car":[],"Recipe":[],"Service":[],"SoftwareApplication":[],"WebPage":[]},"graphName":"WebPage","isEnabled":true},"graphs":[]},"schema_type":"default","schema_type_options":null,"pillar_content":false,"robots_default":true,"robots_noindex":false,"robots_noarchive":false,"robots_nosnippet":false,"robots_nofollow":false,"robots_noimageindex":false,"robots_noodp":false,"robots_notranslate":false,"robots_max_snippet":"-1","robots_max_videopreview":"-1","robots_max_imagepreview":"large","priority":null,"frequency":"default","local_seo":null,"seo_analyzer_scan_date":"2026-02-09 16:59:15","breadcrumb_settings":null,"limit_modified_date":false,"ai":null,"created":"2024-12-11 21:20:36","updated":"2026-02-09 21:35:18"},"aioseo_breadcrumb":"<div class=\"aioseo-breadcrumbs\"><span class=\"aioseo-breadcrumb\">\n\tEtiketten &amp; Aufkleber\n<\/span><\/div>","aioseo_breadcrumb_json":[{"label":"Etiketten &amp; Aufkleber","link":"https:\/\/chnprints.com\/de\/etiketten-aufkleber\/"}],"_links":{"self":[{"href":"https:\/\/chnprints.com\/de\/wp-json\/wp\/v2\/pages\/5920","targetHints":{"allow":["GET"]}}],"collection":[{"href":"https:\/\/chnprints.com\/de\/wp-json\/wp\/v2\/pages"}],"about":[{"href":"https:\/\/chnprints.com\/de\/wp-json\/wp\/v2\/types\/page"}],"author":[{"embeddable":true,"href":"https:\/\/chnprints.com\/de\/wp-json\/wp\/v2\/users\/1"}],"replies":[{"embeddable":true,"href":"https:\/\/chnprints.com\/de\/wp-json\/wp\/v2\/comments?post=5920"}],"version-history":[{"count":0,"href":"https:\/\/chnprints.com\/de\/wp-json\/wp\/v2\/pages\/5920\/revisions"}],"wp:attachment":[{"href":"https:\/\/chnprints.com\/de\/wp-json\/wp\/v2\/media?parent=5920"}],"curies":[{"name":"wp","href":"https:\/\/api.w.org\/{rel}","templated":true}]}}