{"id":2244,"date":"2024-10-03T04:27:49","date_gmt":"2024-10-02T20:27:49","guid":{"rendered":"https:\/\/chnprints.com\/feedback-belohnung\/"},"modified":"2024-10-20T07:53:01","modified_gmt":"2024-10-19T23:53:01","slug":"feedback-belohnung","status":"publish","type":"page","link":"https:\/\/chnprints.com\/de\/feedback-belohnung\/","title":{"rendered":"Feedback &amp; Belohnung"},"content":{"rendered":"\t\t<div data-elementor-type=\"wp-page\" data-elementor-id=\"2244\" class=\"elementor elementor-2244 elementor-2111\" data-elementor-post-type=\"page\">\n\t\t\t\t<div class=\"elementor-element elementor-element-5d73edfe e-flex e-con-boxed e-con e-parent\" data-id=\"5d73edfe\" data-element_type=\"container\" data-e-type=\"container\">\n\t\t\t\t\t<div class=\"e-con-inner\">\n\t\t\t\t\t<\/div>\n\t\t\t\t<\/div>\n\t\t<div class=\"elementor-element elementor-element-5cb1d935 e-con-full wd-section-stretch e-flex e-con e-parent\" data-id=\"5cb1d935\" data-element_type=\"container\" data-e-type=\"container\" data-settings=\"{&quot;background_background&quot;:&quot;classic&quot;}\">\n\t\t\t\t<div class=\"elementor-element elementor-element-3f8025b5 elementor-widget elementor-widget-shortcode\" data-id=\"3f8025b5\" data-element_type=\"widget\" data-e-type=\"widget\" data-widget_type=\"shortcode.default\">\n\t\t\t\t\t\t\t<div class=\"elementor-shortcode\"><\/div>\n\t\t\t\t\t\t<\/div>\n\t\t\t\t<\/div>\n\t\t<div class=\"elementor-element elementor-element-28d25bf0 e-con-full wd-section-stretch e-flex e-con e-parent\" data-id=\"28d25bf0\" data-element_type=\"container\" data-e-type=\"container\">\n\t\t\t\t<div class=\"elementor-element elementor-element-2a5f8b1 elementor-widget elementor-widget-image\" data-id=\"2a5f8b1\" data-element_type=\"widget\" data-e-type=\"widget\" data-widget_type=\"image.default\">\n\t\t\t\t\t\t\t\t\t\t\t\t\t\t\t<img decoding=\"async\" width=\"1920\" height=\"350\" src=\"https:\/\/chnprints.com\/wp-content\/themes\/woodmart\/images\/lazy.svg\" class=\"attachment-full size-full wp-image-2277 wd-lazy-fade\" alt=\"\" srcset=\"\" sizes=\"(max-width: 1920px) 100vw, 1920px\" title=\"business cards print  Visitenkartendruck und design | Online bestellen\" data-src=\"https:\/\/chnprints.com\/wp-content\/uploads\/2024\/10\/chnprints_banner-print.png\" data-srcset=\"https:\/\/chnprints.com\/wp-content\/uploads\/2024\/10\/chnprints_banner-print.png.webp 1920w, https:\/\/chnprints.com\/wp-content\/uploads\/2024\/10\/chnprints_banner-print-300x55.png.webp 300w, https:\/\/chnprints.com\/wp-content\/uploads\/2024\/10\/chnprints_banner-print-150x27.png.webp 150w, https:\/\/chnprints.com\/wp-content\/uploads\/2024\/10\/chnprints_banner-print-800x146.png 800w, https:\/\/chnprints.com\/wp-content\/uploads\/2024\/10\/chnprints_banner-print-1024x187.png.webp 1024w, https:\/\/chnprints.com\/wp-content\/uploads\/2024\/10\/chnprints_banner-print-768x140.png.webp 768w, https:\/\/chnprints.com\/wp-content\/uploads\/2024\/10\/chnprints_banner-print-1536x280.png.webp 1536w\" \/>\t\t\t\t\t\t\t\t\t\t\t\t\t\t\t<\/div>\n\t\t\t\t<\/div>\n\t\t<div class=\"elementor-element elementor-element-d87ad79 e-flex e-con-boxed e-con e-parent\" data-id=\"d87ad79\" data-element_type=\"container\" data-e-type=\"container\">\n\t\t\t\t\t<div class=\"e-con-inner\">\n\t\t\t\t<div class=\"elementor-element elementor-element-731912e elementor-widget elementor-widget-heading\" data-id=\"731912e\" data-element_type=\"widget\" data-e-type=\"widget\" data-widget_type=\"heading.default\">\n\t\t\t\t\t<h1 class=\"elementor-heading-title elementor-size-default\">Fehlerberichterstattung und Belohnungen<\/h1>\t\t\t\t<\/div>\n\t\t\t\t<div class=\"elementor-element elementor-element-d1f280e color-scheme-inherit text-left elementor-widget elementor-widget-text-editor\" data-id=\"d1f280e\" data-element_type=\"widget\" data-e-type=\"widget\" data-widget_type=\"text-editor.default\">\n\t\t\t\t\t\t\t\t\t<p>Vielen Dank, dass Sie uns helfen, die Website sicher und reibungslos zu halten!<\/p>\n\t\t\t\t\t\t\t\t<\/div>\n\t\t\t\t<div class=\"elementor-element elementor-element-c01dc3b elementor-widget-divider--view-line elementor-widget elementor-widget-divider\" data-id=\"c01dc3b\" data-element_type=\"widget\" data-e-type=\"widget\" data-widget_type=\"divider.default\">\n\t\t\t\t\t\t\t<div class=\"elementor-divider\">\n\t\t\t<span class=\"elementor-divider-separator\">\n\t\t\t\t\t\t<\/span>\n\t\t<\/div>\n\t\t\t\t\t\t<\/div>\n\t\t\t\t<div class=\"elementor-element elementor-element-cc2dd77 text-center color-scheme-inherit elementor-widget elementor-widget-text-editor\" data-id=\"cc2dd77\" data-element_type=\"widget\" data-e-type=\"widget\" data-widget_type=\"text-editor.default\">\n\t\t\t\t\t\t\t\t\t<p>Wir sind ein kleines Unternehmen aus China, das sich auf das Entwerfen und Herstellen verschiedener Arten von Druckprodukten konzentriert. Obwohl wir Erfahrung im Drucken haben, haben wir unsere Website Schritt f\u00fcr Schritt selbst erstellt und gepflegt, sodass es auf dem Weg dorthin ein paar mehrsprachige oder andere kleinere Probleme geben kann.<\/p>\n<p>Wenn Sie beim Surfen auf unserer Website Probleme feststellen \u2013 sei es eine Sicherheitsl\u00fccke, ein mehrsprachiger Fehler oder einfach nur eine kleine Panne \u2013 w\u00fcrden wir uns freuen, von Ihnen zu h\u00f6ren. Jedes Feedback ist uns wichtig.<\/p>\t\t\t\t\t\t\t\t<\/div>\n\t\t\t\t<div class=\"elementor-element elementor-element-e762ca3 elementor-widget-divider--view-line elementor-widget elementor-widget-divider\" data-id=\"e762ca3\" data-element_type=\"widget\" data-e-type=\"widget\" data-widget_type=\"divider.default\">\n\t\t\t\t\t\t\t<div class=\"elementor-divider\">\n\t\t\t<span class=\"elementor-divider-separator\">\n\t\t\t\t\t\t<\/span>\n\t\t<\/div>\n\t\t\t\t\t\t<\/div>\n\t\t\t\t<div class=\"elementor-element elementor-element-ced7140 elementor-widget elementor-widget-heading\" data-id=\"ced7140\" data-element_type=\"widget\" data-e-type=\"widget\" data-widget_type=\"heading.default\">\n\t\t\t\t\t<h2 class=\"elementor-heading-title elementor-size-default\">Als Dankesch\u00f6n bieten wir zus\u00e4tzliche Belohnungen an!<\/h2>\t\t\t\t<\/div>\n\t\t\t\t<div class=\"elementor-element elementor-element-a424057 text-center color-scheme-inherit elementor-widget elementor-widget-text-editor\" data-id=\"a424057\" data-element_type=\"widget\" data-e-type=\"widget\" data-widget_type=\"text-editor.default\">\n\t\t\t\t\t\t\t\t\t<p>Basierend auf der Anzahl der Probleme, die Sie melden, f\u00fcgen wir Ihrer Bestellung zus\u00e4tzliche 10-20 % der Produkte hinzu. Der Gesamtpr\u00e4mienwert wird 100 $ nicht \u00fcberschreiten, was das Maximum ist, das wir anbieten k\u00f6nnen.<\/p>\n<p><strong>Wenn Sie bereits eine Bestellung aufgegeben haben, kontaktieren Sie uns bitte, bevor wir sie versenden, damit wir Ihre Pr\u00e4mie arrangieren k\u00f6nnen!<\/strong><\/p>\n\t\t\t\t\t\t\t\t<\/div>\n\t\t\t\t<div class=\"elementor-element elementor-element-b799d9f text-center color-scheme-inherit elementor-widget elementor-widget-text-editor\" data-id=\"b799d9f\" data-element_type=\"widget\" data-e-type=\"widget\" data-widget_type=\"text-editor.default\">\n\t\t\t\t\t\t\t\t\t<p>\ud83d\udce7 <a href=\"hello@chnprints.com\"><strong>Hallo<\/strong><strong>@chnprints.com<\/strong><\/a><\/p>\n\t\t\t\t\t\t\t\t<\/div>\n\t\t\t\t<div class=\"elementor-element elementor-element-6ba087e elementor-widget-divider--view-line elementor-widget elementor-widget-divider\" data-id=\"6ba087e\" data-element_type=\"widget\" data-e-type=\"widget\" data-widget_type=\"divider.default\">\n\t\t\t\t\t\t\t<div class=\"elementor-divider\">\n\t\t\t<span class=\"elementor-divider-separator\">\n\t\t\t\t\t\t<\/span>\n\t\t<\/div>\n\t\t\t\t\t\t<\/div>\n\t\t\t\t<div class=\"elementor-element elementor-element-19ca371 elementor-widget elementor-widget-heading\" data-id=\"19ca371\" data-element_type=\"widget\" data-e-type=\"widget\" data-widget_type=\"heading.default\">\n\t\t\t\t\t<h2 class=\"elementor-heading-title elementor-size-default\">Wie geht es weiter?<\/h2>\t\t\t\t<\/div>\n\t\t\t\t<div class=\"elementor-element elementor-element-07191c9 text-center color-scheme-inherit elementor-widget elementor-widget-text-editor\" data-id=\"07191c9\" data-element_type=\"widget\" data-e-type=\"widget\" data-widget_type=\"text-editor.default\">\n\t\t\t\t\t\t\t\t\t<li>Wir werden uns umgehend mit Ihnen in Verbindung setzen, um Ihnen zu best\u00e4tigen, dass wir Ihr Feedback erhalten haben.<\/li>\n \t<li>Wir werden das von Ihnen gemeldete Problem untersuchen und beheben.<\/li>\n \t<li>Wenn das Problem berechtigt ist, bieten wir eine Belohnung an, die auf der Situation basiert.<\/li>\n<\/ul>\t\t\t\t\t\t\t\t<\/div>\n\t\t\t\t<div class=\"elementor-element elementor-element-ef1db4d elementor-widget-divider--view-line elementor-widget elementor-widget-divider\" data-id=\"ef1db4d\" data-element_type=\"widget\" data-e-type=\"widget\" data-widget_type=\"divider.default\">\n\t\t\t\t\t\t\t<div class=\"elementor-divider\">\n\t\t\t<span class=\"elementor-divider-separator\">\n\t\t\t\t\t\t<\/span>\n\t\t<\/div>\n\t\t\t\t\t\t<\/div>\n\t\t\t\t<div class=\"elementor-element elementor-element-8c93390 elementor-widget elementor-widget-heading\" data-id=\"8c93390\" data-element_type=\"widget\" data-e-type=\"widget\" data-widget_type=\"heading.default\">\n\t\t\t\t\t<h2 class=\"elementor-heading-title elementor-size-default\">Schutz der Privatsph\u00e4re<\/h2>\t\t\t\t<\/div>\n\t\t\t\t<div class=\"elementor-element elementor-element-33aa1a6 text-center color-scheme-inherit elementor-widget elementor-widget-text-editor\" data-id=\"33aa1a6\" data-element_type=\"widget\" data-e-type=\"widget\" data-widget_type=\"text-editor.default\">\n\t\t\t\t\t\t\t\t\t<p>Wir respektieren Ihre Privatsph\u00e4re wirklich. Die von Ihnen bereitgestellten Informationen werden nur zur Verbesserung der Website verwendet und nicht f\u00fcr andere Zwecke. Wir hoffen auch, dass Sie uns etwas Zeit geben k\u00f6nnen, um das Problem zu beheben, bevor Sie uns die Details mitteilen. Ihr Verst\u00e4ndnis bedeutet uns sehr viel!<\/p>\n\t\t\t\t\t\t\t\t<\/div>\n\t\t\t\t<div class=\"elementor-element elementor-element-fb278b8 elementor-widget-divider--view-line elementor-widget elementor-widget-divider\" data-id=\"fb278b8\" data-element_type=\"widget\" data-e-type=\"widget\" data-widget_type=\"divider.default\">\n\t\t\t\t\t\t\t<div class=\"elementor-divider\">\n\t\t\t<span class=\"elementor-divider-separator\">\n\t\t\t\t\t\t<\/span>\n\t\t<\/div>\n\t\t\t\t\t\t<\/div>\n\t\t\t\t<div class=\"elementor-element elementor-element-c92e561 elementor-widget elementor-widget-heading\" data-id=\"c92e561\" data-element_type=\"widget\" data-e-type=\"widget\" data-widget_type=\"heading.default\">\n\t\t\t\t\t<h2 class=\"elementor-heading-title elementor-size-default\">Ein Sorglos-Versprechen<\/h2>\t\t\t\t<\/div>\n\t\t\t\t<div class=\"elementor-element elementor-element-a300a84 text-center color-scheme-inherit elementor-widget elementor-widget-text-editor\" data-id=\"a300a84\" data-element_type=\"widget\" data-e-type=\"widget\" data-widget_type=\"text-editor.default\">\n\t\t\t\t\t\t\t\t\t<p>Wir verstehen, dass es ein wenig entmutigend sein kann, ein Problem zu melden, aber seien Sie versichert, dass wir nicht hier sind, um jemandem die Schuld zu geben, der hilft. Wir versprechen, keine rechtlichen Schritte gegen Personen einzuleiten, die in gutem Glauben Schwachstellen melden, solange Sie unsere Richtlinien befolgen und sch\u00e4dliche Aktivit\u00e4ten vermeiden.<\/p>\n\t\t\t\t\t\t\t\t<\/div>\n\t\t\t\t\t<\/div>\n\t\t\t\t<\/div>\n\t\t\t\t<\/div>\n\t\t","protected":false},"excerpt":{"rendered":"<p>Fehlerberichterstattung und Belohnungen Vielen Dank, dass Sie uns helfen, die Website sicher und reibungslos zu halten! Wir sind ein kleines<\/p>\n","protected":false},"author":1,"featured_media":0,"parent":0,"menu_order":0,"comment_status":"closed","ping_status":"closed","template":"","meta":{"_acf_changed":false,"footnotes":""},"class_list":["post-2244","page","type-page","status-publish","hentry"],"acf":[],"aioseo_notices":[],"aioseo_head":"\n\t\t<!-- All in One SEO Pro 4.9.0 - aioseo.com -->\n\t<meta name=\"description\" content=\"Teilen Sie Ihre Erfahrungen mit ChnPrintStudio und verdienen Sie Belohnungen! Wir sch\u00e4tzen Ihr Feedback und bieten Ihnen exklusive Vorteile, um Ihnen daf\u00fcr zu danken, dass Sie Teil unserer Community f\u00fcr kundenspezifische Drucke sind.\" \/>\n\t<meta name=\"robots\" content=\"max-image-preview:large\" \/>\n\t<meta name=\"google-site-verification\" content=\"bCWEURESkI9sJaMHczw2gqISKxNjR6Mf9fHT_9LSu3M\" \/>\n\t<link rel=\"canonical\" href=\"https:\/\/chnprints.com\/de\/feedback-belohnung\/\" \/>\n\t<meta name=\"generator\" content=\"All in One SEO Pro (AIOSEO) 4.9.0\" \/>\n\t\t<meta property=\"og:locale\" content=\"de_DE\" \/>\n\t\t<meta property=\"og:site_name\" content=\"ChnPrintStudio - Buch- und Foliendruck und Design | Online bestellen\" \/>\n\t\t<meta property=\"og:type\" content=\"article\" \/>\n\t\t<meta property=\"og:title\" content=\"ChnPrintStudio - Feedback- und Belohnungsprogramm | Druck und Design\" \/>\n\t\t<meta property=\"og:description\" content=\"Teilen Sie Ihre Erfahrungen mit ChnPrintStudio und verdienen Sie Belohnungen! Wir sch\u00e4tzen Ihr Feedback und bieten Ihnen exklusive Vorteile, um Ihnen daf\u00fcr zu danken, dass Sie Teil unserer Community f\u00fcr kundenspezifische Drucke sind.\" \/>\n\t\t<meta property=\"og:url\" content=\"https:\/\/chnprints.com\/de\/feedback-belohnung\/\" \/>\n\t\t<meta property=\"article:published_time\" content=\"2024-10-02T20:27:49+00:00\" \/>\n\t\t<meta property=\"article:modified_time\" content=\"2024-10-19T23:53:01+00:00\" \/>\n\t\t<meta name=\"twitter:card\" content=\"summary_large_image\" \/>\n\t\t<meta name=\"twitter:title\" content=\"ChnPrintStudio - Feedback- und Belohnungsprogramm | Druck und Design\" \/>\n\t\t<meta name=\"twitter:description\" content=\"Teilen Sie Ihre Erfahrungen mit ChnPrintStudio und verdienen Sie Belohnungen! Wir sch\u00e4tzen Ihr Feedback und bieten Ihnen exklusive Vorteile, um Ihnen daf\u00fcr zu danken, dass Sie Teil unserer Community f\u00fcr kundenspezifische Drucke sind.\" \/>\n\t\t<script type=\"application\/ld+json\" class=\"aioseo-schema\">\n\t\t\t{\"@context\":\"https:\\\/\\\/schema.org\",\"@graph\":[{\"@type\":\"BreadcrumbList\",\"@id\":\"https:\\\/\\\/chnprints.com\\\/de\\\/feedback-belohnung\\\/#breadcrumblist\",\"itemListElement\":[{\"@type\":\"ListItem\",\"@id\":\"https:\\\/\\\/chnprints.com\\\/de\\\/feedback-belohnung\\\/#listItem\",\"position\":1,\"name\":\"Feedback &amp; Belohnung\"}]},{\"@type\":\"Organization\",\"@id\":\"https:\\\/\\\/chnprints.com\\\/de\\\/#organization\",\"name\":\"ChnPrintStudio Buchdruck & Folienpr\\u00e4gung und Design | Online bestellen Letterpress &amp; Foil Printing and Design | Order Online\",\"description\":\"ChnPrintStudio\",\"url\":\"https:\\\/\\\/chnprints.com\\\/de\\\/\",\"logo\":{\"@type\":\"ImageObject\",\"url\":\"https:\\\/\\\/chnprints.com\\\/wp-content\\\/uploads\\\/2024\\\/10\\\/weblogo.jpg?wsr\",\"@id\":\"https:\\\/\\\/chnprints.com\\\/de\\\/feedback-belohnung\\\/#organizationLogo\",\"width\":112,\"height\":112},\"image\":{\"@id\":\"https:\\\/\\\/chnprints.com\\\/de\\\/feedback-belohnung\\\/#organizationLogo\"},\"sameAs\":[\"https:\\\/\\\/www.instagram.com\\\/chnprintstudio\\\/\",\"https:\\\/\\\/www.tiktok.com\\\/@chnprintstudio\",\"https:\\\/\\\/www.pinterest.com\\\/ChnPrintStudio\\\/\"]},{\"@type\":\"WebPage\",\"@id\":\"https:\\\/\\\/chnprints.com\\\/de\\\/feedback-belohnung\\\/#webpage\",\"url\":\"https:\\\/\\\/chnprints.com\\\/de\\\/feedback-belohnung\\\/\",\"name\":\"ChnPrintStudio - Feedback- und Belohnungsprogramm | Druck und Design\",\"description\":\"Teilen Sie Ihre Erfahrungen mit ChnPrintStudio und verdienen Sie Belohnungen! Wir sch\\u00e4tzen Ihr Feedback und bieten Ihnen exklusive Vorteile, um Ihnen daf\\u00fcr zu danken, dass Sie Teil unserer Community f\\u00fcr kundenspezifische Drucke sind.\",\"inLanguage\":\"de-DE\",\"isPartOf\":{\"@id\":\"https:\\\/\\\/chnprints.com\\\/de\\\/#website\"},\"breadcrumb\":{\"@id\":\"https:\\\/\\\/chnprints.com\\\/de\\\/feedback-belohnung\\\/#breadcrumblist\"},\"datePublished\":\"2024-10-03T04:27:49+08:00\",\"dateModified\":\"2024-10-20T07:53:01+08:00\"},{\"@type\":\"WebSite\",\"@id\":\"https:\\\/\\\/chnprints.com\\\/de\\\/#website\",\"url\":\"https:\\\/\\\/chnprints.com\\\/de\\\/\",\"name\":\"ChnPrintStudio\",\"alternateName\":\"Luxury Business Card Printing | Order Online\",\"description\":\"Buchdruck & Folienpr\\u00e4gung und Design | Online bestellen\",\"inLanguage\":\"de-DE\",\"publisher\":{\"@id\":\"https:\\\/\\\/chnprints.com\\\/de\\\/#organization\"}}]}\n\t\t<\/script>\n\t\t<!-- All in One SEO Pro -->\r\n\t\t<title>ChnPrintStudio - Feedback- und Belohnungsprogramm | Druck und Design<\/title>\n\n","aioseo_head_json":{"title":"ChnPrintStudio - Feedback- und Belohnungsprogramm | Druck und Design","description":"Teilen Sie Ihre Erfahrungen mit ChnPrintStudio und verdienen Sie Belohnungen! Wir sch\u00e4tzen Ihr Feedback und bieten Ihnen exklusive Vorteile, um Ihnen daf\u00fcr zu danken, dass Sie Teil unserer Community f\u00fcr kundenspezifische Drucke sind.","canonical_url":"https:\/\/chnprints.com\/de\/feedback-belohnung\/","robots":"max-image-preview:large","keywords":"","webmasterTools":{"google-site-verification":"bCWEURESkI9sJaMHczw2gqISKxNjR6Mf9fHT_9LSu3M","miscellaneous":""},"schema":{"@context":"https:\/\/schema.org","@graph":[{"@type":"BreadcrumbList","@id":"https:\/\/chnprints.com\/de\/feedback-belohnung\/#breadcrumblist","itemListElement":[{"@type":"ListItem","@id":"https:\/\/chnprints.com\/de\/feedback-belohnung\/#listItem","position":1,"name":"Feedback &amp; Belohnung"}]},{"@type":"Organization","@id":"https:\/\/chnprints.com\/de\/#organization","name":"ChnPrintStudio Buchdruck & Folienpr\u00e4gung und Design | Online bestellen Letterpress &amp; Foil Printing and Design | Order Online","description":"ChnPrintStudio","url":"https:\/\/chnprints.com\/de\/","logo":{"@type":"ImageObject","url":"https:\/\/chnprints.com\/wp-content\/uploads\/2024\/10\/weblogo.jpg?wsr","@id":"https:\/\/chnprints.com\/de\/feedback-belohnung\/#organizationLogo","width":112,"height":112},"image":{"@id":"https:\/\/chnprints.com\/de\/feedback-belohnung\/#organizationLogo"},"sameAs":["https:\/\/www.instagram.com\/chnprintstudio\/","https:\/\/www.tiktok.com\/@chnprintstudio","https:\/\/www.pinterest.com\/ChnPrintStudio\/"]},{"@type":"WebPage","@id":"https:\/\/chnprints.com\/de\/feedback-belohnung\/#webpage","url":"https:\/\/chnprints.com\/de\/feedback-belohnung\/","name":"ChnPrintStudio - Feedback- und Belohnungsprogramm | Druck und Design","description":"Teilen Sie Ihre Erfahrungen mit ChnPrintStudio und verdienen Sie Belohnungen! Wir sch\u00e4tzen Ihr Feedback und bieten Ihnen exklusive Vorteile, um Ihnen daf\u00fcr zu danken, dass Sie Teil unserer Community f\u00fcr kundenspezifische Drucke sind.","inLanguage":"de-DE","isPartOf":{"@id":"https:\/\/chnprints.com\/de\/#website"},"breadcrumb":{"@id":"https:\/\/chnprints.com\/de\/feedback-belohnung\/#breadcrumblist"},"datePublished":"2024-10-03T04:27:49+08:00","dateModified":"2024-10-20T07:53:01+08:00"},{"@type":"WebSite","@id":"https:\/\/chnprints.com\/de\/#website","url":"https:\/\/chnprints.com\/de\/","name":"ChnPrintStudio","alternateName":"Luxury Business Card Printing | Order Online","description":"Buchdruck & Folienpr\u00e4gung und Design | Online bestellen","inLanguage":"de-DE","publisher":{"@id":"https:\/\/chnprints.com\/de\/#organization"}}]},"og:locale":"de_DE","og:site_name":"ChnPrintStudio - Buch- und Foliendruck und Design | Online bestellen","og:type":"article","og:title":"ChnPrintStudio - Feedback- und Belohnungsprogramm | Druck und Design","og:description":"Teilen Sie Ihre Erfahrungen mit ChnPrintStudio und verdienen Sie Belohnungen! Wir sch\u00e4tzen Ihr Feedback und bieten Ihnen exklusive Vorteile, um Ihnen daf\u00fcr zu danken, dass Sie Teil unserer Community f\u00fcr kundenspezifische Drucke sind.","og:url":"https:\/\/chnprints.com\/de\/feedback-belohnung\/","article:published_time":"2024-10-02T20:27:49+00:00","article:modified_time":"2024-10-19T23:53:01+00:00","twitter:card":"summary_large_image","twitter:title":"ChnPrintStudio - Feedback- und Belohnungsprogramm | Druck und Design","twitter:description":"Teilen Sie Ihre Erfahrungen mit ChnPrintStudio und verdienen Sie Belohnungen! Wir sch\u00e4tzen Ihr Feedback und bieten Ihnen exklusive Vorteile, um Ihnen daf\u00fcr zu danken, dass Sie Teil unserer Community f\u00fcr kundenspezifische Drucke sind."},"aioseo_meta_data":{"post_id":"2244","title":"#site_title #separator_sa Feedback- und Belohnungsprogramm | Druck und Design","description":"Teilen Sie Ihre Erfahrungen mit ChnPrintStudio und verdienen Sie Belohnungen! Wir sch\u00e4tzen Ihr Feedback und bieten Ihnen exklusive Vorteile, um Ihnen daf\u00fcr zu danken, dass Sie Teil unserer Community f\u00fcr kundenspezifische Drucke sind.","keywords":null,"keyphrases":{"focus":{"keyphrase":"Customer Feedback","score":37,"analysis":{"keyphraseInTitle":{"score":3,"maxScore":9,"error":1},"keyphraseInDescription":{"score":3,"maxScore":9,"error":1},"keyphraseLength":{"score":9,"maxScore":9,"error":0,"length":2},"keyphraseInURL":{"score":1,"maxScore":5,"error":1},"keyphraseInIntroduction":{"score":3,"maxScore":9,"error":1},"keyphraseInSubHeadings":{"score":3,"maxScore":9,"error":1},"keyphraseInImageAlt":{"score":3,"maxScore":9,"error":1},"keywordDensity":{"score":0,"type":"low","maxScore":9,"error":1}}},"additional":[{"keyphrase":"Printing Services Feedback","score":40,"analysis":{"keyphraseInDescription":{"score":3,"maxScore":9,"error":1},"keyphraseLength":{"score":9,"maxScore":9,"error":0,"length":3},"keyphraseInIntroduction":{"score":3,"maxScore":9,"error":1},"keyphraseInImageAlt":{"score":3,"maxScore":9,"error":1},"keywordDensity":{"score":0,"type":"low","maxScore":9,"error":1}}}]},"primary_term":null,"canonical_url":null,"og_title":null,"og_description":null,"og_object_type":"default","og_image_type":"default","og_image_url":null,"og_image_width":null,"og_image_height":null,"og_image_custom_url":null,"og_image_custom_fields":null,"og_video":"","og_custom_url":null,"og_article_section":null,"og_article_tags":null,"twitter_use_og":false,"twitter_card":"default","twitter_image_type":"default","twitter_image_url":null,"twitter_image_custom_url":null,"twitter_image_custom_fields":null,"twitter_title":null,"twitter_description":null,"schema":{"blockGraphs":[],"customGraphs":[],"default":{"data":{"Article":[],"Course":[],"Dataset":[],"FAQPage":[],"Movie":[],"Person":[],"Product":[],"ProductReview":[],"Car":[],"Recipe":[],"Service":[],"SoftwareApplication":[],"WebPage":[]},"graphName":"WebPage","isEnabled":true},"graphs":[]},"schema_type":"default","schema_type_options":null,"pillar_content":false,"robots_default":true,"robots_noindex":false,"robots_noarchive":false,"robots_nosnippet":false,"robots_nofollow":false,"robots_noimageindex":false,"robots_noodp":false,"robots_notranslate":false,"robots_max_snippet":"-1","robots_max_videopreview":"-1","robots_max_imagepreview":"large","priority":null,"frequency":"default","local_seo":null,"seo_analyzer_scan_date":"2026-02-09 16:47:27","breadcrumb_settings":null,"limit_modified_date":false,"ai":null,"created":"2024-10-08 13:39:26","updated":"2026-02-09 21:31:07"},"aioseo_breadcrumb":"<div class=\"aioseo-breadcrumbs\"><span class=\"aioseo-breadcrumb\">\n\tFeedback &amp; Belohnung\n<\/span><\/div>","aioseo_breadcrumb_json":[{"label":"Feedback &amp; Belohnung","link":"https:\/\/chnprints.com\/de\/feedback-belohnung\/"}],"_links":{"self":[{"href":"https:\/\/chnprints.com\/de\/wp-json\/wp\/v2\/pages\/2244","targetHints":{"allow":["GET"]}}],"collection":[{"href":"https:\/\/chnprints.com\/de\/wp-json\/wp\/v2\/pages"}],"about":[{"href":"https:\/\/chnprints.com\/de\/wp-json\/wp\/v2\/types\/page"}],"author":[{"embeddable":true,"href":"https:\/\/chnprints.com\/de\/wp-json\/wp\/v2\/users\/1"}],"replies":[{"embeddable":true,"href":"https:\/\/chnprints.com\/de\/wp-json\/wp\/v2\/comments?post=2244"}],"version-history":[{"count":0,"href":"https:\/\/chnprints.com\/de\/wp-json\/wp\/v2\/pages\/2244\/revisions"}],"wp:attachment":[{"href":"https:\/\/chnprints.com\/de\/wp-json\/wp\/v2\/media?parent=2244"}],"curies":[{"name":"wp","href":"https:\/\/api.w.org\/{rel}","templated":true}]}}