{"id":1528,"date":"2024-09-09T05:07:38","date_gmt":"2024-09-08T21:07:38","guid":{"rendered":"https:\/\/chnprints.com\/versandbedingungen\/"},"modified":"2024-10-01T07:27:53","modified_gmt":"2024-09-30T23:27:53","slug":"versandbedingungen","status":"publish","type":"page","link":"https:\/\/chnprints.com\/de\/versandbedingungen\/","title":{"rendered":"Versandbedingungen"},"content":{"rendered":"\t\t<div data-elementor-type=\"wp-page\" data-elementor-id=\"1528\" class=\"elementor elementor-1528 elementor-3\" data-elementor-post-type=\"page\">\n\t\t\t\t<div class=\"elementor-element elementor-element-7f64cf3 e-flex e-con-boxed e-con e-parent\" data-id=\"7f64cf3\" data-element_type=\"container\" data-e-type=\"container\">\n\t\t\t\t\t<div class=\"e-con-inner\">\n\t\t\t\t<div class=\"elementor-element elementor-element-d5d6843 elementor-widget elementor-widget-heading\" data-id=\"d5d6843\" data-element_type=\"widget\" data-e-type=\"widget\" data-widget_type=\"heading.default\">\n\t\t\t\t\t<h1 class=\"elementor-heading-title elementor-size-default\">Versandbedingungen<\/h1>\t\t\t\t<\/div>\n\t\t\t\t\t<\/div>\n\t\t\t\t<\/div>\n\t\t<div class=\"elementor-element elementor-element-badc048 e-flex e-con-boxed e-con e-parent\" data-id=\"badc048\" data-element_type=\"container\" data-e-type=\"container\">\n\t\t\t\t\t<div class=\"e-con-inner\">\n\t\t\t\t<div class=\"elementor-element elementor-element-9f2bda8 color-scheme-inherit text-left elementor-widget elementor-widget-text-editor\" data-id=\"9f2bda8\" data-element_type=\"widget\" data-e-type=\"widget\" data-widget_type=\"text-editor.default\">\n\t\t\t\t\t\t\t\t\t<h5>Welche Versandarten stehen zur Verf\u00fcgung?<\/h5>\n<div class=\"faq-section-content overflow-hidden collapsible-content mb-20\">\n<div class=\"faq_content-inner rich__text-m0\">\n<p>solange der Betrag 100 USD \u00fcbersteigt, bietet ChnPrintStudio kostenlose Standard-Postversanddienste an, mit Lieferung innerhalb von 8-15 Werktagen in die meisten L\u00e4nder!<\/p>\n<p>Wenn Sie Ihr Paket schneller erhalten m\u00f6chten, k\u00f6nnen wir auch per FedEx liefern, mit Lieferung in 3-7 Werktagen in die meisten L\u00e4nder.<br \/>\nDie spezifischen Versandkosten werden auf der Grundlage des Gewichts des Produkts und des Landes, in dem Sie sich befinden, berechnet! <\/p>\n<\/div>\n<\/div>\n<h5 class=\"faq-section-title h6 my-0 pointer py-20 relative collapsible-heading text-color hover-heading-color transition pe-12\">Bekomme ich eine Benachrichtigung, wenn meine Bestellung versandt wird?<\/h5>\n<div class=\"faq-section-content overflow-hidden collapsible-content mb-20\">\n<div class=\"faq_content-inner rich__text-m0\">\n<p>Ja, sobald Ihre Bestellung versandt wurde, sollten Sie eine E-Mail mit Informationen zur Sendungsverfolgung erhalten.<br \/>\nWenn Sie ein Konto bei uns haben, k\u00f6nnen Sie den Status Ihrer Bestellung auch in Ihrem Konto einsehen. <\/p>\n<\/div>\n<\/div>\n\t\t\t\t\t\t\t\t<\/div>\n\t\t\t\t\t<\/div>\n\t\t\t\t<\/div>\n\t\t\t\t<\/div>\n\t\t","protected":false},"excerpt":{"rendered":"<p>Versandbedingungen Welche Versandarten stehen zur Verf\u00fcgung? solange der Betrag 100 USD \u00fcbersteigt, bietet ChnPrintStudio kostenlose Standard-Postversanddienste an, mit Lieferung innerhalb<\/p>\n","protected":false},"author":1,"featured_media":0,"parent":0,"menu_order":4,"comment_status":"closed","ping_status":"open","template":"","meta":{"_acf_changed":false,"footnotes":""},"class_list":["post-1528","page","type-page","status-publish","hentry"],"acf":[],"aioseo_notices":[],"aioseo_head":"\n\t\t<!-- All in One SEO Pro 4.9.0 - aioseo.com -->\n\t<meta name=\"description\" content=\"Versandbedingungen Welche Versandarten stehen zur Verf\u00fcgung? solange der Betrag 100 USD \u00fcbersteigt, bietet ChnPrintStudio kostenlose Standard-Postversanddienste an, mit Lieferung innerhalb von 8-15 Werktagen in die meisten L\u00e4nder! Wenn Sie Ihr Paket schneller erhalten m\u00f6chten, k\u00f6nnen wir auch per FedEx liefern, mit Lieferung in 3-7 Werktagen in die meisten L\u00e4nder. Die spezifischen Versandkosten werden auf der\" \/>\n\t<meta name=\"robots\" content=\"max-image-preview:large\" \/>\n\t<meta name=\"google-site-verification\" content=\"bCWEURESkI9sJaMHczw2gqISKxNjR6Mf9fHT_9LSu3M\" \/>\n\t<link rel=\"canonical\" href=\"https:\/\/chnprints.com\/de\/versandbedingungen\/\" \/>\n\t<meta name=\"generator\" content=\"All in One SEO Pro (AIOSEO) 4.9.0\" \/>\n\t\t<meta property=\"og:locale\" content=\"de_DE\" \/>\n\t\t<meta property=\"og:site_name\" content=\"ChnPrintStudio - Buch- und Foliendruck und Design | Online bestellen\" \/>\n\t\t<meta property=\"og:type\" content=\"article\" \/>\n\t\t<meta property=\"og:title\" content=\"Versandbedingungen - Letterpress &amp; Foil Printing and Design | ChnPrint Studio\" \/>\n\t\t<meta property=\"og:description\" content=\"Versandbedingungen Welche Versandarten stehen zur Verf\u00fcgung? solange der Betrag 100 USD \u00fcbersteigt, bietet ChnPrintStudio kostenlose Standard-Postversanddienste an, mit Lieferung innerhalb von 8-15 Werktagen in die meisten L\u00e4nder! Wenn Sie Ihr Paket schneller erhalten m\u00f6chten, k\u00f6nnen wir auch per FedEx liefern, mit Lieferung in 3-7 Werktagen in die meisten L\u00e4nder. Die spezifischen Versandkosten werden auf der\" \/>\n\t\t<meta property=\"og:url\" content=\"https:\/\/chnprints.com\/de\/versandbedingungen\/\" \/>\n\t\t<meta property=\"article:published_time\" content=\"2024-09-08T21:07:38+00:00\" \/>\n\t\t<meta property=\"article:modified_time\" content=\"2024-09-30T23:27:53+00:00\" \/>\n\t\t<meta name=\"twitter:card\" content=\"summary_large_image\" \/>\n\t\t<meta name=\"twitter:title\" content=\"Versandbedingungen - Letterpress &amp; Foil Printing and Design | ChnPrint Studio\" \/>\n\t\t<meta name=\"twitter:description\" content=\"Versandbedingungen Welche Versandarten stehen zur Verf\u00fcgung? solange der Betrag 100 USD \u00fcbersteigt, bietet ChnPrintStudio kostenlose Standard-Postversanddienste an, mit Lieferung innerhalb von 8-15 Werktagen in die meisten L\u00e4nder! Wenn Sie Ihr Paket schneller erhalten m\u00f6chten, k\u00f6nnen wir auch per FedEx liefern, mit Lieferung in 3-7 Werktagen in die meisten L\u00e4nder. Die spezifischen Versandkosten werden auf der\" \/>\n\t\t<script type=\"application\/ld+json\" class=\"aioseo-schema\">\n\t\t\t{\"@context\":\"https:\\\/\\\/schema.org\",\"@graph\":[{\"@type\":\"BreadcrumbList\",\"@id\":\"https:\\\/\\\/chnprints.com\\\/de\\\/versandbedingungen\\\/#breadcrumblist\",\"itemListElement\":[{\"@type\":\"ListItem\",\"@id\":\"https:\\\/\\\/chnprints.com\\\/de\\\/versandbedingungen\\\/#listItem\",\"position\":1,\"name\":\"Versandbedingungen\"}]},{\"@type\":\"Organization\",\"@id\":\"https:\\\/\\\/chnprints.com\\\/de\\\/#organization\",\"name\":\"ChnPrintStudio Buchdruck & Folienpr\\u00e4gung und Design | Online bestellen Letterpress &amp; Foil Printing and Design | Order Online\",\"description\":\"ChnPrintStudio\",\"url\":\"https:\\\/\\\/chnprints.com\\\/de\\\/\",\"logo\":{\"@type\":\"ImageObject\",\"url\":\"https:\\\/\\\/chnprints.com\\\/wp-content\\\/uploads\\\/2024\\\/10\\\/weblogo.jpg?wsr\",\"@id\":\"https:\\\/\\\/chnprints.com\\\/de\\\/versandbedingungen\\\/#organizationLogo\",\"width\":112,\"height\":112},\"image\":{\"@id\":\"https:\\\/\\\/chnprints.com\\\/de\\\/versandbedingungen\\\/#organizationLogo\"},\"sameAs\":[\"https:\\\/\\\/www.instagram.com\\\/chnprintstudio\\\/\",\"https:\\\/\\\/www.tiktok.com\\\/@chnprintstudio\",\"https:\\\/\\\/www.pinterest.com\\\/ChnPrintStudio\\\/\"]},{\"@type\":\"WebPage\",\"@id\":\"https:\\\/\\\/chnprints.com\\\/de\\\/versandbedingungen\\\/#webpage\",\"url\":\"https:\\\/\\\/chnprints.com\\\/de\\\/versandbedingungen\\\/\",\"name\":\"Versandbedingungen - Letterpress & Foil Printing and Design | ChnPrint Studio\",\"description\":\"Versandbedingungen Welche Versandarten stehen zur Verf\\u00fcgung? solange der Betrag 100 USD \\u00fcbersteigt, bietet ChnPrintStudio kostenlose Standard-Postversanddienste an, mit Lieferung innerhalb von 8-15 Werktagen in die meisten L\\u00e4nder! Wenn Sie Ihr Paket schneller erhalten m\\u00f6chten, k\\u00f6nnen wir auch per FedEx liefern, mit Lieferung in 3-7 Werktagen in die meisten L\\u00e4nder. Die spezifischen Versandkosten werden auf der\",\"inLanguage\":\"de-DE\",\"isPartOf\":{\"@id\":\"https:\\\/\\\/chnprints.com\\\/de\\\/#website\"},\"breadcrumb\":{\"@id\":\"https:\\\/\\\/chnprints.com\\\/de\\\/versandbedingungen\\\/#breadcrumblist\"},\"datePublished\":\"2024-09-09T05:07:38+08:00\",\"dateModified\":\"2024-10-01T07:27:53+08:00\"},{\"@type\":\"WebSite\",\"@id\":\"https:\\\/\\\/chnprints.com\\\/de\\\/#website\",\"url\":\"https:\\\/\\\/chnprints.com\\\/de\\\/\",\"name\":\"ChnPrintStudio\",\"alternateName\":\"Luxury Business Card Printing | Order Online\",\"description\":\"Buchdruck & Folienpr\\u00e4gung und Design | Online bestellen\",\"inLanguage\":\"de-DE\",\"publisher\":{\"@id\":\"https:\\\/\\\/chnprints.com\\\/de\\\/#organization\"}}]}\n\t\t<\/script>\n\t\t<!-- All in One SEO Pro -->\r\n\t\t<title>Versandbedingungen - Letterpress &amp; Foil Printing and Design | ChnPrint Studio<\/title>\n\n","aioseo_head_json":{"title":"Versandbedingungen - Letterpress & Foil Printing and Design | ChnPrint Studio","description":"Versandbedingungen Welche Versandarten stehen zur Verf\u00fcgung? solange der Betrag 100 USD \u00fcbersteigt, bietet ChnPrintStudio kostenlose Standard-Postversanddienste an, mit Lieferung innerhalb von 8-15 Werktagen in die meisten L\u00e4nder! Wenn Sie Ihr Paket schneller erhalten m\u00f6chten, k\u00f6nnen wir auch per FedEx liefern, mit Lieferung in 3-7 Werktagen in die meisten L\u00e4nder. Die spezifischen Versandkosten werden auf der","canonical_url":"https:\/\/chnprints.com\/de\/versandbedingungen\/","robots":"max-image-preview:large","keywords":"","webmasterTools":{"google-site-verification":"bCWEURESkI9sJaMHczw2gqISKxNjR6Mf9fHT_9LSu3M","miscellaneous":""},"schema":{"@context":"https:\/\/schema.org","@graph":[{"@type":"BreadcrumbList","@id":"https:\/\/chnprints.com\/de\/versandbedingungen\/#breadcrumblist","itemListElement":[{"@type":"ListItem","@id":"https:\/\/chnprints.com\/de\/versandbedingungen\/#listItem","position":1,"name":"Versandbedingungen"}]},{"@type":"Organization","@id":"https:\/\/chnprints.com\/de\/#organization","name":"ChnPrintStudio Buchdruck & Folienpr\u00e4gung und Design | Online bestellen Letterpress &amp; Foil Printing and Design | Order Online","description":"ChnPrintStudio","url":"https:\/\/chnprints.com\/de\/","logo":{"@type":"ImageObject","url":"https:\/\/chnprints.com\/wp-content\/uploads\/2024\/10\/weblogo.jpg?wsr","@id":"https:\/\/chnprints.com\/de\/versandbedingungen\/#organizationLogo","width":112,"height":112},"image":{"@id":"https:\/\/chnprints.com\/de\/versandbedingungen\/#organizationLogo"},"sameAs":["https:\/\/www.instagram.com\/chnprintstudio\/","https:\/\/www.tiktok.com\/@chnprintstudio","https:\/\/www.pinterest.com\/ChnPrintStudio\/"]},{"@type":"WebPage","@id":"https:\/\/chnprints.com\/de\/versandbedingungen\/#webpage","url":"https:\/\/chnprints.com\/de\/versandbedingungen\/","name":"Versandbedingungen - Letterpress & Foil Printing and Design | ChnPrint Studio","description":"Versandbedingungen Welche Versandarten stehen zur Verf\u00fcgung? solange der Betrag 100 USD \u00fcbersteigt, bietet ChnPrintStudio kostenlose Standard-Postversanddienste an, mit Lieferung innerhalb von 8-15 Werktagen in die meisten L\u00e4nder! Wenn Sie Ihr Paket schneller erhalten m\u00f6chten, k\u00f6nnen wir auch per FedEx liefern, mit Lieferung in 3-7 Werktagen in die meisten L\u00e4nder. Die spezifischen Versandkosten werden auf der","inLanguage":"de-DE","isPartOf":{"@id":"https:\/\/chnprints.com\/de\/#website"},"breadcrumb":{"@id":"https:\/\/chnprints.com\/de\/versandbedingungen\/#breadcrumblist"},"datePublished":"2024-09-09T05:07:38+08:00","dateModified":"2024-10-01T07:27:53+08:00"},{"@type":"WebSite","@id":"https:\/\/chnprints.com\/de\/#website","url":"https:\/\/chnprints.com\/de\/","name":"ChnPrintStudio","alternateName":"Luxury Business Card Printing | Order Online","description":"Buchdruck & Folienpr\u00e4gung und Design | Online bestellen","inLanguage":"de-DE","publisher":{"@id":"https:\/\/chnprints.com\/de\/#organization"}}]},"og:locale":"de_DE","og:site_name":"ChnPrintStudio - Buch- und Foliendruck und Design | Online bestellen","og:type":"article","og:title":"Versandbedingungen - Letterpress &amp; Foil Printing and Design | ChnPrint Studio","og:description":"Versandbedingungen Welche Versandarten stehen zur Verf\u00fcgung? solange der Betrag 100 USD \u00fcbersteigt, bietet ChnPrintStudio kostenlose Standard-Postversanddienste an, mit Lieferung innerhalb von 8-15 Werktagen in die meisten L\u00e4nder! Wenn Sie Ihr Paket schneller erhalten m\u00f6chten, k\u00f6nnen wir auch per FedEx liefern, mit Lieferung in 3-7 Werktagen in die meisten L\u00e4nder. Die spezifischen Versandkosten werden auf der","og:url":"https:\/\/chnprints.com\/de\/versandbedingungen\/","article:published_time":"2024-09-08T21:07:38+00:00","article:modified_time":"2024-09-30T23:27:53+00:00","twitter:card":"summary_large_image","twitter:title":"Versandbedingungen - Letterpress &amp; Foil Printing and Design | ChnPrint Studio","twitter:description":"Versandbedingungen Welche Versandarten stehen zur Verf\u00fcgung? solange der Betrag 100 USD \u00fcbersteigt, bietet ChnPrintStudio kostenlose Standard-Postversanddienste an, mit Lieferung innerhalb von 8-15 Werktagen in die meisten L\u00e4nder! Wenn Sie Ihr Paket schneller erhalten m\u00f6chten, k\u00f6nnen wir auch per FedEx liefern, mit Lieferung in 3-7 Werktagen in die meisten L\u00e4nder. Die spezifischen Versandkosten werden auf der"},"aioseo_meta_data":{"post_id":"1528","title":null,"description":null,"keywords":null,"keyphrases":null,"primary_term":null,"canonical_url":null,"og_title":null,"og_description":null,"og_object_type":"default","og_image_type":"default","og_image_url":null,"og_image_width":null,"og_image_height":null,"og_image_custom_url":null,"og_image_custom_fields":null,"og_video":null,"og_custom_url":null,"og_article_section":null,"og_article_tags":null,"twitter_use_og":false,"twitter_card":"default","twitter_image_type":"default","twitter_image_url":null,"twitter_image_custom_url":null,"twitter_image_custom_fields":null,"twitter_title":null,"twitter_description":null,"schema":{"blockGraphs":[],"customGraphs":[],"default":{"data":{"Article":[],"Course":[],"Dataset":[],"FAQPage":[],"Movie":[],"Person":[],"Product":[],"ProductReview":[],"Car":[],"Recipe":[],"Service":[],"SoftwareApplication":[],"WebPage":[]},"graphName":"","isEnabled":true},"graphs":[]},"schema_type":"default","schema_type_options":null,"pillar_content":false,"robots_default":true,"robots_noindex":false,"robots_noarchive":false,"robots_nosnippet":false,"robots_nofollow":false,"robots_noimageindex":false,"robots_noodp":false,"robots_notranslate":false,"robots_max_snippet":null,"robots_max_videopreview":null,"robots_max_imagepreview":"large","priority":null,"frequency":null,"local_seo":null,"seo_analyzer_scan_date":"2026-02-09 17:25:14","breadcrumb_settings":null,"limit_modified_date":false,"ai":null,"created":"2024-10-08 13:29:42","updated":"2026-02-09 21:29:17"},"aioseo_breadcrumb":"<div class=\"aioseo-breadcrumbs\"><span class=\"aioseo-breadcrumb\">\n\tVersandbedingungen\n<\/span><\/div>","aioseo_breadcrumb_json":[{"label":"Versandbedingungen","link":"https:\/\/chnprints.com\/de\/versandbedingungen\/"}],"_links":{"self":[{"href":"https:\/\/chnprints.com\/de\/wp-json\/wp\/v2\/pages\/1528","targetHints":{"allow":["GET"]}}],"collection":[{"href":"https:\/\/chnprints.com\/de\/wp-json\/wp\/v2\/pages"}],"about":[{"href":"https:\/\/chnprints.com\/de\/wp-json\/wp\/v2\/types\/page"}],"author":[{"embeddable":true,"href":"https:\/\/chnprints.com\/de\/wp-json\/wp\/v2\/users\/1"}],"replies":[{"embeddable":true,"href":"https:\/\/chnprints.com\/de\/wp-json\/wp\/v2\/comments?post=1528"}],"version-history":[{"count":0,"href":"https:\/\/chnprints.com\/de\/wp-json\/wp\/v2\/pages\/1528\/revisions"}],"wp:attachment":[{"href":"https:\/\/chnprints.com\/de\/wp-json\/wp\/v2\/media?parent=1528"}],"curies":[{"name":"wp","href":"https:\/\/api.w.org\/{rel}","templated":true}]}}