{"id":1522,"date":"2024-09-29T14:54:55","date_gmt":"2024-09-29T06:54:55","guid":{"rendered":"https:\/\/chnprints.com\/richtlinie-fuer-rueckerstattungen\/"},"modified":"2024-10-20T08:14:04","modified_gmt":"2024-10-20T00:14:04","slug":"richtlinie-fuer-rueckerstattungen","status":"publish","type":"page","link":"https:\/\/chnprints.com\/de\/richtlinie-fuer-rueckerstattungen\/","title":{"rendered":"Richtlinie f\u00fcr R\u00fcckerstattungen"},"content":{"rendered":"\t\t<div data-elementor-type=\"wp-page\" data-elementor-id=\"1522\" class=\"elementor elementor-1522 elementor-1246\" data-elementor-post-type=\"page\">\n\t\t\t\t<div class=\"elementor-element elementor-element-5aacb77 e-flex e-con-boxed e-con e-parent\" data-id=\"5aacb77\" data-element_type=\"container\" data-e-type=\"container\">\n\t\t\t\t\t<div class=\"e-con-inner\">\n\t\t\t\t<div class=\"elementor-element elementor-element-94e4cc5 elementor-widget elementor-widget-heading\" data-id=\"94e4cc5\" data-element_type=\"widget\" data-e-type=\"widget\" data-widget_type=\"heading.default\">\n\t\t\t\t\t<h1 class=\"elementor-heading-title elementor-size-default\">Richtlinie f\u00fcr R\u00fcckerstattungen<\/h1>\t\t\t\t<\/div>\n\t\t\t\t<div class=\"elementor-element elementor-element-1177430 color-scheme-inherit text-left elementor-widget elementor-widget-text-editor\" data-id=\"1177430\" data-element_type=\"widget\" data-e-type=\"widget\" data-widget_type=\"text-editor.default\">\n\t\t\t\t\t\t\t\t\t<h5><strong>Ertrag<\/strong><\/h5>\n<div>\n<p>Sie k\u00f6nnen Ihre Bestellung innerhalb von 12 Stunden nach dem Kauf stornieren.\nWir k\u00f6nnen jedoch keine R\u00fcckerstattungen f\u00fcr Eilbestellungen anbieten, sobald sie zum Drucken versandt wurden. <br><br><\/p><\/div>\n<h5><strong>Wir akzeptieren keine R\u00fccksendungen von individuell bedruckten Artikeln.<\/strong>&nbsp;<\/h5>\n<p><\/p>\n<p>Bitte \u00fcberpr\u00fcfen Sie daher die Genehmigungsliste sorgf\u00e4ltig, bevor Sie den Druck best\u00e4tigen.<\/p>\n<div>Wenn Sie einen Artikel ohne Anpassung bestellt haben, k\u00f6nnen Sie ihn innerhalb von 30 Tagen zur\u00fcckgeben.<\/div>\n<div>&nbsp;<\/div>\n<div>Unser R\u00fcckgaberecht dauert 30 Tage.\nWenn seit Ihrem Kauf mehr als 30 Tage vergangen sind, k\u00f6nnen wir leider keine R\u00fcckerstattung oder keinen Umtausch leisten. <\/div>\n<div>&nbsp;<\/div>\n<div>&nbsp;<\/div>\n<div>\n<h5>Artikel, die nicht zur\u00fcckgegeben werden k\u00f6nnen:<\/h5>\n<ul>\n<li>Geschenkkarten<\/li>\n<li>Herunterladbare und benutzerdefinierte digitale Produkte<\/li>\n<li>Kundenspezifische oder personalisierte Bestellungen\n<\/li>\n<\/ul>\n<h5>In einigen F\u00e4llen werden nur teilweise R\u00fcckerstattungen gew\u00e4hrt:<\/h5>\n<ul>\n<li>Wenn ein Produkt offensichtliche Gebrauchsspuren aufweist<\/li>\n<li>Wenn sich ein Artikel nicht im Originalzustand befindet, besch\u00e4digt ist oder Teile aus Gr\u00fcnden, die wir nicht zu vertreten haben, fehlen<\/li>\n<li>Wenn ein Artikel mehr als 30 Tage nach Lieferung zur\u00fcckgegeben wird\n<\/li>\n<\/ul>\n<h5><strong>Erstattungen<\/strong><\/h5>\n<p><strong>KEIN UMTAUSCH UND KEINE R\u00dcCKERSTATTUNG F\u00dcR INDIVIDUELL BEDRUCKTE ARTIKEL<\/strong>.\n\u00dcberpr\u00fcfen Sie die Genehmigungsliste sorgf\u00e4ltig, bevor Sie den Druck best\u00e4tigen. <\/p>\n<p>Digitale Gegenst\u00e4nde k\u00f6nnen nicht erstattet werden.<\/p>\n<p>Wenn wir Ihren zur\u00fcckgegebenen Artikel erhalten, pr\u00fcfen wir ihn und benachrichtigen Sie \u00fcber die Genehmigung oder Ablehnung Ihrer R\u00fcckerstattung.<\/p>\n<p>Wenn Ihre R\u00fcckerstattung genehmigt wird, werden wir sie bearbeiten und die Gutschrift wird innerhalb weniger Tage automatisch auf Ihre urspr\u00fcngliche Zahlungsmethode angewendet.<\/p>\n<p>Wenn Ihre R\u00fcckerstattung versp\u00e4tet ist oder ausbleibt, \u00fcberpr\u00fcfen Sie bitte Ihr Bankkonto, wenden Sie sich an Ihr Kreditkartenunternehmen und wenden Sie sich an Ihre Bank.\nWenn Sie all dies getan haben und Ihre R\u00fcckerstattung immer noch nicht erhalten haben, kontaktieren Sie uns unter hello@chnprints.com <br><br><\/p>\n<h5><strong>Umtausch defekter Artikel<\/strong><\/h5>\n<p>Wir ersetzen nur defekte oder besch\u00e4digte Artikel.\nFotonachweise von defekten Artikeln oder Verpackungen sind obligatorisch.\nWenn Sie einen Artikel umtauschen m\u00fcssen, senden Sie uns eine E-Mail an hello@chnprints.com  <\/p>\n<\/div>\t\t\t\t\t\t\t\t<\/div>\n\t\t\t\t\t<\/div>\n\t\t\t\t<\/div>\n\t\t<div class=\"elementor-element elementor-element-acc4ce7 e-flex e-con-boxed e-con e-parent\" data-id=\"acc4ce7\" data-element_type=\"container\" data-e-type=\"container\">\n\t\t\t\t\t<div class=\"e-con-inner\">\n\t\t\t\t\t<\/div>\n\t\t\t\t<\/div>\n\t\t\t\t<\/div>\n\t\t","protected":false},"excerpt":{"rendered":"<p>Richtlinie f\u00fcr R\u00fcckerstattungen Ertrag Sie k\u00f6nnen Ihre Bestellung innerhalb von 12 Stunden nach dem Kauf stornieren. Wir k\u00f6nnen jedoch keine<\/p>\n","protected":false},"author":1,"featured_media":0,"parent":0,"menu_order":0,"comment_status":"closed","ping_status":"closed","template":"","meta":{"_acf_changed":false,"footnotes":""},"class_list":["post-1522","page","type-page","status-publish","hentry"],"acf":[],"aioseo_notices":[],"aioseo_head":"\n\t\t<!-- All in One SEO Pro 4.9.0 - aioseo.com -->\n\t<meta name=\"description\" content=\"Erfahren Sie mehr \u00fcber die R\u00fcckerstattungsrichtlinie von ChnPrintStudio f\u00fcr kundenspezifische Druckprodukte. Wir bem\u00fchen uns, Ihre Zufriedenheit mit unseren Druckdienstleistungen sicherzustellen. Erfahren Sie, wie wir mit R\u00fccksendungen, Umtausch und R\u00fcckerstattungen umgehen.\" \/>\n\t<meta name=\"robots\" content=\"max-image-preview:large\" \/>\n\t<meta name=\"google-site-verification\" content=\"bCWEURESkI9sJaMHczw2gqISKxNjR6Mf9fHT_9LSu3M\" \/>\n\t<link rel=\"canonical\" href=\"https:\/\/chnprints.com\/de\/richtlinie-fuer-rueckerstattungen\/\" \/>\n\t<meta name=\"generator\" content=\"All in One SEO Pro (AIOSEO) 4.9.0\" \/>\n\t\t<meta property=\"og:locale\" content=\"de_DE\" \/>\n\t\t<meta property=\"og:site_name\" content=\"ChnPrintStudio - Buch- und Foliendruck und Design | Online bestellen\" \/>\n\t\t<meta property=\"og:type\" content=\"article\" \/>\n\t\t<meta property=\"og:title\" content=\"Richtlinie f\u00fcr R\u00fcckerstattungen - Letterpress &amp; Foil Printing and Design | ChnPrint Studio\" \/>\n\t\t<meta property=\"og:description\" content=\"Erfahren Sie mehr \u00fcber die R\u00fcckerstattungsrichtlinie von ChnPrintStudio f\u00fcr kundenspezifische Druckprodukte. Wir bem\u00fchen uns, Ihre Zufriedenheit mit unseren Druckdienstleistungen sicherzustellen. Erfahren Sie, wie wir mit R\u00fccksendungen, Umtausch und R\u00fcckerstattungen umgehen.\" \/>\n\t\t<meta property=\"og:url\" content=\"https:\/\/chnprints.com\/de\/richtlinie-fuer-rueckerstattungen\/\" \/>\n\t\t<meta property=\"article:published_time\" content=\"2024-09-29T06:54:55+00:00\" \/>\n\t\t<meta property=\"article:modified_time\" content=\"2024-10-20T00:14:04+00:00\" \/>\n\t\t<meta name=\"twitter:card\" content=\"summary_large_image\" \/>\n\t\t<meta name=\"twitter:title\" content=\"Richtlinie f\u00fcr R\u00fcckerstattungen - Letterpress &amp; Foil Printing and Design | ChnPrint Studio\" \/>\n\t\t<meta name=\"twitter:description\" content=\"Erfahren Sie mehr \u00fcber die R\u00fcckerstattungsrichtlinie von ChnPrintStudio f\u00fcr kundenspezifische Druckprodukte. Wir bem\u00fchen uns, Ihre Zufriedenheit mit unseren Druckdienstleistungen sicherzustellen. Erfahren Sie, wie wir mit R\u00fccksendungen, Umtausch und R\u00fcckerstattungen umgehen.\" \/>\n\t\t<script type=\"application\/ld+json\" class=\"aioseo-schema\">\n\t\t\t{\"@context\":\"https:\\\/\\\/schema.org\",\"@graph\":[{\"@type\":\"BreadcrumbList\",\"@id\":\"https:\\\/\\\/chnprints.com\\\/de\\\/richtlinie-fuer-rueckerstattungen\\\/#breadcrumblist\",\"itemListElement\":[{\"@type\":\"ListItem\",\"@id\":\"https:\\\/\\\/chnprints.com\\\/de\\\/richtlinie-fuer-rueckerstattungen\\\/#listItem\",\"position\":1,\"name\":\"Richtlinie f\\u00fcr R\\u00fcckerstattungen\"}]},{\"@type\":\"Organization\",\"@id\":\"https:\\\/\\\/chnprints.com\\\/de\\\/#organization\",\"name\":\"ChnPrintStudio Buchdruck & Folienpr\\u00e4gung und Design | Online bestellen Letterpress &amp; Foil Printing and Design | Order Online\",\"description\":\"ChnPrintStudio\",\"url\":\"https:\\\/\\\/chnprints.com\\\/de\\\/\",\"logo\":{\"@type\":\"ImageObject\",\"url\":\"https:\\\/\\\/chnprints.com\\\/wp-content\\\/uploads\\\/2024\\\/10\\\/weblogo.jpg?wsr\",\"@id\":\"https:\\\/\\\/chnprints.com\\\/de\\\/richtlinie-fuer-rueckerstattungen\\\/#organizationLogo\",\"width\":112,\"height\":112},\"image\":{\"@id\":\"https:\\\/\\\/chnprints.com\\\/de\\\/richtlinie-fuer-rueckerstattungen\\\/#organizationLogo\"},\"sameAs\":[\"https:\\\/\\\/www.instagram.com\\\/chnprintstudio\\\/\",\"https:\\\/\\\/www.tiktok.com\\\/@chnprintstudio\",\"https:\\\/\\\/www.pinterest.com\\\/ChnPrintStudio\\\/\"]},{\"@type\":\"WebPage\",\"@id\":\"https:\\\/\\\/chnprints.com\\\/de\\\/richtlinie-fuer-rueckerstattungen\\\/#webpage\",\"url\":\"https:\\\/\\\/chnprints.com\\\/de\\\/richtlinie-fuer-rueckerstattungen\\\/\",\"name\":\"Richtlinie f\\u00fcr R\\u00fcckerstattungen - Letterpress & Foil Printing and Design | ChnPrint Studio\",\"description\":\"Erfahren Sie mehr \\u00fcber die R\\u00fcckerstattungsrichtlinie von ChnPrintStudio f\\u00fcr kundenspezifische Druckprodukte. Wir bem\\u00fchen uns, Ihre Zufriedenheit mit unseren Druckdienstleistungen sicherzustellen. Erfahren Sie, wie wir mit R\\u00fccksendungen, Umtausch und R\\u00fcckerstattungen umgehen.\",\"inLanguage\":\"de-DE\",\"isPartOf\":{\"@id\":\"https:\\\/\\\/chnprints.com\\\/de\\\/#website\"},\"breadcrumb\":{\"@id\":\"https:\\\/\\\/chnprints.com\\\/de\\\/richtlinie-fuer-rueckerstattungen\\\/#breadcrumblist\"},\"datePublished\":\"2024-09-29T14:54:55+08:00\",\"dateModified\":\"2024-10-20T08:14:04+08:00\"},{\"@type\":\"WebSite\",\"@id\":\"https:\\\/\\\/chnprints.com\\\/de\\\/#website\",\"url\":\"https:\\\/\\\/chnprints.com\\\/de\\\/\",\"name\":\"ChnPrintStudio\",\"alternateName\":\"Luxury Business Card Printing | Order Online\",\"description\":\"Buchdruck & Folienpr\\u00e4gung und Design | Online bestellen\",\"inLanguage\":\"de-DE\",\"publisher\":{\"@id\":\"https:\\\/\\\/chnprints.com\\\/de\\\/#organization\"}}]}\n\t\t<\/script>\n\t\t<!-- All in One SEO Pro -->\r\n\t\t<title>Richtlinie f\u00fcr R\u00fcckerstattungen - Letterpress &amp; Foil Printing and Design | ChnPrint Studio<\/title>\n\n","aioseo_head_json":{"title":"Richtlinie f\u00fcr R\u00fcckerstattungen - Letterpress & Foil Printing and Design | ChnPrint Studio","description":"Erfahren Sie mehr \u00fcber die R\u00fcckerstattungsrichtlinie von ChnPrintStudio f\u00fcr kundenspezifische Druckprodukte. Wir bem\u00fchen uns, Ihre Zufriedenheit mit unseren Druckdienstleistungen sicherzustellen. Erfahren Sie, wie wir mit R\u00fccksendungen, Umtausch und R\u00fcckerstattungen umgehen.","canonical_url":"https:\/\/chnprints.com\/de\/richtlinie-fuer-rueckerstattungen\/","robots":"max-image-preview:large","keywords":"","webmasterTools":{"google-site-verification":"bCWEURESkI9sJaMHczw2gqISKxNjR6Mf9fHT_9LSu3M","miscellaneous":""},"schema":{"@context":"https:\/\/schema.org","@graph":[{"@type":"BreadcrumbList","@id":"https:\/\/chnprints.com\/de\/richtlinie-fuer-rueckerstattungen\/#breadcrumblist","itemListElement":[{"@type":"ListItem","@id":"https:\/\/chnprints.com\/de\/richtlinie-fuer-rueckerstattungen\/#listItem","position":1,"name":"Richtlinie f\u00fcr R\u00fcckerstattungen"}]},{"@type":"Organization","@id":"https:\/\/chnprints.com\/de\/#organization","name":"ChnPrintStudio Buchdruck & Folienpr\u00e4gung und Design | Online bestellen Letterpress &amp; Foil Printing and Design | Order Online","description":"ChnPrintStudio","url":"https:\/\/chnprints.com\/de\/","logo":{"@type":"ImageObject","url":"https:\/\/chnprints.com\/wp-content\/uploads\/2024\/10\/weblogo.jpg?wsr","@id":"https:\/\/chnprints.com\/de\/richtlinie-fuer-rueckerstattungen\/#organizationLogo","width":112,"height":112},"image":{"@id":"https:\/\/chnprints.com\/de\/richtlinie-fuer-rueckerstattungen\/#organizationLogo"},"sameAs":["https:\/\/www.instagram.com\/chnprintstudio\/","https:\/\/www.tiktok.com\/@chnprintstudio","https:\/\/www.pinterest.com\/ChnPrintStudio\/"]},{"@type":"WebPage","@id":"https:\/\/chnprints.com\/de\/richtlinie-fuer-rueckerstattungen\/#webpage","url":"https:\/\/chnprints.com\/de\/richtlinie-fuer-rueckerstattungen\/","name":"Richtlinie f\u00fcr R\u00fcckerstattungen - Letterpress & Foil Printing and Design | ChnPrint Studio","description":"Erfahren Sie mehr \u00fcber die R\u00fcckerstattungsrichtlinie von ChnPrintStudio f\u00fcr kundenspezifische Druckprodukte. Wir bem\u00fchen uns, Ihre Zufriedenheit mit unseren Druckdienstleistungen sicherzustellen. Erfahren Sie, wie wir mit R\u00fccksendungen, Umtausch und R\u00fcckerstattungen umgehen.","inLanguage":"de-DE","isPartOf":{"@id":"https:\/\/chnprints.com\/de\/#website"},"breadcrumb":{"@id":"https:\/\/chnprints.com\/de\/richtlinie-fuer-rueckerstattungen\/#breadcrumblist"},"datePublished":"2024-09-29T14:54:55+08:00","dateModified":"2024-10-20T08:14:04+08:00"},{"@type":"WebSite","@id":"https:\/\/chnprints.com\/de\/#website","url":"https:\/\/chnprints.com\/de\/","name":"ChnPrintStudio","alternateName":"Luxury Business Card Printing | Order Online","description":"Buchdruck & Folienpr\u00e4gung und Design | Online bestellen","inLanguage":"de-DE","publisher":{"@id":"https:\/\/chnprints.com\/de\/#organization"}}]},"og:locale":"de_DE","og:site_name":"ChnPrintStudio - Buch- und Foliendruck und Design | Online bestellen","og:type":"article","og:title":"Richtlinie f\u00fcr R\u00fcckerstattungen - Letterpress &amp; Foil Printing and Design | ChnPrint Studio","og:description":"Erfahren Sie mehr \u00fcber die R\u00fcckerstattungsrichtlinie von ChnPrintStudio f\u00fcr kundenspezifische Druckprodukte. Wir bem\u00fchen uns, Ihre Zufriedenheit mit unseren Druckdienstleistungen sicherzustellen. Erfahren Sie, wie wir mit R\u00fccksendungen, Umtausch und R\u00fcckerstattungen umgehen.","og:url":"https:\/\/chnprints.com\/de\/richtlinie-fuer-rueckerstattungen\/","article:published_time":"2024-09-29T06:54:55+00:00","article:modified_time":"2024-10-20T00:14:04+00:00","twitter:card":"summary_large_image","twitter:title":"Richtlinie f\u00fcr R\u00fcckerstattungen - Letterpress &amp; Foil Printing and Design | ChnPrint Studio","twitter:description":"Erfahren Sie mehr \u00fcber die R\u00fcckerstattungsrichtlinie von ChnPrintStudio f\u00fcr kundenspezifische Druckprodukte. Wir bem\u00fchen uns, Ihre Zufriedenheit mit unseren Druckdienstleistungen sicherzustellen. Erfahren Sie, wie wir mit R\u00fccksendungen, Umtausch und R\u00fcckerstattungen umgehen."},"aioseo_meta_data":{"post_id":"1522","title":null,"description":"Erfahren Sie mehr \u00fcber die R\u00fcckerstattungsrichtlinie von ChnPrintStudio f\u00fcr kundenspezifische Druckprodukte. Wir bem\u00fchen uns, Ihre Zufriedenheit mit unseren Druckdienstleistungen sicherzustellen. Erfahren Sie, wie wir mit R\u00fccksendungen, Umtausch und R\u00fcckerstattungen umgehen.","keywords":null,"keyphrases":{"focus":{"keyphrase":"Custom Printing Refunds","score":38,"analysis":{"keyphraseInTitle":{"score":3,"maxScore":9,"error":1},"keyphraseInDescription":{"score":3,"maxScore":9,"error":1},"keyphraseLength":{"score":9,"maxScore":9,"error":0,"length":3},"keyphraseInURL":{"score":1,"maxScore":5,"error":1},"keyphraseInIntroduction":{"score":3,"maxScore":9,"error":1},"keyphraseInSubHeadings":[],"keyphraseInImageAlt":[],"keywordDensity":{"score":0,"type":"low","maxScore":9,"error":1}}},"additional":[{"keyphrase":"Printing Services Guarantee","score":42,"analysis":{"keyphraseInDescription":{"score":3,"maxScore":9,"error":1},"keyphraseLength":{"score":9,"maxScore":9,"error":0,"length":3},"keyphraseInIntroduction":{"score":3,"maxScore":9,"error":1},"keyphraseInImageAlt":[],"keywordDensity":{"score":0,"type":"low","maxScore":9,"error":1}}}]},"primary_term":null,"canonical_url":null,"og_title":null,"og_description":null,"og_object_type":"default","og_image_type":"default","og_image_url":null,"og_image_width":null,"og_image_height":null,"og_image_custom_url":null,"og_image_custom_fields":null,"og_video":"","og_custom_url":null,"og_article_section":null,"og_article_tags":null,"twitter_use_og":false,"twitter_card":"default","twitter_image_type":"default","twitter_image_url":null,"twitter_image_custom_url":null,"twitter_image_custom_fields":null,"twitter_title":null,"twitter_description":null,"schema":{"blockGraphs":[],"customGraphs":[],"default":{"data":{"Article":[],"Course":[],"Dataset":[],"FAQPage":[],"Movie":[],"Person":[],"Product":[],"ProductReview":[],"Car":[],"Recipe":[],"Service":[],"SoftwareApplication":[],"WebPage":[]},"graphName":"WebPage","isEnabled":true},"graphs":[]},"schema_type":"default","schema_type_options":null,"pillar_content":false,"robots_default":true,"robots_noindex":false,"robots_noarchive":false,"robots_nosnippet":false,"robots_nofollow":false,"robots_noimageindex":false,"robots_noodp":false,"robots_notranslate":false,"robots_max_snippet":"-1","robots_max_videopreview":"-1","robots_max_imagepreview":"large","priority":null,"frequency":"default","local_seo":null,"seo_analyzer_scan_date":"2026-02-09 16:52:36","breadcrumb_settings":null,"limit_modified_date":false,"ai":null,"created":"2024-10-08 13:37:47","updated":"2026-02-09 21:29:17"},"aioseo_breadcrumb":"<div class=\"aioseo-breadcrumbs\"><span class=\"aioseo-breadcrumb\">\n\tRichtlinie f\u00fcr R\u00fcckerstattungen\n<\/span><\/div>","aioseo_breadcrumb_json":[{"label":"Richtlinie f\u00fcr R\u00fcckerstattungen","link":"https:\/\/chnprints.com\/de\/richtlinie-fuer-rueckerstattungen\/"}],"_links":{"self":[{"href":"https:\/\/chnprints.com\/de\/wp-json\/wp\/v2\/pages\/1522","targetHints":{"allow":["GET"]}}],"collection":[{"href":"https:\/\/chnprints.com\/de\/wp-json\/wp\/v2\/pages"}],"about":[{"href":"https:\/\/chnprints.com\/de\/wp-json\/wp\/v2\/types\/page"}],"author":[{"embeddable":true,"href":"https:\/\/chnprints.com\/de\/wp-json\/wp\/v2\/users\/1"}],"replies":[{"embeddable":true,"href":"https:\/\/chnprints.com\/de\/wp-json\/wp\/v2\/comments?post=1522"}],"version-history":[{"count":0,"href":"https:\/\/chnprints.com\/de\/wp-json\/wp\/v2\/pages\/1522\/revisions"}],"wp:attachment":[{"href":"https:\/\/chnprints.com\/de\/wp-json\/wp\/v2\/media?parent=1522"}],"curies":[{"name":"wp","href":"https:\/\/api.w.org\/{rel}","templated":true}]}}