{"id":1519,"date":"2024-09-29T14:41:24","date_gmt":"2024-09-29T06:41:24","guid":{"rendered":"https:\/\/chnprints.com\/nutzungsbedingungen\/"},"modified":"2024-10-20T08:14:04","modified_gmt":"2024-10-20T00:14:04","slug":"nutzungsbedingungen","status":"publish","type":"page","link":"https:\/\/chnprints.com\/de\/nutzungsbedingungen\/","title":{"rendered":"Nutzungsbedingungen"},"content":{"rendered":"\t\t<div data-elementor-type=\"wp-page\" data-elementor-id=\"1519\" class=\"elementor elementor-1519 elementor-1221\" data-elementor-post-type=\"page\">\n\t\t\t\t<div class=\"elementor-element elementor-element-6880bdb e-flex e-con-boxed e-con e-parent\" data-id=\"6880bdb\" data-element_type=\"container\" data-e-type=\"container\">\n\t\t\t\t\t<div class=\"e-con-inner\">\n\t\t\t\t<div class=\"elementor-element elementor-element-0dee501 elementor-widget elementor-widget-heading\" data-id=\"0dee501\" data-element_type=\"widget\" data-e-type=\"widget\" data-widget_type=\"heading.default\">\n\t\t\t\t\t<h1 class=\"elementor-heading-title elementor-size-default\">Nutzungsbedingungen<\/h1>\t\t\t\t<\/div>\n\t\t\t\t<div class=\"elementor-element elementor-element-c8e39fd color-scheme-inherit text-left elementor-widget elementor-widget-text-editor\" data-id=\"c8e39fd\" data-element_type=\"widget\" data-e-type=\"widget\" data-widget_type=\"text-editor.default\">\n\t\t\t\t\t\t\t\t\t<h5><strong>Nutzungsbedingungen<\/strong><\/h5>\n<p>Wir bitten Sie, diese Allgemeinen Gesch\u00e4ftsbedingungen sorgf\u00e4ltig zu lesen und zu verstehen, bevor Sie ein Projekt mit uns beginnen.\nBitte beachten Sie, dass wir diese Allgemeinen Gesch\u00e4ftsbedingungen von Zeit zu Zeit ohne besondere Ank\u00fcndigung \u00e4ndern m\u00fcssen.\nWenn Sie Fragen haben oder einen Teil dieses Dokuments nicht vollst\u00e4ndig verstehen, k\u00f6nnen Sie sich gerne an uns wenden, um eine Kl\u00e4rung zu erhalten.  <br><br><\/p>\n<h5><strong>1. Stornierung der Bestellung<\/strong><\/h5>\n<p>Bitte \u00fcberpr\u00fcfen Sie Ihre Bestellung sorgf\u00e4ltig, bevor Sie sie absenden.\nAufgrund der Einzigartigkeit und der handwerklichen Qualit\u00e4t vieler unserer Produkte k\u00f6nnen wir eine einmal abgeschickte Bestellung nicht mehr stornieren oder \u00e4ndern. <br><br><\/p>\n<h5><strong>2. R\u00fcckgabe und Nachdruck<\/strong><\/h5>\n<p>Personalisierte Produkte und Artikel, die im Rahmen von Werbeaktionen verkauft werden, haben keinen Anspruch auf R\u00fcckerstattung. Wenn Sie sich f\u00fcr die R\u00fcckgabe von im Sonderangebot gekauften oder personalisierten Waren entscheiden, wird eine Gutschrift ausgestellt.<br>Wenn Sie eine Bestellung erhalten, die besch\u00e4digt, defekt oder kurz ist, teilen Sie uns dies bitte innerhalb von sieben Werktagen nach Lieferung schriftlich mit. Um einen Nachdruck anzufordern, m\u00fcssen Sie die Originalbestellung vollst\u00e4ndig zur\u00fccksenden.<br><br><\/p>\n<h5><strong>3. Nachweis der Genehmigung<\/strong><\/h5>\n<p>Obwohl wir alle Anstrengungen unternehmen, um Fehler zu vermeiden, sind wir nicht verantwortlich f\u00fcr Druckfehler oder Ungenauigkeiten in Druckdetails (wie Druckmethoden, Farben, Papier, Gr\u00f6\u00dfe oder Menge), die in die Produktion eingeflossen sind.<\/p>\n<p>Die Proof-Freigabe ist unsere Vereinbarung, die sicherstellt, dass bei der \u00dcbertragung Ihrer Druckvorlagen in unsere Druckvorstufensysteme keine \u00c4nderungen oder Fehler auftreten, selbst wenn Sie druckfertige Druckvorlagen bereitstellen.\nEs werden keine R\u00fcckerstattungen oder Nachdrucke angeboten, wenn das Proofing vernachl\u00e4ssigt wird, sobald die endg\u00fcltig genehmigte Grafik gedruckt wurde.\nSollten jedoch w\u00e4hrend der Korrekturphase Fehler festgestellt werden, nehmen wir die erforderlichen Korrekturen kostenlos vor.\nWerden w\u00e4hrend der Druckproduktion Fehler entdeckt, werden die Geb\u00fchren zu einem Stundensatz in Rechnung gestellt, zuz\u00fcglich etwaiger zus\u00e4tzlicher Druckkosten, falls zutreffend.   <br><br><\/p>\n<h5><strong>4. Druckfarben<\/strong><\/h5>\n<p>PMS-Farben \u2013 Obwohl wir unser Bestes geben, kann es zu leichten Abweichungen kommen, da die PMS-Tintenfarben von Hand gemischt werden.<\/p>\n<p>Vollfarbe \u2013 Aufgrund von Abweichungen bei der Monitorkalibrierung kann es zu Unterschieden zwischen den auf dem Bildschirm angezeigten Farben und dem Erscheinungsbild des Endprodukts kommen.<\/p>\n<p>Nachbestellungen \u2013 Aufgrund der Art des Drucks und von Stapel zu Stapel von Drucksystemen k\u00f6nnen leichte Farbabweichungen zwischen verschiedenen Auflagen auftreten.<br><br><\/p>\n<h5><strong>5. Lieferung<\/strong><\/h5>\n<p>Wir bem\u00fchen uns, Ihre Bestellung so schnell wie m\u00f6glich zu liefern, aber bitte beachten Sie, dass die angegebenen Lieferfristen keine Verpflichtungen oder Garantien f\u00fcr Lieferzeiten darstellen.<\/p>\n<p>Sobald Ihre Bestellung versandt wurde, sind wir nicht verantwortlich f\u00fcr unvorhergesehene Verz\u00f6gerungen oder Probleme, einschlie\u00dflich F\u00e4llen der Nichterreichbarkeit.\nSobald Ihre Bestellung per Post verschickt wurde, liegt sie au\u00dferhalb unserer Kontrolle und daher k\u00f6nnen wir keine Verantwortung \u00fcbernehmen.\nBitte beachten Sie, dass die Versandkosten nicht erstattungsf\u00e4hig sind.  <br><br><\/p>\n<h5><strong>6. Internationale Bestellungen<br><\/strong><\/h5>\n<p>Einfuhrz\u00f6lle, Steuern und Geb\u00fchren sind nicht im Artikelpreis oder den Versandkosten enthalten und k\u00f6nnen bei Lieferung f\u00e4llig werden.\nEs liegt in der Verantwortung des Kunden oder Empf\u00e4ngers, Einfuhrz\u00f6lle, Zollgeb\u00fchren oder andere Abgaben zu zahlen, da diese nicht im Checkout-Preis enthalten sind.\nBitte erkundigen Sie sich vor der Bestellung beim Zollamt Ihres Landes, welche zus\u00e4tzlichen Kosten anfallen.\nWir haben keine Kontrolle \u00fcber den Zeitpunkt oder die H\u00f6he dieser Geb\u00fchren, die je nach Land, Stadt und Paket variieren.\nWir k\u00f6nnen diese Geb\u00fchren weder im Voraus bezahlen noch selbst verwalten.    <br><br><\/p>\n<h5><strong>7. Produktmuster<br><\/strong><\/h5>\n<p>Indem Sie unsere Dienstleistungen in Anspruch nehmen, gestatten Sie uns, alle Arbeiten, die w\u00e4hrend des Projekts entstanden sind, in unserem Portfolio anzuzeigen.\nWir verstehen und respektieren die Vertraulichkeit von Projekten und werden Arbeiten erst nach der Ver\u00f6ffentlichung des Produkts anzeigen.\nWenn Sie nicht m\u00f6chten, dass Ihr Projekt in den sozialen Medien pr\u00e4sentiert wird, teilen Sie uns dies bitte mit.  <br><br><\/p>\n<h5><strong>8. Urheberrecht<br><\/strong><\/h5>\n<p>Wir behalten uns das Recht vor, uns das volle Eigentum an Designkonzepten und zugeh\u00f6rigen Materialien vorzubehalten.\nDas Eigentum geht auf Sie \u00fcber, nachdem das endg\u00fcltige Designkonzept geliefert und die vollst\u00e4ndige Zahlung eingegangen ist.\nNicht verwendete Konzepte bleiben unser Eigentum.\nBezahlte Konzepte k\u00f6nnen weiterhin in unseren Werbematerialien und unserem Designportfolio verwendet werden.\nSofern Sie nichts anderes w\u00fcnschen, behalten wir uns das Recht vor, einen kleinen Credit auf die von uns produzierten Arbeiten zu drucken und einen Design-Credit zu beanspruchen, mit Ausnahme von Firmenbriefpapier.    <br><br><\/p>\n<h5><strong>9. H\u00f6here Gewalt<br><\/strong><\/h5>\n<p>Wir haften nicht f\u00fcr Verz\u00f6gerungen oder Nichtbereitstellung von Produkten oder Dienstleistungen, die durch Umst\u00e4nde verursacht werden, die au\u00dferhalb unserer Kontrolle liegen.\nZu diesen Umst\u00e4nden geh\u00f6ren unter anderem Kriegshandlungen, Naturkatastrophen, Streiks, Arbeitsniederlegungen, beh\u00f6rdliche Anordnungen, Transportverz\u00f6gerungen, Stromausf\u00e4lle, Ausf\u00e4lle, die durch Drittanbieter von Hosting-Diensten verursacht werden, Ger\u00e4teausf\u00e4lle, Diebstahl, vors\u00e4tzliche Sabotage, Unruhen, Unruhen, Unf\u00e4lle oder terroristische Handlungen. <\/p>\t\t\t\t\t\t\t\t<\/div>\n\t\t\t\t\t<\/div>\n\t\t\t\t<\/div>\n\t\t\t\t<\/div>\n\t\t","protected":false},"excerpt":{"rendered":"<p>Nutzungsbedingungen Nutzungsbedingungen Wir bitten Sie, diese Allgemeinen Gesch\u00e4ftsbedingungen sorgf\u00e4ltig zu lesen und zu verstehen, bevor Sie ein Projekt mit uns<\/p>\n","protected":false},"author":1,"featured_media":0,"parent":0,"menu_order":0,"comment_status":"closed","ping_status":"closed","template":"","meta":{"_acf_changed":false,"footnotes":""},"class_list":["post-1519","page","type-page","status-publish","hentry"],"acf":[],"aioseo_notices":[],"aioseo_head":"\n\t\t<!-- All in One SEO Pro 4.9.0 - aioseo.com -->\n\t<meta name=\"description\" content=\"Nutzungsbedingungen Nutzungsbedingungen Wir bitten Sie, diese Allgemeinen Gesch\u00e4ftsbedingungen sorgf\u00e4ltig zu lesen und zu verstehen, bevor Sie ein Projekt mit uns beginnen. Bitte beachten Sie, dass wir diese Allgemeinen Gesch\u00e4ftsbedingungen von Zeit zu Zeit ohne besondere Ank\u00fcndigung \u00e4ndern m\u00fcssen. Wenn Sie Fragen haben oder einen Teil dieses Dokuments nicht vollst\u00e4ndig verstehen, k\u00f6nnen Sie sich gerne an\" \/>\n\t<meta name=\"robots\" content=\"max-image-preview:large\" \/>\n\t<meta name=\"google-site-verification\" content=\"bCWEURESkI9sJaMHczw2gqISKxNjR6Mf9fHT_9LSu3M\" \/>\n\t<link rel=\"canonical\" href=\"https:\/\/chnprints.com\/de\/nutzungsbedingungen\/\" \/>\n\t<meta name=\"generator\" content=\"All in One SEO Pro (AIOSEO) 4.9.0\" \/>\n\t\t<meta property=\"og:locale\" content=\"de_DE\" \/>\n\t\t<meta property=\"og:site_name\" content=\"ChnPrintStudio - Buch- und Foliendruck und Design | Online bestellen\" \/>\n\t\t<meta property=\"og:type\" content=\"article\" \/>\n\t\t<meta property=\"og:title\" content=\"Nutzungsbedingungen - Letterpress &amp; Foil Printing and Design | ChnPrint Studio\" \/>\n\t\t<meta property=\"og:description\" content=\"Nutzungsbedingungen Nutzungsbedingungen Wir bitten Sie, diese Allgemeinen Gesch\u00e4ftsbedingungen sorgf\u00e4ltig zu lesen und zu verstehen, bevor Sie ein Projekt mit uns beginnen. Bitte beachten Sie, dass wir diese Allgemeinen Gesch\u00e4ftsbedingungen von Zeit zu Zeit ohne besondere Ank\u00fcndigung \u00e4ndern m\u00fcssen. Wenn Sie Fragen haben oder einen Teil dieses Dokuments nicht vollst\u00e4ndig verstehen, k\u00f6nnen Sie sich gerne an\" \/>\n\t\t<meta property=\"og:url\" content=\"https:\/\/chnprints.com\/de\/nutzungsbedingungen\/\" \/>\n\t\t<meta property=\"article:published_time\" content=\"2024-09-29T06:41:24+00:00\" \/>\n\t\t<meta property=\"article:modified_time\" content=\"2024-10-20T00:14:04+00:00\" \/>\n\t\t<meta name=\"twitter:card\" content=\"summary_large_image\" \/>\n\t\t<meta name=\"twitter:title\" content=\"Nutzungsbedingungen - Letterpress &amp; Foil Printing and Design | ChnPrint Studio\" \/>\n\t\t<meta name=\"twitter:description\" content=\"Nutzungsbedingungen Nutzungsbedingungen Wir bitten Sie, diese Allgemeinen Gesch\u00e4ftsbedingungen sorgf\u00e4ltig zu lesen und zu verstehen, bevor Sie ein Projekt mit uns beginnen. Bitte beachten Sie, dass wir diese Allgemeinen Gesch\u00e4ftsbedingungen von Zeit zu Zeit ohne besondere Ank\u00fcndigung \u00e4ndern m\u00fcssen. Wenn Sie Fragen haben oder einen Teil dieses Dokuments nicht vollst\u00e4ndig verstehen, k\u00f6nnen Sie sich gerne an\" \/>\n\t\t<script type=\"application\/ld+json\" class=\"aioseo-schema\">\n\t\t\t{\"@context\":\"https:\\\/\\\/schema.org\",\"@graph\":[{\"@type\":\"BreadcrumbList\",\"@id\":\"https:\\\/\\\/chnprints.com\\\/de\\\/nutzungsbedingungen\\\/#breadcrumblist\",\"itemListElement\":[{\"@type\":\"ListItem\",\"@id\":\"https:\\\/\\\/chnprints.com\\\/de\\\/nutzungsbedingungen\\\/#listItem\",\"position\":1,\"name\":\"Nutzungsbedingungen\"}]},{\"@type\":\"Organization\",\"@id\":\"https:\\\/\\\/chnprints.com\\\/de\\\/#organization\",\"name\":\"ChnPrintStudio Buchdruck & Folienpr\\u00e4gung und Design | Online bestellen Letterpress &amp; Foil Printing and Design | Order Online\",\"description\":\"ChnPrintStudio\",\"url\":\"https:\\\/\\\/chnprints.com\\\/de\\\/\",\"logo\":{\"@type\":\"ImageObject\",\"url\":\"https:\\\/\\\/chnprints.com\\\/wp-content\\\/uploads\\\/2024\\\/10\\\/weblogo.jpg?wsr\",\"@id\":\"https:\\\/\\\/chnprints.com\\\/de\\\/nutzungsbedingungen\\\/#organizationLogo\",\"width\":112,\"height\":112},\"image\":{\"@id\":\"https:\\\/\\\/chnprints.com\\\/de\\\/nutzungsbedingungen\\\/#organizationLogo\"},\"sameAs\":[\"https:\\\/\\\/www.instagram.com\\\/chnprintstudio\\\/\",\"https:\\\/\\\/www.tiktok.com\\\/@chnprintstudio\",\"https:\\\/\\\/www.pinterest.com\\\/ChnPrintStudio\\\/\"]},{\"@type\":\"WebPage\",\"@id\":\"https:\\\/\\\/chnprints.com\\\/de\\\/nutzungsbedingungen\\\/#webpage\",\"url\":\"https:\\\/\\\/chnprints.com\\\/de\\\/nutzungsbedingungen\\\/\",\"name\":\"Nutzungsbedingungen - Letterpress & Foil Printing and Design | ChnPrint Studio\",\"description\":\"Nutzungsbedingungen Nutzungsbedingungen Wir bitten Sie, diese Allgemeinen Gesch\\u00e4ftsbedingungen sorgf\\u00e4ltig zu lesen und zu verstehen, bevor Sie ein Projekt mit uns beginnen. Bitte beachten Sie, dass wir diese Allgemeinen Gesch\\u00e4ftsbedingungen von Zeit zu Zeit ohne besondere Ank\\u00fcndigung \\u00e4ndern m\\u00fcssen. Wenn Sie Fragen haben oder einen Teil dieses Dokuments nicht vollst\\u00e4ndig verstehen, k\\u00f6nnen Sie sich gerne an\",\"inLanguage\":\"de-DE\",\"isPartOf\":{\"@id\":\"https:\\\/\\\/chnprints.com\\\/de\\\/#website\"},\"breadcrumb\":{\"@id\":\"https:\\\/\\\/chnprints.com\\\/de\\\/nutzungsbedingungen\\\/#breadcrumblist\"},\"datePublished\":\"2024-09-29T14:41:24+08:00\",\"dateModified\":\"2024-10-20T08:14:04+08:00\"},{\"@type\":\"WebSite\",\"@id\":\"https:\\\/\\\/chnprints.com\\\/de\\\/#website\",\"url\":\"https:\\\/\\\/chnprints.com\\\/de\\\/\",\"name\":\"ChnPrintStudio\",\"alternateName\":\"Luxury Business Card Printing | Order Online\",\"description\":\"Buchdruck & Folienpr\\u00e4gung und Design | Online bestellen\",\"inLanguage\":\"de-DE\",\"publisher\":{\"@id\":\"https:\\\/\\\/chnprints.com\\\/de\\\/#organization\"}}]}\n\t\t<\/script>\n\t\t<!-- All in One SEO Pro -->\r\n\t\t<title>Nutzungsbedingungen - Letterpress &amp; Foil Printing and Design | ChnPrint Studio<\/title>\n\n","aioseo_head_json":{"title":"Nutzungsbedingungen - Letterpress & Foil Printing and Design | ChnPrint Studio","description":"Nutzungsbedingungen Nutzungsbedingungen Wir bitten Sie, diese Allgemeinen Gesch\u00e4ftsbedingungen sorgf\u00e4ltig zu lesen und zu verstehen, bevor Sie ein Projekt mit uns beginnen. Bitte beachten Sie, dass wir diese Allgemeinen Gesch\u00e4ftsbedingungen von Zeit zu Zeit ohne besondere Ank\u00fcndigung \u00e4ndern m\u00fcssen. Wenn Sie Fragen haben oder einen Teil dieses Dokuments nicht vollst\u00e4ndig verstehen, k\u00f6nnen Sie sich gerne an","canonical_url":"https:\/\/chnprints.com\/de\/nutzungsbedingungen\/","robots":"max-image-preview:large","keywords":"","webmasterTools":{"google-site-verification":"bCWEURESkI9sJaMHczw2gqISKxNjR6Mf9fHT_9LSu3M","miscellaneous":""},"schema":{"@context":"https:\/\/schema.org","@graph":[{"@type":"BreadcrumbList","@id":"https:\/\/chnprints.com\/de\/nutzungsbedingungen\/#breadcrumblist","itemListElement":[{"@type":"ListItem","@id":"https:\/\/chnprints.com\/de\/nutzungsbedingungen\/#listItem","position":1,"name":"Nutzungsbedingungen"}]},{"@type":"Organization","@id":"https:\/\/chnprints.com\/de\/#organization","name":"ChnPrintStudio Buchdruck & Folienpr\u00e4gung und Design | Online bestellen Letterpress &amp; Foil Printing and Design | Order Online","description":"ChnPrintStudio","url":"https:\/\/chnprints.com\/de\/","logo":{"@type":"ImageObject","url":"https:\/\/chnprints.com\/wp-content\/uploads\/2024\/10\/weblogo.jpg?wsr","@id":"https:\/\/chnprints.com\/de\/nutzungsbedingungen\/#organizationLogo","width":112,"height":112},"image":{"@id":"https:\/\/chnprints.com\/de\/nutzungsbedingungen\/#organizationLogo"},"sameAs":["https:\/\/www.instagram.com\/chnprintstudio\/","https:\/\/www.tiktok.com\/@chnprintstudio","https:\/\/www.pinterest.com\/ChnPrintStudio\/"]},{"@type":"WebPage","@id":"https:\/\/chnprints.com\/de\/nutzungsbedingungen\/#webpage","url":"https:\/\/chnprints.com\/de\/nutzungsbedingungen\/","name":"Nutzungsbedingungen - Letterpress & Foil Printing and Design | ChnPrint Studio","description":"Nutzungsbedingungen Nutzungsbedingungen Wir bitten Sie, diese Allgemeinen Gesch\u00e4ftsbedingungen sorgf\u00e4ltig zu lesen und zu verstehen, bevor Sie ein Projekt mit uns beginnen. Bitte beachten Sie, dass wir diese Allgemeinen Gesch\u00e4ftsbedingungen von Zeit zu Zeit ohne besondere Ank\u00fcndigung \u00e4ndern m\u00fcssen. Wenn Sie Fragen haben oder einen Teil dieses Dokuments nicht vollst\u00e4ndig verstehen, k\u00f6nnen Sie sich gerne an","inLanguage":"de-DE","isPartOf":{"@id":"https:\/\/chnprints.com\/de\/#website"},"breadcrumb":{"@id":"https:\/\/chnprints.com\/de\/nutzungsbedingungen\/#breadcrumblist"},"datePublished":"2024-09-29T14:41:24+08:00","dateModified":"2024-10-20T08:14:04+08:00"},{"@type":"WebSite","@id":"https:\/\/chnprints.com\/de\/#website","url":"https:\/\/chnprints.com\/de\/","name":"ChnPrintStudio","alternateName":"Luxury Business Card Printing | Order Online","description":"Buchdruck & Folienpr\u00e4gung und Design | Online bestellen","inLanguage":"de-DE","publisher":{"@id":"https:\/\/chnprints.com\/de\/#organization"}}]},"og:locale":"de_DE","og:site_name":"ChnPrintStudio - Buch- und Foliendruck und Design | Online bestellen","og:type":"article","og:title":"Nutzungsbedingungen - Letterpress &amp; Foil Printing and Design | ChnPrint Studio","og:description":"Nutzungsbedingungen Nutzungsbedingungen Wir bitten Sie, diese Allgemeinen Gesch\u00e4ftsbedingungen sorgf\u00e4ltig zu lesen und zu verstehen, bevor Sie ein Projekt mit uns beginnen. Bitte beachten Sie, dass wir diese Allgemeinen Gesch\u00e4ftsbedingungen von Zeit zu Zeit ohne besondere Ank\u00fcndigung \u00e4ndern m\u00fcssen. Wenn Sie Fragen haben oder einen Teil dieses Dokuments nicht vollst\u00e4ndig verstehen, k\u00f6nnen Sie sich gerne an","og:url":"https:\/\/chnprints.com\/de\/nutzungsbedingungen\/","article:published_time":"2024-09-29T06:41:24+00:00","article:modified_time":"2024-10-20T00:14:04+00:00","twitter:card":"summary_large_image","twitter:title":"Nutzungsbedingungen - Letterpress &amp; Foil Printing and Design | ChnPrint Studio","twitter:description":"Nutzungsbedingungen Nutzungsbedingungen Wir bitten Sie, diese Allgemeinen Gesch\u00e4ftsbedingungen sorgf\u00e4ltig zu lesen und zu verstehen, bevor Sie ein Projekt mit uns beginnen. Bitte beachten Sie, dass wir diese Allgemeinen Gesch\u00e4ftsbedingungen von Zeit zu Zeit ohne besondere Ank\u00fcndigung \u00e4ndern m\u00fcssen. Wenn Sie Fragen haben oder einen Teil dieses Dokuments nicht vollst\u00e4ndig verstehen, k\u00f6nnen Sie sich gerne an"},"aioseo_meta_data":{"post_id":"1519","title":null,"description":null,"keywords":null,"keyphrases":{"focus":{"keyphrase":"","score":0,"analysis":{"keyphraseInTitle":{"score":0,"maxScore":9,"error":1}}},"additional":[]},"primary_term":null,"canonical_url":null,"og_title":null,"og_description":null,"og_object_type":"default","og_image_type":"default","og_image_url":null,"og_image_width":null,"og_image_height":null,"og_image_custom_url":null,"og_image_custom_fields":null,"og_video":"","og_custom_url":null,"og_article_section":null,"og_article_tags":null,"twitter_use_og":false,"twitter_card":"default","twitter_image_type":"default","twitter_image_url":null,"twitter_image_custom_url":null,"twitter_image_custom_fields":null,"twitter_title":null,"twitter_description":null,"schema":{"blockGraphs":[],"customGraphs":[],"default":{"data":{"Article":[],"Course":[],"Dataset":[],"FAQPage":[],"Movie":[],"Person":[],"Product":[],"ProductReview":[],"Car":[],"Recipe":[],"Service":[],"SoftwareApplication":[],"WebPage":[]},"graphName":"WebPage","isEnabled":true},"graphs":[]},"schema_type":"default","schema_type_options":null,"pillar_content":false,"robots_default":true,"robots_noindex":false,"robots_noarchive":false,"robots_nosnippet":false,"robots_nofollow":false,"robots_noimageindex":false,"robots_noodp":false,"robots_notranslate":false,"robots_max_snippet":"-1","robots_max_videopreview":"-1","robots_max_imagepreview":"large","priority":null,"frequency":"default","local_seo":null,"seo_analyzer_scan_date":"2026-02-09 17:43:09","breadcrumb_settings":null,"limit_modified_date":false,"ai":null,"created":"2024-10-08 13:36:47","updated":"2026-02-09 21:29:17"},"aioseo_breadcrumb":"<div class=\"aioseo-breadcrumbs\"><span class=\"aioseo-breadcrumb\">\n\tNutzungsbedingungen\n<\/span><\/div>","aioseo_breadcrumb_json":[{"label":"Nutzungsbedingungen","link":"https:\/\/chnprints.com\/de\/nutzungsbedingungen\/"}],"_links":{"self":[{"href":"https:\/\/chnprints.com\/de\/wp-json\/wp\/v2\/pages\/1519","targetHints":{"allow":["GET"]}}],"collection":[{"href":"https:\/\/chnprints.com\/de\/wp-json\/wp\/v2\/pages"}],"about":[{"href":"https:\/\/chnprints.com\/de\/wp-json\/wp\/v2\/types\/page"}],"author":[{"embeddable":true,"href":"https:\/\/chnprints.com\/de\/wp-json\/wp\/v2\/users\/1"}],"replies":[{"embeddable":true,"href":"https:\/\/chnprints.com\/de\/wp-json\/wp\/v2\/comments?post=1519"}],"version-history":[{"count":0,"href":"https:\/\/chnprints.com\/de\/wp-json\/wp\/v2\/pages\/1519\/revisions"}],"wp:attachment":[{"href":"https:\/\/chnprints.com\/de\/wp-json\/wp\/v2\/media?parent=1519"}],"curies":[{"name":"wp","href":"https:\/\/api.w.org\/{rel}","templated":true}]}}