{"id":1515,"date":"2024-09-29T14:07:41","date_gmt":"2024-09-29T06:07:41","guid":{"rendered":"https:\/\/chnprints.com\/datenschutzrichtlinie\/"},"modified":"2024-10-20T08:14:04","modified_gmt":"2024-10-20T00:14:04","slug":"datenschutzrichtlinie","status":"publish","type":"page","link":"https:\/\/chnprints.com\/de\/datenschutzrichtlinie\/","title":{"rendered":"Datenschutzrichtlinie"},"content":{"rendered":"\t\t<div data-elementor-type=\"wp-page\" data-elementor-id=\"1515\" class=\"elementor elementor-1515 elementor-10\" data-elementor-post-type=\"page\">\n\t\t\t\t<div class=\"elementor-element elementor-element-e1f4fc2 e-flex e-con-boxed e-con e-parent\" data-id=\"e1f4fc2\" data-element_type=\"container\" data-e-type=\"container\">\n\t\t\t\t\t<div class=\"e-con-inner\">\n\t\t\t\t<div class=\"elementor-element elementor-element-0783d3a elementor-widget elementor-widget-heading\" data-id=\"0783d3a\" data-element_type=\"widget\" data-e-type=\"widget\" data-widget_type=\"heading.default\">\n\t\t\t\t\t<h1 class=\"elementor-heading-title elementor-size-default\">Datenschutzrichtlinie<\/h1>\t\t\t\t<\/div>\n\t\t\t\t<div class=\"elementor-element elementor-element-10bd4a3 color-scheme-inherit text-left elementor-widget elementor-widget-text-editor\" data-id=\"10bd4a3\" data-element_type=\"widget\" data-e-type=\"widget\" data-widget_type=\"text-editor.default\">\n\t\t\t\t\t\t\t\t\t<h5><strong>Datenschutzerkl\u00e4rung<\/strong><\/h5>\n<p>Bei <u>ChnPrintStudio<\/u> sch\u00e4tzen wir das Vertrauen, das unsere Kunden uns entgegenbringen, wenn sie ihre privaten Daten preisgeben.<br \/>\nDiese Datenschutzerkl\u00e4rung soll die Art und Weise kl\u00e4ren, wie wir die personenbezogenen Daten, die Sie uns bei der Nutzung unserer Website und Dienste zur Verf\u00fcgung stellen, sammeln, verwenden und sch\u00fctzen. <\/p>\n<h5><strong>Erhebung personenbezogener Daten<\/strong><\/h5>\n<p>Wenn Sie sich auf unserer Website mit unserer Website in Verbindung setzen, um Bestellungen aufzugeben, Angebotsanfragen zu stellen oder sich auf verschiedene Weise an uns zu wenden, k\u00f6nnen wir Ihre personenbezogenen Daten erfassen.<br \/>\nDazu geh\u00f6ren Ihr vollst\u00e4ndiger Name, Ihre E-Mail-Adresse, Ihre Kontaktnummer und Ihre Postanschrift.<br \/>\nDar\u00fcber hinaus k\u00f6nnen wir Details zu Ihrer Bestellung oder Anfrage erfassen, wie z. B. die angeforderten Produkte oder Dienstleistungen, Lieferdetails und Zahlungsdaten.  <\/p>\n<h5><strong>Verwendung personenbezogener Daten<\/strong><\/h5>\n<p>Ihre personenbezogenen Daten werden verwendet, um Ihre Bestellungen auszuf\u00fchren, auf Ihre Angebote zu reagieren, unser Angebot zu verbessern und f\u00fcr weitere Mitteilungen zu Ihren Bestellungen, Werbeveranstaltungen und zus\u00e4tzlichen relevanten Aktualisierungen.<br \/>\nWir verbieten strengstens die Weitergabe Ihrer personenbezogenen Daten an Dritte zu Werbezwecken. <\/p>\n<p>Wir k\u00f6nnen Ihre personenbezogenen Daten an Dritte weitergeben, die uns bei der Auftragsabwicklung und der Erbringung von Dienstleistungen unterst\u00fctzen, einschlie\u00dflich Kurieren, Zahlungsabwicklern und Marketingplattformen.<br \/>\nDiese Unternehmen sind verpflichtet, Ihre personenbezogenen Daten zu sch\u00fctzen, und d\u00fcrfen sie nur f\u00fcr die von uns beschriebenen Zwecke verwenden. <\/p>\n<p>Wir k\u00f6nnen Ihre personenbezogenen Daten offenlegen, wenn dies gesetzlich vorgeschrieben ist, um unsere Rechte oder Besitzt\u00fcmer zu sch\u00fctzen oder um m\u00f6glichen Schaden f\u00fcr uns oder andere zu verhindern.<\/p>\n<h5><strong>Cookies und analoge Technologien<\/strong><\/h5>\n<p>Um Ihre Erfahrung auf unserer Plattform zu bereichern und relevante Werbung zu liefern, verwenden wir Cookies und \u00e4hnliche Technologien.<br \/>\nCookies sind winzige Datenschnipsel, die beim Besuch unserer Website auf Ihrem Ger\u00e4t gespeichert werden und es uns erm\u00f6glichen, Ihr Ger\u00e4t zu identifizieren und Ihre Pr\u00e4ferenzen und historischen Aktivit\u00e4ten abzurufen. <\/p>\n<p>Sie behalten die Kontrolle \u00fcber Cookies \u00fcber Ihre Browserkonfigurationen und k\u00f6nnen gezielte Werbung \u00fcber die AdChoices-Initiative deaktivieren.<\/p>\n<h5><strong>Datenschutz<\/strong><\/h5>\n<p>Wir treffen angemessene Sicherheitsvorkehrungen, um Ihre personenbezogenen Daten vor unbefugtem Eindringen, Ausbeutung und Offenlegung zu sch\u00fctzen.<br \/>\nDazu geh\u00f6ren die Bereitstellung sicherer Server, Verschl\u00fcsselungspraktiken und andere Sicherheitsma\u00dfnahmen, die an Branchenstandards ausgerichtet sind.<br \/>\nAbsolute Sicherheit kann jedoch nicht garantiert werden, und wir haften nicht f\u00fcr unbefugten Zugriff oder eine unbefugte Nutzung, die \u00fcber unseren gesetzlichen Geltungsbereich hinausgeht.  <\/p>\n<h5><strong>Zugriff auf und \u00c4nderung Ihrer personenbezogenen Daten<\/strong><\/h5>\n<p>Sie haben die M\u00f6glichkeit, auf Ihre personenbezogenen Daten zuzugreifen und diese zu \u00e4ndern, indem Sie sich \u00fcber die auf unserer Website verf\u00fcgbaren Kontaktinformationen mit uns in Verbindung setzen.<\/p>\n<h5><strong>\u00c4nderungen der Richtlinie<\/strong><\/h5>\n<p>Wir behalten uns das Recht vor, diese Datenschutzrichtlinie regelm\u00e4\u00dfig zu \u00e4ndern und werden alle Aktualisierungen auf unserer Website bekannt geben.<br \/>\nEs wird empfohlen, dass Sie unsere Richtlinie in regelm\u00e4\u00dfigen Abst\u00e4nden \u00fcberpr\u00fcfen, um dar\u00fcber informiert zu bleiben, wie wir Ihre personenbezogenen Daten verwalten, einsetzen und sch\u00fctzen. <\/p>\n<h5><strong>Verbinden Sie sich mit uns<\/strong><\/h5>\n<p>Bei Fragen oder Bedenken zu unserer Datenschutzrichtlinie z\u00f6gern Sie bitte nicht, sich an uns zu wenden.<\/p>\n\t\t\t\t\t\t\t\t<\/div>\n\t\t\t\t\t<\/div>\n\t\t\t\t<\/div>\n\t\t\t\t<\/div>\n\t\t","protected":false},"excerpt":{"rendered":"<p>Datenschutzrichtlinie Datenschutzerkl\u00e4rung Bei ChnPrintStudio sch\u00e4tzen wir das Vertrauen, das unsere Kunden uns entgegenbringen, wenn sie ihre privaten Daten preisgeben. Diese<\/p>\n","protected":false},"author":1,"featured_media":0,"parent":0,"menu_order":8,"comment_status":"closed","ping_status":"closed","template":"","meta":{"_acf_changed":false,"footnotes":""},"class_list":["post-1515","page","type-page","status-publish","hentry"],"acf":[],"aioseo_notices":[],"aioseo_head":"\n\t\t<!-- All in One SEO Pro 4.9.0 - aioseo.com -->\n\t<meta name=\"description\" content=\"Datenschutzrichtlinie Datenschutzerkl\u00e4rung Bei ChnPrintStudio sch\u00e4tzen wir das Vertrauen, das unsere Kunden uns entgegenbringen, wenn sie ihre privaten Daten preisgeben. Diese Datenschutzerkl\u00e4rung soll die Art und Weise kl\u00e4ren, wie wir die personenbezogenen Daten, die Sie uns bei der Nutzung unserer Website und Dienste zur Verf\u00fcgung stellen, sammeln, verwenden und sch\u00fctzen. Erhebung personenbezogener Daten Wenn Sie sich\" \/>\n\t<meta name=\"robots\" content=\"max-image-preview:large\" \/>\n\t<meta name=\"google-site-verification\" content=\"bCWEURESkI9sJaMHczw2gqISKxNjR6Mf9fHT_9LSu3M\" \/>\n\t<link rel=\"canonical\" href=\"https:\/\/chnprints.com\/de\/datenschutzrichtlinie\/\" \/>\n\t<meta name=\"generator\" content=\"All in One SEO Pro (AIOSEO) 4.9.0\" \/>\n\t\t<meta property=\"og:locale\" content=\"de_DE\" \/>\n\t\t<meta property=\"og:site_name\" content=\"ChnPrintStudio - Buch- und Foliendruck und Design | Online bestellen\" \/>\n\t\t<meta property=\"og:type\" content=\"article\" \/>\n\t\t<meta property=\"og:title\" content=\"Datenschutzrichtlinie - Letterpress &amp; Foil Printing and Design | ChnPrint Studio\" \/>\n\t\t<meta property=\"og:description\" content=\"Datenschutzrichtlinie Datenschutzerkl\u00e4rung Bei ChnPrintStudio sch\u00e4tzen wir das Vertrauen, das unsere Kunden uns entgegenbringen, wenn sie ihre privaten Daten preisgeben. Diese Datenschutzerkl\u00e4rung soll die Art und Weise kl\u00e4ren, wie wir die personenbezogenen Daten, die Sie uns bei der Nutzung unserer Website und Dienste zur Verf\u00fcgung stellen, sammeln, verwenden und sch\u00fctzen. Erhebung personenbezogener Daten Wenn Sie sich\" \/>\n\t\t<meta property=\"og:url\" content=\"https:\/\/chnprints.com\/de\/datenschutzrichtlinie\/\" \/>\n\t\t<meta property=\"article:published_time\" content=\"2024-09-29T06:07:41+00:00\" \/>\n\t\t<meta property=\"article:modified_time\" content=\"2024-10-20T00:14:04+00:00\" \/>\n\t\t<meta name=\"twitter:card\" content=\"summary_large_image\" \/>\n\t\t<meta name=\"twitter:title\" content=\"Datenschutzrichtlinie - Letterpress &amp; Foil Printing and Design | ChnPrint Studio\" \/>\n\t\t<meta name=\"twitter:description\" content=\"Datenschutzrichtlinie Datenschutzerkl\u00e4rung Bei ChnPrintStudio sch\u00e4tzen wir das Vertrauen, das unsere Kunden uns entgegenbringen, wenn sie ihre privaten Daten preisgeben. Diese Datenschutzerkl\u00e4rung soll die Art und Weise kl\u00e4ren, wie wir die personenbezogenen Daten, die Sie uns bei der Nutzung unserer Website und Dienste zur Verf\u00fcgung stellen, sammeln, verwenden und sch\u00fctzen. Erhebung personenbezogener Daten Wenn Sie sich\" \/>\n\t\t<script type=\"application\/ld+json\" class=\"aioseo-schema\">\n\t\t\t{\"@context\":\"https:\\\/\\\/schema.org\",\"@graph\":[{\"@type\":\"BreadcrumbList\",\"@id\":\"https:\\\/\\\/chnprints.com\\\/de\\\/datenschutzrichtlinie\\\/#breadcrumblist\",\"itemListElement\":[{\"@type\":\"ListItem\",\"@id\":\"https:\\\/\\\/chnprints.com\\\/de\\\/datenschutzrichtlinie\\\/#listItem\",\"position\":1,\"name\":\"Datenschutzrichtlinie\"}]},{\"@type\":\"Organization\",\"@id\":\"https:\\\/\\\/chnprints.com\\\/de\\\/#organization\",\"name\":\"ChnPrintStudio Buchdruck & Folienpr\\u00e4gung und Design | Online bestellen Letterpress &amp; Foil Printing and Design | Order Online\",\"description\":\"ChnPrintStudio\",\"url\":\"https:\\\/\\\/chnprints.com\\\/de\\\/\",\"logo\":{\"@type\":\"ImageObject\",\"url\":\"https:\\\/\\\/chnprints.com\\\/wp-content\\\/uploads\\\/2024\\\/10\\\/weblogo.jpg?wsr\",\"@id\":\"https:\\\/\\\/chnprints.com\\\/de\\\/datenschutzrichtlinie\\\/#organizationLogo\",\"width\":112,\"height\":112},\"image\":{\"@id\":\"https:\\\/\\\/chnprints.com\\\/de\\\/datenschutzrichtlinie\\\/#organizationLogo\"},\"sameAs\":[\"https:\\\/\\\/www.instagram.com\\\/chnprintstudio\\\/\",\"https:\\\/\\\/www.tiktok.com\\\/@chnprintstudio\",\"https:\\\/\\\/www.pinterest.com\\\/ChnPrintStudio\\\/\"]},{\"@type\":\"WebPage\",\"@id\":\"https:\\\/\\\/chnprints.com\\\/de\\\/datenschutzrichtlinie\\\/#webpage\",\"url\":\"https:\\\/\\\/chnprints.com\\\/de\\\/datenschutzrichtlinie\\\/\",\"name\":\"Datenschutzrichtlinie - Letterpress & Foil Printing and Design | ChnPrint Studio\",\"description\":\"Datenschutzrichtlinie Datenschutzerkl\\u00e4rung Bei ChnPrintStudio sch\\u00e4tzen wir das Vertrauen, das unsere Kunden uns entgegenbringen, wenn sie ihre privaten Daten preisgeben. Diese Datenschutzerkl\\u00e4rung soll die Art und Weise kl\\u00e4ren, wie wir die personenbezogenen Daten, die Sie uns bei der Nutzung unserer Website und Dienste zur Verf\\u00fcgung stellen, sammeln, verwenden und sch\\u00fctzen. Erhebung personenbezogener Daten Wenn Sie sich\",\"inLanguage\":\"de-DE\",\"isPartOf\":{\"@id\":\"https:\\\/\\\/chnprints.com\\\/de\\\/#website\"},\"breadcrumb\":{\"@id\":\"https:\\\/\\\/chnprints.com\\\/de\\\/datenschutzrichtlinie\\\/#breadcrumblist\"},\"datePublished\":\"2024-09-29T14:07:41+08:00\",\"dateModified\":\"2024-10-20T08:14:04+08:00\"},{\"@type\":\"WebSite\",\"@id\":\"https:\\\/\\\/chnprints.com\\\/de\\\/#website\",\"url\":\"https:\\\/\\\/chnprints.com\\\/de\\\/\",\"name\":\"ChnPrintStudio\",\"alternateName\":\"Luxury Business Card Printing | Order Online\",\"description\":\"Buchdruck & Folienpr\\u00e4gung und Design | Online bestellen\",\"inLanguage\":\"de-DE\",\"publisher\":{\"@id\":\"https:\\\/\\\/chnprints.com\\\/de\\\/#organization\"}}]}\n\t\t<\/script>\n\t\t<!-- All in One SEO Pro -->\r\n\t\t<title>Datenschutzrichtlinie - Letterpress &amp; Foil Printing and Design | ChnPrint Studio<\/title>\n\n","aioseo_head_json":{"title":"Datenschutzrichtlinie - Letterpress & Foil Printing and Design | ChnPrint Studio","description":"Datenschutzrichtlinie Datenschutzerkl\u00e4rung Bei ChnPrintStudio sch\u00e4tzen wir das Vertrauen, das unsere Kunden uns entgegenbringen, wenn sie ihre privaten Daten preisgeben. Diese Datenschutzerkl\u00e4rung soll die Art und Weise kl\u00e4ren, wie wir die personenbezogenen Daten, die Sie uns bei der Nutzung unserer Website und Dienste zur Verf\u00fcgung stellen, sammeln, verwenden und sch\u00fctzen. Erhebung personenbezogener Daten Wenn Sie sich","canonical_url":"https:\/\/chnprints.com\/de\/datenschutzrichtlinie\/","robots":"max-image-preview:large","keywords":"","webmasterTools":{"google-site-verification":"bCWEURESkI9sJaMHczw2gqISKxNjR6Mf9fHT_9LSu3M","miscellaneous":""},"schema":{"@context":"https:\/\/schema.org","@graph":[{"@type":"BreadcrumbList","@id":"https:\/\/chnprints.com\/de\/datenschutzrichtlinie\/#breadcrumblist","itemListElement":[{"@type":"ListItem","@id":"https:\/\/chnprints.com\/de\/datenschutzrichtlinie\/#listItem","position":1,"name":"Datenschutzrichtlinie"}]},{"@type":"Organization","@id":"https:\/\/chnprints.com\/de\/#organization","name":"ChnPrintStudio Buchdruck & Folienpr\u00e4gung und Design | Online bestellen Letterpress &amp; Foil Printing and Design | Order Online","description":"ChnPrintStudio","url":"https:\/\/chnprints.com\/de\/","logo":{"@type":"ImageObject","url":"https:\/\/chnprints.com\/wp-content\/uploads\/2024\/10\/weblogo.jpg?wsr","@id":"https:\/\/chnprints.com\/de\/datenschutzrichtlinie\/#organizationLogo","width":112,"height":112},"image":{"@id":"https:\/\/chnprints.com\/de\/datenschutzrichtlinie\/#organizationLogo"},"sameAs":["https:\/\/www.instagram.com\/chnprintstudio\/","https:\/\/www.tiktok.com\/@chnprintstudio","https:\/\/www.pinterest.com\/ChnPrintStudio\/"]},{"@type":"WebPage","@id":"https:\/\/chnprints.com\/de\/datenschutzrichtlinie\/#webpage","url":"https:\/\/chnprints.com\/de\/datenschutzrichtlinie\/","name":"Datenschutzrichtlinie - Letterpress & Foil Printing and Design | ChnPrint Studio","description":"Datenschutzrichtlinie Datenschutzerkl\u00e4rung Bei ChnPrintStudio sch\u00e4tzen wir das Vertrauen, das unsere Kunden uns entgegenbringen, wenn sie ihre privaten Daten preisgeben. Diese Datenschutzerkl\u00e4rung soll die Art und Weise kl\u00e4ren, wie wir die personenbezogenen Daten, die Sie uns bei der Nutzung unserer Website und Dienste zur Verf\u00fcgung stellen, sammeln, verwenden und sch\u00fctzen. Erhebung personenbezogener Daten Wenn Sie sich","inLanguage":"de-DE","isPartOf":{"@id":"https:\/\/chnprints.com\/de\/#website"},"breadcrumb":{"@id":"https:\/\/chnprints.com\/de\/datenschutzrichtlinie\/#breadcrumblist"},"datePublished":"2024-09-29T14:07:41+08:00","dateModified":"2024-10-20T08:14:04+08:00"},{"@type":"WebSite","@id":"https:\/\/chnprints.com\/de\/#website","url":"https:\/\/chnprints.com\/de\/","name":"ChnPrintStudio","alternateName":"Luxury Business Card Printing | Order Online","description":"Buchdruck & Folienpr\u00e4gung und Design | Online bestellen","inLanguage":"de-DE","publisher":{"@id":"https:\/\/chnprints.com\/de\/#organization"}}]},"og:locale":"de_DE","og:site_name":"ChnPrintStudio - Buch- und Foliendruck und Design | Online bestellen","og:type":"article","og:title":"Datenschutzrichtlinie - Letterpress &amp; Foil Printing and Design | ChnPrint Studio","og:description":"Datenschutzrichtlinie Datenschutzerkl\u00e4rung Bei ChnPrintStudio sch\u00e4tzen wir das Vertrauen, das unsere Kunden uns entgegenbringen, wenn sie ihre privaten Daten preisgeben. Diese Datenschutzerkl\u00e4rung soll die Art und Weise kl\u00e4ren, wie wir die personenbezogenen Daten, die Sie uns bei der Nutzung unserer Website und Dienste zur Verf\u00fcgung stellen, sammeln, verwenden und sch\u00fctzen. Erhebung personenbezogener Daten Wenn Sie sich","og:url":"https:\/\/chnprints.com\/de\/datenschutzrichtlinie\/","article:published_time":"2024-09-29T06:07:41+00:00","article:modified_time":"2024-10-20T00:14:04+00:00","twitter:card":"summary_large_image","twitter:title":"Datenschutzrichtlinie - Letterpress &amp; Foil Printing and Design | ChnPrint Studio","twitter:description":"Datenschutzrichtlinie Datenschutzerkl\u00e4rung Bei ChnPrintStudio sch\u00e4tzen wir das Vertrauen, das unsere Kunden uns entgegenbringen, wenn sie ihre privaten Daten preisgeben. Diese Datenschutzerkl\u00e4rung soll die Art und Weise kl\u00e4ren, wie wir die personenbezogenen Daten, die Sie uns bei der Nutzung unserer Website und Dienste zur Verf\u00fcgung stellen, sammeln, verwenden und sch\u00fctzen. Erhebung personenbezogener Daten Wenn Sie sich"},"aioseo_meta_data":{"post_id":"1515","title":null,"description":null,"keywords":null,"keyphrases":null,"primary_term":null,"canonical_url":null,"og_title":null,"og_description":null,"og_object_type":"default","og_image_type":"default","og_image_url":null,"og_image_width":null,"og_image_height":null,"og_image_custom_url":null,"og_image_custom_fields":null,"og_video":null,"og_custom_url":null,"og_article_section":null,"og_article_tags":null,"twitter_use_og":false,"twitter_card":"default","twitter_image_type":"default","twitter_image_url":null,"twitter_image_custom_url":null,"twitter_image_custom_fields":null,"twitter_title":null,"twitter_description":null,"schema":{"blockGraphs":[],"customGraphs":[],"default":{"data":{"Article":[],"Course":[],"Dataset":[],"FAQPage":[],"Movie":[],"Person":[],"Product":[],"ProductReview":[],"Car":[],"Recipe":[],"Service":[],"SoftwareApplication":[],"WebPage":[]},"graphName":"","isEnabled":true},"graphs":[]},"schema_type":"default","schema_type_options":null,"pillar_content":false,"robots_default":true,"robots_noindex":false,"robots_noarchive":false,"robots_nosnippet":false,"robots_nofollow":false,"robots_noimageindex":false,"robots_noodp":false,"robots_notranslate":false,"robots_max_snippet":null,"robots_max_videopreview":null,"robots_max_imagepreview":"large","priority":null,"frequency":null,"local_seo":null,"seo_analyzer_scan_date":"2026-02-09 17:43:09","breadcrumb_settings":null,"limit_modified_date":false,"ai":null,"created":"2024-10-08 13:36:47","updated":"2026-02-09 21:29:17"},"aioseo_breadcrumb":"<div class=\"aioseo-breadcrumbs\"><span class=\"aioseo-breadcrumb\">\n\tDatenschutzrichtlinie\n<\/span><\/div>","aioseo_breadcrumb_json":[{"label":"Datenschutzrichtlinie","link":"https:\/\/chnprints.com\/de\/datenschutzrichtlinie\/"}],"_links":{"self":[{"href":"https:\/\/chnprints.com\/de\/wp-json\/wp\/v2\/pages\/1515","targetHints":{"allow":["GET"]}}],"collection":[{"href":"https:\/\/chnprints.com\/de\/wp-json\/wp\/v2\/pages"}],"about":[{"href":"https:\/\/chnprints.com\/de\/wp-json\/wp\/v2\/types\/page"}],"author":[{"embeddable":true,"href":"https:\/\/chnprints.com\/de\/wp-json\/wp\/v2\/users\/1"}],"replies":[{"embeddable":true,"href":"https:\/\/chnprints.com\/de\/wp-json\/wp\/v2\/comments?post=1515"}],"version-history":[{"count":0,"href":"https:\/\/chnprints.com\/de\/wp-json\/wp\/v2\/pages\/1515\/revisions"}],"wp:attachment":[{"href":"https:\/\/chnprints.com\/de\/wp-json\/wp\/v2\/media?parent=1515"}],"curies":[{"name":"wp","href":"https:\/\/api.w.org\/{rel}","templated":true}]}}