{"id":1271,"date":"2024-10-01T06:47:02","date_gmt":"2024-09-30T22:47:02","guid":{"rendered":"https:\/\/chnprints.com\/shop\/"},"modified":"2026-02-10T08:34:10","modified_gmt":"2026-02-10T00:34:10","slug":"shop","status":"publish","type":"page","link":"https:\/\/chnprints.com\/de\/shop\/","title":{"rendered":"Shop"},"content":{"rendered":"","protected":false},"excerpt":{"rendered":"","protected":false},"author":1,"featured_media":0,"parent":0,"menu_order":0,"comment_status":"closed","ping_status":"closed","template":"","meta":{"_acf_changed":false,"footnotes":""},"class_list":["post-1271","page","type-page","status-publish","hentry"],"acf":[],"aioseo_notices":[],"aioseo_head":"\n\t\t<!-- All in One SEO Pro 4.9.0 - aioseo.com -->\n\t<meta name=\"description\" content=\"Entdecken Sie die gro\u00dfe Auswahl an kundenspezifischen Druckprodukten von ChnPrintStudio, darunter Visitenkarten, Hochzeitsgru\u00dfkarten, Etikettenaufkleber, Dankeskarten und Gesch\u00e4ftsdrucksachen. Holen Sie sich hochwertige, professionelle und erschwingliche Drucke f\u00fcr jeden Anlass.\" \/>\n\t<meta name=\"robots\" content=\"noindex, max-snippet:-1, max-image-preview:large, max-video-preview:-1\" \/>\n\t<meta name=\"google-site-verification\" content=\"bCWEURESkI9sJaMHczw2gqISKxNjR6Mf9fHT_9LSu3M\" \/>\n\t<link rel=\"canonical\" href=\"https:\/\/chnprints.com\/de\/shop\/\" \/>\n\t<meta name=\"generator\" content=\"All in One SEO Pro (AIOSEO) 4.9.0\" \/>\n\t\t<meta property=\"og:locale\" content=\"de_DE\" \/>\n\t\t<meta property=\"og:site_name\" content=\"ChnPrintStudio - Buch- und Foliendruck und Design | Online bestellen\" \/>\n\t\t<meta property=\"og:type\" content=\"article\" \/>\n\t\t<meta property=\"og:title\" content=\"Drucken von benutzerdefinierten Visitenkarten, Hochzeitskarten, Aufklebern Mehr\" \/>\n\t\t<meta property=\"og:description\" content=\"Entdecken Sie die gro\u00dfe Auswahl an kundenspezifischen Druckprodukten von ChnPrintStudio, darunter Visitenkarten, Hochzeitsgru\u00dfkarten, Etikettenaufkleber, Dankeskarten und Gesch\u00e4ftsdrucksachen. Holen Sie sich hochwertige, professionelle und erschwingliche Drucke f\u00fcr jeden Anlass.\" \/>\n\t\t<meta property=\"og:url\" content=\"https:\/\/chnprints.com\/de\/shop\/\" \/>\n\t\t<meta property=\"article:published_time\" content=\"2024-09-30T22:47:02+00:00\" \/>\n\t\t<meta property=\"article:modified_time\" content=\"2026-02-10T00:34:10+00:00\" \/>\n\t\t<meta name=\"twitter:card\" content=\"summary_large_image\" \/>\n\t\t<meta name=\"twitter:title\" content=\"Drucken von benutzerdefinierten Visitenkarten, Hochzeitskarten, Aufklebern Mehr\" \/>\n\t\t<meta name=\"twitter:description\" content=\"Entdecken Sie die gro\u00dfe Auswahl an kundenspezifischen Druckprodukten von ChnPrintStudio, darunter Visitenkarten, Hochzeitsgru\u00dfkarten, Etikettenaufkleber, Dankeskarten und Gesch\u00e4ftsdrucksachen. Holen Sie sich hochwertige, professionelle und erschwingliche Drucke f\u00fcr jeden Anlass.\" \/>\n\t\t<script type=\"application\/ld+json\" class=\"aioseo-schema\">\n\t\t\t{\"@context\":\"https:\\\/\\\/schema.org\",\"@graph\":[{\"@type\":\"BreadcrumbList\",\"@id\":\"https:\\\/\\\/chnprints.com\\\/de\\\/shop\\\/#breadcrumblist\",\"itemListElement\":[{\"@type\":\"ListItem\",\"@id\":\"https:\\\/\\\/chnprints.com\\\/de\\\/shop\\\/#listItem\",\"position\":1,\"name\":\"Shop\"}]},{\"@type\":\"Organization\",\"@id\":\"https:\\\/\\\/chnprints.com\\\/de\\\/#organization\",\"name\":\"ChnPrintStudio Buchdruck & Folienpr\\u00e4gung und Design | Online bestellen Letterpress &amp; Foil Printing and Design | Order Online\",\"description\":\"ChnPrintStudio\",\"url\":\"https:\\\/\\\/chnprints.com\\\/de\\\/\",\"logo\":{\"@type\":\"ImageObject\",\"url\":\"https:\\\/\\\/chnprints.com\\\/wp-content\\\/uploads\\\/2024\\\/10\\\/weblogo.jpg?wsr\",\"@id\":\"https:\\\/\\\/chnprints.com\\\/de\\\/shop\\\/#organizationLogo\",\"width\":112,\"height\":112},\"image\":{\"@id\":\"https:\\\/\\\/chnprints.com\\\/de\\\/shop\\\/#organizationLogo\"},\"sameAs\":[\"https:\\\/\\\/www.instagram.com\\\/chnprintstudio\\\/\",\"https:\\\/\\\/www.tiktok.com\\\/@chnprintstudio\",\"https:\\\/\\\/www.pinterest.com\\\/ChnPrintStudio\\\/\"]},{\"@type\":\"WebPage\",\"@id\":\"https:\\\/\\\/chnprints.com\\\/de\\\/shop\\\/#webpage\",\"url\":\"https:\\\/\\\/chnprints.com\\\/de\\\/shop\\\/\",\"name\":\"Drucken von benutzerdefinierten Visitenkarten, Hochzeitskarten, Aufklebern Mehr\",\"description\":\"Entdecken Sie die gro\\u00dfe Auswahl an kundenspezifischen Druckprodukten von ChnPrintStudio, darunter Visitenkarten, Hochzeitsgru\\u00dfkarten, Etikettenaufkleber, Dankeskarten und Gesch\\u00e4ftsdrucksachen. Holen Sie sich hochwertige, professionelle und erschwingliche Drucke f\\u00fcr jeden Anlass.\",\"inLanguage\":\"de-DE\",\"isPartOf\":{\"@id\":\"https:\\\/\\\/chnprints.com\\\/de\\\/#website\"},\"breadcrumb\":{\"@id\":\"https:\\\/\\\/chnprints.com\\\/de\\\/shop\\\/#breadcrumblist\"},\"datePublished\":\"2024-10-01T06:47:02+08:00\",\"dateModified\":\"2026-02-10T08:34:10+08:00\"},{\"@type\":\"WebSite\",\"@id\":\"https:\\\/\\\/chnprints.com\\\/de\\\/#website\",\"url\":\"https:\\\/\\\/chnprints.com\\\/de\\\/\",\"name\":\"ChnPrintStudio\",\"alternateName\":\"Luxury Business Card Printing | Order Online\",\"description\":\"Buchdruck & Folienpr\\u00e4gung und Design | Online bestellen\",\"inLanguage\":\"de-DE\",\"publisher\":{\"@id\":\"https:\\\/\\\/chnprints.com\\\/de\\\/#organization\"}}]}\n\t\t<\/script>\n\t\t<!-- All in One SEO Pro -->\r\n\t\t<title>Drucken von benutzerdefinierten Visitenkarten, Hochzeitskarten, Aufklebern Mehr<\/title>\n\n","aioseo_head_json":{"title":"Drucken von benutzerdefinierten Visitenkarten, Hochzeitskarten, Aufklebern Mehr","description":"Entdecken Sie die gro\u00dfe Auswahl an kundenspezifischen Druckprodukten von ChnPrintStudio, darunter Visitenkarten, Hochzeitsgru\u00dfkarten, Etikettenaufkleber, Dankeskarten und Gesch\u00e4ftsdrucksachen. Holen Sie sich hochwertige, professionelle und erschwingliche Drucke f\u00fcr jeden Anlass.","canonical_url":"https:\/\/chnprints.com\/de\/shop\/","robots":"noindex, max-snippet:-1, max-image-preview:large, max-video-preview:-1","keywords":"","webmasterTools":{"google-site-verification":"bCWEURESkI9sJaMHczw2gqISKxNjR6Mf9fHT_9LSu3M","miscellaneous":""},"schema":{"@context":"https:\/\/schema.org","@graph":[{"@type":"BreadcrumbList","@id":"https:\/\/chnprints.com\/de\/shop\/#breadcrumblist","itemListElement":[{"@type":"ListItem","@id":"https:\/\/chnprints.com\/de\/shop\/#listItem","position":1,"name":"Shop"}]},{"@type":"Organization","@id":"https:\/\/chnprints.com\/de\/#organization","name":"ChnPrintStudio Buchdruck & Folienpr\u00e4gung und Design | Online bestellen Letterpress &amp; Foil Printing and Design | Order Online","description":"ChnPrintStudio","url":"https:\/\/chnprints.com\/de\/","logo":{"@type":"ImageObject","url":"https:\/\/chnprints.com\/wp-content\/uploads\/2024\/10\/weblogo.jpg?wsr","@id":"https:\/\/chnprints.com\/de\/shop\/#organizationLogo","width":112,"height":112},"image":{"@id":"https:\/\/chnprints.com\/de\/shop\/#organizationLogo"},"sameAs":["https:\/\/www.instagram.com\/chnprintstudio\/","https:\/\/www.tiktok.com\/@chnprintstudio","https:\/\/www.pinterest.com\/ChnPrintStudio\/"]},{"@type":"WebPage","@id":"https:\/\/chnprints.com\/de\/shop\/#webpage","url":"https:\/\/chnprints.com\/de\/shop\/","name":"Drucken von benutzerdefinierten Visitenkarten, Hochzeitskarten, Aufklebern Mehr","description":"Entdecken Sie die gro\u00dfe Auswahl an kundenspezifischen Druckprodukten von ChnPrintStudio, darunter Visitenkarten, Hochzeitsgru\u00dfkarten, Etikettenaufkleber, Dankeskarten und Gesch\u00e4ftsdrucksachen. Holen Sie sich hochwertige, professionelle und erschwingliche Drucke f\u00fcr jeden Anlass.","inLanguage":"de-DE","isPartOf":{"@id":"https:\/\/chnprints.com\/de\/#website"},"breadcrumb":{"@id":"https:\/\/chnprints.com\/de\/shop\/#breadcrumblist"},"datePublished":"2024-10-01T06:47:02+08:00","dateModified":"2026-02-10T08:34:10+08:00"},{"@type":"WebSite","@id":"https:\/\/chnprints.com\/de\/#website","url":"https:\/\/chnprints.com\/de\/","name":"ChnPrintStudio","alternateName":"Luxury Business Card Printing | Order Online","description":"Buchdruck & Folienpr\u00e4gung und Design | Online bestellen","inLanguage":"de-DE","publisher":{"@id":"https:\/\/chnprints.com\/de\/#organization"}}]},"og:locale":"de_DE","og:site_name":"ChnPrintStudio - Buch- und Foliendruck und Design | Online bestellen","og:type":"article","og:title":"Drucken von benutzerdefinierten Visitenkarten, Hochzeitskarten, Aufklebern Mehr","og:description":"Entdecken Sie die gro\u00dfe Auswahl an kundenspezifischen Druckprodukten von ChnPrintStudio, darunter Visitenkarten, Hochzeitsgru\u00dfkarten, Etikettenaufkleber, Dankeskarten und Gesch\u00e4ftsdrucksachen. Holen Sie sich hochwertige, professionelle und erschwingliche Drucke f\u00fcr jeden Anlass.","og:url":"https:\/\/chnprints.com\/de\/shop\/","article:published_time":"2024-09-30T22:47:02+00:00","article:modified_time":"2026-02-10T00:34:10+00:00","twitter:card":"summary_large_image","twitter:title":"Drucken von benutzerdefinierten Visitenkarten, Hochzeitskarten, Aufklebern Mehr","twitter:description":"Entdecken Sie die gro\u00dfe Auswahl an kundenspezifischen Druckprodukten von ChnPrintStudio, darunter Visitenkarten, Hochzeitsgru\u00dfkarten, Etikettenaufkleber, Dankeskarten und Gesch\u00e4ftsdrucksachen. Holen Sie sich hochwertige, professionelle und erschwingliche Drucke f\u00fcr jeden Anlass."},"aioseo_meta_data":{"post_id":"1271","title":"Drucken von benutzerdefinierten Visitenkarten, Hochzeitskarten, Aufklebern Mehr","description":"Entdecken Sie die gro\u00dfe Auswahl an kundenspezifischen Druckprodukten von ChnPrintStudio, darunter Visitenkarten, Hochzeitsgru\u00dfkarten, Etikettenaufkleber, Dankeskarten und Gesch\u00e4ftsdrucksachen. Holen Sie sich hochwertige, professionelle und erschwingliche Drucke f\u00fcr jeden Anlass.","keywords":null,"keyphrases":{"focus":{"keyphrase":"Professional Printing Services","score":50,"analysis":{"keyphraseInTitle":{"score":3,"maxScore":9,"error":1},"keyphraseInDescription":{"score":3,"maxScore":9,"error":1},"keyphraseLength":{"score":9,"maxScore":9,"error":0,"length":3},"keyphraseInURL":{"score":1,"maxScore":5,"error":1}}},"additional":[{"keyphrase":"Custom Printing","score":100,"analysis":{"keyphraseInDescription":{"score":9,"maxScore":9,"error":0},"keyphraseLength":{"score":9,"maxScore":9,"error":0,"length":2}}},{"keyphrase":"Business Printing Products","score":67,"analysis":{"keyphraseInDescription":{"score":3,"maxScore":9,"error":1},"keyphraseLength":{"score":9,"maxScore":9,"error":0,"length":3}}},{"keyphrase":"Online Printing Shop","score":67,"analysis":{"keyphraseInDescription":{"score":3,"maxScore":9,"error":1},"keyphraseLength":{"score":9,"maxScore":9,"error":0,"length":3}}}]},"primary_term":null,"canonical_url":null,"og_title":null,"og_description":null,"og_object_type":"default","og_image_type":"default","og_image_url":null,"og_image_width":null,"og_image_height":null,"og_image_custom_url":null,"og_image_custom_fields":null,"og_video":"","og_custom_url":null,"og_article_section":null,"og_article_tags":null,"twitter_use_og":false,"twitter_card":"default","twitter_image_type":"default","twitter_image_url":null,"twitter_image_custom_url":null,"twitter_image_custom_fields":null,"twitter_title":null,"twitter_description":null,"schema":{"blockGraphs":[],"customGraphs":[],"default":{"data":{"Article":[],"Course":[],"Dataset":[],"FAQPage":[],"Movie":[],"Person":[],"Product":[],"ProductReview":[],"Car":[],"Recipe":[],"Service":[],"SoftwareApplication":[],"WebPage":[]},"graphName":"WebPage","isEnabled":true},"graphs":[]},"schema_type":"default","schema_type_options":null,"pillar_content":false,"robots_default":false,"robots_noindex":true,"robots_noarchive":false,"robots_nosnippet":false,"robots_nofollow":false,"robots_noimageindex":false,"robots_noodp":false,"robots_notranslate":false,"robots_max_snippet":"-1","robots_max_videopreview":"-1","robots_max_imagepreview":"large","priority":null,"frequency":"default","local_seo":null,"seo_analyzer_scan_date":"2026-02-09 16:58:08","breadcrumb_settings":null,"limit_modified_date":false,"ai":null,"created":"2024-10-08 13:37:47","updated":"2026-02-10 00:49:04"},"aioseo_breadcrumb":"<div class=\"aioseo-breadcrumbs\"><span class=\"aioseo-breadcrumb\">\n\tShop\n<\/span><\/div>","aioseo_breadcrumb_json":[{"label":"Shop","link":"https:\/\/chnprints.com\/de\/shop\/"}],"_links":{"self":[{"href":"https:\/\/chnprints.com\/de\/wp-json\/wp\/v2\/pages\/1271","targetHints":{"allow":["GET"]}}],"collection":[{"href":"https:\/\/chnprints.com\/de\/wp-json\/wp\/v2\/pages"}],"about":[{"href":"https:\/\/chnprints.com\/de\/wp-json\/wp\/v2\/types\/page"}],"author":[{"embeddable":true,"href":"https:\/\/chnprints.com\/de\/wp-json\/wp\/v2\/users\/1"}],"replies":[{"embeddable":true,"href":"https:\/\/chnprints.com\/de\/wp-json\/wp\/v2\/comments?post=1271"}],"version-history":[{"count":1,"href":"https:\/\/chnprints.com\/de\/wp-json\/wp\/v2\/pages\/1271\/revisions"}],"predecessor-version":[{"id":13628,"href":"https:\/\/chnprints.com\/de\/wp-json\/wp\/v2\/pages\/1271\/revisions\/13628"}],"wp:attachment":[{"href":"https:\/\/chnprints.com\/de\/wp-json\/wp\/v2\/media?parent=1271"}],"curies":[{"name":"wp","href":"https:\/\/api.w.org\/{rel}","templated":true}]}}